{"id":397134,"date":"2024-03-15T08:58:12","date_gmt":"2024-03-15T08:58:13","guid":{"rendered":"https:\/\/www.erresse-shop.it\/?post_type=product&#038;p=397134"},"modified":"2024-03-15T09:13:48","modified_gmt":"2024-03-15T09:13:48","slug":"mauviel-1830-bratpfanne-12-cm","status":"publish","type":"product","link":"https:\/\/www.erresse-shop.it\/de\/shop\/toepfe-pfannen\/pfannen\/mauviel-1830-bratpfanne-12-cm\/","title":{"rendered":"MAUVIEL 1830 Bratpfanne 12 cm"},"content":{"rendered":"<p>Bratpfanne aus verkupfertem Edelstahl mit Rahmen aus Edelstahlguss aus der Kollektion M&#8217;MINIS.<\/p>\n<p>Durchmesser 12 cm.<\/p>\n<p>F\u00fcr festliche oder individuelle Mahlzeiten, in Edelstahl oder Kupfer, die Kollektion M&#8217;MINIS ist je nach Geschmack erh\u00e4ltlich. Sie sind f\u00fcr den Zimmerservice gedacht und bei Gastronomen sehr beliebt. Sie eignen sich perfekt f\u00fcr die Pr\u00e4sentation einzelner Gerichte oder So\u00dfen.<\/p>\n<p><b><strong>Verwendbarkeit<\/strong><\/b>:<\/p>\n<p>Alle Herdarten au\u00dfer Induktion &#8211; Backofengeeignet &#8211; Nicht sp\u00fclmaschinengeeignet<\/p>\n<p>Alle Produkte werden in der Normandie in Villedieu-les-Po\u00eales hergestellt.<\/p>\n","protected":false},"excerpt":{"rendered":"<p>Bratpfanne aus verkupfertem Edelstahl mit Rahmen aus Edelstahlguss aus der Kollektion M&#8217;MINIS. Durchmesser 12 cm. F\u00fcr festliche oder individuelle Mahlzeiten,<\/p>\n","protected":false},"featured_media":513161,"template":"","meta":{"_acf_changed":false,"inline_featured_image":false},"product_cat":[6709,14801],"product_tag":[11609,11718,11607],"acf":[],"yoast_head":"<!-- This site is optimized with the Yoast SEO Premium plugin v18.6 (Yoast SEO v19.13) - https:\/\/yoast.com\/wordpress\/plugins\/seo\/ -->\n<title>MAUVIEL 1830 Bratpfanne 12 cm - Erresse Shop<\/title>\n<meta name=\"description\" content=\"Bratpfanne aus verkupfertem Edelstahl mit Rahmen aus Edelstahlguss aus der Kollektion M&#039;MINIS. Durchmesser 12 cm. F\u00fcr festliche oder individuelle\" \/>\n<meta name=\"robots\" content=\"index, follow, max-snippet:-1, max-image-preview:large, max-video-preview:-1\" \/>\n<link rel=\"canonical\" href=\"https:\/\/www.erresse-shop.it\/de\/shop\/toepfe-pfannen\/pfannen\/mauviel-1830-bratpfanne-12-cm\/\" \/>\n<meta property=\"og:locale\" content=\"de_DE\" \/>\n<meta property=\"og:type\" content=\"article\" \/>\n<meta property=\"og:title\" content=\"MAUVIEL 1830 Bratpfanne 12 cm\" \/>\n<meta property=\"og:description\" content=\"Bratpfanne aus verkupfertem Edelstahl mit Rahmen aus Edelstahlguss aus der Kollektion M&#039;MINIS. Durchmesser 12 cm. F\u00fcr festliche oder individuelle\" \/>\n<meta property=\"og:url\" content=\"https:\/\/www.erresse-shop.it\/de\/shop\/toepfe-pfannen\/pfannen\/mauviel-1830-bratpfanne-12-cm\/\" \/>\n<meta property=\"og:site_name\" content=\"Erresse Shop\" \/>\n<meta property=\"article:modified_time\" content=\"2024-03-15T09:13:48+00:00\" \/>\n<meta property=\"og:image\" content=\"https:\/\/www.erresse-shop.it\/wp-content\/uploads\/2024\/03\/MAUVIEL1830-MINIS-150-B-PADELLINA-12-CM-RAME-ACCIAIO.png\" \/>\n\t<meta property=\"og:image:width\" content=\"800\" \/>\n\t<meta property=\"og:image:height\" content=\"800\" \/>\n\t<meta property=\"og:image:type\" content=\"image\/png\" \/>\n<meta name=\"twitter:card\" content=\"summary_large_image\" \/>\n<script type=\"application\/ld+json\" class=\"yoast-schema-graph\">{\"@context\":\"https:\/\/schema.org\",\"@graph\":[{\"@type\":\"WebPage\",\"@id\":\"https:\/\/www.erresse-shop.it\/de\/shop\/toepfe-pfannen\/pfannen\/mauviel-1830-bratpfanne-12-cm\/\",\"url\":\"https:\/\/www.erresse-shop.it\/de\/shop\/toepfe-pfannen\/pfannen\/mauviel-1830-bratpfanne-12-cm\/\",\"name\":\"MAUVIEL 1830 Bratpfanne 12 cm - Erresse Shop\",\"isPartOf\":{\"@id\":\"https:\/\/www.erresse-shop.it\/de\/#website\"},\"datePublished\":\"2024-03-15T08:58:13+00:00\",\"dateModified\":\"2024-03-15T09:13:48+00:00\",\"description\":\"Bratpfanne aus verkupfertem Edelstahl mit Rahmen aus Edelstahlguss aus der Kollektion M'MINIS. Durchmesser 12 cm. F\u00fcr festliche oder individuelle\",\"breadcrumb\":{\"@id\":\"https:\/\/www.erresse-shop.it\/de\/shop\/toepfe-pfannen\/pfannen\/mauviel-1830-bratpfanne-12-cm\/#breadcrumb\"},\"inLanguage\":\"de-DE\",\"potentialAction\":[{\"@type\":\"ReadAction\",\"target\":[\"https:\/\/www.erresse-shop.it\/de\/shop\/toepfe-pfannen\/pfannen\/mauviel-1830-bratpfanne-12-cm\/\"]}]},{\"@type\":\"BreadcrumbList\",\"@id\":\"https:\/\/www.erresse-shop.it\/de\/shop\/toepfe-pfannen\/pfannen\/mauviel-1830-bratpfanne-12-cm\/#breadcrumb\",\"itemListElement\":[{\"@type\":\"ListItem\",\"position\":1,\"name\":\"Home\",\"item\":\"https:\/\/www.erresse-shop.it\/de\/\"},{\"@type\":\"ListItem\",\"position\":2,\"name\":\"Shop\",\"item\":\"https:\/\/www.erresse-shop.it\/de\/shop\/\"},{\"@type\":\"ListItem\",\"position\":3,\"name\":\"MAUVIEL 1830 Bratpfanne 12 cm\"}]},{\"@type\":\"WebSite\",\"@id\":\"https:\/\/www.erresse-shop.it\/de\/#website\",\"url\":\"https:\/\/www.erresse-shop.it\/de\/\",\"name\":\"Erresse Shop\",\"description\":\"Articoli di qualit\u00e0 per la casa\",\"potentialAction\":[{\"@type\":\"SearchAction\",\"target\":{\"@type\":\"EntryPoint\",\"urlTemplate\":\"https:\/\/www.erresse-shop.it\/de\/?s={search_term_string}\"},\"query-input\":\"required name=search_term_string\"}],\"inLanguage\":\"de-DE\"}]}<\/script>\n<!-- \/ Yoast SEO Premium plugin. -->","yoast_head_json":{"title":"MAUVIEL 1830 Bratpfanne 12 cm - Erresse Shop","description":"Bratpfanne aus verkupfertem Edelstahl mit Rahmen aus Edelstahlguss aus der Kollektion M'MINIS. Durchmesser 12 cm. F\u00fcr festliche oder individuelle","robots":{"index":"index","follow":"follow","max-snippet":"max-snippet:-1","max-image-preview":"max-image-preview:large","max-video-preview":"max-video-preview:-1"},"canonical":"https:\/\/www.erresse-shop.it\/de\/shop\/toepfe-pfannen\/pfannen\/mauviel-1830-bratpfanne-12-cm\/","og_locale":"de_DE","og_type":"article","og_title":"MAUVIEL 1830 Bratpfanne 12 cm","og_description":"Bratpfanne aus verkupfertem Edelstahl mit Rahmen aus Edelstahlguss aus der Kollektion M'MINIS. Durchmesser 12 cm. F\u00fcr festliche oder individuelle","og_url":"https:\/\/www.erresse-shop.it\/de\/shop\/toepfe-pfannen\/pfannen\/mauviel-1830-bratpfanne-12-cm\/","og_site_name":"Erresse Shop","article_modified_time":"2024-03-15T09:13:48+00:00","og_image":[{"width":800,"height":800,"url":"https:\/\/www.erresse-shop.it\/wp-content\/uploads\/2024\/03\/MAUVIEL1830-MINIS-150-B-PADELLINA-12-CM-RAME-ACCIAIO.png","type":"image\/png"}],"twitter_card":"summary_large_image","schema":{"@context":"https:\/\/schema.org","@graph":[{"@type":"WebPage","@id":"https:\/\/www.erresse-shop.it\/de\/shop\/toepfe-pfannen\/pfannen\/mauviel-1830-bratpfanne-12-cm\/","url":"https:\/\/www.erresse-shop.it\/de\/shop\/toepfe-pfannen\/pfannen\/mauviel-1830-bratpfanne-12-cm\/","name":"MAUVIEL 1830 Bratpfanne 12 cm - Erresse Shop","isPartOf":{"@id":"https:\/\/www.erresse-shop.it\/de\/#website"},"datePublished":"2024-03-15T08:58:13+00:00","dateModified":"2024-03-15T09:13:48+00:00","description":"Bratpfanne aus verkupfertem Edelstahl mit Rahmen aus Edelstahlguss aus der Kollektion M'MINIS. Durchmesser 12 cm. F\u00fcr festliche oder individuelle","breadcrumb":{"@id":"https:\/\/www.erresse-shop.it\/de\/shop\/toepfe-pfannen\/pfannen\/mauviel-1830-bratpfanne-12-cm\/#breadcrumb"},"inLanguage":"de-DE","potentialAction":[{"@type":"ReadAction","target":["https:\/\/www.erresse-shop.it\/de\/shop\/toepfe-pfannen\/pfannen\/mauviel-1830-bratpfanne-12-cm\/"]}]},{"@type":"BreadcrumbList","@id":"https:\/\/www.erresse-shop.it\/de\/shop\/toepfe-pfannen\/pfannen\/mauviel-1830-bratpfanne-12-cm\/#breadcrumb","itemListElement":[{"@type":"ListItem","position":1,"name":"Home","item":"https:\/\/www.erresse-shop.it\/de\/"},{"@type":"ListItem","position":2,"name":"Shop","item":"https:\/\/www.erresse-shop.it\/de\/shop\/"},{"@type":"ListItem","position":3,"name":"MAUVIEL 1830 Bratpfanne 12 cm"}]},{"@type":"WebSite","@id":"https:\/\/www.erresse-shop.it\/de\/#website","url":"https:\/\/www.erresse-shop.it\/de\/","name":"Erresse Shop","description":"Articoli di qualit\u00e0 per la casa","potentialAction":[{"@type":"SearchAction","target":{"@type":"EntryPoint","urlTemplate":"https:\/\/www.erresse-shop.it\/de\/?s={search_term_string}"},"query-input":"required name=search_term_string"}],"inLanguage":"de-DE"}]}},"df_price":64.67,"df_sale_price":64.67,"df_regular_price":64.67,"df_image_link":"https:\/\/www.erresse-shop.it\/wp-content\/uploads\/2024\/03\/MAUVIEL-1830-Padella-12-cm-300x300.jpg","_links":{"self":[{"href":"https:\/\/www.erresse-shop.it\/de\/wp-json\/wp\/v2\/product\/397134"}],"collection":[{"href":"https:\/\/www.erresse-shop.it\/de\/wp-json\/wp\/v2\/product"}],"about":[{"href":"https:\/\/www.erresse-shop.it\/de\/wp-json\/wp\/v2\/types\/product"}],"wp:featuredmedia":[{"embeddable":true,"href":"https:\/\/www.erresse-shop.it\/de\/wp-json\/wp\/v2\/media\/513161"}],"wp:attachment":[{"href":"https:\/\/www.erresse-shop.it\/de\/wp-json\/wp\/v2\/media?parent=397134"}],"wp:term":[{"taxonomy":"product_cat","embeddable":true,"href":"https:\/\/www.erresse-shop.it\/de\/wp-json\/wp\/v2\/product_cat?post=397134"},{"taxonomy":"product_tag","embeddable":true,"href":"https:\/\/www.erresse-shop.it\/de\/wp-json\/wp\/v2\/product_tag?post=397134"}],"curies":[{"name":"wp","href":"https:\/\/api.w.org\/{rel}","templated":true}]}}