{"id":397113,"date":"2024-03-15T08:34:53","date_gmt":"2024-03-15T08:34:54","guid":{"rendered":"https:\/\/www.erresse-shop.it\/?post_type=product&#038;p=397113"},"modified":"2024-04-29T05:50:37","modified_gmt":"2024-04-29T05:50:37","slug":"mauviel-1830-grosser-kochtopf-1-griff-24-cm","status":"publish","type":"product","link":"https:\/\/www.erresse-shop.it\/de\/shop\/toepfe-pfannen\/schmorpfannen\/mauviel-1830-grosser-kochtopf-1-griff-24-cm\/","title":{"rendered":"MAUVIEL 1830 Gro\u00dfer Kochtopf 1 Griff 24 cm"},"content":{"rendered":"<p>Die Saut\u00e9-Platte erm\u00f6glicht, wie der Name schon sagt, das &#8220;Sautieren&#8221; von Speisen. Dieses K\u00fcchenger\u00e4t liegt auf halbem Weg zwischen einer Bratpfanne und einer Sautierpfanne. Seine zylindrische Form hat eine H\u00f6he, die einem Drittel seines Durchmessers entspricht. Sie erm\u00f6glicht das Anschwitzen der Speisen, d. h., sie werden durch Erhitzen in eine fetthaltige Substanz umgewandelt und geben so ihren Saft ab. Sautierpfannen sind f\u00fcr das langsame Garen pr\u00e4destiniert; ihr sehr dicker Boden sorgt daher f\u00fcr eine sanfte und gleichm\u00e4\u00dfige W\u00e4rmeverteilung. Unverzichtbar in der K\u00fcche.<\/p>\n<p>Die Kollektion M&#8217;H\u00e9ritage ist die subtile Verschmelzung zweier traditioneller und leistungsstarker Materialien. Poliertes Kupfer in Kombination mit Edelstahl l\u00e4sst die Freude am Kochen wieder aufleben. Das Innere aus Edelstahl 18\/10 ist ideal f\u00fcr die t\u00e4gliche K\u00fcche. Das Kupfer sorgt f\u00fcr eine schnelle und gleichm\u00e4\u00dfige W\u00e4rmeleitung und verleiht der Linie eine hervorragende Kochqualit\u00e4t. Die Kollektion, die zu 90 % aus Kupfer und zu 10 % aus Edelstahl besteht, wird in verschiedenen Rahmen und in zwei St\u00e4rken angeboten, so dass jeder das Kochgeschirr finden kann, das seinem Gebrauch und Geschmack entspricht.<\/p>\n<p><b><strong>TECHNISCHE EIGENSCHAFTEN:<\/strong><\/b><\/p>\n<p>Durchmesser: 24 cm<\/p>\n<p>H\u00f6he: 7,5 cm<\/p>\n<p>Fassungsverm\u00f6gen: 3,3 l<\/p>\n<p>Abmessungen: 49x29x17 cm<\/p>\n<p><b><strong>Verwendung<\/strong><\/b>:<\/p>\n<p>Alle Herdarten au\u00dfer Induktion &#8211; Backofengeeignet &#8211; Nicht sp\u00fclmaschinengeeignet<\/p>\n<p>Alle Produkte werden in der Normandie in Villedieu-les-Po\u00eales hergestellt.<\/p>\n","protected":false},"excerpt":{"rendered":"<p>Die Saut\u00e9-Platte erm\u00f6glicht, wie der Name schon sagt, das &#8220;Sautieren&#8221; von Speisen. Dieses K\u00fcchenger\u00e4t liegt auf halbem Weg zwischen einer<\/p>\n","protected":false},"featured_media":491384,"template":"","meta":{"_acf_changed":false,"inline_featured_image":false},"product_cat":[6709,14798],"product_tag":[11609,11718,11607],"acf":[],"yoast_head":"<!-- This site is optimized with the Yoast SEO Premium plugin v18.6 (Yoast SEO v19.13) - https:\/\/yoast.com\/wordpress\/plugins\/seo\/ -->\n<title>MAUVIEL 1830 Gro\u00dfer Kochtopf 1 Griff 24 cm - Erresse Shop<\/title>\n<meta name=\"description\" content=\"Die Saut\u00e9-Platte erm\u00f6glicht, wie der Name schon sagt, das &quot;Sautieren&quot; von Speisen. Dieses K\u00fcchenger\u00e4t liegt auf halbem Weg zwischen einer Bratpfanne und\" \/>\n<meta name=\"robots\" content=\"index, follow, max-snippet:-1, max-image-preview:large, max-video-preview:-1\" \/>\n<link rel=\"canonical\" href=\"https:\/\/www.erresse-shop.it\/de\/shop\/toepfe-pfannen\/schmorpfannen\/mauviel-1830-grosser-kochtopf-1-griff-24-cm\/\" \/>\n<meta property=\"og:locale\" content=\"de_DE\" \/>\n<meta property=\"og:type\" content=\"article\" \/>\n<meta property=\"og:title\" content=\"MAUVIEL 1830 Gro\u00dfer Kochtopf 1 Griff 24 cm\" \/>\n<meta property=\"og:description\" content=\"Die Saut\u00e9-Platte erm\u00f6glicht, wie der Name schon sagt, das &quot;Sautieren&quot; von Speisen. Dieses K\u00fcchenger\u00e4t liegt auf halbem Weg zwischen einer Bratpfanne und\" \/>\n<meta property=\"og:url\" content=\"https:\/\/www.erresse-shop.it\/de\/shop\/toepfe-pfannen\/schmorpfannen\/mauviel-1830-grosser-kochtopf-1-griff-24-cm\/\" \/>\n<meta property=\"og:site_name\" content=\"Erresse Shop\" \/>\n<meta property=\"article:modified_time\" content=\"2024-04-29T05:50:37+00:00\" \/>\n<meta property=\"og:image\" content=\"https:\/\/www.erresse-shop.it\/wp-content\/uploads\/2024\/03\/MAUVIEL1830-TEGAME-24-CM-1M-M-150S.png\" \/>\n\t<meta property=\"og:image:width\" content=\"800\" \/>\n\t<meta property=\"og:image:height\" content=\"800\" \/>\n\t<meta property=\"og:image:type\" content=\"image\/png\" \/>\n<meta name=\"twitter:card\" content=\"summary_large_image\" \/>\n<script type=\"application\/ld+json\" class=\"yoast-schema-graph\">{\"@context\":\"https:\/\/schema.org\",\"@graph\":[{\"@type\":\"WebPage\",\"@id\":\"https:\/\/www.erresse-shop.it\/de\/shop\/toepfe-pfannen\/schmorpfannen\/mauviel-1830-grosser-kochtopf-1-griff-24-cm\/\",\"url\":\"https:\/\/www.erresse-shop.it\/de\/shop\/toepfe-pfannen\/schmorpfannen\/mauviel-1830-grosser-kochtopf-1-griff-24-cm\/\",\"name\":\"MAUVIEL 1830 Gro\u00dfer Kochtopf 1 Griff 24 cm - Erresse Shop\",\"isPartOf\":{\"@id\":\"https:\/\/www.erresse-shop.it\/de\/#website\"},\"datePublished\":\"2024-03-15T08:34:54+00:00\",\"dateModified\":\"2024-04-29T05:50:37+00:00\",\"description\":\"Die Saut\u00e9-Platte erm\u00f6glicht, wie der Name schon sagt, das \\\"Sautieren\\\" von Speisen. Dieses K\u00fcchenger\u00e4t liegt auf halbem Weg zwischen einer Bratpfanne und\",\"breadcrumb\":{\"@id\":\"https:\/\/www.erresse-shop.it\/de\/shop\/toepfe-pfannen\/schmorpfannen\/mauviel-1830-grosser-kochtopf-1-griff-24-cm\/#breadcrumb\"},\"inLanguage\":\"de-DE\",\"potentialAction\":[{\"@type\":\"ReadAction\",\"target\":[\"https:\/\/www.erresse-shop.it\/de\/shop\/toepfe-pfannen\/schmorpfannen\/mauviel-1830-grosser-kochtopf-1-griff-24-cm\/\"]}]},{\"@type\":\"BreadcrumbList\",\"@id\":\"https:\/\/www.erresse-shop.it\/de\/shop\/toepfe-pfannen\/schmorpfannen\/mauviel-1830-grosser-kochtopf-1-griff-24-cm\/#breadcrumb\",\"itemListElement\":[{\"@type\":\"ListItem\",\"position\":1,\"name\":\"Home\",\"item\":\"https:\/\/www.erresse-shop.it\/de\/\"},{\"@type\":\"ListItem\",\"position\":2,\"name\":\"Shop\",\"item\":\"https:\/\/www.erresse-shop.it\/de\/shop\/\"},{\"@type\":\"ListItem\",\"position\":3,\"name\":\"MAUVIEL 1830 Gro\u00dfer Kochtopf 1 Griff 24 cm\"}]},{\"@type\":\"WebSite\",\"@id\":\"https:\/\/www.erresse-shop.it\/de\/#website\",\"url\":\"https:\/\/www.erresse-shop.it\/de\/\",\"name\":\"Erresse Shop\",\"description\":\"Articoli di qualit\u00e0 per la casa\",\"potentialAction\":[{\"@type\":\"SearchAction\",\"target\":{\"@type\":\"EntryPoint\",\"urlTemplate\":\"https:\/\/www.erresse-shop.it\/de\/?s={search_term_string}\"},\"query-input\":\"required name=search_term_string\"}],\"inLanguage\":\"de-DE\"}]}<\/script>\n<!-- \/ Yoast SEO Premium plugin. -->","yoast_head_json":{"title":"MAUVIEL 1830 Gro\u00dfer Kochtopf 1 Griff 24 cm - Erresse Shop","description":"Die Saut\u00e9-Platte erm\u00f6glicht, wie der Name schon sagt, das \"Sautieren\" von Speisen. Dieses K\u00fcchenger\u00e4t liegt auf halbem Weg zwischen einer Bratpfanne und","robots":{"index":"index","follow":"follow","max-snippet":"max-snippet:-1","max-image-preview":"max-image-preview:large","max-video-preview":"max-video-preview:-1"},"canonical":"https:\/\/www.erresse-shop.it\/de\/shop\/toepfe-pfannen\/schmorpfannen\/mauviel-1830-grosser-kochtopf-1-griff-24-cm\/","og_locale":"de_DE","og_type":"article","og_title":"MAUVIEL 1830 Gro\u00dfer Kochtopf 1 Griff 24 cm","og_description":"Die Saut\u00e9-Platte erm\u00f6glicht, wie der Name schon sagt, das \"Sautieren\" von Speisen. Dieses K\u00fcchenger\u00e4t liegt auf halbem Weg zwischen einer Bratpfanne und","og_url":"https:\/\/www.erresse-shop.it\/de\/shop\/toepfe-pfannen\/schmorpfannen\/mauviel-1830-grosser-kochtopf-1-griff-24-cm\/","og_site_name":"Erresse Shop","article_modified_time":"2024-04-29T05:50:37+00:00","og_image":[{"width":800,"height":800,"url":"https:\/\/www.erresse-shop.it\/wp-content\/uploads\/2024\/03\/MAUVIEL1830-TEGAME-24-CM-1M-M-150S.png","type":"image\/png"}],"twitter_card":"summary_large_image","schema":{"@context":"https:\/\/schema.org","@graph":[{"@type":"WebPage","@id":"https:\/\/www.erresse-shop.it\/de\/shop\/toepfe-pfannen\/schmorpfannen\/mauviel-1830-grosser-kochtopf-1-griff-24-cm\/","url":"https:\/\/www.erresse-shop.it\/de\/shop\/toepfe-pfannen\/schmorpfannen\/mauviel-1830-grosser-kochtopf-1-griff-24-cm\/","name":"MAUVIEL 1830 Gro\u00dfer Kochtopf 1 Griff 24 cm - Erresse Shop","isPartOf":{"@id":"https:\/\/www.erresse-shop.it\/de\/#website"},"datePublished":"2024-03-15T08:34:54+00:00","dateModified":"2024-04-29T05:50:37+00:00","description":"Die Saut\u00e9-Platte erm\u00f6glicht, wie der Name schon sagt, das \"Sautieren\" von Speisen. Dieses K\u00fcchenger\u00e4t liegt auf halbem Weg zwischen einer Bratpfanne und","breadcrumb":{"@id":"https:\/\/www.erresse-shop.it\/de\/shop\/toepfe-pfannen\/schmorpfannen\/mauviel-1830-grosser-kochtopf-1-griff-24-cm\/#breadcrumb"},"inLanguage":"de-DE","potentialAction":[{"@type":"ReadAction","target":["https:\/\/www.erresse-shop.it\/de\/shop\/toepfe-pfannen\/schmorpfannen\/mauviel-1830-grosser-kochtopf-1-griff-24-cm\/"]}]},{"@type":"BreadcrumbList","@id":"https:\/\/www.erresse-shop.it\/de\/shop\/toepfe-pfannen\/schmorpfannen\/mauviel-1830-grosser-kochtopf-1-griff-24-cm\/#breadcrumb","itemListElement":[{"@type":"ListItem","position":1,"name":"Home","item":"https:\/\/www.erresse-shop.it\/de\/"},{"@type":"ListItem","position":2,"name":"Shop","item":"https:\/\/www.erresse-shop.it\/de\/shop\/"},{"@type":"ListItem","position":3,"name":"MAUVIEL 1830 Gro\u00dfer Kochtopf 1 Griff 24 cm"}]},{"@type":"WebSite","@id":"https:\/\/www.erresse-shop.it\/de\/#website","url":"https:\/\/www.erresse-shop.it\/de\/","name":"Erresse Shop","description":"Articoli di qualit\u00e0 per la casa","potentialAction":[{"@type":"SearchAction","target":{"@type":"EntryPoint","urlTemplate":"https:\/\/www.erresse-shop.it\/de\/?s={search_term_string}"},"query-input":"required name=search_term_string"}],"inLanguage":"de-DE"}]}},"df_price":306.32,"df_sale_price":306.32,"df_regular_price":306.32,"df_image_link":"https:\/\/www.erresse-shop.it\/wp-content\/uploads\/2024\/03\/MAUVIEL-1830-Tegame-Alto-1-Manico-24-cm-300x300.jpg","_links":{"self":[{"href":"https:\/\/www.erresse-shop.it\/de\/wp-json\/wp\/v2\/product\/397113"}],"collection":[{"href":"https:\/\/www.erresse-shop.it\/de\/wp-json\/wp\/v2\/product"}],"about":[{"href":"https:\/\/www.erresse-shop.it\/de\/wp-json\/wp\/v2\/types\/product"}],"wp:featuredmedia":[{"embeddable":true,"href":"https:\/\/www.erresse-shop.it\/de\/wp-json\/wp\/v2\/media\/491384"}],"wp:attachment":[{"href":"https:\/\/www.erresse-shop.it\/de\/wp-json\/wp\/v2\/media?parent=397113"}],"wp:term":[{"taxonomy":"product_cat","embeddable":true,"href":"https:\/\/www.erresse-shop.it\/de\/wp-json\/wp\/v2\/product_cat?post=397113"},{"taxonomy":"product_tag","embeddable":true,"href":"https:\/\/www.erresse-shop.it\/de\/wp-json\/wp\/v2\/product_tag?post=397113"}],"curies":[{"name":"wp","href":"https:\/\/api.w.org\/{rel}","templated":true}]}}