{"id":397096,"date":"2024-03-15T08:14:10","date_gmt":"2024-03-15T08:14:12","guid":{"rendered":"https:\/\/www.erresse-shop.it\/?post_type=product&#038;p=397096"},"modified":"2024-06-25T13:53:49","modified_gmt":"2024-06-25T13:53:49","slug":"mauviel-1830-niedriger-kochtopf-2-griffe-28-cm-mit-deckel","status":"publish","type":"product","link":"https:\/\/www.erresse-shop.it\/de\/shop\/toepfe-pfannen\/toepfe-und-kochtoepfen\/mauviel-1830-niedriger-kochtopf-2-griffe-28-cm-mit-deckel\/","title":{"rendered":"MAUVIEL 1830 Niedriger Kochtopf 2 Griffe 28 cm mit Deckel"},"content":{"rendered":"<p>Rondeau mit Kupfer-Innendeckel aus bilaminiertem Edelstahl und Gusseisenrahmen aus der Kollektion M&#8217;150S.<br \/>\nDas Rondeau ist ein rundes K\u00fcchenutensil mit niedrigen, vertikalen Seiten. Ausgestattet mit einem Deckel und zwei genieteten Griffen, die von Mauviel1830 entworfen wurden, kann das Rondeau dank seines schicken Designs vom Herd auf den Tisch gestellt und sofort serviert werden. Das Rondeau hat dieselben Verwendungsm\u00f6glichkeiten wie die Saut\u00e9-Pfanne: Anbraten aller Arten von Gerichten, Abl\u00f6schen ohne das Risiko des \u00dcberlaufens&#8230; Es ist eine hervorragende Erg\u00e4nzung f\u00fcr die K\u00fcche und bereichert den kulinarischen Horizont aller K\u00f6che, ob Amateur oder Profi.<br \/>\nDie Kollektion M&#8217;H\u00c9RITAGE ist eine raffinierte Mischung aus zwei traditionellen Hochleistungsmaterialien. Die Kombination aus poliertem Kupfer und Edelstahl verleiht der Freude am Kochen eine neue Dimension. Das Innere aus Edelstahl 18\/10 ist ideal f\u00fcr die t\u00e4gliche K\u00fcche. Das Kupfer garantiert eine hervorragende, schnelle und gleichm\u00e4\u00dfige W\u00e4rmeleitung und bietet ein hochwertiges Kocherlebnis. Die Kollektion, die zu 90 Prozent aus Kupfer und zu 10 Prozent aus Edelstahl besteht, ist in verschiedenen Rahmen und in zwei St\u00e4rken erh\u00e4ltlich, so dass jeder das Kochgeschirr finden kann, das seinen Bed\u00fcrfnissen und seinem Geschmack am besten entspricht.<\/p>\n<p><strong>TECHNISCHE MERKMALE:<\/strong><\/p>\n<p>Durchmesser: 28 cm<\/p>\n<p>H\u00f6he: 9 cm<\/p>\n<p>Fassungsverm\u00f6gen: 5,7 l<\/p>\n<p>Abmessungen: 40,5&#215;30,5 cm<\/p>\n<p><strong>Verwendung<\/strong>:<\/p>\n<p>Alle Herdarten au\u00dfer Induktion &#8211; Backofengeeignet &#8211; Nicht sp\u00fclmaschinengeeignet<\/p>\n<p>Alle Produkte werden in der Normandie in Villedieu-les-Po\u00eales hergestellt.<\/p>\n","protected":false},"excerpt":{"rendered":"<p>Rondeau mit Kupfer-Innendeckel aus bilaminiertem Edelstahl und Gusseisenrahmen aus der Kollektion M&#8217;150S. Das Rondeau ist ein rundes K\u00fcchenutensil mit niedrigen,<\/p>\n","protected":false},"featured_media":476140,"template":"","meta":{"_acf_changed":false,"inline_featured_image":false},"product_cat":[6709,14776],"product_tag":[11387,11609,11718],"acf":[],"yoast_head":"<!-- This site is optimized with the Yoast SEO Premium plugin v18.6 (Yoast SEO v19.13) - https:\/\/yoast.com\/wordpress\/plugins\/seo\/ -->\n<title>MAUVIEL 1830 Niedriger Kochtopf 2 Griffe 28 cm mit Deckel - Erresse Shop<\/title>\n<meta name=\"description\" content=\"Rondeau mit Kupfer-Innendeckel aus bilaminiertem Edelstahl und Gusseisenrahmen aus der Kollektion M&#039;150S. Das Rondeau ist ein rundes K\u00fcchenutensil mit\" \/>\n<meta name=\"robots\" content=\"index, follow, max-snippet:-1, max-image-preview:large, max-video-preview:-1\" \/>\n<link rel=\"canonical\" href=\"https:\/\/www.erresse-shop.it\/de\/shop\/toepfe-pfannen\/toepfe-und-kochtoepfen\/mauviel-1830-niedriger-kochtopf-2-griffe-28-cm-mit-deckel\/\" \/>\n<meta property=\"og:locale\" content=\"de_DE\" \/>\n<meta property=\"og:type\" content=\"article\" \/>\n<meta property=\"og:title\" content=\"MAUVIEL 1830 Niedriger Kochtopf 2 Griffe 28 cm mit Deckel\" \/>\n<meta property=\"og:description\" content=\"Rondeau mit Kupfer-Innendeckel aus bilaminiertem Edelstahl und Gusseisenrahmen aus der Kollektion M&#039;150S. Das Rondeau ist ein rundes K\u00fcchenutensil mit\" \/>\n<meta property=\"og:url\" content=\"https:\/\/www.erresse-shop.it\/de\/shop\/toepfe-pfannen\/toepfe-und-kochtoepfen\/mauviel-1830-niedriger-kochtopf-2-griffe-28-cm-mit-deckel\/\" \/>\n<meta property=\"og:site_name\" content=\"Erresse Shop\" \/>\n<meta property=\"article:modified_time\" content=\"2024-06-25T13:53:49+00:00\" \/>\n<meta property=\"og:image\" content=\"https:\/\/www.erresse-shop.it\/wp-content\/uploads\/2024\/03\/MAUVIEL1830-M-150S-TEGAME-BASSO-2M-24CM.-RAME-ACCIAIO.png\" \/>\n\t<meta property=\"og:image:width\" content=\"800\" \/>\n\t<meta property=\"og:image:height\" content=\"800\" \/>\n\t<meta property=\"og:image:type\" content=\"image\/png\" \/>\n<meta name=\"twitter:card\" content=\"summary_large_image\" \/>\n<script type=\"application\/ld+json\" class=\"yoast-schema-graph\">{\"@context\":\"https:\/\/schema.org\",\"@graph\":[{\"@type\":\"WebPage\",\"@id\":\"https:\/\/www.erresse-shop.it\/de\/shop\/toepfe-pfannen\/toepfe-und-kochtoepfen\/mauviel-1830-niedriger-kochtopf-2-griffe-28-cm-mit-deckel\/\",\"url\":\"https:\/\/www.erresse-shop.it\/de\/shop\/toepfe-pfannen\/toepfe-und-kochtoepfen\/mauviel-1830-niedriger-kochtopf-2-griffe-28-cm-mit-deckel\/\",\"name\":\"MAUVIEL 1830 Niedriger Kochtopf 2 Griffe 28 cm mit Deckel - Erresse Shop\",\"isPartOf\":{\"@id\":\"https:\/\/www.erresse-shop.it\/de\/#website\"},\"datePublished\":\"2024-03-15T08:14:12+00:00\",\"dateModified\":\"2024-06-25T13:53:49+00:00\",\"description\":\"Rondeau mit Kupfer-Innendeckel aus bilaminiertem Edelstahl und Gusseisenrahmen aus der Kollektion M'150S. Das Rondeau ist ein rundes K\u00fcchenutensil mit\",\"breadcrumb\":{\"@id\":\"https:\/\/www.erresse-shop.it\/de\/shop\/toepfe-pfannen\/toepfe-und-kochtoepfen\/mauviel-1830-niedriger-kochtopf-2-griffe-28-cm-mit-deckel\/#breadcrumb\"},\"inLanguage\":\"de-DE\",\"potentialAction\":[{\"@type\":\"ReadAction\",\"target\":[\"https:\/\/www.erresse-shop.it\/de\/shop\/toepfe-pfannen\/toepfe-und-kochtoepfen\/mauviel-1830-niedriger-kochtopf-2-griffe-28-cm-mit-deckel\/\"]}]},{\"@type\":\"BreadcrumbList\",\"@id\":\"https:\/\/www.erresse-shop.it\/de\/shop\/toepfe-pfannen\/toepfe-und-kochtoepfen\/mauviel-1830-niedriger-kochtopf-2-griffe-28-cm-mit-deckel\/#breadcrumb\",\"itemListElement\":[{\"@type\":\"ListItem\",\"position\":1,\"name\":\"Home\",\"item\":\"https:\/\/www.erresse-shop.it\/de\/\"},{\"@type\":\"ListItem\",\"position\":2,\"name\":\"Shop\",\"item\":\"https:\/\/www.erresse-shop.it\/de\/shop\/\"},{\"@type\":\"ListItem\",\"position\":3,\"name\":\"MAUVIEL 1830 Niedriger Kochtopf 2 Griffe 28 cm mit Deckel\"}]},{\"@type\":\"WebSite\",\"@id\":\"https:\/\/www.erresse-shop.it\/de\/#website\",\"url\":\"https:\/\/www.erresse-shop.it\/de\/\",\"name\":\"Erresse Shop\",\"description\":\"Articoli di qualit\u00e0 per la casa\",\"potentialAction\":[{\"@type\":\"SearchAction\",\"target\":{\"@type\":\"EntryPoint\",\"urlTemplate\":\"https:\/\/www.erresse-shop.it\/de\/?s={search_term_string}\"},\"query-input\":\"required name=search_term_string\"}],\"inLanguage\":\"de-DE\"}]}<\/script>\n<!-- \/ Yoast SEO Premium plugin. -->","yoast_head_json":{"title":"MAUVIEL 1830 Niedriger Kochtopf 2 Griffe 28 cm mit Deckel - Erresse Shop","description":"Rondeau mit Kupfer-Innendeckel aus bilaminiertem Edelstahl und Gusseisenrahmen aus der Kollektion M'150S. Das Rondeau ist ein rundes K\u00fcchenutensil mit","robots":{"index":"index","follow":"follow","max-snippet":"max-snippet:-1","max-image-preview":"max-image-preview:large","max-video-preview":"max-video-preview:-1"},"canonical":"https:\/\/www.erresse-shop.it\/de\/shop\/toepfe-pfannen\/toepfe-und-kochtoepfen\/mauviel-1830-niedriger-kochtopf-2-griffe-28-cm-mit-deckel\/","og_locale":"de_DE","og_type":"article","og_title":"MAUVIEL 1830 Niedriger Kochtopf 2 Griffe 28 cm mit Deckel","og_description":"Rondeau mit Kupfer-Innendeckel aus bilaminiertem Edelstahl und Gusseisenrahmen aus der Kollektion M'150S. Das Rondeau ist ein rundes K\u00fcchenutensil mit","og_url":"https:\/\/www.erresse-shop.it\/de\/shop\/toepfe-pfannen\/toepfe-und-kochtoepfen\/mauviel-1830-niedriger-kochtopf-2-griffe-28-cm-mit-deckel\/","og_site_name":"Erresse Shop","article_modified_time":"2024-06-25T13:53:49+00:00","og_image":[{"width":800,"height":800,"url":"https:\/\/www.erresse-shop.it\/wp-content\/uploads\/2024\/03\/MAUVIEL1830-M-150S-TEGAME-BASSO-2M-24CM.-RAME-ACCIAIO.png","type":"image\/png"}],"twitter_card":"summary_large_image","schema":{"@context":"https:\/\/schema.org","@graph":[{"@type":"WebPage","@id":"https:\/\/www.erresse-shop.it\/de\/shop\/toepfe-pfannen\/toepfe-und-kochtoepfen\/mauviel-1830-niedriger-kochtopf-2-griffe-28-cm-mit-deckel\/","url":"https:\/\/www.erresse-shop.it\/de\/shop\/toepfe-pfannen\/toepfe-und-kochtoepfen\/mauviel-1830-niedriger-kochtopf-2-griffe-28-cm-mit-deckel\/","name":"MAUVIEL 1830 Niedriger Kochtopf 2 Griffe 28 cm mit Deckel - Erresse Shop","isPartOf":{"@id":"https:\/\/www.erresse-shop.it\/de\/#website"},"datePublished":"2024-03-15T08:14:12+00:00","dateModified":"2024-06-25T13:53:49+00:00","description":"Rondeau mit Kupfer-Innendeckel aus bilaminiertem Edelstahl und Gusseisenrahmen aus der Kollektion M'150S. Das Rondeau ist ein rundes K\u00fcchenutensil mit","breadcrumb":{"@id":"https:\/\/www.erresse-shop.it\/de\/shop\/toepfe-pfannen\/toepfe-und-kochtoepfen\/mauviel-1830-niedriger-kochtopf-2-griffe-28-cm-mit-deckel\/#breadcrumb"},"inLanguage":"de-DE","potentialAction":[{"@type":"ReadAction","target":["https:\/\/www.erresse-shop.it\/de\/shop\/toepfe-pfannen\/toepfe-und-kochtoepfen\/mauviel-1830-niedriger-kochtopf-2-griffe-28-cm-mit-deckel\/"]}]},{"@type":"BreadcrumbList","@id":"https:\/\/www.erresse-shop.it\/de\/shop\/toepfe-pfannen\/toepfe-und-kochtoepfen\/mauviel-1830-niedriger-kochtopf-2-griffe-28-cm-mit-deckel\/#breadcrumb","itemListElement":[{"@type":"ListItem","position":1,"name":"Home","item":"https:\/\/www.erresse-shop.it\/de\/"},{"@type":"ListItem","position":2,"name":"Shop","item":"https:\/\/www.erresse-shop.it\/de\/shop\/"},{"@type":"ListItem","position":3,"name":"MAUVIEL 1830 Niedriger Kochtopf 2 Griffe 28 cm mit Deckel"}]},{"@type":"WebSite","@id":"https:\/\/www.erresse-shop.it\/de\/#website","url":"https:\/\/www.erresse-shop.it\/de\/","name":"Erresse Shop","description":"Articoli di qualit\u00e0 per la casa","potentialAction":[{"@type":"SearchAction","target":{"@type":"EntryPoint","urlTemplate":"https:\/\/www.erresse-shop.it\/de\/?s={search_term_string}"},"query-input":"required name=search_term_string"}],"inLanguage":"de-DE"}]}},"df_price":553.37,"df_sale_price":553.37,"df_regular_price":553.37,"df_image_link":"https:\/\/www.erresse-shop.it\/wp-content\/uploads\/2024\/03\/MAUVIEL-1830-Casseruola-Bassa-2-Manici-28-cm-Con-Coperchio-300x300.jpg","_links":{"self":[{"href":"https:\/\/www.erresse-shop.it\/de\/wp-json\/wp\/v2\/product\/397096"}],"collection":[{"href":"https:\/\/www.erresse-shop.it\/de\/wp-json\/wp\/v2\/product"}],"about":[{"href":"https:\/\/www.erresse-shop.it\/de\/wp-json\/wp\/v2\/types\/product"}],"wp:featuredmedia":[{"embeddable":true,"href":"https:\/\/www.erresse-shop.it\/de\/wp-json\/wp\/v2\/media\/476140"}],"wp:attachment":[{"href":"https:\/\/www.erresse-shop.it\/de\/wp-json\/wp\/v2\/media?parent=397096"}],"wp:term":[{"taxonomy":"product_cat","embeddable":true,"href":"https:\/\/www.erresse-shop.it\/de\/wp-json\/wp\/v2\/product_cat?post=397096"},{"taxonomy":"product_tag","embeddable":true,"href":"https:\/\/www.erresse-shop.it\/de\/wp-json\/wp\/v2\/product_tag?post=397096"}],"curies":[{"name":"wp","href":"https:\/\/api.w.org\/{rel}","templated":true}]}}