{"id":396984,"date":"2024-03-14T10:50:50","date_gmt":"2024-03-14T10:50:53","guid":{"rendered":"https:\/\/www.erresse-shop.it\/?post_type=product&#038;p=396984"},"modified":"2025-08-07T15:30:09","modified_gmt":"2025-08-07T15:30:09","slug":"bialetti-moka-set-2-tassen-mit-bechern-und-spateln-dolce-e-gabbana","status":"publish","type":"product","link":"https:\/\/www.erresse-shop.it\/de\/shop\/kuche\/mokkas-kaffeemaschinen-espresso\/bialetti-moka-set-2-tassen-mit-bechern-und-spateln-dolce-e-gabbana\/","title":{"rendered":"BIALETTI Moka Set 2 Tassen mit Bechern und Spateln Dolce e Gabbana"},"content":{"rendered":"<p>Zwei Ikonen des Made in Italy tun sich zusammen, um die Sch\u00f6nheit des italienischen Kaffeerituals zu feiern. So entstand die kostbare Bialetti Dolce&amp;Gabbana-Box, die aus der Moka Express Carretto Siciliano 2 tz, zwei kleinen Porzellangl\u00e4sern und zwei goldenen Palettinen besteht.<br \/>\nExklusive Produkte, die an die dekorativen Motive des Carretto Siciliano erinnern: ein Element der Folklore eines Ortes, der mit seinen Traditionen seit jeher im Zentrum der Dolce&amp;Gabbana-\u00c4sthetik steht.<br \/>\nDas Bialetti Dolce&amp;Gabbana-Set ist ein wahres Meisterwerk an Stil und Geschmack und eignet sich perfekt als Geschenkidee.<br \/>\n1. F\u00fcllen Sie zun\u00e4chst zimmerwarmes Wasser in den Kessel der Kaffeemaschine, und zwar bis zur H\u00f6he des Sicherheitsventils. \u00dcberschreiten Sie diesen Stand nicht, um einen zu w\u00e4ssrigen Kaffee zu vermeiden.<br \/>\n2. W\u00e4hlen Sie nun Ihre bevorzugte Kaffeemischung aus. Achtung! Die Mischung sollte speziell f\u00fcr Moka gemahlen sein, nicht zu fein. F\u00fcllen Sie den Trichter der Kaffeemaschine gro\u00dfz\u00fcgig, ohne den Kaffee nach unten zu dr\u00fccken.<br \/>\n3. Ein kleines Geheimnis? Stellen Sie das Feuer auf ein Minimum und lassen Sie sich Zeit; es lohnt sich, ein paar Minuten l\u00e4nger zu warten, um einen ausgezeichneten Kaffee zu genie\u00dfen. Wenn der Kaffee in der Abtropfschale vollst\u00e4ndig aufgegangen ist, schalten Sie den Herd aus.<\/p>\n<p>4 Jetzt kommt der entscheidende Moment: das Aroma. Um alle freigesetzten Aromen zu genie\u00dfen, empfehlen wir, den Kaffee sofort nach dem Einschenken in die Tasse zu trinken.<\/p>\n<p>Abmessungen der Kiste: 33 x 26 x 17 cm<\/p>\n<p>Fassungsverm\u00f6gen des Kessels: 90 ML &#8211; 3 OZ, das entspricht 2 Tassen gebr\u00fchtem Kaffee<\/p>\n<p>Hergestellt in Italien<\/p>\n<p><b><strong>SIZILIANISCHER MOKA-EXPRESS-WAGEN<\/strong><\/b><\/p>\n<p>Material des Geh\u00e4uses: Aluminium.<\/p>\n<p>Griff und Knauf: Thermoplast.<\/p>\n<p>Leicht zu reinigendes Sicherheitsventil.<\/p>\n<p>Geeignet f\u00fcr Gas-, Elektro- und Glaskeramikkochfelder.<\/p>\n<p>Nur f\u00fcr Induktionskochfelder geeignet und nur in Kombination mit einem Bialetti-Induktionskochfeld.<\/p>\n<p>Jede einzelne Bialetti Dolce&amp;Gabbana Moka Express weist unverwechselbare Elemente auf, die mit der unterschiedlichen Positionierung der dekorativen Motive auf dem Verteiler zusammenh\u00e4ngen.<\/p>\n<p>Nach jedem Gebrauch mit lauwarmem Wasser ohne Verwendung von Reinigungs- und\/oder Scheuermitteln abwaschen.<\/p>\n<p>Nicht auf Induktionskochfeldern verwenden.<\/p>\n","protected":false},"excerpt":{"rendered":"<p>Zwei Ikonen des Made in Italy tun sich zusammen, um die Sch\u00f6nheit des italienischen Kaffeerituals zu feiern. So entstand die<\/p>\n","protected":false},"featured_media":457818,"template":"","meta":{"_acf_changed":false,"inline_featured_image":false},"product_cat":[6742,6835],"product_tag":[24594,11577,11573,23564,24593,11718,11571],"acf":[],"yoast_head":"<!-- This site is optimized with the Yoast SEO Premium plugin v18.6 (Yoast SEO v19.13) - https:\/\/yoast.com\/wordpress\/plugins\/seo\/ -->\n<title>BIALETTI Moka Set 2 Tassen mit Bechern und Spateln Dolce e Gabbana<\/title>\n<meta name=\"description\" content=\"Entdecken Sie BIALETTI Moka Set 2 Tassen mit Bechern und Spateln Dolce e Gabbana bei ErresseShop. Qualit\u00e4t, Stil und Funktionalit\u00e4t \u2013 jetzt online bestellen!\" \/>\n<meta name=\"robots\" content=\"index, follow, max-snippet:-1, max-image-preview:large, max-video-preview:-1\" \/>\n<link rel=\"canonical\" href=\"https:\/\/www.erresse-shop.it\/de\/shop\/kuche\/mokkas-kaffeemaschinen-espresso\/bialetti-moka-set-2-tassen-mit-bechern-und-spateln-dolce-e-gabbana\/\" \/>\n<meta property=\"og:locale\" content=\"de_DE\" \/>\n<meta property=\"og:type\" content=\"article\" \/>\n<meta property=\"og:title\" content=\"BIALETTI Moka Set 2 Tassen mit Bechern und Spateln Dolce e Gabbana\" \/>\n<meta property=\"og:description\" content=\"Entdecken Sie BIALETTI Moka Set 2 Tassen mit Bechern und Spateln Dolce e Gabbana bei ErresseShop. Qualit\u00e4t, Stil und Funktionalit\u00e4t \u2013 jetzt online bestellen!\" \/>\n<meta property=\"og:url\" content=\"https:\/\/www.erresse-shop.it\/de\/shop\/kuche\/mokkas-kaffeemaschinen-espresso\/bialetti-moka-set-2-tassen-mit-bechern-und-spateln-dolce-e-gabbana\/\" \/>\n<meta property=\"og:site_name\" content=\"Erresse Shop\" \/>\n<meta property=\"article:modified_time\" content=\"2025-08-07T15:30:09+00:00\" \/>\n<meta property=\"og:image\" content=\"https:\/\/www.erresse-shop.it\/wp-content\/uploads\/2024\/03\/BIALETTI-Set-Moka-2-Tazze-Con-Tazzine-e-Palettine-Dolce-e-Gabbana.jpg\" \/>\n\t<meta property=\"og:image:width\" content=\"1200\" \/>\n\t<meta property=\"og:image:height\" content=\"1200\" \/>\n\t<meta property=\"og:image:type\" content=\"image\/jpeg\" \/>\n<meta name=\"twitter:card\" content=\"summary_large_image\" \/>\n<script type=\"application\/ld+json\" class=\"yoast-schema-graph\">{\"@context\":\"https:\/\/schema.org\",\"@graph\":[{\"@type\":\"WebPage\",\"@id\":\"https:\/\/www.erresse-shop.it\/de\/shop\/kuche\/mokkas-kaffeemaschinen-espresso\/bialetti-moka-set-2-tassen-mit-bechern-und-spateln-dolce-e-gabbana\/\",\"url\":\"https:\/\/www.erresse-shop.it\/de\/shop\/kuche\/mokkas-kaffeemaschinen-espresso\/bialetti-moka-set-2-tassen-mit-bechern-und-spateln-dolce-e-gabbana\/\",\"name\":\"BIALETTI Moka Set 2 Tassen mit Bechern und Spateln Dolce e Gabbana\",\"isPartOf\":{\"@id\":\"https:\/\/www.erresse-shop.it\/de\/#website\"},\"datePublished\":\"2024-03-14T10:50:53+00:00\",\"dateModified\":\"2025-08-07T15:30:09+00:00\",\"description\":\"Entdecken Sie BIALETTI Moka Set 2 Tassen mit Bechern und Spateln Dolce e Gabbana bei ErresseShop. Qualit\u00e4t, Stil und Funktionalit\u00e4t \u2013 jetzt online bestellen!\",\"breadcrumb\":{\"@id\":\"https:\/\/www.erresse-shop.it\/de\/shop\/kuche\/mokkas-kaffeemaschinen-espresso\/bialetti-moka-set-2-tassen-mit-bechern-und-spateln-dolce-e-gabbana\/#breadcrumb\"},\"inLanguage\":\"de-DE\",\"potentialAction\":[{\"@type\":\"ReadAction\",\"target\":[\"https:\/\/www.erresse-shop.it\/de\/shop\/kuche\/mokkas-kaffeemaschinen-espresso\/bialetti-moka-set-2-tassen-mit-bechern-und-spateln-dolce-e-gabbana\/\"]}]},{\"@type\":\"BreadcrumbList\",\"@id\":\"https:\/\/www.erresse-shop.it\/de\/shop\/kuche\/mokkas-kaffeemaschinen-espresso\/bialetti-moka-set-2-tassen-mit-bechern-und-spateln-dolce-e-gabbana\/#breadcrumb\",\"itemListElement\":[{\"@type\":\"ListItem\",\"position\":1,\"name\":\"Home\",\"item\":\"https:\/\/www.erresse-shop.it\/de\/\"},{\"@type\":\"ListItem\",\"position\":2,\"name\":\"Shop\",\"item\":\"https:\/\/www.erresse-shop.it\/de\/shop\/\"},{\"@type\":\"ListItem\",\"position\":3,\"name\":\"BIALETTI Moka Set 2 Tassen mit Bechern und Spateln Dolce e Gabbana\"}]},{\"@type\":\"WebSite\",\"@id\":\"https:\/\/www.erresse-shop.it\/de\/#website\",\"url\":\"https:\/\/www.erresse-shop.it\/de\/\",\"name\":\"Erresse Shop\",\"description\":\"Articoli di qualit\u00e0 per la casa\",\"potentialAction\":[{\"@type\":\"SearchAction\",\"target\":{\"@type\":\"EntryPoint\",\"urlTemplate\":\"https:\/\/www.erresse-shop.it\/de\/?s={search_term_string}\"},\"query-input\":\"required name=search_term_string\"}],\"inLanguage\":\"de-DE\"}]}<\/script>\n<!-- \/ Yoast SEO Premium plugin. -->","yoast_head_json":{"title":"BIALETTI Moka Set 2 Tassen mit Bechern und Spateln Dolce e Gabbana","description":"Entdecken Sie BIALETTI Moka Set 2 Tassen mit Bechern und Spateln Dolce e Gabbana bei ErresseShop. Qualit\u00e4t, Stil und Funktionalit\u00e4t \u2013 jetzt online bestellen!","robots":{"index":"index","follow":"follow","max-snippet":"max-snippet:-1","max-image-preview":"max-image-preview:large","max-video-preview":"max-video-preview:-1"},"canonical":"https:\/\/www.erresse-shop.it\/de\/shop\/kuche\/mokkas-kaffeemaschinen-espresso\/bialetti-moka-set-2-tassen-mit-bechern-und-spateln-dolce-e-gabbana\/","og_locale":"de_DE","og_type":"article","og_title":"BIALETTI Moka Set 2 Tassen mit Bechern und Spateln Dolce e Gabbana","og_description":"Entdecken Sie BIALETTI Moka Set 2 Tassen mit Bechern und Spateln Dolce e Gabbana bei ErresseShop. Qualit\u00e4t, Stil und Funktionalit\u00e4t \u2013 jetzt online bestellen!","og_url":"https:\/\/www.erresse-shop.it\/de\/shop\/kuche\/mokkas-kaffeemaschinen-espresso\/bialetti-moka-set-2-tassen-mit-bechern-und-spateln-dolce-e-gabbana\/","og_site_name":"Erresse Shop","article_modified_time":"2025-08-07T15:30:09+00:00","og_image":[{"width":1200,"height":1200,"url":"https:\/\/www.erresse-shop.it\/wp-content\/uploads\/2024\/03\/BIALETTI-Set-Moka-2-Tazze-Con-Tazzine-e-Palettine-Dolce-e-Gabbana.jpg","type":"image\/jpeg"}],"twitter_card":"summary_large_image","schema":{"@context":"https:\/\/schema.org","@graph":[{"@type":"WebPage","@id":"https:\/\/www.erresse-shop.it\/de\/shop\/kuche\/mokkas-kaffeemaschinen-espresso\/bialetti-moka-set-2-tassen-mit-bechern-und-spateln-dolce-e-gabbana\/","url":"https:\/\/www.erresse-shop.it\/de\/shop\/kuche\/mokkas-kaffeemaschinen-espresso\/bialetti-moka-set-2-tassen-mit-bechern-und-spateln-dolce-e-gabbana\/","name":"BIALETTI Moka Set 2 Tassen mit Bechern und Spateln Dolce e Gabbana","isPartOf":{"@id":"https:\/\/www.erresse-shop.it\/de\/#website"},"datePublished":"2024-03-14T10:50:53+00:00","dateModified":"2025-08-07T15:30:09+00:00","description":"Entdecken Sie BIALETTI Moka Set 2 Tassen mit Bechern und Spateln Dolce e Gabbana bei ErresseShop. Qualit\u00e4t, Stil und Funktionalit\u00e4t \u2013 jetzt online bestellen!","breadcrumb":{"@id":"https:\/\/www.erresse-shop.it\/de\/shop\/kuche\/mokkas-kaffeemaschinen-espresso\/bialetti-moka-set-2-tassen-mit-bechern-und-spateln-dolce-e-gabbana\/#breadcrumb"},"inLanguage":"de-DE","potentialAction":[{"@type":"ReadAction","target":["https:\/\/www.erresse-shop.it\/de\/shop\/kuche\/mokkas-kaffeemaschinen-espresso\/bialetti-moka-set-2-tassen-mit-bechern-und-spateln-dolce-e-gabbana\/"]}]},{"@type":"BreadcrumbList","@id":"https:\/\/www.erresse-shop.it\/de\/shop\/kuche\/mokkas-kaffeemaschinen-espresso\/bialetti-moka-set-2-tassen-mit-bechern-und-spateln-dolce-e-gabbana\/#breadcrumb","itemListElement":[{"@type":"ListItem","position":1,"name":"Home","item":"https:\/\/www.erresse-shop.it\/de\/"},{"@type":"ListItem","position":2,"name":"Shop","item":"https:\/\/www.erresse-shop.it\/de\/shop\/"},{"@type":"ListItem","position":3,"name":"BIALETTI Moka Set 2 Tassen mit Bechern und Spateln Dolce e Gabbana"}]},{"@type":"WebSite","@id":"https:\/\/www.erresse-shop.it\/de\/#website","url":"https:\/\/www.erresse-shop.it\/de\/","name":"Erresse Shop","description":"Articoli di qualit\u00e0 per la casa","potentialAction":[{"@type":"SearchAction","target":{"@type":"EntryPoint","urlTemplate":"https:\/\/www.erresse-shop.it\/de\/?s={search_term_string}"},"query-input":"required name=search_term_string"}],"inLanguage":"de-DE"}]}},"df_price":139.95,"df_sale_price":139.95,"df_regular_price":190,"df_image_link":"https:\/\/www.erresse-shop.it\/wp-content\/uploads\/2024\/03\/BIALETTI-Set-Moka-2-Tazze-Con-Tazzine-e-Palettine-Dolce-e-Gabbana-300x300.jpg","_links":{"self":[{"href":"https:\/\/www.erresse-shop.it\/de\/wp-json\/wp\/v2\/product\/396984"}],"collection":[{"href":"https:\/\/www.erresse-shop.it\/de\/wp-json\/wp\/v2\/product"}],"about":[{"href":"https:\/\/www.erresse-shop.it\/de\/wp-json\/wp\/v2\/types\/product"}],"wp:featuredmedia":[{"embeddable":true,"href":"https:\/\/www.erresse-shop.it\/de\/wp-json\/wp\/v2\/media\/457818"}],"wp:attachment":[{"href":"https:\/\/www.erresse-shop.it\/de\/wp-json\/wp\/v2\/media?parent=396984"}],"wp:term":[{"taxonomy":"product_cat","embeddable":true,"href":"https:\/\/www.erresse-shop.it\/de\/wp-json\/wp\/v2\/product_cat?post=396984"},{"taxonomy":"product_tag","embeddable":true,"href":"https:\/\/www.erresse-shop.it\/de\/wp-json\/wp\/v2\/product_tag?post=396984"}],"curies":[{"name":"wp","href":"https:\/\/api.w.org\/{rel}","templated":true}]}}