{"id":396958,"date":"2024-03-14T10:23:31","date_gmt":"2024-03-14T10:23:34","guid":{"rendered":"https:\/\/www.erresse-shop.it\/?post_type=product&#038;p=396958"},"modified":"2025-01-16T08:55:52","modified_gmt":"2025-01-16T08:55:52","slug":"bialetti-moka-brikka-exclusive-2-tassen-schwarz","status":"publish","type":"product","link":"https:\/\/www.erresse-shop.it\/de\/shop\/kuche\/mokkas-kaffeemaschinen-espresso\/bialetti-moka-brikka-exclusive-2-tassen-schwarz\/","title":{"rendered":"BIALETTI Moka Brikka Exclusive 2 Tassen Schwarz"},"content":{"rendered":"<p>Bialetti Exclusive zelebriert das italienische Kaffeeritual mit Stil und Innovation. Brikka Noir ist die Kaffeemaschine, die dank eines neuen, von Bialetti patentierten Br\u00fchsystems die Crema von Espresso erzeugt. Der Griff mit Soft-Touch-Effekt garantiert einen sicheren Halt.<br \/>\n1. F\u00fcllen Sie zun\u00e4chst zimmerwarmes Wasser in den Kessel der Kaffeemaschine, und zwar bis zur H\u00f6he des Sicherheitsventils. \u00dcberschreiten Sie diesen Wert nicht, um einen zu w\u00e4ssrigen Kaffee zu vermeiden.<br \/>\n2. W\u00e4hlen Sie nun Ihre bevorzugte Kaffeemischung aus. Achtung! Die Mischung sollte speziell f\u00fcr Moka gemahlen sein, nicht zu fein. F\u00fcllen Sie den Trichter der Kaffeemaschine gro\u00dfz\u00fcgig, ohne den Kaffee nach unten zu dr\u00fccken.<br \/>\n3. Ein kleines Geheimnis? Stellen Sie das Feuer auf ein Minimum und lassen Sie sich Zeit; es lohnt sich, ein paar Minuten l\u00e4nger zu warten, um einen ausgezeichneten Kaffee zu genie\u00dfen. Wenn der Kaffee in der Abtropfschale vollst\u00e4ndig aufgegangen ist, schalten Sie den Herd aus.<br \/>\n4. Jetzt kommt der entscheidende Moment: der Geschmack. Um alle freigesetzten Aromen optimal genie\u00dfen zu k\u00f6nnen, empfehlen wir, den Kaffee zu trinken, sobald er in die Tasse gegossen wurde.<br \/>\nGeh\u00e4usematerial: Aluminium<br \/>\nMaterial des Griffs: Thermoplast<br \/>\nKnopfmaterial: Thermoplast<br \/>\nLeicht zu reinigendes Sicherheitsventil<br \/>\nGeeignet f\u00fcr die Verwendung auf Induktionskochfeldern mit der Bialetti-Induktionsplatte.<br \/>\nNicht sp\u00fclmaschinenfest<\/p>\n","protected":false},"excerpt":{"rendered":"<p>Bialetti Exclusive zelebriert das italienische Kaffeeritual mit Stil und Innovation. Brikka Noir ist die Kaffeemaschine, die dank eines neuen, von<\/p>\n","protected":false},"featured_media":506777,"template":"","meta":{"_acf_changed":false,"inline_featured_image":false},"product_cat":[6742,6835],"product_tag":[24594,11577,11573,23564,11718,11571],"acf":[],"yoast_head":"<!-- This site is optimized with the Yoast SEO Premium plugin v18.6 (Yoast SEO v19.13) - https:\/\/yoast.com\/wordpress\/plugins\/seo\/ -->\n<title>BIALETTI Moka Brikka Exclusive 2 Tassen Schwarz<\/title>\n<meta name=\"description\" content=\"Entdecken Sie BIALETTI Moka Brikka Exclusive 2 Tassen Schwarz bei ErresseShop. Qualit\u00e4t, Stil und Funktionalit\u00e4t \u2013 jetzt online bestellen!\" \/>\n<meta name=\"robots\" content=\"index, follow, max-snippet:-1, max-image-preview:large, max-video-preview:-1\" \/>\n<link rel=\"canonical\" href=\"https:\/\/www.erresse-shop.it\/de\/shop\/kuche\/mokkas-kaffeemaschinen-espresso\/bialetti-moka-brikka-exclusive-2-tassen-schwarz\/\" \/>\n<meta property=\"og:locale\" content=\"de_DE\" \/>\n<meta property=\"og:type\" content=\"article\" \/>\n<meta property=\"og:title\" content=\"BIALETTI Moka Brikka Exclusive 2 Tassen Schwarz\" \/>\n<meta property=\"og:description\" content=\"Entdecken Sie BIALETTI Moka Brikka Exclusive 2 Tassen Schwarz bei ErresseShop. Qualit\u00e4t, Stil und Funktionalit\u00e4t \u2013 jetzt online bestellen!\" \/>\n<meta property=\"og:url\" content=\"https:\/\/www.erresse-shop.it\/de\/shop\/kuche\/mokkas-kaffeemaschinen-espresso\/bialetti-moka-brikka-exclusive-2-tassen-schwarz\/\" \/>\n<meta property=\"og:site_name\" content=\"Erresse Shop\" \/>\n<meta property=\"article:modified_time\" content=\"2025-01-16T08:55:52+00:00\" \/>\n<meta property=\"og:image\" content=\"https:\/\/www.erresse-shop.it\/wp-content\/uploads\/2024\/03\/BIALETTI-Moka-Brikka-Exclusive-2-Tazze-Nero.webp\" \/>\n\t<meta property=\"og:image:width\" content=\"1200\" \/>\n\t<meta property=\"og:image:height\" content=\"1200\" \/>\n\t<meta property=\"og:image:type\" content=\"image\/webp\" \/>\n<meta name=\"twitter:card\" content=\"summary_large_image\" \/>\n<script type=\"application\/ld+json\" class=\"yoast-schema-graph\">{\"@context\":\"https:\/\/schema.org\",\"@graph\":[{\"@type\":\"WebPage\",\"@id\":\"https:\/\/www.erresse-shop.it\/de\/shop\/kuche\/mokkas-kaffeemaschinen-espresso\/bialetti-moka-brikka-exclusive-2-tassen-schwarz\/\",\"url\":\"https:\/\/www.erresse-shop.it\/de\/shop\/kuche\/mokkas-kaffeemaschinen-espresso\/bialetti-moka-brikka-exclusive-2-tassen-schwarz\/\",\"name\":\"BIALETTI Moka Brikka Exclusive 2 Tassen Schwarz\",\"isPartOf\":{\"@id\":\"https:\/\/www.erresse-shop.it\/de\/#website\"},\"datePublished\":\"2024-03-14T10:23:34+00:00\",\"dateModified\":\"2025-01-16T08:55:52+00:00\",\"description\":\"Entdecken Sie BIALETTI Moka Brikka Exclusive 2 Tassen Schwarz bei ErresseShop. Qualit\u00e4t, Stil und Funktionalit\u00e4t \u2013 jetzt online bestellen!\",\"breadcrumb\":{\"@id\":\"https:\/\/www.erresse-shop.it\/de\/shop\/kuche\/mokkas-kaffeemaschinen-espresso\/bialetti-moka-brikka-exclusive-2-tassen-schwarz\/#breadcrumb\"},\"inLanguage\":\"de-DE\",\"potentialAction\":[{\"@type\":\"ReadAction\",\"target\":[\"https:\/\/www.erresse-shop.it\/de\/shop\/kuche\/mokkas-kaffeemaschinen-espresso\/bialetti-moka-brikka-exclusive-2-tassen-schwarz\/\"]}]},{\"@type\":\"BreadcrumbList\",\"@id\":\"https:\/\/www.erresse-shop.it\/de\/shop\/kuche\/mokkas-kaffeemaschinen-espresso\/bialetti-moka-brikka-exclusive-2-tassen-schwarz\/#breadcrumb\",\"itemListElement\":[{\"@type\":\"ListItem\",\"position\":1,\"name\":\"Home\",\"item\":\"https:\/\/www.erresse-shop.it\/de\/\"},{\"@type\":\"ListItem\",\"position\":2,\"name\":\"Shop\",\"item\":\"https:\/\/www.erresse-shop.it\/de\/shop\/\"},{\"@type\":\"ListItem\",\"position\":3,\"name\":\"BIALETTI Moka Brikka Exclusive 2 Tassen Schwarz\"}]},{\"@type\":\"WebSite\",\"@id\":\"https:\/\/www.erresse-shop.it\/de\/#website\",\"url\":\"https:\/\/www.erresse-shop.it\/de\/\",\"name\":\"Erresse Shop\",\"description\":\"Articoli di qualit\u00e0 per la casa\",\"potentialAction\":[{\"@type\":\"SearchAction\",\"target\":{\"@type\":\"EntryPoint\",\"urlTemplate\":\"https:\/\/www.erresse-shop.it\/de\/?s={search_term_string}\"},\"query-input\":\"required name=search_term_string\"}],\"inLanguage\":\"de-DE\"}]}<\/script>\n<!-- \/ Yoast SEO Premium plugin. -->","yoast_head_json":{"title":"BIALETTI Moka Brikka Exclusive 2 Tassen Schwarz","description":"Entdecken Sie BIALETTI Moka Brikka Exclusive 2 Tassen Schwarz bei ErresseShop. Qualit\u00e4t, Stil und Funktionalit\u00e4t \u2013 jetzt online bestellen!","robots":{"index":"index","follow":"follow","max-snippet":"max-snippet:-1","max-image-preview":"max-image-preview:large","max-video-preview":"max-video-preview:-1"},"canonical":"https:\/\/www.erresse-shop.it\/de\/shop\/kuche\/mokkas-kaffeemaschinen-espresso\/bialetti-moka-brikka-exclusive-2-tassen-schwarz\/","og_locale":"de_DE","og_type":"article","og_title":"BIALETTI Moka Brikka Exclusive 2 Tassen Schwarz","og_description":"Entdecken Sie BIALETTI Moka Brikka Exclusive 2 Tassen Schwarz bei ErresseShop. Qualit\u00e4t, Stil und Funktionalit\u00e4t \u2013 jetzt online bestellen!","og_url":"https:\/\/www.erresse-shop.it\/de\/shop\/kuche\/mokkas-kaffeemaschinen-espresso\/bialetti-moka-brikka-exclusive-2-tassen-schwarz\/","og_site_name":"Erresse Shop","article_modified_time":"2025-01-16T08:55:52+00:00","og_image":[{"width":1200,"height":1200,"url":"https:\/\/www.erresse-shop.it\/wp-content\/uploads\/2024\/03\/BIALETTI-Moka-Brikka-Exclusive-2-Tazze-Nero.webp","type":"image\/webp"}],"twitter_card":"summary_large_image","schema":{"@context":"https:\/\/schema.org","@graph":[{"@type":"WebPage","@id":"https:\/\/www.erresse-shop.it\/de\/shop\/kuche\/mokkas-kaffeemaschinen-espresso\/bialetti-moka-brikka-exclusive-2-tassen-schwarz\/","url":"https:\/\/www.erresse-shop.it\/de\/shop\/kuche\/mokkas-kaffeemaschinen-espresso\/bialetti-moka-brikka-exclusive-2-tassen-schwarz\/","name":"BIALETTI Moka Brikka Exclusive 2 Tassen Schwarz","isPartOf":{"@id":"https:\/\/www.erresse-shop.it\/de\/#website"},"datePublished":"2024-03-14T10:23:34+00:00","dateModified":"2025-01-16T08:55:52+00:00","description":"Entdecken Sie BIALETTI Moka Brikka Exclusive 2 Tassen Schwarz bei ErresseShop. Qualit\u00e4t, Stil und Funktionalit\u00e4t \u2013 jetzt online bestellen!","breadcrumb":{"@id":"https:\/\/www.erresse-shop.it\/de\/shop\/kuche\/mokkas-kaffeemaschinen-espresso\/bialetti-moka-brikka-exclusive-2-tassen-schwarz\/#breadcrumb"},"inLanguage":"de-DE","potentialAction":[{"@type":"ReadAction","target":["https:\/\/www.erresse-shop.it\/de\/shop\/kuche\/mokkas-kaffeemaschinen-espresso\/bialetti-moka-brikka-exclusive-2-tassen-schwarz\/"]}]},{"@type":"BreadcrumbList","@id":"https:\/\/www.erresse-shop.it\/de\/shop\/kuche\/mokkas-kaffeemaschinen-espresso\/bialetti-moka-brikka-exclusive-2-tassen-schwarz\/#breadcrumb","itemListElement":[{"@type":"ListItem","position":1,"name":"Home","item":"https:\/\/www.erresse-shop.it\/de\/"},{"@type":"ListItem","position":2,"name":"Shop","item":"https:\/\/www.erresse-shop.it\/de\/shop\/"},{"@type":"ListItem","position":3,"name":"BIALETTI Moka Brikka Exclusive 2 Tassen Schwarz"}]},{"@type":"WebSite","@id":"https:\/\/www.erresse-shop.it\/de\/#website","url":"https:\/\/www.erresse-shop.it\/de\/","name":"Erresse Shop","description":"Articoli di qualit\u00e0 per la casa","potentialAction":[{"@type":"SearchAction","target":{"@type":"EntryPoint","urlTemplate":"https:\/\/www.erresse-shop.it\/de\/?s={search_term_string}"},"query-input":"required name=search_term_string"}],"inLanguage":"de-DE"}]}},"df_price":62.1,"df_sale_price":62.1,"df_regular_price":69,"df_image_link":"https:\/\/www.erresse-shop.it\/wp-content\/uploads\/2024\/03\/BIALETTI-Moka-Brikka-Exclusive-2-Tazze-Nero-300x300.jpg","_links":{"self":[{"href":"https:\/\/www.erresse-shop.it\/de\/wp-json\/wp\/v2\/product\/396958"}],"collection":[{"href":"https:\/\/www.erresse-shop.it\/de\/wp-json\/wp\/v2\/product"}],"about":[{"href":"https:\/\/www.erresse-shop.it\/de\/wp-json\/wp\/v2\/types\/product"}],"wp:featuredmedia":[{"embeddable":true,"href":"https:\/\/www.erresse-shop.it\/de\/wp-json\/wp\/v2\/media\/506777"}],"wp:attachment":[{"href":"https:\/\/www.erresse-shop.it\/de\/wp-json\/wp\/v2\/media?parent=396958"}],"wp:term":[{"taxonomy":"product_cat","embeddable":true,"href":"https:\/\/www.erresse-shop.it\/de\/wp-json\/wp\/v2\/product_cat?post=396958"},{"taxonomy":"product_tag","embeddable":true,"href":"https:\/\/www.erresse-shop.it\/de\/wp-json\/wp\/v2\/product_tag?post=396958"}],"curies":[{"name":"wp","href":"https:\/\/api.w.org\/{rel}","templated":true}]}}