{"id":396951,"date":"2024-03-14T10:14:41","date_gmt":"2024-03-14T10:14:44","guid":{"rendered":"https:\/\/www.erresse-shop.it\/?post_type=product&#038;p=396951"},"modified":"2025-01-16T08:55:51","modified_gmt":"2025-01-16T08:55:51","slug":"bialetti-moka-exclusive-induktion-4-tassen-rot","status":"publish","type":"product","link":"https:\/\/www.erresse-shop.it\/de\/shop\/kuche\/mokkas-kaffeemaschinen-espresso\/bialetti-moka-exclusive-induktion-4-tassen-rot\/","title":{"rendered":"BIALETTI Moka Exclusive Induktion 4 Tassen Rot"},"content":{"rendered":"<p>Unvergleichliche Farben, gl\u00e4nzende Oberfl\u00e4chen, einzigartige Details: Bialetti Exclusive zelebriert das italienische Kaffeeritual mit Stil und Innovation.<br \/>\nDie Moka Exlusive Induction ist eine Kaffeemaschine mit beiliegendem Boiler, die sich f\u00fcr alle Herdarten eignet, auch f\u00fcr Induktion. Der ergonomische Griff sorgt f\u00fcr einen sicheren Halt.<br \/>\n1. Gie\u00dfen Sie zun\u00e4chst Wasser mit Zimmertemperatur in den Kessel der Kaffeemaschine und f\u00fcllen Sie ihn bis zur H\u00f6he des Sicherheitsventils. \u00dcberschreiten Sie diesen Wert nicht, damit der Kaffee nicht zu w\u00e4ssrig wird.<br \/>\n2. W\u00e4hlen Sie nun Ihre bevorzugte Kaffeemischung aus. Achtung! Die Mischung sollte speziell f\u00fcr Moka gemahlen sein, nicht zu fein. F\u00fcllen Sie den Trichter der Kaffeemaschine gro\u00dfz\u00fcgig, ohne den Kaffee nach unten zu dr\u00fccken.<br \/>\n3. Ein kleines Geheimnis? Stellen Sie das Feuer auf ein Minimum und lassen Sie sich Zeit; es lohnt sich, ein paar Minuten l\u00e4nger zu warten, um einen ausgezeichneten Kaffee zu genie\u00dfen. Wenn der Kaffee in der Abtropfschale vollst\u00e4ndig aufgegangen ist, schalten Sie den Herd aus.<br \/>\n4. Jetzt kommt der entscheidende Moment: der Geschmack. Um alle freigesetzten Aromen optimal genie\u00dfen zu k\u00f6nnen, empfehlen wir, den Kaffee zu trinken, sobald er in die Tasse gegossen wurde.<br \/>\nKesselmaterial Bilayer: innen Aluminium, au\u00dfen Stahl<br \/>\nGriff und Drehknopf aus PA66-Kunststoff mit Soft-Touch-Beschichtung<br \/>\nLeicht zu reinigendes Sicherheitsventil;<br \/>\nNicht sp\u00fclmaschinengeeignet;<br \/>\nKompatibel mit Elektro-, Gas- und Induktionskochfeldern;<\/p>\n","protected":false},"excerpt":{"rendered":"<p>Unvergleichliche Farben, gl\u00e4nzende Oberfl\u00e4chen, einzigartige Details: Bialetti Exclusive zelebriert das italienische Kaffeeritual mit Stil und Innovation. Die Moka Exlusive Induction<\/p>\n","protected":false},"featured_media":506768,"template":"","meta":{"_acf_changed":false,"inline_featured_image":false},"product_cat":[6742,6835],"product_tag":[24594,11577,11573,23564,11718,11571],"acf":[],"yoast_head":"<!-- This site is optimized with the Yoast SEO Premium plugin v18.6 (Yoast SEO v19.13) - https:\/\/yoast.com\/wordpress\/plugins\/seo\/ -->\n<title>BIALETTI Moka Exclusive Induktion 4 Tassen Rot<\/title>\n<meta name=\"description\" content=\"Entdecken Sie BIALETTI Moka Exclusive Induktion 4 Tassen Rot bei ErresseShop. Qualit\u00e4t, Stil und Funktionalit\u00e4t \u2013 jetzt online bestellen!\" \/>\n<meta name=\"robots\" content=\"index, follow, max-snippet:-1, max-image-preview:large, max-video-preview:-1\" \/>\n<link rel=\"canonical\" href=\"https:\/\/www.erresse-shop.it\/de\/shop\/kuche\/mokkas-kaffeemaschinen-espresso\/bialetti-moka-exclusive-induktion-4-tassen-rot\/\" \/>\n<meta property=\"og:locale\" content=\"de_DE\" \/>\n<meta property=\"og:type\" content=\"article\" \/>\n<meta property=\"og:title\" content=\"BIALETTI Moka Exclusive Induktion 4 Tassen Rot\" \/>\n<meta property=\"og:description\" content=\"Entdecken Sie BIALETTI Moka Exclusive Induktion 4 Tassen Rot bei ErresseShop. Qualit\u00e4t, Stil und Funktionalit\u00e4t \u2013 jetzt online bestellen!\" \/>\n<meta property=\"og:url\" content=\"https:\/\/www.erresse-shop.it\/de\/shop\/kuche\/mokkas-kaffeemaschinen-espresso\/bialetti-moka-exclusive-induktion-4-tassen-rot\/\" \/>\n<meta property=\"og:site_name\" content=\"Erresse Shop\" \/>\n<meta property=\"article:modified_time\" content=\"2025-01-16T08:55:51+00:00\" \/>\n<meta property=\"og:image\" content=\"https:\/\/www.erresse-shop.it\/wp-content\/uploads\/2024\/03\/BIALETTI-Moka-Exclusive-Induzione-4-Tazze-Rosso.webp\" \/>\n\t<meta property=\"og:image:width\" content=\"1200\" \/>\n\t<meta property=\"og:image:height\" content=\"1200\" \/>\n\t<meta property=\"og:image:type\" content=\"image\/webp\" \/>\n<meta name=\"twitter:card\" content=\"summary_large_image\" \/>\n<script type=\"application\/ld+json\" class=\"yoast-schema-graph\">{\"@context\":\"https:\/\/schema.org\",\"@graph\":[{\"@type\":\"WebPage\",\"@id\":\"https:\/\/www.erresse-shop.it\/de\/shop\/kuche\/mokkas-kaffeemaschinen-espresso\/bialetti-moka-exclusive-induktion-4-tassen-rot\/\",\"url\":\"https:\/\/www.erresse-shop.it\/de\/shop\/kuche\/mokkas-kaffeemaschinen-espresso\/bialetti-moka-exclusive-induktion-4-tassen-rot\/\",\"name\":\"BIALETTI Moka Exclusive Induktion 4 Tassen Rot\",\"isPartOf\":{\"@id\":\"https:\/\/www.erresse-shop.it\/de\/#website\"},\"datePublished\":\"2024-03-14T10:14:44+00:00\",\"dateModified\":\"2025-01-16T08:55:51+00:00\",\"description\":\"Entdecken Sie BIALETTI Moka Exclusive Induktion 4 Tassen Rot bei ErresseShop. Qualit\u00e4t, Stil und Funktionalit\u00e4t \u2013 jetzt online bestellen!\",\"breadcrumb\":{\"@id\":\"https:\/\/www.erresse-shop.it\/de\/shop\/kuche\/mokkas-kaffeemaschinen-espresso\/bialetti-moka-exclusive-induktion-4-tassen-rot\/#breadcrumb\"},\"inLanguage\":\"de-DE\",\"potentialAction\":[{\"@type\":\"ReadAction\",\"target\":[\"https:\/\/www.erresse-shop.it\/de\/shop\/kuche\/mokkas-kaffeemaschinen-espresso\/bialetti-moka-exclusive-induktion-4-tassen-rot\/\"]}]},{\"@type\":\"BreadcrumbList\",\"@id\":\"https:\/\/www.erresse-shop.it\/de\/shop\/kuche\/mokkas-kaffeemaschinen-espresso\/bialetti-moka-exclusive-induktion-4-tassen-rot\/#breadcrumb\",\"itemListElement\":[{\"@type\":\"ListItem\",\"position\":1,\"name\":\"Home\",\"item\":\"https:\/\/www.erresse-shop.it\/de\/\"},{\"@type\":\"ListItem\",\"position\":2,\"name\":\"Shop\",\"item\":\"https:\/\/www.erresse-shop.it\/de\/shop\/\"},{\"@type\":\"ListItem\",\"position\":3,\"name\":\"BIALETTI Moka Exclusive Induktion 4 Tassen Rot\"}]},{\"@type\":\"WebSite\",\"@id\":\"https:\/\/www.erresse-shop.it\/de\/#website\",\"url\":\"https:\/\/www.erresse-shop.it\/de\/\",\"name\":\"Erresse Shop\",\"description\":\"Articoli di qualit\u00e0 per la casa\",\"potentialAction\":[{\"@type\":\"SearchAction\",\"target\":{\"@type\":\"EntryPoint\",\"urlTemplate\":\"https:\/\/www.erresse-shop.it\/de\/?s={search_term_string}\"},\"query-input\":\"required name=search_term_string\"}],\"inLanguage\":\"de-DE\"}]}<\/script>\n<!-- \/ Yoast SEO Premium plugin. -->","yoast_head_json":{"title":"BIALETTI Moka Exclusive Induktion 4 Tassen Rot","description":"Entdecken Sie BIALETTI Moka Exclusive Induktion 4 Tassen Rot bei ErresseShop. Qualit\u00e4t, Stil und Funktionalit\u00e4t \u2013 jetzt online bestellen!","robots":{"index":"index","follow":"follow","max-snippet":"max-snippet:-1","max-image-preview":"max-image-preview:large","max-video-preview":"max-video-preview:-1"},"canonical":"https:\/\/www.erresse-shop.it\/de\/shop\/kuche\/mokkas-kaffeemaschinen-espresso\/bialetti-moka-exclusive-induktion-4-tassen-rot\/","og_locale":"de_DE","og_type":"article","og_title":"BIALETTI Moka Exclusive Induktion 4 Tassen Rot","og_description":"Entdecken Sie BIALETTI Moka Exclusive Induktion 4 Tassen Rot bei ErresseShop. Qualit\u00e4t, Stil und Funktionalit\u00e4t \u2013 jetzt online bestellen!","og_url":"https:\/\/www.erresse-shop.it\/de\/shop\/kuche\/mokkas-kaffeemaschinen-espresso\/bialetti-moka-exclusive-induktion-4-tassen-rot\/","og_site_name":"Erresse Shop","article_modified_time":"2025-01-16T08:55:51+00:00","og_image":[{"width":1200,"height":1200,"url":"https:\/\/www.erresse-shop.it\/wp-content\/uploads\/2024\/03\/BIALETTI-Moka-Exclusive-Induzione-4-Tazze-Rosso.webp","type":"image\/webp"}],"twitter_card":"summary_large_image","schema":{"@context":"https:\/\/schema.org","@graph":[{"@type":"WebPage","@id":"https:\/\/www.erresse-shop.it\/de\/shop\/kuche\/mokkas-kaffeemaschinen-espresso\/bialetti-moka-exclusive-induktion-4-tassen-rot\/","url":"https:\/\/www.erresse-shop.it\/de\/shop\/kuche\/mokkas-kaffeemaschinen-espresso\/bialetti-moka-exclusive-induktion-4-tassen-rot\/","name":"BIALETTI Moka Exclusive Induktion 4 Tassen Rot","isPartOf":{"@id":"https:\/\/www.erresse-shop.it\/de\/#website"},"datePublished":"2024-03-14T10:14:44+00:00","dateModified":"2025-01-16T08:55:51+00:00","description":"Entdecken Sie BIALETTI Moka Exclusive Induktion 4 Tassen Rot bei ErresseShop. Qualit\u00e4t, Stil und Funktionalit\u00e4t \u2013 jetzt online bestellen!","breadcrumb":{"@id":"https:\/\/www.erresse-shop.it\/de\/shop\/kuche\/mokkas-kaffeemaschinen-espresso\/bialetti-moka-exclusive-induktion-4-tassen-rot\/#breadcrumb"},"inLanguage":"de-DE","potentialAction":[{"@type":"ReadAction","target":["https:\/\/www.erresse-shop.it\/de\/shop\/kuche\/mokkas-kaffeemaschinen-espresso\/bialetti-moka-exclusive-induktion-4-tassen-rot\/"]}]},{"@type":"BreadcrumbList","@id":"https:\/\/www.erresse-shop.it\/de\/shop\/kuche\/mokkas-kaffeemaschinen-espresso\/bialetti-moka-exclusive-induktion-4-tassen-rot\/#breadcrumb","itemListElement":[{"@type":"ListItem","position":1,"name":"Home","item":"https:\/\/www.erresse-shop.it\/de\/"},{"@type":"ListItem","position":2,"name":"Shop","item":"https:\/\/www.erresse-shop.it\/de\/shop\/"},{"@type":"ListItem","position":3,"name":"BIALETTI Moka Exclusive Induktion 4 Tassen Rot"}]},{"@type":"WebSite","@id":"https:\/\/www.erresse-shop.it\/de\/#website","url":"https:\/\/www.erresse-shop.it\/de\/","name":"Erresse Shop","description":"Articoli di qualit\u00e0 per la casa","potentialAction":[{"@type":"SearchAction","target":{"@type":"EntryPoint","urlTemplate":"https:\/\/www.erresse-shop.it\/de\/?s={search_term_string}"},"query-input":"required name=search_term_string"}],"inLanguage":"de-DE"}]}},"df_price":58.5,"df_sale_price":58.5,"df_regular_price":65,"df_image_link":"https:\/\/www.erresse-shop.it\/wp-content\/uploads\/2024\/03\/BIALETTI-Moka-Exclusive-Induzione-4-Tazze-Rosso-300x300.jpg","_links":{"self":[{"href":"https:\/\/www.erresse-shop.it\/de\/wp-json\/wp\/v2\/product\/396951"}],"collection":[{"href":"https:\/\/www.erresse-shop.it\/de\/wp-json\/wp\/v2\/product"}],"about":[{"href":"https:\/\/www.erresse-shop.it\/de\/wp-json\/wp\/v2\/types\/product"}],"wp:featuredmedia":[{"embeddable":true,"href":"https:\/\/www.erresse-shop.it\/de\/wp-json\/wp\/v2\/media\/506768"}],"wp:attachment":[{"href":"https:\/\/www.erresse-shop.it\/de\/wp-json\/wp\/v2\/media?parent=396951"}],"wp:term":[{"taxonomy":"product_cat","embeddable":true,"href":"https:\/\/www.erresse-shop.it\/de\/wp-json\/wp\/v2\/product_cat?post=396951"},{"taxonomy":"product_tag","embeddable":true,"href":"https:\/\/www.erresse-shop.it\/de\/wp-json\/wp\/v2\/product_tag?post=396951"}],"curies":[{"name":"wp","href":"https:\/\/api.w.org\/{rel}","templated":true}]}}