{"id":396530,"date":"2024-03-13T10:18:51","date_gmt":"2024-03-13T10:18:53","guid":{"rendered":"https:\/\/www.erresse-shop.it\/?post_type=product&#038;p=396530"},"modified":"2025-06-04T11:08:29","modified_gmt":"2025-06-04T11:08:29","slug":"bialetti-set-moka-express-3-dolce-gabbana-becher","status":"publish","type":"product","link":"https:\/\/www.erresse-shop.it\/de\/shop\/kuche\/mokkas-kaffeemaschinen-espresso\/bialetti-set-moka-express-3-dolce-gabbana-becher\/","title":{"rendered":"BIALETTI Set Moka Express 3 Dolce &#038; Gabbana Becher"},"content":{"rendered":"<p><b><strong>Box Moka Express Sicilian Trolley 3 Tassen und Perfect Ground Coffee Moka Irresistible<\/strong><\/b><\/p>\n<p>Zwei Ikonen der Made in Italy Tradition kommen zusammen, um die Sch\u00f6nheit des italienischen Kaffeerituals zu feiern. So entstand die kostbare Bialetti Dolce&amp;Gabbana-Verpackung, in der die sizilianische Moka Express Trolley f\u00fcr 3 Tassen und der gemahlene Kaffee Perfetto Moka Irresistible perfekt kombiniert sind.<\/p>\n<p>Der gemahlene Kaffee Perfetto Moka Irresistibile bietet mit seinem runden und delikaten Aromaprofil eine Symphonie aus blumigen und fruchtigen Noten, die perfekt mit der unverwechselbaren Reichhaltigkeit von Haselnuss und Kakao harmonieren. Der Mokka selbst, ein Kunstwerk, das stolz in der st\u00e4ndigen Sammlung des New Yorker MoMA ausgestellt ist, ist eine Hommage an die einzigartige Handwerkskunst, die Landschaften und die Farben Siziliens.<\/p>\n<p>Diese Bialetti Dolce&amp;Gabbana-Box ist ein wahres Meisterwerk in Sachen Stil und Geschmack und damit ein ideales Geschenk.<\/p>\n<p>Wie man Kaffee zubereitet:<\/p>\n<p>1. Gie\u00dfen Sie zimmerwarmes Wasser in die Mokkakanne und f\u00fcllen Sie sie bis zur H\u00f6he des Sicherheitsventils. \u00dcberschreiten Sie diesen Wert nicht, da der Kaffee sonst zu w\u00e4ssrig sein k\u00f6nnte.<\/p>\n<p>2. W\u00e4hlen Sie nun Ihre bevorzugte gemahlene Kaffeemischung. Achten Sie darauf! Die Mischung muss speziell f\u00fcr den Mokka gemahlen sein, nicht zu fein. F\u00fcllen Sie den Trichter gr\u00fcndlich, ohne den Kaffee herunterzudr\u00fccken.<\/p>\n<p>3. Ein kleines Geheimnis? Stellen Sie das Feuer auf niedrig und nehmen Sie sich Zeit. Es lohnt sich, ein paar Minuten l\u00e4nger zu warten, um eine gute Tasse Kaffee zu genie\u00dfen. Wenn der Kaffee im Auffangbeh\u00e4lter vollst\u00e4ndig aufgegangen ist, schalten Sie das Feuer aus.<\/p>\n<p>4. Jetzt kommt der entscheidende Moment: der Geschmack. Um alle freigesetzten Aromen optimal genie\u00dfen zu k\u00f6nnen, empfehlen wir, den Kaffee zu trinken, sobald er in die Tasse gegossen wurde.<\/p>\n<p>Abmessungen der Schachtel: 33 cm x 26 cm x 17 cm<\/p>\n<p>Ma\u00dfe der Schachtel in Zoll: 12,9&#8243; x 10,2&#8243; x 6,6&#8243;<\/p>\n<p>Gewicht: 200 Gramm<\/p>\n<p>Fassungsverm\u00f6gen des Kessels: 130 ML &#8211; 4.4 OZ, entspricht 3 Tassen gebr\u00fchtem Kaffee<\/p>\n<p><b><strong>Hergestellt in Italien<\/strong><\/b><\/p>\n<p><b><strong>UNWIDERSTEHLICHER MOKKA &#8211; PERFEKT GEMAHLENER KAFFEE<\/strong><\/b><\/p>\n<p>Intensit\u00e4tsstufe: 8<\/p>\n<p>Ger\u00f6steter und gemahlener Kaffee<\/p>\n<p>80% Arabica &#8211; 20% Robusta<\/p>\n<p>Umschlag: C\/LDPE 90<\/p>\n<p>Verpackung: Dose<\/p>\n<p>An einem k\u00fchlen, trockenen Ort aufbewahren<\/p>\n<p><b><strong>MOKA EXPRESS SIZILIANISCHER WAGEN<\/strong><\/b><\/p>\n<p>Geh\u00e4usematerial: Aluminium<\/p>\n<p>Griff- und Knaufmaterial: Thermoplastisch<\/p>\n<p>Leicht zu reinigendes Sicherheitsventil<\/p>\n<p>Geeignet f\u00fcr die Verwendung auf Gas-, Elektro- und Glaskeramikkochfeldern.<\/p>\n<p>Nur f\u00fcr den Gebrauch auf Induktionskochfeldern und ausschlie\u00dflich in Verbindung mit einem Bialetti-Induktionskochfeld geeignet.<\/p>\n<p>Jede einzelne Bialetti Dolce&amp;Gabbana Moka Express zeichnet sich durch besondere Merkmale aus, die mit der unterschiedlichen Positionierung der dekorativen Motive auf dem Bindemittel zusammenh\u00e4ngen.<\/p>\n<p>Nach jedem Gebrauch mit lauwarmem Wasser absp\u00fclen, ohne Reinigungsmittel oder Scheuermittel zu verwenden.<\/p>\n<p>nicht mit Induktionskochfeldern kompatibel.<\/p>\n","protected":false},"excerpt":{"rendered":"<p>Box Moka Express Sicilian Trolley 3 Tassen und Perfect Ground Coffee Moka Irresistible Zwei Ikonen der Made in Italy Tradition<\/p>\n","protected":false},"featured_media":461875,"template":"","meta":{"_acf_changed":false,"inline_featured_image":false},"product_cat":[6742,6835],"product_tag":[24594,11577,11573,23564,24593,11718,11571],"acf":[],"yoast_head":"<!-- This site is optimized with the Yoast SEO Premium plugin v18.6 (Yoast SEO v19.13) - https:\/\/yoast.com\/wordpress\/plugins\/seo\/ -->\n<title>BIALETTI Set Moka Express 3 Dolce &amp; Gabbana Becher<\/title>\n<meta name=\"description\" content=\"Entdecken Sie BIALETTI Set Moka Express 3 Dolce &amp; Gabbana Becher bei ErresseShop. Qualit\u00e4t, Stil und Funktionalit\u00e4t \u2013 jetzt online bestellen!\" \/>\n<meta name=\"robots\" content=\"index, follow, max-snippet:-1, max-image-preview:large, max-video-preview:-1\" \/>\n<link rel=\"canonical\" href=\"https:\/\/www.erresse-shop.it\/de\/shop\/kuche\/mokkas-kaffeemaschinen-espresso\/bialetti-set-moka-express-3-dolce-gabbana-becher\/\" \/>\n<meta property=\"og:locale\" content=\"de_DE\" \/>\n<meta property=\"og:type\" content=\"article\" \/>\n<meta property=\"og:title\" content=\"BIALETTI Set Moka Express 3 Dolce &amp; Gabbana Becher\" \/>\n<meta property=\"og:description\" content=\"Entdecken Sie BIALETTI Set Moka Express 3 Dolce &amp; Gabbana Becher bei ErresseShop. Qualit\u00e4t, Stil und Funktionalit\u00e4t \u2013 jetzt online bestellen!\" \/>\n<meta property=\"og:url\" content=\"https:\/\/www.erresse-shop.it\/de\/shop\/kuche\/mokkas-kaffeemaschinen-espresso\/bialetti-set-moka-express-3-dolce-gabbana-becher\/\" \/>\n<meta property=\"og:site_name\" content=\"Erresse Shop\" \/>\n<meta property=\"article:modified_time\" content=\"2025-06-04T11:08:29+00:00\" \/>\n<meta property=\"og:image\" content=\"https:\/\/www.erresse-shop.it\/wp-content\/uploads\/2024\/03\/Bialetti-Set-moka-caffe-1.jpg\" \/>\n\t<meta property=\"og:image:width\" content=\"800\" \/>\n\t<meta property=\"og:image:height\" content=\"800\" \/>\n\t<meta property=\"og:image:type\" content=\"image\/jpeg\" \/>\n<meta name=\"twitter:card\" content=\"summary_large_image\" \/>\n<script type=\"application\/ld+json\" class=\"yoast-schema-graph\">{\"@context\":\"https:\/\/schema.org\",\"@graph\":[{\"@type\":\"WebPage\",\"@id\":\"https:\/\/www.erresse-shop.it\/de\/shop\/kuche\/mokkas-kaffeemaschinen-espresso\/bialetti-set-moka-express-3-dolce-gabbana-becher\/\",\"url\":\"https:\/\/www.erresse-shop.it\/de\/shop\/kuche\/mokkas-kaffeemaschinen-espresso\/bialetti-set-moka-express-3-dolce-gabbana-becher\/\",\"name\":\"BIALETTI Set Moka Express 3 Dolce & Gabbana Becher\",\"isPartOf\":{\"@id\":\"https:\/\/www.erresse-shop.it\/de\/#website\"},\"datePublished\":\"2024-03-13T10:18:53+00:00\",\"dateModified\":\"2025-06-04T11:08:29+00:00\",\"description\":\"Entdecken Sie BIALETTI Set Moka Express 3 Dolce & Gabbana Becher bei ErresseShop. Qualit\u00e4t, Stil und Funktionalit\u00e4t \u2013 jetzt online bestellen!\",\"breadcrumb\":{\"@id\":\"https:\/\/www.erresse-shop.it\/de\/shop\/kuche\/mokkas-kaffeemaschinen-espresso\/bialetti-set-moka-express-3-dolce-gabbana-becher\/#breadcrumb\"},\"inLanguage\":\"de-DE\",\"potentialAction\":[{\"@type\":\"ReadAction\",\"target\":[\"https:\/\/www.erresse-shop.it\/de\/shop\/kuche\/mokkas-kaffeemaschinen-espresso\/bialetti-set-moka-express-3-dolce-gabbana-becher\/\"]}]},{\"@type\":\"BreadcrumbList\",\"@id\":\"https:\/\/www.erresse-shop.it\/de\/shop\/kuche\/mokkas-kaffeemaschinen-espresso\/bialetti-set-moka-express-3-dolce-gabbana-becher\/#breadcrumb\",\"itemListElement\":[{\"@type\":\"ListItem\",\"position\":1,\"name\":\"Home\",\"item\":\"https:\/\/www.erresse-shop.it\/de\/\"},{\"@type\":\"ListItem\",\"position\":2,\"name\":\"Shop\",\"item\":\"https:\/\/www.erresse-shop.it\/de\/shop\/\"},{\"@type\":\"ListItem\",\"position\":3,\"name\":\"BIALETTI Set Moka Express 3 Dolce &#038; Gabbana Becher\"}]},{\"@type\":\"WebSite\",\"@id\":\"https:\/\/www.erresse-shop.it\/de\/#website\",\"url\":\"https:\/\/www.erresse-shop.it\/de\/\",\"name\":\"Erresse Shop\",\"description\":\"Articoli di qualit\u00e0 per la casa\",\"potentialAction\":[{\"@type\":\"SearchAction\",\"target\":{\"@type\":\"EntryPoint\",\"urlTemplate\":\"https:\/\/www.erresse-shop.it\/de\/?s={search_term_string}\"},\"query-input\":\"required name=search_term_string\"}],\"inLanguage\":\"de-DE\"}]}<\/script>\n<!-- \/ Yoast SEO Premium plugin. -->","yoast_head_json":{"title":"BIALETTI Set Moka Express 3 Dolce & Gabbana Becher","description":"Entdecken Sie BIALETTI Set Moka Express 3 Dolce & Gabbana Becher bei ErresseShop. Qualit\u00e4t, Stil und Funktionalit\u00e4t \u2013 jetzt online bestellen!","robots":{"index":"index","follow":"follow","max-snippet":"max-snippet:-1","max-image-preview":"max-image-preview:large","max-video-preview":"max-video-preview:-1"},"canonical":"https:\/\/www.erresse-shop.it\/de\/shop\/kuche\/mokkas-kaffeemaschinen-espresso\/bialetti-set-moka-express-3-dolce-gabbana-becher\/","og_locale":"de_DE","og_type":"article","og_title":"BIALETTI Set Moka Express 3 Dolce & Gabbana Becher","og_description":"Entdecken Sie BIALETTI Set Moka Express 3 Dolce & Gabbana Becher bei ErresseShop. Qualit\u00e4t, Stil und Funktionalit\u00e4t \u2013 jetzt online bestellen!","og_url":"https:\/\/www.erresse-shop.it\/de\/shop\/kuche\/mokkas-kaffeemaschinen-espresso\/bialetti-set-moka-express-3-dolce-gabbana-becher\/","og_site_name":"Erresse Shop","article_modified_time":"2025-06-04T11:08:29+00:00","og_image":[{"width":800,"height":800,"url":"https:\/\/www.erresse-shop.it\/wp-content\/uploads\/2024\/03\/Bialetti-Set-moka-caffe-1.jpg","type":"image\/jpeg"}],"twitter_card":"summary_large_image","schema":{"@context":"https:\/\/schema.org","@graph":[{"@type":"WebPage","@id":"https:\/\/www.erresse-shop.it\/de\/shop\/kuche\/mokkas-kaffeemaschinen-espresso\/bialetti-set-moka-express-3-dolce-gabbana-becher\/","url":"https:\/\/www.erresse-shop.it\/de\/shop\/kuche\/mokkas-kaffeemaschinen-espresso\/bialetti-set-moka-express-3-dolce-gabbana-becher\/","name":"BIALETTI Set Moka Express 3 Dolce & Gabbana Becher","isPartOf":{"@id":"https:\/\/www.erresse-shop.it\/de\/#website"},"datePublished":"2024-03-13T10:18:53+00:00","dateModified":"2025-06-04T11:08:29+00:00","description":"Entdecken Sie BIALETTI Set Moka Express 3 Dolce & Gabbana Becher bei ErresseShop. Qualit\u00e4t, Stil und Funktionalit\u00e4t \u2013 jetzt online bestellen!","breadcrumb":{"@id":"https:\/\/www.erresse-shop.it\/de\/shop\/kuche\/mokkas-kaffeemaschinen-espresso\/bialetti-set-moka-express-3-dolce-gabbana-becher\/#breadcrumb"},"inLanguage":"de-DE","potentialAction":[{"@type":"ReadAction","target":["https:\/\/www.erresse-shop.it\/de\/shop\/kuche\/mokkas-kaffeemaschinen-espresso\/bialetti-set-moka-express-3-dolce-gabbana-becher\/"]}]},{"@type":"BreadcrumbList","@id":"https:\/\/www.erresse-shop.it\/de\/shop\/kuche\/mokkas-kaffeemaschinen-espresso\/bialetti-set-moka-express-3-dolce-gabbana-becher\/#breadcrumb","itemListElement":[{"@type":"ListItem","position":1,"name":"Home","item":"https:\/\/www.erresse-shop.it\/de\/"},{"@type":"ListItem","position":2,"name":"Shop","item":"https:\/\/www.erresse-shop.it\/de\/shop\/"},{"@type":"ListItem","position":3,"name":"BIALETTI Set Moka Express 3 Dolce &#038; Gabbana Becher"}]},{"@type":"WebSite","@id":"https:\/\/www.erresse-shop.it\/de\/#website","url":"https:\/\/www.erresse-shop.it\/de\/","name":"Erresse Shop","description":"Articoli di qualit\u00e0 per la casa","potentialAction":[{"@type":"SearchAction","target":{"@type":"EntryPoint","urlTemplate":"https:\/\/www.erresse-shop.it\/de\/?s={search_term_string}"},"query-input":"required name=search_term_string"}],"inLanguage":"de-DE"}]}},"df_price":117,"df_sale_price":117,"df_regular_price":130,"df_image_link":"https:\/\/www.erresse-shop.it\/wp-content\/uploads\/2024\/03\/BIALETTI-Set-Moka-3-Tazze-e-Caffe-Dolce-e-Gabbana-300x300.jpg","_links":{"self":[{"href":"https:\/\/www.erresse-shop.it\/de\/wp-json\/wp\/v2\/product\/396530"}],"collection":[{"href":"https:\/\/www.erresse-shop.it\/de\/wp-json\/wp\/v2\/product"}],"about":[{"href":"https:\/\/www.erresse-shop.it\/de\/wp-json\/wp\/v2\/types\/product"}],"wp:featuredmedia":[{"embeddable":true,"href":"https:\/\/www.erresse-shop.it\/de\/wp-json\/wp\/v2\/media\/461875"}],"wp:attachment":[{"href":"https:\/\/www.erresse-shop.it\/de\/wp-json\/wp\/v2\/media?parent=396530"}],"wp:term":[{"taxonomy":"product_cat","embeddable":true,"href":"https:\/\/www.erresse-shop.it\/de\/wp-json\/wp\/v2\/product_cat?post=396530"},{"taxonomy":"product_tag","embeddable":true,"href":"https:\/\/www.erresse-shop.it\/de\/wp-json\/wp\/v2\/product_tag?post=396530"}],"curies":[{"name":"wp","href":"https:\/\/api.w.org\/{rel}","templated":true}]}}