{"id":396415,"date":"2024-03-13T08:47:42","date_gmt":"2024-03-13T08:47:45","guid":{"rendered":"https:\/\/www.erresse-shop.it\/?post_type=product&#038;p=396415"},"modified":"2025-03-24T22:10:08","modified_gmt":"2025-03-24T22:10:08","slug":"bialetti-moka-express-3-dolce-gabbana-becher","status":"publish","type":"product","link":"https:\/\/www.erresse-shop.it\/de\/shop\/kuche\/mokkas-kaffeemaschinen-espresso\/bialetti-moka-express-3-dolce-gabbana-becher\/","title":{"rendered":"BIALETTI Moka Express 3 Dolce &#038; Gabbana Becher"},"content":{"rendered":"<p><b><strong>Bialetti Dolce&amp;Gabbana Moka Express | Sizilianischer Wagen<\/strong><\/b><\/p>\n<p>Bialetti und Dolce&amp;Gabbana feiern gemeinsam das italienische Kaffeeritual.<\/p>\n<p>Die 1933 aus einer Idee von Alfonso Bialetti entstandene Moka Express ist seit jeher eine unbestrittene Ikone des italienischen Stils.<\/p>\n<p>Heute wird Moka Express in der exklusiven Dolce&amp;Gabbana-Edition zu einer Hommage an das Kunsthandwerk, die Landschaften und die einzigartigen Farben Siziliens, indem die dekorativen Motive des sizilianischen Carretto nachempfunden werden: ein Element der Folklore der Insel, das mit seinen Traditionen schon immer im Mittelpunkt der \u00c4sthetik von Dolce&amp;Gabbana stand.<\/p>\n<p>Moka Express Bialetti Dolce&amp;Gabbana verwandelt das Kaffeeritual in ein Fest des Stils und ein doppeltes italienisches Vergn\u00fcgen.<\/p>\n<p>Wie man Kaffee zubereitet :<\/p>\n<p>1. F\u00fcllen Sie zun\u00e4chst zimmerwarmes Wasser in den Moka-Kessel bis zur H\u00f6he des Sicherheitsventils. \u00dcberschreiten Sie diesen Wert nicht, da der Kaffee sonst zu w\u00e4ssrig sein kann.<\/p>\n<p>2. W\u00e4hlen Sie nun Ihre bevorzugte gemahlene Kaffeemischung. Achten Sie darauf! Die Mischung muss speziell f\u00fcr die Moka gemahlen sein, nicht zu fein. F\u00fcllen Sie den Moka-Trichter gro\u00dfz\u00fcgig, ohne den Kaffee nach unten zu dr\u00fccken.<\/p>\n<p>3. Ein kleines Geheimnis? Stellen Sie das Feuer auf niedrig und lassen Sie sich Zeit; es lohnt sich, ein paar Minuten l\u00e4nger zu warten, um einen guten Kaffee zu genie\u00dfen. Wenn der Kaffee im Bindemittel vollst\u00e4ndig aufgegangen ist, schalten Sie den Herd aus.<\/p>\n<p>4. Jetzt kommt der entscheidende Moment: der Geschmack. Um alle freigesetzten Aromen optimal genie\u00dfen zu k\u00f6nnen, empfehlen wir Ihnen, den Kaffee sofort nach dem Einschenken in die Tasse zu trinken.<br \/>\nReinigungshinweise :<br \/>\nNach jedem Gebrauch mit lauwarmem Wasser ohne Reinigungsmittel und\/oder Scheuermittel abwaschen.<br \/>\nMaterial des Geh\u00e4uses: Aluminium.<br \/>\nGriff- und Knopfmaterial: Thermoplastik.<br \/>\nLeicht zu reinigendes Sicherheitsventil.<br \/>\nGeeignet f\u00fcr Gas-, Elektro- und Glaskeramik-Kochfelder.<br \/>\nF\u00fcr Induktionskochfelder nur in Verbindung mit dem Bialetti Induktionskochfeld geeignet.<br \/>\nJede einzelne Bialetti Dolce&amp;Gabbana Moka Express zeichnet sich durch besondere Merkmale aus, die mit der unterschiedlichen Positionierung der dekorativen Motive auf dem Bindemittel zusammenh\u00e4ngen.<\/p>\n","protected":false},"excerpt":{"rendered":"<p>Bialetti Dolce&amp;Gabbana Moka Express | Sizilianischer Wagen Bialetti und Dolce&amp;Gabbana feiern gemeinsam das italienische Kaffeeritual. Die 1933 aus einer Idee<\/p>\n","protected":false},"featured_media":396427,"template":"","meta":{"_acf_changed":false,"inline_featured_image":false},"product_cat":[6742,6835],"product_tag":[24594,11577,11573,23564,24593,11718,11571],"acf":[],"yoast_head":"<!-- This site is optimized with the Yoast SEO Premium plugin v18.6 (Yoast SEO v19.13) - https:\/\/yoast.com\/wordpress\/plugins\/seo\/ -->\n<title>BIALETTI Moka Express 3 Dolce &amp; Gabbana Becher<\/title>\n<meta name=\"description\" content=\"Entdecken Sie BIALETTI Moka Express 3 Dolce &amp; Gabbana Becher bei ErresseShop. Qualit\u00e4t, Stil und Funktionalit\u00e4t \u2013 jetzt online bestellen!\" \/>\n<meta name=\"robots\" content=\"index, follow, max-snippet:-1, max-image-preview:large, max-video-preview:-1\" \/>\n<link rel=\"canonical\" href=\"https:\/\/www.erresse-shop.it\/de\/shop\/kuche\/mokkas-kaffeemaschinen-espresso\/bialetti-moka-express-3-dolce-gabbana-becher\/\" \/>\n<meta property=\"og:locale\" content=\"de_DE\" \/>\n<meta property=\"og:type\" content=\"article\" \/>\n<meta property=\"og:title\" content=\"BIALETTI Moka Express 3 Dolce &amp; Gabbana Becher\" \/>\n<meta property=\"og:description\" content=\"Entdecken Sie BIALETTI Moka Express 3 Dolce &amp; Gabbana Becher bei ErresseShop. Qualit\u00e4t, Stil und Funktionalit\u00e4t \u2013 jetzt online bestellen!\" \/>\n<meta property=\"og:url\" content=\"https:\/\/www.erresse-shop.it\/de\/shop\/kuche\/mokkas-kaffeemaschinen-espresso\/bialetti-moka-express-3-dolce-gabbana-becher\/\" \/>\n<meta property=\"og:site_name\" content=\"Erresse Shop\" \/>\n<meta property=\"article:modified_time\" content=\"2025-03-24T22:10:08+00:00\" \/>\n<meta property=\"og:image\" content=\"https:\/\/www.erresse-shop.it\/wp-content\/uploads\/2024\/03\/Bialetti-dolce-e-gabbana-moka.jpg\" \/>\n\t<meta property=\"og:image:width\" content=\"800\" \/>\n\t<meta property=\"og:image:height\" content=\"800\" \/>\n\t<meta property=\"og:image:type\" content=\"image\/jpeg\" \/>\n<meta name=\"twitter:card\" content=\"summary_large_image\" \/>\n<script type=\"application\/ld+json\" class=\"yoast-schema-graph\">{\"@context\":\"https:\/\/schema.org\",\"@graph\":[{\"@type\":\"WebPage\",\"@id\":\"https:\/\/www.erresse-shop.it\/de\/shop\/kuche\/mokkas-kaffeemaschinen-espresso\/bialetti-moka-express-3-dolce-gabbana-becher\/\",\"url\":\"https:\/\/www.erresse-shop.it\/de\/shop\/kuche\/mokkas-kaffeemaschinen-espresso\/bialetti-moka-express-3-dolce-gabbana-becher\/\",\"name\":\"BIALETTI Moka Express 3 Dolce & Gabbana Becher\",\"isPartOf\":{\"@id\":\"https:\/\/www.erresse-shop.it\/de\/#website\"},\"datePublished\":\"2024-03-13T08:47:45+00:00\",\"dateModified\":\"2025-03-24T22:10:08+00:00\",\"description\":\"Entdecken Sie BIALETTI Moka Express 3 Dolce & Gabbana Becher bei ErresseShop. Qualit\u00e4t, Stil und Funktionalit\u00e4t \u2013 jetzt online bestellen!\",\"breadcrumb\":{\"@id\":\"https:\/\/www.erresse-shop.it\/de\/shop\/kuche\/mokkas-kaffeemaschinen-espresso\/bialetti-moka-express-3-dolce-gabbana-becher\/#breadcrumb\"},\"inLanguage\":\"de-DE\",\"potentialAction\":[{\"@type\":\"ReadAction\",\"target\":[\"https:\/\/www.erresse-shop.it\/de\/shop\/kuche\/mokkas-kaffeemaschinen-espresso\/bialetti-moka-express-3-dolce-gabbana-becher\/\"]}]},{\"@type\":\"BreadcrumbList\",\"@id\":\"https:\/\/www.erresse-shop.it\/de\/shop\/kuche\/mokkas-kaffeemaschinen-espresso\/bialetti-moka-express-3-dolce-gabbana-becher\/#breadcrumb\",\"itemListElement\":[{\"@type\":\"ListItem\",\"position\":1,\"name\":\"Home\",\"item\":\"https:\/\/www.erresse-shop.it\/de\/\"},{\"@type\":\"ListItem\",\"position\":2,\"name\":\"Shop\",\"item\":\"https:\/\/www.erresse-shop.it\/de\/shop\/\"},{\"@type\":\"ListItem\",\"position\":3,\"name\":\"BIALETTI Moka Express 3 Dolce &#038; Gabbana Becher\"}]},{\"@type\":\"WebSite\",\"@id\":\"https:\/\/www.erresse-shop.it\/de\/#website\",\"url\":\"https:\/\/www.erresse-shop.it\/de\/\",\"name\":\"Erresse Shop\",\"description\":\"Articoli di qualit\u00e0 per la casa\",\"potentialAction\":[{\"@type\":\"SearchAction\",\"target\":{\"@type\":\"EntryPoint\",\"urlTemplate\":\"https:\/\/www.erresse-shop.it\/de\/?s={search_term_string}\"},\"query-input\":\"required name=search_term_string\"}],\"inLanguage\":\"de-DE\"}]}<\/script>\n<!-- \/ Yoast SEO Premium plugin. -->","yoast_head_json":{"title":"BIALETTI Moka Express 3 Dolce & Gabbana Becher","description":"Entdecken Sie BIALETTI Moka Express 3 Dolce & Gabbana Becher bei ErresseShop. Qualit\u00e4t, Stil und Funktionalit\u00e4t \u2013 jetzt online bestellen!","robots":{"index":"index","follow":"follow","max-snippet":"max-snippet:-1","max-image-preview":"max-image-preview:large","max-video-preview":"max-video-preview:-1"},"canonical":"https:\/\/www.erresse-shop.it\/de\/shop\/kuche\/mokkas-kaffeemaschinen-espresso\/bialetti-moka-express-3-dolce-gabbana-becher\/","og_locale":"de_DE","og_type":"article","og_title":"BIALETTI Moka Express 3 Dolce & Gabbana Becher","og_description":"Entdecken Sie BIALETTI Moka Express 3 Dolce & Gabbana Becher bei ErresseShop. Qualit\u00e4t, Stil und Funktionalit\u00e4t \u2013 jetzt online bestellen!","og_url":"https:\/\/www.erresse-shop.it\/de\/shop\/kuche\/mokkas-kaffeemaschinen-espresso\/bialetti-moka-express-3-dolce-gabbana-becher\/","og_site_name":"Erresse Shop","article_modified_time":"2025-03-24T22:10:08+00:00","og_image":[{"width":800,"height":800,"url":"https:\/\/www.erresse-shop.it\/wp-content\/uploads\/2024\/03\/Bialetti-dolce-e-gabbana-moka.jpg","type":"image\/jpeg"}],"twitter_card":"summary_large_image","schema":{"@context":"https:\/\/schema.org","@graph":[{"@type":"WebPage","@id":"https:\/\/www.erresse-shop.it\/de\/shop\/kuche\/mokkas-kaffeemaschinen-espresso\/bialetti-moka-express-3-dolce-gabbana-becher\/","url":"https:\/\/www.erresse-shop.it\/de\/shop\/kuche\/mokkas-kaffeemaschinen-espresso\/bialetti-moka-express-3-dolce-gabbana-becher\/","name":"BIALETTI Moka Express 3 Dolce & Gabbana Becher","isPartOf":{"@id":"https:\/\/www.erresse-shop.it\/de\/#website"},"datePublished":"2024-03-13T08:47:45+00:00","dateModified":"2025-03-24T22:10:08+00:00","description":"Entdecken Sie BIALETTI Moka Express 3 Dolce & Gabbana Becher bei ErresseShop. Qualit\u00e4t, Stil und Funktionalit\u00e4t \u2013 jetzt online bestellen!","breadcrumb":{"@id":"https:\/\/www.erresse-shop.it\/de\/shop\/kuche\/mokkas-kaffeemaschinen-espresso\/bialetti-moka-express-3-dolce-gabbana-becher\/#breadcrumb"},"inLanguage":"de-DE","potentialAction":[{"@type":"ReadAction","target":["https:\/\/www.erresse-shop.it\/de\/shop\/kuche\/mokkas-kaffeemaschinen-espresso\/bialetti-moka-express-3-dolce-gabbana-becher\/"]}]},{"@type":"BreadcrumbList","@id":"https:\/\/www.erresse-shop.it\/de\/shop\/kuche\/mokkas-kaffeemaschinen-espresso\/bialetti-moka-express-3-dolce-gabbana-becher\/#breadcrumb","itemListElement":[{"@type":"ListItem","position":1,"name":"Home","item":"https:\/\/www.erresse-shop.it\/de\/"},{"@type":"ListItem","position":2,"name":"Shop","item":"https:\/\/www.erresse-shop.it\/de\/shop\/"},{"@type":"ListItem","position":3,"name":"BIALETTI Moka Express 3 Dolce &#038; Gabbana Becher"}]},{"@type":"WebSite","@id":"https:\/\/www.erresse-shop.it\/de\/#website","url":"https:\/\/www.erresse-shop.it\/de\/","name":"Erresse Shop","description":"Articoli di qualit\u00e0 per la casa","potentialAction":[{"@type":"SearchAction","target":{"@type":"EntryPoint","urlTemplate":"https:\/\/www.erresse-shop.it\/de\/?s={search_term_string}"},"query-input":"required name=search_term_string"}],"inLanguage":"de-DE"}]}},"df_price":81,"df_sale_price":81,"df_regular_price":90,"df_image_link":"https:\/\/www.erresse-shop.it\/wp-content\/uploads\/2024\/03\/Bialetti-dolce-e-gabbana-moka-300x300.jpg","_links":{"self":[{"href":"https:\/\/www.erresse-shop.it\/de\/wp-json\/wp\/v2\/product\/396415"}],"collection":[{"href":"https:\/\/www.erresse-shop.it\/de\/wp-json\/wp\/v2\/product"}],"about":[{"href":"https:\/\/www.erresse-shop.it\/de\/wp-json\/wp\/v2\/types\/product"}],"wp:featuredmedia":[{"embeddable":true,"href":"https:\/\/www.erresse-shop.it\/de\/wp-json\/wp\/v2\/media\/396427"}],"wp:attachment":[{"href":"https:\/\/www.erresse-shop.it\/de\/wp-json\/wp\/v2\/media?parent=396415"}],"wp:term":[{"taxonomy":"product_cat","embeddable":true,"href":"https:\/\/www.erresse-shop.it\/de\/wp-json\/wp\/v2\/product_cat?post=396415"},{"taxonomy":"product_tag","embeddable":true,"href":"https:\/\/www.erresse-shop.it\/de\/wp-json\/wp\/v2\/product_tag?post=396415"}],"curies":[{"name":"wp","href":"https:\/\/api.w.org\/{rel}","templated":true}]}}