{"id":396315,"date":"2024-03-13T07:51:41","date_gmt":"2024-03-13T07:51:43","guid":{"rendered":"https:\/\/www.erresse-shop.it\/?post_type=product&#038;p=396315"},"modified":"2025-06-16T13:12:22","modified_gmt":"2025-06-16T13:12:22","slug":"joseph-joseph-glide-max-plus-gruner-bugeltisch","status":"publish","type":"product","link":"https:\/\/www.erresse-shop.it\/de\/shop\/einrichtung-haus\/buegelbretter\/joseph-joseph-glide-max-plus-gruner-bugeltisch\/","title":{"rendered":"JOSEPH JOSEPH Glide Max Gr\u00fcner B\u00fcgeltisch"},"content":{"rendered":"<p>Kompakt und schlank im zusammengeklappten Zustand<\/p>\n<p>Schnell und einfach aufzustellen und in f\u00fcnf H\u00f6henpositionen von 79 cm (31 Zoll) bis maximal 99 cm (39 Zoll) einstellbar<\/p>\n<p>Extra gro\u00dfe, ausziehbare Dampfb\u00fcgeleisenablage<\/p>\n<p>Separater Aufh\u00e4ngehaken zur einfachen Aufbewahrung im Lieferumfang enthalten<\/p>\n<p>Technische Daten<\/p>\n<p><b><strong>Pflege und Gebrauch:<\/strong><\/b><\/p>\n<p>Futter: nur mit einem Tuch abwischen, nicht in der Maschine waschen<\/p>\n<p>Rahmen: mit einem feuchten Tuch reinigen, keine Scheuert\u00fccher oder scharfe chemische Reinigungsmittel verwenden<\/p>\n<p>Achtung: Lassen Sie das hei\u00dfe B\u00fcgeleisen nicht unbeaufsichtigt auf der Silikonb\u00fcgelablage<\/p>\n<p>Halten Sie Kinder w\u00e4hrend des Gebrauchs vom B\u00fcgelbrett fern und bewahren Sie es nach dem Gebrauch sicher auf<\/p>\n<p>Auf den Rahmen gew\u00e4hren wir 3 Jahre Garantie gegen Herstellungsfehler, alle Einzelheiten finden Sie auf unserer Garantieseite hier, auf alle anderen Teile gew\u00e4hren wir 2 Jahre Garantie<\/p>\n<p>Das vollst\u00e4ndige Video zum Austausch des Bezuges finden Sie hier<\/p>\n<p>Die vollst\u00e4ndige Gebrauchsanweisung finden Sie hier<\/p>\n<p><b><strong>Abmessungen<\/strong><\/b>:<\/p>\n<p>Abmessungen des Tisches: H 135 x B 45 cm (53,1 x 17,8 Zoll)<\/p>\n<p>Geschlossen (einschlie\u00dflich Beine): H150 x B47 x T13 cm (H59 x L18,5 x T5,1 Zoll)<\/p>\n<p><b><strong>Gewicht<\/strong><\/b>: 8,4 kg<\/p>\n","protected":false},"excerpt":{"rendered":"<p>Kompakt und schlank im zusammengeklappten Zustand Schnell und einfach aufzustellen und in f\u00fcnf H\u00f6henpositionen von 79 cm (31 Zoll) bis<\/p>\n","protected":false},"featured_media":488446,"template":"","meta":{"_acf_changed":false,"inline_featured_image":false},"product_cat":[6817,18096],"product_tag":[25027],"acf":[],"yoast_head":"<!-- This site is optimized with the Yoast SEO Premium plugin v18.6 (Yoast SEO v19.13) - https:\/\/yoast.com\/wordpress\/plugins\/seo\/ -->\n<title>JOSEPH JOSEPH Glide Max Plus Gr\u00fcner B\u00fcgeltisch<\/title>\n<meta name=\"description\" content=\"Entdecken Sie JOSEPH JOSEPH Glide Max Plus Gr\u00fcner B\u00fcgeltisch bei ErresseShop. Qualit\u00e4t, Stil und Funktionalit\u00e4t \u2013 jetzt online bestellen!\" \/>\n<meta name=\"robots\" content=\"index, follow, max-snippet:-1, max-image-preview:large, max-video-preview:-1\" \/>\n<link rel=\"canonical\" href=\"https:\/\/www.erresse-shop.it\/de\/shop\/einrichtung-haus\/buegelbretter\/joseph-joseph-glide-max-plus-gruner-bugeltisch\/\" \/>\n<meta property=\"og:locale\" content=\"de_DE\" \/>\n<meta property=\"og:type\" content=\"article\" \/>\n<meta property=\"og:title\" content=\"JOSEPH JOSEPH Glide Max Gr\u00fcner B\u00fcgeltisch\" \/>\n<meta property=\"og:description\" content=\"Entdecken Sie JOSEPH JOSEPH Glide Max Plus Gr\u00fcner B\u00fcgeltisch bei ErresseShop. Qualit\u00e4t, Stil und Funktionalit\u00e4t \u2013 jetzt online bestellen!\" \/>\n<meta property=\"og:url\" content=\"https:\/\/www.erresse-shop.it\/de\/shop\/einrichtung-haus\/buegelbretter\/joseph-joseph-glide-max-plus-gruner-bugeltisch\/\" \/>\n<meta property=\"og:site_name\" content=\"Erresse Shop\" \/>\n<meta property=\"article:modified_time\" content=\"2025-06-16T13:12:22+00:00\" \/>\n<meta property=\"og:image\" content=\"https:\/\/www.erresse-shop.it\/wp-content\/uploads\/2024\/03\/JOSEPH-JOSEPH-Glide-Max-Plus-Asse-da-Stiro-Verde.jpg\" \/>\n\t<meta property=\"og:image:width\" content=\"1200\" \/>\n\t<meta property=\"og:image:height\" content=\"1200\" \/>\n\t<meta property=\"og:image:type\" content=\"image\/jpeg\" \/>\n<meta name=\"twitter:card\" content=\"summary_large_image\" \/>\n<script type=\"application\/ld+json\" class=\"yoast-schema-graph\">{\"@context\":\"https:\/\/schema.org\",\"@graph\":[{\"@type\":\"WebPage\",\"@id\":\"https:\/\/www.erresse-shop.it\/de\/shop\/einrichtung-haus\/buegelbretter\/joseph-joseph-glide-max-plus-gruner-bugeltisch\/\",\"url\":\"https:\/\/www.erresse-shop.it\/de\/shop\/einrichtung-haus\/buegelbretter\/joseph-joseph-glide-max-plus-gruner-bugeltisch\/\",\"name\":\"JOSEPH JOSEPH Glide Max Plus Gr\u00fcner B\u00fcgeltisch\",\"isPartOf\":{\"@id\":\"https:\/\/www.erresse-shop.it\/de\/#website\"},\"datePublished\":\"2024-03-13T07:51:43+00:00\",\"dateModified\":\"2025-06-16T13:12:22+00:00\",\"description\":\"Entdecken Sie JOSEPH JOSEPH Glide Max Plus Gr\u00fcner B\u00fcgeltisch bei ErresseShop. Qualit\u00e4t, Stil und Funktionalit\u00e4t \u2013 jetzt online bestellen!\",\"breadcrumb\":{\"@id\":\"https:\/\/www.erresse-shop.it\/de\/shop\/einrichtung-haus\/buegelbretter\/joseph-joseph-glide-max-plus-gruner-bugeltisch\/#breadcrumb\"},\"inLanguage\":\"de-DE\",\"potentialAction\":[{\"@type\":\"ReadAction\",\"target\":[\"https:\/\/www.erresse-shop.it\/de\/shop\/einrichtung-haus\/buegelbretter\/joseph-joseph-glide-max-plus-gruner-bugeltisch\/\"]}]},{\"@type\":\"BreadcrumbList\",\"@id\":\"https:\/\/www.erresse-shop.it\/de\/shop\/einrichtung-haus\/buegelbretter\/joseph-joseph-glide-max-plus-gruner-bugeltisch\/#breadcrumb\",\"itemListElement\":[{\"@type\":\"ListItem\",\"position\":1,\"name\":\"Home\",\"item\":\"https:\/\/www.erresse-shop.it\/de\/\"},{\"@type\":\"ListItem\",\"position\":2,\"name\":\"Shop\",\"item\":\"https:\/\/www.erresse-shop.it\/de\/shop\/\"},{\"@type\":\"ListItem\",\"position\":3,\"name\":\"JOSEPH JOSEPH Glide Max Gr\u00fcner B\u00fcgeltisch\"}]},{\"@type\":\"WebSite\",\"@id\":\"https:\/\/www.erresse-shop.it\/de\/#website\",\"url\":\"https:\/\/www.erresse-shop.it\/de\/\",\"name\":\"Erresse Shop\",\"description\":\"Articoli di qualit\u00e0 per la casa\",\"potentialAction\":[{\"@type\":\"SearchAction\",\"target\":{\"@type\":\"EntryPoint\",\"urlTemplate\":\"https:\/\/www.erresse-shop.it\/de\/?s={search_term_string}\"},\"query-input\":\"required name=search_term_string\"}],\"inLanguage\":\"de-DE\"}]}<\/script>\n<!-- \/ Yoast SEO Premium plugin. -->","yoast_head_json":{"title":"JOSEPH JOSEPH Glide Max Plus Gr\u00fcner B\u00fcgeltisch","description":"Entdecken Sie JOSEPH JOSEPH Glide Max Plus Gr\u00fcner B\u00fcgeltisch bei ErresseShop. Qualit\u00e4t, Stil und Funktionalit\u00e4t \u2013 jetzt online bestellen!","robots":{"index":"index","follow":"follow","max-snippet":"max-snippet:-1","max-image-preview":"max-image-preview:large","max-video-preview":"max-video-preview:-1"},"canonical":"https:\/\/www.erresse-shop.it\/de\/shop\/einrichtung-haus\/buegelbretter\/joseph-joseph-glide-max-plus-gruner-bugeltisch\/","og_locale":"de_DE","og_type":"article","og_title":"JOSEPH JOSEPH Glide Max Gr\u00fcner B\u00fcgeltisch","og_description":"Entdecken Sie JOSEPH JOSEPH Glide Max Plus Gr\u00fcner B\u00fcgeltisch bei ErresseShop. Qualit\u00e4t, Stil und Funktionalit\u00e4t \u2013 jetzt online bestellen!","og_url":"https:\/\/www.erresse-shop.it\/de\/shop\/einrichtung-haus\/buegelbretter\/joseph-joseph-glide-max-plus-gruner-bugeltisch\/","og_site_name":"Erresse Shop","article_modified_time":"2025-06-16T13:12:22+00:00","og_image":[{"width":1200,"height":1200,"url":"https:\/\/www.erresse-shop.it\/wp-content\/uploads\/2024\/03\/JOSEPH-JOSEPH-Glide-Max-Plus-Asse-da-Stiro-Verde.jpg","type":"image\/jpeg"}],"twitter_card":"summary_large_image","schema":{"@context":"https:\/\/schema.org","@graph":[{"@type":"WebPage","@id":"https:\/\/www.erresse-shop.it\/de\/shop\/einrichtung-haus\/buegelbretter\/joseph-joseph-glide-max-plus-gruner-bugeltisch\/","url":"https:\/\/www.erresse-shop.it\/de\/shop\/einrichtung-haus\/buegelbretter\/joseph-joseph-glide-max-plus-gruner-bugeltisch\/","name":"JOSEPH JOSEPH Glide Max Plus Gr\u00fcner B\u00fcgeltisch","isPartOf":{"@id":"https:\/\/www.erresse-shop.it\/de\/#website"},"datePublished":"2024-03-13T07:51:43+00:00","dateModified":"2025-06-16T13:12:22+00:00","description":"Entdecken Sie JOSEPH JOSEPH Glide Max Plus Gr\u00fcner B\u00fcgeltisch bei ErresseShop. Qualit\u00e4t, Stil und Funktionalit\u00e4t \u2013 jetzt online bestellen!","breadcrumb":{"@id":"https:\/\/www.erresse-shop.it\/de\/shop\/einrichtung-haus\/buegelbretter\/joseph-joseph-glide-max-plus-gruner-bugeltisch\/#breadcrumb"},"inLanguage":"de-DE","potentialAction":[{"@type":"ReadAction","target":["https:\/\/www.erresse-shop.it\/de\/shop\/einrichtung-haus\/buegelbretter\/joseph-joseph-glide-max-plus-gruner-bugeltisch\/"]}]},{"@type":"BreadcrumbList","@id":"https:\/\/www.erresse-shop.it\/de\/shop\/einrichtung-haus\/buegelbretter\/joseph-joseph-glide-max-plus-gruner-bugeltisch\/#breadcrumb","itemListElement":[{"@type":"ListItem","position":1,"name":"Home","item":"https:\/\/www.erresse-shop.it\/de\/"},{"@type":"ListItem","position":2,"name":"Shop","item":"https:\/\/www.erresse-shop.it\/de\/shop\/"},{"@type":"ListItem","position":3,"name":"JOSEPH JOSEPH Glide Max Gr\u00fcner B\u00fcgeltisch"}]},{"@type":"WebSite","@id":"https:\/\/www.erresse-shop.it\/de\/#website","url":"https:\/\/www.erresse-shop.it\/de\/","name":"Erresse Shop","description":"Articoli di qualit\u00e0 per la casa","potentialAction":[{"@type":"SearchAction","target":{"@type":"EntryPoint","urlTemplate":"https:\/\/www.erresse-shop.it\/de\/?s={search_term_string}"},"query-input":"required name=search_term_string"}],"inLanguage":"de-DE"}]}},"df_price":109,"df_sale_price":109,"df_regular_price":189.99,"df_image_link":"https:\/\/www.erresse-shop.it\/wp-content\/uploads\/2024\/03\/JOSEPH-JOSEPH-Glide-Max-Plus-Asse-da-Stiro-Verde-300x300.jpg","_links":{"self":[{"href":"https:\/\/www.erresse-shop.it\/de\/wp-json\/wp\/v2\/product\/396315"}],"collection":[{"href":"https:\/\/www.erresse-shop.it\/de\/wp-json\/wp\/v2\/product"}],"about":[{"href":"https:\/\/www.erresse-shop.it\/de\/wp-json\/wp\/v2\/types\/product"}],"wp:featuredmedia":[{"embeddable":true,"href":"https:\/\/www.erresse-shop.it\/de\/wp-json\/wp\/v2\/media\/488446"}],"wp:attachment":[{"href":"https:\/\/www.erresse-shop.it\/de\/wp-json\/wp\/v2\/media?parent=396315"}],"wp:term":[{"taxonomy":"product_cat","embeddable":true,"href":"https:\/\/www.erresse-shop.it\/de\/wp-json\/wp\/v2\/product_cat?post=396315"},{"taxonomy":"product_tag","embeddable":true,"href":"https:\/\/www.erresse-shop.it\/de\/wp-json\/wp\/v2\/product_tag?post=396315"}],"curies":[{"name":"wp","href":"https:\/\/api.w.org\/{rel}","templated":true}]}}