{"id":396285,"date":"2024-03-13T07:39:34","date_gmt":"2024-03-13T07:39:36","guid":{"rendered":"https:\/\/www.erresse-shop.it\/?post_type=product&#038;p=396285"},"modified":"2025-07-19T19:30:07","modified_gmt":"2025-07-19T19:30:07","slug":"joseph-joseph-klappbarer-bugeltisch-grun","status":"publish","type":"product","link":"https:\/\/www.erresse-shop.it\/de\/shop\/einrichtung-haus\/buegelbretter\/joseph-joseph-klappbarer-bugeltisch-grun\/","title":{"rendered":"JOSEPH JOSEPH Klappbarer B\u00fcgeltisch Gr\u00fcn"},"content":{"rendered":"<p>Innovative W\u00e4sche trifft auf individuelles Design in der Joseph Joseph x Jonathan Lawes Kollektion.<\/p>\n<p>Kompaktes Faltdesign.<\/p>\n<p>Integriertes Aufbewahrungsfach f\u00fcr B\u00fcgeleisen.<\/p>\n<p>Separater Aufh\u00e4ngehaken zur einfachen Aufbewahrung.<\/p>\n<p>Leicht zu wechselndes Futter aus 100% Baumwolle mit gepolsterter Unterlage.<\/p>\n<p>Gro\u00dfe B\u00fcgelfl\u00e4che.<\/p>\n<p><b><strong>Pflege und Gebrauch:<\/strong><\/b><\/p>\n<p>Wandmontage: eine Halterung, Schrauben und D\u00fcbel werden mitgeliefert, um Pocket auf einer geeigneten Oberfl\u00e4che zu befestigen<\/p>\n<p>Futter: nur mit einem Tuch abwischen, nicht in der Maschine waschen<\/p>\n<p>Gestell: mit einem feuchten Tuch reinigen, keine scheuernden T\u00fccher oder scharfe chemische Reinigungsmittel verwenden<\/p>\n<p>Achtung: Lassen Sie das B\u00fcgeleisen auf Raumtemperatur abk\u00fchlen, bevor Sie es im Aufbewahrungsfach verstauen.<\/p>\n<p>Vergewissern Sie sich, dass der Bezug trocken ist, bevor Sie ihn zusammenlegen und aufbewahren<\/p>\n<p>Halten Sie Kinder w\u00e4hrend des Gebrauchs vom B\u00fcgelbrett fern und bewahren Sie es nach dem Gebrauch sicher auf<\/p>\n<p>Auf den Rahmen gew\u00e4hren wir 5 Jahre Garantie gegen Fabrikationsfehler, alle Einzelheiten finden Sie auf unserer Garantieseite hier, alle anderen Teile haben eine Garantie von 2 Jahren<\/p>\n<p>B\u00fcgeleisen nicht enthalten<\/p>\n<p>Das vollst\u00e4ndige Video zum Austausch des Bezuges finden Sie hier<\/p>\n<p>Die vollst\u00e4ndige Anleitung finden Sie hier<\/p>\n<p><b><strong>Abmessungen<\/strong><\/b>:<\/p>\n<p>Geschlossen: H45,5 x B34 x T15,5 cm (H18 x B13\u00bd x T6\u00bc Zoll)<\/p>\n<p>B\u00fcgelfl\u00e4che: H90 x B33 cm (H35\u00bd x B13 Zoll)<\/p>\n<p>Im aufgeklappten Zustand ist die B\u00fcgelfl\u00e4che 11 cm von der Tischplatte entfernt<\/p>\n<p><b><strong>Gewicht<\/strong><\/b>: 2,62 kg<\/p>\n","protected":false},"excerpt":{"rendered":"<p><br data-mce-bogus=\"1\"><\/p>\n","protected":false},"featured_media":463639,"template":"","meta":{"_acf_changed":false,"inline_featured_image":false},"product_cat":[6817,18096],"product_tag":[25027,14058,25022,18475],"acf":[],"yoast_head":"<!-- This site is optimized with the Yoast SEO Premium plugin v18.6 (Yoast SEO v19.13) - https:\/\/yoast.com\/wordpress\/plugins\/seo\/ -->\n<title>JOSEPH JOSEPH Klappbarer B\u00fcgeltisch Gr\u00fcn<\/title>\n<meta name=\"description\" content=\"Entdecken Sie JOSEPH JOSEPH Klappbarer B\u00fcgeltisch Gr\u00fcn bei ErresseShop. Qualit\u00e4t, Stil und Funktionalit\u00e4t \u2013 jetzt online bestellen!\" \/>\n<meta name=\"robots\" content=\"index, follow, max-snippet:-1, max-image-preview:large, max-video-preview:-1\" \/>\n<link rel=\"canonical\" href=\"https:\/\/www.erresse-shop.it\/de\/shop\/einrichtung-haus\/buegelbretter\/joseph-joseph-klappbarer-bugeltisch-grun\/\" \/>\n<meta property=\"og:locale\" content=\"de_DE\" \/>\n<meta property=\"og:type\" content=\"article\" \/>\n<meta property=\"og:title\" content=\"JOSEPH JOSEPH Klappbarer B\u00fcgeltisch Gr\u00fcn\" \/>\n<meta property=\"og:description\" content=\"Entdecken Sie JOSEPH JOSEPH Klappbarer B\u00fcgeltisch Gr\u00fcn bei ErresseShop. Qualit\u00e4t, Stil und Funktionalit\u00e4t \u2013 jetzt online bestellen!\" \/>\n<meta property=\"og:url\" content=\"https:\/\/www.erresse-shop.it\/de\/shop\/einrichtung-haus\/buegelbretter\/joseph-joseph-klappbarer-bugeltisch-grun\/\" \/>\n<meta property=\"og:site_name\" content=\"Erresse Shop\" \/>\n<meta property=\"article:modified_time\" content=\"2025-07-19T19:30:07+00:00\" \/>\n<meta property=\"og:image\" content=\"https:\/\/www.erresse-shop.it\/wp-content\/uploads\/2024\/03\/JOSEPH-JOSEPH-Asse-da-stiro-pieghevole-tascabile-4-Mimetica-Verde-4.png\" \/>\n\t<meta property=\"og:image:width\" content=\"800\" \/>\n\t<meta property=\"og:image:height\" content=\"800\" \/>\n\t<meta property=\"og:image:type\" content=\"image\/png\" \/>\n<meta name=\"twitter:card\" content=\"summary_large_image\" \/>\n<script type=\"application\/ld+json\" class=\"yoast-schema-graph\">{\"@context\":\"https:\/\/schema.org\",\"@graph\":[{\"@type\":\"WebPage\",\"@id\":\"https:\/\/www.erresse-shop.it\/de\/shop\/einrichtung-haus\/buegelbretter\/joseph-joseph-klappbarer-bugeltisch-grun\/\",\"url\":\"https:\/\/www.erresse-shop.it\/de\/shop\/einrichtung-haus\/buegelbretter\/joseph-joseph-klappbarer-bugeltisch-grun\/\",\"name\":\"JOSEPH JOSEPH Klappbarer B\u00fcgeltisch Gr\u00fcn\",\"isPartOf\":{\"@id\":\"https:\/\/www.erresse-shop.it\/de\/#website\"},\"datePublished\":\"2024-03-13T07:39:36+00:00\",\"dateModified\":\"2025-07-19T19:30:07+00:00\",\"description\":\"Entdecken Sie JOSEPH JOSEPH Klappbarer B\u00fcgeltisch Gr\u00fcn bei ErresseShop. Qualit\u00e4t, Stil und Funktionalit\u00e4t \u2013 jetzt online bestellen!\",\"breadcrumb\":{\"@id\":\"https:\/\/www.erresse-shop.it\/de\/shop\/einrichtung-haus\/buegelbretter\/joseph-joseph-klappbarer-bugeltisch-grun\/#breadcrumb\"},\"inLanguage\":\"de-DE\",\"potentialAction\":[{\"@type\":\"ReadAction\",\"target\":[\"https:\/\/www.erresse-shop.it\/de\/shop\/einrichtung-haus\/buegelbretter\/joseph-joseph-klappbarer-bugeltisch-grun\/\"]}]},{\"@type\":\"BreadcrumbList\",\"@id\":\"https:\/\/www.erresse-shop.it\/de\/shop\/einrichtung-haus\/buegelbretter\/joseph-joseph-klappbarer-bugeltisch-grun\/#breadcrumb\",\"itemListElement\":[{\"@type\":\"ListItem\",\"position\":1,\"name\":\"Home\",\"item\":\"https:\/\/www.erresse-shop.it\/de\/\"},{\"@type\":\"ListItem\",\"position\":2,\"name\":\"Shop\",\"item\":\"https:\/\/www.erresse-shop.it\/de\/shop\/\"},{\"@type\":\"ListItem\",\"position\":3,\"name\":\"JOSEPH JOSEPH Klappbarer B\u00fcgeltisch Gr\u00fcn\"}]},{\"@type\":\"WebSite\",\"@id\":\"https:\/\/www.erresse-shop.it\/de\/#website\",\"url\":\"https:\/\/www.erresse-shop.it\/de\/\",\"name\":\"Erresse Shop\",\"description\":\"Articoli di qualit\u00e0 per la casa\",\"potentialAction\":[{\"@type\":\"SearchAction\",\"target\":{\"@type\":\"EntryPoint\",\"urlTemplate\":\"https:\/\/www.erresse-shop.it\/de\/?s={search_term_string}\"},\"query-input\":\"required name=search_term_string\"}],\"inLanguage\":\"de-DE\"}]}<\/script>\n<!-- \/ Yoast SEO Premium plugin. -->","yoast_head_json":{"title":"JOSEPH JOSEPH Klappbarer B\u00fcgeltisch Gr\u00fcn","description":"Entdecken Sie JOSEPH JOSEPH Klappbarer B\u00fcgeltisch Gr\u00fcn bei ErresseShop. Qualit\u00e4t, Stil und Funktionalit\u00e4t \u2013 jetzt online bestellen!","robots":{"index":"index","follow":"follow","max-snippet":"max-snippet:-1","max-image-preview":"max-image-preview:large","max-video-preview":"max-video-preview:-1"},"canonical":"https:\/\/www.erresse-shop.it\/de\/shop\/einrichtung-haus\/buegelbretter\/joseph-joseph-klappbarer-bugeltisch-grun\/","og_locale":"de_DE","og_type":"article","og_title":"JOSEPH JOSEPH Klappbarer B\u00fcgeltisch Gr\u00fcn","og_description":"Entdecken Sie JOSEPH JOSEPH Klappbarer B\u00fcgeltisch Gr\u00fcn bei ErresseShop. Qualit\u00e4t, Stil und Funktionalit\u00e4t \u2013 jetzt online bestellen!","og_url":"https:\/\/www.erresse-shop.it\/de\/shop\/einrichtung-haus\/buegelbretter\/joseph-joseph-klappbarer-bugeltisch-grun\/","og_site_name":"Erresse Shop","article_modified_time":"2025-07-19T19:30:07+00:00","og_image":[{"width":800,"height":800,"url":"https:\/\/www.erresse-shop.it\/wp-content\/uploads\/2024\/03\/JOSEPH-JOSEPH-Asse-da-stiro-pieghevole-tascabile-4-Mimetica-Verde-4.png","type":"image\/png"}],"twitter_card":"summary_large_image","schema":{"@context":"https:\/\/schema.org","@graph":[{"@type":"WebPage","@id":"https:\/\/www.erresse-shop.it\/de\/shop\/einrichtung-haus\/buegelbretter\/joseph-joseph-klappbarer-bugeltisch-grun\/","url":"https:\/\/www.erresse-shop.it\/de\/shop\/einrichtung-haus\/buegelbretter\/joseph-joseph-klappbarer-bugeltisch-grun\/","name":"JOSEPH JOSEPH Klappbarer B\u00fcgeltisch Gr\u00fcn","isPartOf":{"@id":"https:\/\/www.erresse-shop.it\/de\/#website"},"datePublished":"2024-03-13T07:39:36+00:00","dateModified":"2025-07-19T19:30:07+00:00","description":"Entdecken Sie JOSEPH JOSEPH Klappbarer B\u00fcgeltisch Gr\u00fcn bei ErresseShop. Qualit\u00e4t, Stil und Funktionalit\u00e4t \u2013 jetzt online bestellen!","breadcrumb":{"@id":"https:\/\/www.erresse-shop.it\/de\/shop\/einrichtung-haus\/buegelbretter\/joseph-joseph-klappbarer-bugeltisch-grun\/#breadcrumb"},"inLanguage":"de-DE","potentialAction":[{"@type":"ReadAction","target":["https:\/\/www.erresse-shop.it\/de\/shop\/einrichtung-haus\/buegelbretter\/joseph-joseph-klappbarer-bugeltisch-grun\/"]}]},{"@type":"BreadcrumbList","@id":"https:\/\/www.erresse-shop.it\/de\/shop\/einrichtung-haus\/buegelbretter\/joseph-joseph-klappbarer-bugeltisch-grun\/#breadcrumb","itemListElement":[{"@type":"ListItem","position":1,"name":"Home","item":"https:\/\/www.erresse-shop.it\/de\/"},{"@type":"ListItem","position":2,"name":"Shop","item":"https:\/\/www.erresse-shop.it\/de\/shop\/"},{"@type":"ListItem","position":3,"name":"JOSEPH JOSEPH Klappbarer B\u00fcgeltisch Gr\u00fcn"}]},{"@type":"WebSite","@id":"https:\/\/www.erresse-shop.it\/de\/#website","url":"https:\/\/www.erresse-shop.it\/de\/","name":"Erresse Shop","description":"Articoli di qualit\u00e0 per la casa","potentialAction":[{"@type":"SearchAction","target":{"@type":"EntryPoint","urlTemplate":"https:\/\/www.erresse-shop.it\/de\/?s={search_term_string}"},"query-input":"required name=search_term_string"}],"inLanguage":"de-DE"}]}},"df_price":79.2,"df_sale_price":79.2,"df_regular_price":99.99,"df_image_link":"https:\/\/www.erresse-shop.it\/wp-content\/uploads\/2024\/03\/JOSEPH-JOSEPH-Asse-da-Stiro-Pieghevole-Verde-300x300.jpg","_links":{"self":[{"href":"https:\/\/www.erresse-shop.it\/de\/wp-json\/wp\/v2\/product\/396285"}],"collection":[{"href":"https:\/\/www.erresse-shop.it\/de\/wp-json\/wp\/v2\/product"}],"about":[{"href":"https:\/\/www.erresse-shop.it\/de\/wp-json\/wp\/v2\/types\/product"}],"wp:featuredmedia":[{"embeddable":true,"href":"https:\/\/www.erresse-shop.it\/de\/wp-json\/wp\/v2\/media\/463639"}],"wp:attachment":[{"href":"https:\/\/www.erresse-shop.it\/de\/wp-json\/wp\/v2\/media?parent=396285"}],"wp:term":[{"taxonomy":"product_cat","embeddable":true,"href":"https:\/\/www.erresse-shop.it\/de\/wp-json\/wp\/v2\/product_cat?post=396285"},{"taxonomy":"product_tag","embeddable":true,"href":"https:\/\/www.erresse-shop.it\/de\/wp-json\/wp\/v2\/product_tag?post=396285"}],"curies":[{"name":"wp","href":"https:\/\/api.w.org\/{rel}","templated":true}]}}