{"id":396154,"date":"2024-03-12T11:54:07","date_gmt":"2024-03-12T11:54:09","guid":{"rendered":"https:\/\/www.erresse-shop.it\/?post_type=product&#038;p=396154"},"modified":"2025-08-30T14:00:08","modified_gmt":"2025-08-30T14:00:08","slug":"joseph-joseph-extend-expandierbarer-stein-geschirrabtropfer-stahl","status":"publish","type":"product","link":"https:\/\/www.erresse-shop.it\/de\/shop\/kuche\/abtropfgestelle\/joseph-joseph-extend-expandierbarer-stein-geschirrabtropfer-stahl\/","title":{"rendered":"JOSEPH JOSEPH Extend Erweiterbares Sieb aus Stahl"},"content":{"rendered":"<p>Wir haben Extend\u2122 entwickelt, um das Geschirrsp\u00fclen zu erleichtern. Unser erweiterbarer Geschirrkorb l\u00e4sst sich auf die doppelte Gr\u00f6\u00dfe ausziehen, damit mehr Geschirr hineinpasst. Au\u00dferdem verf\u00fcgt er \u00fcber einen beweglichen Ausguss zum Ablassen von Wasser, einen speziellen Abfluss f\u00fcr Besteck und erh\u00f6hte Lamellen, die verhindern, dass sich Wasser unter Gl\u00e4sern und Sch\u00fcsseln staut.<\/p>\n<p>L\u00e4sst sich bei Bedarf ausziehen, um mehr Gegenst\u00e4nde aufzunehmen<\/p>\n<p>Ausgie\u00dfer mit drei verschiedenen Positionen<\/p>\n<p>Erh\u00f6hte Rippen verhindern, dass sich Wasser unter Gl\u00e4sern und Sch\u00fcsseln staut<\/p>\n<p>Kratzfeste Abtropffl\u00e4chen und Schneidbrettf\u00fchrungen<\/p>\n<p>Mobile Besteckablage mit Messerschlitz<\/p>\n<p>Oberfl\u00e4che aus rostfreiem Stahl mit fingerabdruckresistenter Beschichtung<\/p>\n<p><b><strong>Pflege und Gebrauch<\/strong><\/b>:<\/p>\n<p>Von Hand waschen und abtrocknen.<\/p>\n<p>Keine scheuernden T\u00fccher oder scharfe chemische Reinigungsmittel f\u00fcr Edelstahlteile verwenden<\/p>\n<p>Abnehmbar f\u00fcr einfache Reinigung<\/p>\n<p>Die vollst\u00e4ndige Gebrauchsanweisung finden Sie hier<\/p>\n<p><b><strong>Abmessungen:<\/strong><\/b><\/p>\n<p>Geschlossen: H16,1 x B32 x T36,4 cm (A6\u00bd x B12\u00be x T14 \u00bd Zoll)<\/p>\n<p>Erweitert: H16,1 x B52,7 x T36,4 cm (A6\u00bd x B20\u00be x T14 \u00bd Zoll)<\/p>\n<p><b><strong>Entworfen von Studio17 Design<\/strong><\/b><\/p>\n","protected":false},"excerpt":{"rendered":"<p>Wir haben Extend\u2122 entwickelt, um das Geschirrsp\u00fclen zu erleichtern. Unser erweiterbarer Geschirrkorb l\u00e4sst sich auf die doppelte Gr\u00f6\u00dfe ausziehen, damit<\/p>\n","protected":false},"featured_media":492496,"template":"","meta":{"_acf_changed":false,"inline_featured_image":false},"product_cat":[6742,14050],"product_tag":[25027,11728,25022],"acf":[],"yoast_head":"<!-- This site is optimized with the Yoast SEO Premium plugin v18.6 (Yoast SEO v19.13) - https:\/\/yoast.com\/wordpress\/plugins\/seo\/ -->\n<title>JOSEPH JOSEPH Extend Erweiterbares Sieb aus Stahl<\/title>\n<meta name=\"description\" content=\"Entdecken Sie JOSEPH JOSEPH Extend Erweiterbares Sieb aus Stahl bei ErresseShop. Qualit\u00e4t, Stil und Funktionalit\u00e4t \u2013 jetzt online bestellen!\" \/>\n<meta name=\"robots\" content=\"index, follow, max-snippet:-1, max-image-preview:large, max-video-preview:-1\" \/>\n<link rel=\"canonical\" href=\"https:\/\/www.erresse-shop.it\/de\/shop\/kuche\/abtropfgestelle\/joseph-joseph-extend-expandierbarer-stein-geschirrabtropfer-stahl\/\" \/>\n<meta property=\"og:locale\" content=\"de_DE\" \/>\n<meta property=\"og:type\" content=\"article\" \/>\n<meta property=\"og:title\" content=\"JOSEPH JOSEPH Extend Erweiterbares Sieb aus Stahl\" \/>\n<meta property=\"og:description\" content=\"Entdecken Sie JOSEPH JOSEPH Extend Erweiterbares Sieb aus Stahl bei ErresseShop. Qualit\u00e4t, Stil und Funktionalit\u00e4t \u2013 jetzt online bestellen!\" \/>\n<meta property=\"og:url\" content=\"https:\/\/www.erresse-shop.it\/de\/shop\/kuche\/abtropfgestelle\/joseph-joseph-extend-expandierbarer-stein-geschirrabtropfer-stahl\/\" \/>\n<meta property=\"og:site_name\" content=\"Erresse Shop\" \/>\n<meta property=\"article:modified_time\" content=\"2025-08-30T14:00:08+00:00\" \/>\n<meta property=\"og:image\" content=\"https:\/\/www.erresse-shop.it\/wp-content\/uploads\/2024\/03\/joseph-joseph-extend-1.jpg\" \/>\n\t<meta property=\"og:image:width\" content=\"1200\" \/>\n\t<meta property=\"og:image:height\" content=\"1200\" \/>\n\t<meta property=\"og:image:type\" content=\"image\/jpeg\" \/>\n<meta name=\"twitter:card\" content=\"summary_large_image\" \/>\n<script type=\"application\/ld+json\" class=\"yoast-schema-graph\">{\"@context\":\"https:\/\/schema.org\",\"@graph\":[{\"@type\":\"WebPage\",\"@id\":\"https:\/\/www.erresse-shop.it\/de\/shop\/kuche\/abtropfgestelle\/joseph-joseph-extend-expandierbarer-stein-geschirrabtropfer-stahl\/\",\"url\":\"https:\/\/www.erresse-shop.it\/de\/shop\/kuche\/abtropfgestelle\/joseph-joseph-extend-expandierbarer-stein-geschirrabtropfer-stahl\/\",\"name\":\"JOSEPH JOSEPH Extend Erweiterbares Sieb aus Stahl\",\"isPartOf\":{\"@id\":\"https:\/\/www.erresse-shop.it\/de\/#website\"},\"datePublished\":\"2024-03-12T11:54:09+00:00\",\"dateModified\":\"2025-08-30T14:00:08+00:00\",\"description\":\"Entdecken Sie JOSEPH JOSEPH Extend Erweiterbares Sieb aus Stahl bei ErresseShop. Qualit\u00e4t, Stil und Funktionalit\u00e4t \u2013 jetzt online bestellen!\",\"breadcrumb\":{\"@id\":\"https:\/\/www.erresse-shop.it\/de\/shop\/kuche\/abtropfgestelle\/joseph-joseph-extend-expandierbarer-stein-geschirrabtropfer-stahl\/#breadcrumb\"},\"inLanguage\":\"de-DE\",\"potentialAction\":[{\"@type\":\"ReadAction\",\"target\":[\"https:\/\/www.erresse-shop.it\/de\/shop\/kuche\/abtropfgestelle\/joseph-joseph-extend-expandierbarer-stein-geschirrabtropfer-stahl\/\"]}]},{\"@type\":\"BreadcrumbList\",\"@id\":\"https:\/\/www.erresse-shop.it\/de\/shop\/kuche\/abtropfgestelle\/joseph-joseph-extend-expandierbarer-stein-geschirrabtropfer-stahl\/#breadcrumb\",\"itemListElement\":[{\"@type\":\"ListItem\",\"position\":1,\"name\":\"Home\",\"item\":\"https:\/\/www.erresse-shop.it\/de\/\"},{\"@type\":\"ListItem\",\"position\":2,\"name\":\"Shop\",\"item\":\"https:\/\/www.erresse-shop.it\/de\/shop\/\"},{\"@type\":\"ListItem\",\"position\":3,\"name\":\"JOSEPH JOSEPH Extend Erweiterbares Sieb aus Stahl\"}]},{\"@type\":\"WebSite\",\"@id\":\"https:\/\/www.erresse-shop.it\/de\/#website\",\"url\":\"https:\/\/www.erresse-shop.it\/de\/\",\"name\":\"Erresse Shop\",\"description\":\"Articoli di qualit\u00e0 per la casa\",\"potentialAction\":[{\"@type\":\"SearchAction\",\"target\":{\"@type\":\"EntryPoint\",\"urlTemplate\":\"https:\/\/www.erresse-shop.it\/de\/?s={search_term_string}\"},\"query-input\":\"required name=search_term_string\"}],\"inLanguage\":\"de-DE\"}]}<\/script>\n<!-- \/ Yoast SEO Premium plugin. -->","yoast_head_json":{"title":"JOSEPH JOSEPH Extend Erweiterbares Sieb aus Stahl","description":"Entdecken Sie JOSEPH JOSEPH Extend Erweiterbares Sieb aus Stahl bei ErresseShop. Qualit\u00e4t, Stil und Funktionalit\u00e4t \u2013 jetzt online bestellen!","robots":{"index":"index","follow":"follow","max-snippet":"max-snippet:-1","max-image-preview":"max-image-preview:large","max-video-preview":"max-video-preview:-1"},"canonical":"https:\/\/www.erresse-shop.it\/de\/shop\/kuche\/abtropfgestelle\/joseph-joseph-extend-expandierbarer-stein-geschirrabtropfer-stahl\/","og_locale":"de_DE","og_type":"article","og_title":"JOSEPH JOSEPH Extend Erweiterbares Sieb aus Stahl","og_description":"Entdecken Sie JOSEPH JOSEPH Extend Erweiterbares Sieb aus Stahl bei ErresseShop. Qualit\u00e4t, Stil und Funktionalit\u00e4t \u2013 jetzt online bestellen!","og_url":"https:\/\/www.erresse-shop.it\/de\/shop\/kuche\/abtropfgestelle\/joseph-joseph-extend-expandierbarer-stein-geschirrabtropfer-stahl\/","og_site_name":"Erresse Shop","article_modified_time":"2025-08-30T14:00:08+00:00","og_image":[{"width":1200,"height":1200,"url":"https:\/\/www.erresse-shop.it\/wp-content\/uploads\/2024\/03\/joseph-joseph-extend-1.jpg","type":"image\/jpeg"}],"twitter_card":"summary_large_image","schema":{"@context":"https:\/\/schema.org","@graph":[{"@type":"WebPage","@id":"https:\/\/www.erresse-shop.it\/de\/shop\/kuche\/abtropfgestelle\/joseph-joseph-extend-expandierbarer-stein-geschirrabtropfer-stahl\/","url":"https:\/\/www.erresse-shop.it\/de\/shop\/kuche\/abtropfgestelle\/joseph-joseph-extend-expandierbarer-stein-geschirrabtropfer-stahl\/","name":"JOSEPH JOSEPH Extend Erweiterbares Sieb aus Stahl","isPartOf":{"@id":"https:\/\/www.erresse-shop.it\/de\/#website"},"datePublished":"2024-03-12T11:54:09+00:00","dateModified":"2025-08-30T14:00:08+00:00","description":"Entdecken Sie JOSEPH JOSEPH Extend Erweiterbares Sieb aus Stahl bei ErresseShop. Qualit\u00e4t, Stil und Funktionalit\u00e4t \u2013 jetzt online bestellen!","breadcrumb":{"@id":"https:\/\/www.erresse-shop.it\/de\/shop\/kuche\/abtropfgestelle\/joseph-joseph-extend-expandierbarer-stein-geschirrabtropfer-stahl\/#breadcrumb"},"inLanguage":"de-DE","potentialAction":[{"@type":"ReadAction","target":["https:\/\/www.erresse-shop.it\/de\/shop\/kuche\/abtropfgestelle\/joseph-joseph-extend-expandierbarer-stein-geschirrabtropfer-stahl\/"]}]},{"@type":"BreadcrumbList","@id":"https:\/\/www.erresse-shop.it\/de\/shop\/kuche\/abtropfgestelle\/joseph-joseph-extend-expandierbarer-stein-geschirrabtropfer-stahl\/#breadcrumb","itemListElement":[{"@type":"ListItem","position":1,"name":"Home","item":"https:\/\/www.erresse-shop.it\/de\/"},{"@type":"ListItem","position":2,"name":"Shop","item":"https:\/\/www.erresse-shop.it\/de\/shop\/"},{"@type":"ListItem","position":3,"name":"JOSEPH JOSEPH Extend Erweiterbares Sieb aus Stahl"}]},{"@type":"WebSite","@id":"https:\/\/www.erresse-shop.it\/de\/#website","url":"https:\/\/www.erresse-shop.it\/de\/","name":"Erresse Shop","description":"Articoli di qualit\u00e0 per la casa","potentialAction":[{"@type":"SearchAction","target":{"@type":"EntryPoint","urlTemplate":"https:\/\/www.erresse-shop.it\/de\/?s={search_term_string}"},"query-input":"required name=search_term_string"}],"inLanguage":"de-DE"}]}},"df_price":72.95,"df_sale_price":72.95,"df_regular_price":89.99,"df_image_link":"https:\/\/www.erresse-shop.it\/wp-content\/uploads\/2024\/03\/JOSEPH-JOSEPH-Extend-Scolapiatti-Espandibile-Acciaio-1-300x300.jpg","_links":{"self":[{"href":"https:\/\/www.erresse-shop.it\/de\/wp-json\/wp\/v2\/product\/396154"}],"collection":[{"href":"https:\/\/www.erresse-shop.it\/de\/wp-json\/wp\/v2\/product"}],"about":[{"href":"https:\/\/www.erresse-shop.it\/de\/wp-json\/wp\/v2\/types\/product"}],"wp:featuredmedia":[{"embeddable":true,"href":"https:\/\/www.erresse-shop.it\/de\/wp-json\/wp\/v2\/media\/492496"}],"wp:attachment":[{"href":"https:\/\/www.erresse-shop.it\/de\/wp-json\/wp\/v2\/media?parent=396154"}],"wp:term":[{"taxonomy":"product_cat","embeddable":true,"href":"https:\/\/www.erresse-shop.it\/de\/wp-json\/wp\/v2\/product_cat?post=396154"},{"taxonomy":"product_tag","embeddable":true,"href":"https:\/\/www.erresse-shop.it\/de\/wp-json\/wp\/v2\/product_tag?post=396154"}],"curies":[{"name":"wp","href":"https:\/\/api.w.org\/{rel}","templated":true}]}}