{"id":395930,"date":"2024-03-12T10:36:23","date_gmt":"2024-03-12T10:36:25","guid":{"rendered":"https:\/\/www.erresse-shop.it\/?post_type=product&#038;p=395930"},"modified":"2025-01-16T13:12:50","modified_gmt":"2025-01-16T13:12:50","slug":"cookut-bratpfanne-28-cm-sapphire","status":"publish","type":"product","link":"https:\/\/www.erresse-shop.it\/de\/shop\/toepfe-pfannen\/pfannen\/cookut-bratpfanne-28-cm-sapphire\/","title":{"rendered":"COOKUT Bratpfanne &#8220;La Fabuleuse&#8221; 28 cm Sapphire"},"content":{"rendered":"<p>DIE FABULOSA, DIE ALLES-PFANNE, DIE 8 WERKZEUGE ERSETZT: F\u00c4CHER, PFANNE, KASSEROLLE, COCOTTE, DAMPFKOCHER, FRITEUSE, GRILL, KUCHENFORM<\/p>\n<p>Spiegeleier, Brath\u00e4hnchen, ged\u00fcnstetes Gem\u00fcse, Kalbsblanquette, Pommes frites, Gratins, Kuchen, Pizza&#8230; Alles ist m\u00f6glich!<\/p>\n<ul>\n<li>100 % recyceltes Metallgeh\u00e4use*<\/li>\n<li>Hochleistungs-Antihaftbeschichtung<\/li>\n<li>Leichtgewicht: 1,8 kg<\/li>\n<li>Abnehmbare Griffe<\/li>\n<li>Deckel mit selbstbegie\u00dfendem Fleischsystem<\/li>\n<li>K\u00fchler Griff oben auf dem Deckel<\/li>\n<li>Alle W\u00e4rmequellen, sogar der Ofen<\/li>\n<li>Sp\u00fclmaschinenfest<\/li>\n<li>Ohne PFOA**<\/li>\n<\/ul>\n<p>Im Lieferumfang enthalten: 2 abnehmbare Griffe (einer lang und einer kurz), ein Dampfkorb und ein Holzspatel.<\/p>\n<p><strong>28 cm &#8211; 4,5 Liter<\/strong><\/p>\n","protected":false},"excerpt":{"rendered":"<p>DIE FABULOSA, DIE ALLES-PFANNE, DIE 8 WERKZEUGE ERSETZT: F\u00c4CHER, PFANNE, KASSEROLLE, COCOTTE, DAMPFKOCHER, FRITEUSE, GRILL, KUCHENFORM Spiegeleier, Brath\u00e4hnchen, ged\u00fcnstetes Gem\u00fcse,<\/p>\n","protected":false},"featured_media":502015,"template":"","meta":{"_acf_changed":false,"inline_featured_image":false},"product_cat":[6709,14801],"product_tag":[24604,11605,11829],"acf":[],"yoast_head":"<!-- This site is optimized with the Yoast SEO Premium plugin v18.6 (Yoast SEO v19.13) - https:\/\/yoast.com\/wordpress\/plugins\/seo\/ -->\n<title>COOKUT Bratpfanne &quot;La Fabuleuse&quot; 28 cm Sapphire<\/title>\n<meta name=\"description\" content=\"Entdecken Sie COOKUT Bratpfanne &quot;La Fabuleuse&quot; 28 cm Sapphire bei ErresseShop. Qualit\u00e4t, Stil und Funktionalit\u00e4t \u2013 jetzt online bestellen!\" \/>\n<meta name=\"robots\" content=\"index, follow, max-snippet:-1, max-image-preview:large, max-video-preview:-1\" \/>\n<link rel=\"canonical\" href=\"https:\/\/www.erresse-shop.it\/de\/shop\/toepfe-pfannen\/pfannen\/cookut-bratpfanne-28-cm-sapphire\/\" \/>\n<meta property=\"og:locale\" content=\"de_DE\" \/>\n<meta property=\"og:type\" content=\"article\" \/>\n<meta property=\"og:title\" content=\"COOKUT Bratpfanne &quot;La Fabuleuse&quot; 28 cm Sapphire\" \/>\n<meta property=\"og:description\" content=\"Entdecken Sie COOKUT Bratpfanne &quot;La Fabuleuse&quot; 28 cm Sapphire bei ErresseShop. Qualit\u00e4t, Stil und Funktionalit\u00e4t \u2013 jetzt online bestellen!\" \/>\n<meta property=\"og:url\" content=\"https:\/\/www.erresse-shop.it\/de\/shop\/toepfe-pfannen\/pfannen\/cookut-bratpfanne-28-cm-sapphire\/\" \/>\n<meta property=\"og:site_name\" content=\"Erresse Shop\" \/>\n<meta property=\"article:modified_time\" content=\"2025-01-16T13:12:50+00:00\" \/>\n<meta property=\"og:image\" content=\"https:\/\/www.erresse-shop.it\/wp-content\/uploads\/2024\/03\/LA-PADELLA-FAVOLOSA-ZAFFIRO-4.jpg\" \/>\n\t<meta property=\"og:image:width\" content=\"1024\" \/>\n\t<meta property=\"og:image:height\" content=\"768\" \/>\n\t<meta property=\"og:image:type\" content=\"image\/jpeg\" \/>\n<meta name=\"twitter:card\" content=\"summary_large_image\" \/>\n<script type=\"application\/ld+json\" class=\"yoast-schema-graph\">{\"@context\":\"https:\/\/schema.org\",\"@graph\":[{\"@type\":\"WebPage\",\"@id\":\"https:\/\/www.erresse-shop.it\/de\/shop\/toepfe-pfannen\/pfannen\/cookut-bratpfanne-28-cm-sapphire\/\",\"url\":\"https:\/\/www.erresse-shop.it\/de\/shop\/toepfe-pfannen\/pfannen\/cookut-bratpfanne-28-cm-sapphire\/\",\"name\":\"COOKUT Bratpfanne \\\"La Fabuleuse\\\" 28 cm Sapphire\",\"isPartOf\":{\"@id\":\"https:\/\/www.erresse-shop.it\/de\/#website\"},\"datePublished\":\"2024-03-12T10:36:25+00:00\",\"dateModified\":\"2025-01-16T13:12:50+00:00\",\"description\":\"Entdecken Sie COOKUT Bratpfanne \\\"La Fabuleuse\\\" 28 cm Sapphire bei ErresseShop. Qualit\u00e4t, Stil und Funktionalit\u00e4t \u2013 jetzt online bestellen!\",\"breadcrumb\":{\"@id\":\"https:\/\/www.erresse-shop.it\/de\/shop\/toepfe-pfannen\/pfannen\/cookut-bratpfanne-28-cm-sapphire\/#breadcrumb\"},\"inLanguage\":\"de-DE\",\"potentialAction\":[{\"@type\":\"ReadAction\",\"target\":[\"https:\/\/www.erresse-shop.it\/de\/shop\/toepfe-pfannen\/pfannen\/cookut-bratpfanne-28-cm-sapphire\/\"]}]},{\"@type\":\"BreadcrumbList\",\"@id\":\"https:\/\/www.erresse-shop.it\/de\/shop\/toepfe-pfannen\/pfannen\/cookut-bratpfanne-28-cm-sapphire\/#breadcrumb\",\"itemListElement\":[{\"@type\":\"ListItem\",\"position\":1,\"name\":\"Home\",\"item\":\"https:\/\/www.erresse-shop.it\/de\/\"},{\"@type\":\"ListItem\",\"position\":2,\"name\":\"Shop\",\"item\":\"https:\/\/www.erresse-shop.it\/de\/shop\/\"},{\"@type\":\"ListItem\",\"position\":3,\"name\":\"COOKUT Bratpfanne &#8220;La Fabuleuse&#8221; 28 cm Sapphire\"}]},{\"@type\":\"WebSite\",\"@id\":\"https:\/\/www.erresse-shop.it\/de\/#website\",\"url\":\"https:\/\/www.erresse-shop.it\/de\/\",\"name\":\"Erresse Shop\",\"description\":\"Articoli di qualit\u00e0 per la casa\",\"potentialAction\":[{\"@type\":\"SearchAction\",\"target\":{\"@type\":\"EntryPoint\",\"urlTemplate\":\"https:\/\/www.erresse-shop.it\/de\/?s={search_term_string}\"},\"query-input\":\"required name=search_term_string\"}],\"inLanguage\":\"de-DE\"}]}<\/script>\n<!-- \/ Yoast SEO Premium plugin. -->","yoast_head_json":{"title":"COOKUT Bratpfanne \"La Fabuleuse\" 28 cm Sapphire","description":"Entdecken Sie COOKUT Bratpfanne \"La Fabuleuse\" 28 cm Sapphire bei ErresseShop. Qualit\u00e4t, Stil und Funktionalit\u00e4t \u2013 jetzt online bestellen!","robots":{"index":"index","follow":"follow","max-snippet":"max-snippet:-1","max-image-preview":"max-image-preview:large","max-video-preview":"max-video-preview:-1"},"canonical":"https:\/\/www.erresse-shop.it\/de\/shop\/toepfe-pfannen\/pfannen\/cookut-bratpfanne-28-cm-sapphire\/","og_locale":"de_DE","og_type":"article","og_title":"COOKUT Bratpfanne \"La Fabuleuse\" 28 cm Sapphire","og_description":"Entdecken Sie COOKUT Bratpfanne \"La Fabuleuse\" 28 cm Sapphire bei ErresseShop. Qualit\u00e4t, Stil und Funktionalit\u00e4t \u2013 jetzt online bestellen!","og_url":"https:\/\/www.erresse-shop.it\/de\/shop\/toepfe-pfannen\/pfannen\/cookut-bratpfanne-28-cm-sapphire\/","og_site_name":"Erresse Shop","article_modified_time":"2025-01-16T13:12:50+00:00","og_image":[{"width":1024,"height":768,"url":"https:\/\/www.erresse-shop.it\/wp-content\/uploads\/2024\/03\/LA-PADELLA-FAVOLOSA-ZAFFIRO-4.jpg","type":"image\/jpeg"}],"twitter_card":"summary_large_image","schema":{"@context":"https:\/\/schema.org","@graph":[{"@type":"WebPage","@id":"https:\/\/www.erresse-shop.it\/de\/shop\/toepfe-pfannen\/pfannen\/cookut-bratpfanne-28-cm-sapphire\/","url":"https:\/\/www.erresse-shop.it\/de\/shop\/toepfe-pfannen\/pfannen\/cookut-bratpfanne-28-cm-sapphire\/","name":"COOKUT Bratpfanne \"La Fabuleuse\" 28 cm Sapphire","isPartOf":{"@id":"https:\/\/www.erresse-shop.it\/de\/#website"},"datePublished":"2024-03-12T10:36:25+00:00","dateModified":"2025-01-16T13:12:50+00:00","description":"Entdecken Sie COOKUT Bratpfanne \"La Fabuleuse\" 28 cm Sapphire bei ErresseShop. Qualit\u00e4t, Stil und Funktionalit\u00e4t \u2013 jetzt online bestellen!","breadcrumb":{"@id":"https:\/\/www.erresse-shop.it\/de\/shop\/toepfe-pfannen\/pfannen\/cookut-bratpfanne-28-cm-sapphire\/#breadcrumb"},"inLanguage":"de-DE","potentialAction":[{"@type":"ReadAction","target":["https:\/\/www.erresse-shop.it\/de\/shop\/toepfe-pfannen\/pfannen\/cookut-bratpfanne-28-cm-sapphire\/"]}]},{"@type":"BreadcrumbList","@id":"https:\/\/www.erresse-shop.it\/de\/shop\/toepfe-pfannen\/pfannen\/cookut-bratpfanne-28-cm-sapphire\/#breadcrumb","itemListElement":[{"@type":"ListItem","position":1,"name":"Home","item":"https:\/\/www.erresse-shop.it\/de\/"},{"@type":"ListItem","position":2,"name":"Shop","item":"https:\/\/www.erresse-shop.it\/de\/shop\/"},{"@type":"ListItem","position":3,"name":"COOKUT Bratpfanne &#8220;La Fabuleuse&#8221; 28 cm Sapphire"}]},{"@type":"WebSite","@id":"https:\/\/www.erresse-shop.it\/de\/#website","url":"https:\/\/www.erresse-shop.it\/de\/","name":"Erresse Shop","description":"Articoli di qualit\u00e0 per la casa","potentialAction":[{"@type":"SearchAction","target":{"@type":"EntryPoint","urlTemplate":"https:\/\/www.erresse-shop.it\/de\/?s={search_term_string}"},"query-input":"required name=search_term_string"}],"inLanguage":"de-DE"}]}},"df_price":87.94500000000001,"df_sale_price":87.94500000000001,"df_regular_price":159.9,"df_image_link":"https:\/\/www.erresse-shop.it\/wp-content\/uploads\/2024\/03\/COOKUT-Padella-La-Favolosa-28-cm-Zaffiro-1-300x300.jpg","_links":{"self":[{"href":"https:\/\/www.erresse-shop.it\/de\/wp-json\/wp\/v2\/product\/395930"}],"collection":[{"href":"https:\/\/www.erresse-shop.it\/de\/wp-json\/wp\/v2\/product"}],"about":[{"href":"https:\/\/www.erresse-shop.it\/de\/wp-json\/wp\/v2\/types\/product"}],"wp:featuredmedia":[{"embeddable":true,"href":"https:\/\/www.erresse-shop.it\/de\/wp-json\/wp\/v2\/media\/502015"}],"wp:attachment":[{"href":"https:\/\/www.erresse-shop.it\/de\/wp-json\/wp\/v2\/media?parent=395930"}],"wp:term":[{"taxonomy":"product_cat","embeddable":true,"href":"https:\/\/www.erresse-shop.it\/de\/wp-json\/wp\/v2\/product_cat?post=395930"},{"taxonomy":"product_tag","embeddable":true,"href":"https:\/\/www.erresse-shop.it\/de\/wp-json\/wp\/v2\/product_tag?post=395930"}],"curies":[{"name":"wp","href":"https:\/\/api.w.org\/{rel}","templated":true}]}}