{"id":395710,"date":"2024-03-12T09:00:32","date_gmt":"2024-03-12T09:00:33","guid":{"rendered":"https:\/\/www.erresse-shop.it\/?post_type=product&#038;p=395710"},"modified":"2025-01-17T07:42:38","modified_gmt":"2025-01-17T07:42:38","slug":"joseph-joseph-tota-starrer-waschekorb-90l-j-lawes","status":"publish","type":"product","link":"https:\/\/www.erresse-shop.it\/de\/shop\/einrichtung-haus\/badezimmer\/joseph-joseph-tota-starrer-waschekorb-90l-j-lawes\/","title":{"rendered":"JOSEPH JOSEPH Tota Starrer W\u00e4schekorb 90l J Lawes"},"content":{"rendered":"<p>Innovative W\u00e4sche trifft in der Joseph Joseph x Jonathan Lawes Kollektion auf individuelles Design.<\/p>\n<p>Zwei 45-Liter-F\u00e4cher erm\u00f6glichen eine einfache Trennung der W\u00e4sche.<\/p>\n<p>Abnehmbare Beutel mit Griffen erleichtern den Transport der W\u00e4sche in der Waschmaschine.<\/p>\n<p>Griffe an der Unterseite der Taschen erleichtern das Entleeren der Taschen.<\/p>\n<p>Die Beutel lassen sich gut im W\u00e4schekorb verstauen und k\u00f6nnen so leicht zur\u00fcckgebracht werden.<\/p>\n<p>Der Deckel verbirgt die schmutzige W\u00e4sche vor Blicken und sorgt so f\u00fcr mehr Ordnung im Haus.<\/p>\n<p>Das platzsparende Design ist perfekt f\u00fcr Schlafzimmer, Badezimmer oder Hauswirtschaftsr\u00e4ume.<\/p>\n<p>Wird zerlegt geliefert und enth\u00e4lt eine Montageanleitung.<\/p>\n<p><b><strong>Pflege und Gebrauch:<\/strong><\/b><\/p>\n<p>Tragetaschen: maschinenwaschbar, Anweisungen siehe Etikett auf dem Produkt, vor dem Waschen das Plastikfutter entfernen<\/p>\n<p>Au\u00dfenmaterial: nur mit einem Tuch abwischen, nicht in der Maschine waschen<\/p>\n<p>Deckel, Kanten und Rahmen: mit einem feuchten Tuch reinigen<\/p>\n<p>Achtung: keine schweren Gegenst\u00e4nde auf den Korb legen oder stellen<\/p>\n<p>Lassen Sie Kinder nicht mit dem Korb spielen<\/p>\n<p>Montage durch den Benutzer ist erforderlich: das vollst\u00e4ndige Video mit Montageanleitung finden Sie hier<\/p>\n<p>Die vollst\u00e4ndige Anleitung finden Sie hier<\/p>\n<p><b><strong>Abmessungen<\/strong><\/b>: H71 x B56 x T39,5 cm (H28 x B22\u00bc x T15\u00be Zoll)<\/p>\n","protected":false},"excerpt":{"rendered":"<p><br data-mce-bogus=\"1\"><\/p>\n","protected":false},"featured_media":395749,"template":"","meta":{"_acf_changed":false,"inline_featured_image":false},"product_cat":[6817,19010],"product_tag":[25027,21369,13487,21227,21370,25022,18475,21372],"acf":[],"yoast_head":"<!-- This site is optimized with the Yoast SEO Premium plugin v18.6 (Yoast SEO v19.13) - https:\/\/yoast.com\/wordpress\/plugins\/seo\/ -->\n<title>JOSEPH JOSEPH Tota Starrer W\u00e4schekorb 90l J Lawes<\/title>\n<meta name=\"description\" content=\"Entdecken Sie JOSEPH JOSEPH Tota Starrer W\u00e4schekorb 90l J Lawes bei ErresseShop. Qualit\u00e4t, Stil und Funktionalit\u00e4t \u2013 jetzt online bestellen!\" \/>\n<meta name=\"robots\" content=\"index, follow, max-snippet:-1, max-image-preview:large, max-video-preview:-1\" \/>\n<link rel=\"canonical\" href=\"https:\/\/www.erresse-shop.it\/de\/shop\/einrichtung-haus\/badezimmer\/joseph-joseph-tota-starrer-waschekorb-90l-j-lawes\/\" \/>\n<meta property=\"og:locale\" content=\"de_DE\" \/>\n<meta property=\"og:type\" content=\"article\" \/>\n<meta property=\"og:title\" content=\"JOSEPH JOSEPH Tota Starrer W\u00e4schekorb 90l J Lawes\" \/>\n<meta property=\"og:description\" content=\"Entdecken Sie JOSEPH JOSEPH Tota Starrer W\u00e4schekorb 90l J Lawes bei ErresseShop. Qualit\u00e4t, Stil und Funktionalit\u00e4t \u2013 jetzt online bestellen!\" \/>\n<meta property=\"og:url\" content=\"https:\/\/www.erresse-shop.it\/de\/shop\/einrichtung-haus\/badezimmer\/joseph-joseph-tota-starrer-waschekorb-90l-j-lawes\/\" \/>\n<meta property=\"og:site_name\" content=\"Erresse Shop\" \/>\n<meta property=\"article:modified_time\" content=\"2025-01-17T07:42:38+00:00\" \/>\n<meta property=\"og:image\" content=\"https:\/\/www.erresse-shop.it\/wp-content\/uploads\/2024\/03\/Joseph-Joseph-cesta-biancheria-rigido-j-lawes-4.jpg\" \/>\n\t<meta property=\"og:image:width\" content=\"800\" \/>\n\t<meta property=\"og:image:height\" content=\"800\" \/>\n\t<meta property=\"og:image:type\" content=\"image\/jpeg\" \/>\n<meta name=\"twitter:card\" content=\"summary_large_image\" \/>\n<script type=\"application\/ld+json\" class=\"yoast-schema-graph\">{\"@context\":\"https:\/\/schema.org\",\"@graph\":[{\"@type\":\"WebPage\",\"@id\":\"https:\/\/www.erresse-shop.it\/de\/shop\/einrichtung-haus\/badezimmer\/joseph-joseph-tota-starrer-waschekorb-90l-j-lawes\/\",\"url\":\"https:\/\/www.erresse-shop.it\/de\/shop\/einrichtung-haus\/badezimmer\/joseph-joseph-tota-starrer-waschekorb-90l-j-lawes\/\",\"name\":\"JOSEPH JOSEPH Tota Starrer W\u00e4schekorb 90l J Lawes\",\"isPartOf\":{\"@id\":\"https:\/\/www.erresse-shop.it\/de\/#website\"},\"datePublished\":\"2024-03-12T09:00:33+00:00\",\"dateModified\":\"2025-01-17T07:42:38+00:00\",\"description\":\"Entdecken Sie JOSEPH JOSEPH Tota Starrer W\u00e4schekorb 90l J Lawes bei ErresseShop. Qualit\u00e4t, Stil und Funktionalit\u00e4t \u2013 jetzt online bestellen!\",\"breadcrumb\":{\"@id\":\"https:\/\/www.erresse-shop.it\/de\/shop\/einrichtung-haus\/badezimmer\/joseph-joseph-tota-starrer-waschekorb-90l-j-lawes\/#breadcrumb\"},\"inLanguage\":\"de-DE\",\"potentialAction\":[{\"@type\":\"ReadAction\",\"target\":[\"https:\/\/www.erresse-shop.it\/de\/shop\/einrichtung-haus\/badezimmer\/joseph-joseph-tota-starrer-waschekorb-90l-j-lawes\/\"]}]},{\"@type\":\"BreadcrumbList\",\"@id\":\"https:\/\/www.erresse-shop.it\/de\/shop\/einrichtung-haus\/badezimmer\/joseph-joseph-tota-starrer-waschekorb-90l-j-lawes\/#breadcrumb\",\"itemListElement\":[{\"@type\":\"ListItem\",\"position\":1,\"name\":\"Home\",\"item\":\"https:\/\/www.erresse-shop.it\/de\/\"},{\"@type\":\"ListItem\",\"position\":2,\"name\":\"Shop\",\"item\":\"https:\/\/www.erresse-shop.it\/de\/shop\/\"},{\"@type\":\"ListItem\",\"position\":3,\"name\":\"JOSEPH JOSEPH Tota Starrer W\u00e4schekorb 90l J Lawes\"}]},{\"@type\":\"WebSite\",\"@id\":\"https:\/\/www.erresse-shop.it\/de\/#website\",\"url\":\"https:\/\/www.erresse-shop.it\/de\/\",\"name\":\"Erresse Shop\",\"description\":\"Articoli di qualit\u00e0 per la casa\",\"potentialAction\":[{\"@type\":\"SearchAction\",\"target\":{\"@type\":\"EntryPoint\",\"urlTemplate\":\"https:\/\/www.erresse-shop.it\/de\/?s={search_term_string}\"},\"query-input\":\"required name=search_term_string\"}],\"inLanguage\":\"de-DE\"}]}<\/script>\n<!-- \/ Yoast SEO Premium plugin. -->","yoast_head_json":{"title":"JOSEPH JOSEPH Tota Starrer W\u00e4schekorb 90l J Lawes","description":"Entdecken Sie JOSEPH JOSEPH Tota Starrer W\u00e4schekorb 90l J Lawes bei ErresseShop. Qualit\u00e4t, Stil und Funktionalit\u00e4t \u2013 jetzt online bestellen!","robots":{"index":"index","follow":"follow","max-snippet":"max-snippet:-1","max-image-preview":"max-image-preview:large","max-video-preview":"max-video-preview:-1"},"canonical":"https:\/\/www.erresse-shop.it\/de\/shop\/einrichtung-haus\/badezimmer\/joseph-joseph-tota-starrer-waschekorb-90l-j-lawes\/","og_locale":"de_DE","og_type":"article","og_title":"JOSEPH JOSEPH Tota Starrer W\u00e4schekorb 90l J Lawes","og_description":"Entdecken Sie JOSEPH JOSEPH Tota Starrer W\u00e4schekorb 90l J Lawes bei ErresseShop. Qualit\u00e4t, Stil und Funktionalit\u00e4t \u2013 jetzt online bestellen!","og_url":"https:\/\/www.erresse-shop.it\/de\/shop\/einrichtung-haus\/badezimmer\/joseph-joseph-tota-starrer-waschekorb-90l-j-lawes\/","og_site_name":"Erresse Shop","article_modified_time":"2025-01-17T07:42:38+00:00","og_image":[{"width":800,"height":800,"url":"https:\/\/www.erresse-shop.it\/wp-content\/uploads\/2024\/03\/Joseph-Joseph-cesta-biancheria-rigido-j-lawes-4.jpg","type":"image\/jpeg"}],"twitter_card":"summary_large_image","schema":{"@context":"https:\/\/schema.org","@graph":[{"@type":"WebPage","@id":"https:\/\/www.erresse-shop.it\/de\/shop\/einrichtung-haus\/badezimmer\/joseph-joseph-tota-starrer-waschekorb-90l-j-lawes\/","url":"https:\/\/www.erresse-shop.it\/de\/shop\/einrichtung-haus\/badezimmer\/joseph-joseph-tota-starrer-waschekorb-90l-j-lawes\/","name":"JOSEPH JOSEPH Tota Starrer W\u00e4schekorb 90l J Lawes","isPartOf":{"@id":"https:\/\/www.erresse-shop.it\/de\/#website"},"datePublished":"2024-03-12T09:00:33+00:00","dateModified":"2025-01-17T07:42:38+00:00","description":"Entdecken Sie JOSEPH JOSEPH Tota Starrer W\u00e4schekorb 90l J Lawes bei ErresseShop. Qualit\u00e4t, Stil und Funktionalit\u00e4t \u2013 jetzt online bestellen!","breadcrumb":{"@id":"https:\/\/www.erresse-shop.it\/de\/shop\/einrichtung-haus\/badezimmer\/joseph-joseph-tota-starrer-waschekorb-90l-j-lawes\/#breadcrumb"},"inLanguage":"de-DE","potentialAction":[{"@type":"ReadAction","target":["https:\/\/www.erresse-shop.it\/de\/shop\/einrichtung-haus\/badezimmer\/joseph-joseph-tota-starrer-waschekorb-90l-j-lawes\/"]}]},{"@type":"BreadcrumbList","@id":"https:\/\/www.erresse-shop.it\/de\/shop\/einrichtung-haus\/badezimmer\/joseph-joseph-tota-starrer-waschekorb-90l-j-lawes\/#breadcrumb","itemListElement":[{"@type":"ListItem","position":1,"name":"Home","item":"https:\/\/www.erresse-shop.it\/de\/"},{"@type":"ListItem","position":2,"name":"Shop","item":"https:\/\/www.erresse-shop.it\/de\/shop\/"},{"@type":"ListItem","position":3,"name":"JOSEPH JOSEPH Tota Starrer W\u00e4schekorb 90l J Lawes"}]},{"@type":"WebSite","@id":"https:\/\/www.erresse-shop.it\/de\/#website","url":"https:\/\/www.erresse-shop.it\/de\/","name":"Erresse Shop","description":"Articoli di qualit\u00e0 per la casa","potentialAction":[{"@type":"SearchAction","target":{"@type":"EntryPoint","urlTemplate":"https:\/\/www.erresse-shop.it\/de\/?s={search_term_string}"},"query-input":"required name=search_term_string"}],"inLanguage":"de-DE"}]}},"df_price":90.99,"df_sale_price":90.99,"df_regular_price":129.99,"df_image_link":"https:\/\/www.erresse-shop.it\/wp-content\/uploads\/2024\/03\/Joseph-Joseph-cesta-biancheria-rigido-j-lawes-4-300x300.jpg","_links":{"self":[{"href":"https:\/\/www.erresse-shop.it\/de\/wp-json\/wp\/v2\/product\/395710"}],"collection":[{"href":"https:\/\/www.erresse-shop.it\/de\/wp-json\/wp\/v2\/product"}],"about":[{"href":"https:\/\/www.erresse-shop.it\/de\/wp-json\/wp\/v2\/types\/product"}],"wp:featuredmedia":[{"embeddable":true,"href":"https:\/\/www.erresse-shop.it\/de\/wp-json\/wp\/v2\/media\/395749"}],"wp:attachment":[{"href":"https:\/\/www.erresse-shop.it\/de\/wp-json\/wp\/v2\/media?parent=395710"}],"wp:term":[{"taxonomy":"product_cat","embeddable":true,"href":"https:\/\/www.erresse-shop.it\/de\/wp-json\/wp\/v2\/product_cat?post=395710"},{"taxonomy":"product_tag","embeddable":true,"href":"https:\/\/www.erresse-shop.it\/de\/wp-json\/wp\/v2\/product_tag?post=395710"}],"curies":[{"name":"wp","href":"https:\/\/api.w.org\/{rel}","templated":true}]}}