{"id":395666,"date":"2024-03-12T07:58:05","date_gmt":"2024-03-12T07:58:06","guid":{"rendered":"https:\/\/www.erresse-shop.it\/?post_type=product&#038;p=395666"},"modified":"2025-01-17T07:42:38","modified_gmt":"2025-01-17T07:42:38","slug":"joseph-joseph-hold-all-waschekorb-35l-j-lawes","status":"publish","type":"product","link":"https:\/\/www.erresse-shop.it\/de\/shop\/einrichtung-haus\/badezimmer\/joseph-joseph-hold-all-waschekorb-35l-j-lawes\/","title":{"rendered":"JOSEPH JOSEPH Hold-All W\u00e4schekorb 35l J Lawes"},"content":{"rendered":"<p>Innovative W\u00e4sche trifft in der Joseph Joseph x Jonathan Lawes Kollektion auf ma\u00dfgeschneidertes Design.<\/p>\n<p>Dank der stabilen Griffe l\u00e4sst sich die W\u00e4sche leicht mit einer Hand tragen.<\/p>\n<p>Zusammengeklappt l\u00e4sst er sich leicht im Kleiderschrank oder auf der Waschmaschine verstauen.<\/p>\n<p>Hergestellt aus strapazierf\u00e4higem Stoff, der auch im leeren Zustand seine Form beh\u00e4lt.<\/p>\n<p>Der feuchtigkeitsresistente Innenraum erm\u00f6glicht die Verwendung f\u00fcr die Nass- oder Trockenreinigung und ist leicht zu reinigen.<\/p>\n<p>Er fasst bis zu 35 Liter.<\/p>\n<p><b><strong>Pflege und Gebrauch:<\/strong><\/b><\/p>\n<p>Siehe Pflegeetikett<\/p>\n<p>Maximale Belastung: 9 kg (19.8 lbs)<\/p>\n<p><b><strong>Abmessungen<\/strong><\/b>:<\/p>\n<p>Offen: H25 x B53 x T36 cm (H9,8 x L20,9 x T14,2 Zoll)<\/p>\n<p>Flach: A2 x B53 x T36 cm (A0.8 x L20.9 x T14.2 inches)<\/p>\n","protected":false},"excerpt":{"rendered":"<p><br data-mce-bogus=\"1\"><\/p>\n","protected":false},"featured_media":395700,"template":"","meta":{"_acf_changed":false,"inline_featured_image":false},"product_cat":[6817,19010],"product_tag":[25027,21369,13487,21227,21370,25022,18475,21372],"acf":[],"yoast_head":"<!-- This site is optimized with the Yoast SEO Premium plugin v18.6 (Yoast SEO v19.13) - https:\/\/yoast.com\/wordpress\/plugins\/seo\/ -->\n<title>JOSEPH JOSEPH Hold-All W\u00e4schekorb 35l J Lawes<\/title>\n<meta name=\"description\" content=\"Entdecken Sie JOSEPH JOSEPH Hold-All W\u00e4schekorb 35l J Lawes bei ErresseShop. Qualit\u00e4t, Stil und Funktionalit\u00e4t \u2013 jetzt online bestellen!\" \/>\n<meta name=\"robots\" content=\"index, follow, max-snippet:-1, max-image-preview:large, max-video-preview:-1\" \/>\n<link rel=\"canonical\" href=\"https:\/\/www.erresse-shop.it\/de\/shop\/einrichtung-haus\/badezimmer\/joseph-joseph-hold-all-waschekorb-35l-j-lawes\/\" \/>\n<meta property=\"og:locale\" content=\"de_DE\" \/>\n<meta property=\"og:type\" content=\"article\" \/>\n<meta property=\"og:title\" content=\"JOSEPH JOSEPH Hold-All W\u00e4schekorb 35l J Lawes\" \/>\n<meta property=\"og:description\" content=\"Entdecken Sie JOSEPH JOSEPH Hold-All W\u00e4schekorb 35l J Lawes bei ErresseShop. Qualit\u00e4t, Stil und Funktionalit\u00e4t \u2013 jetzt online bestellen!\" \/>\n<meta property=\"og:url\" content=\"https:\/\/www.erresse-shop.it\/de\/shop\/einrichtung-haus\/badezimmer\/joseph-joseph-hold-all-waschekorb-35l-j-lawes\/\" \/>\n<meta property=\"og:site_name\" content=\"Erresse Shop\" \/>\n<meta property=\"article:modified_time\" content=\"2025-01-17T07:42:38+00:00\" \/>\n<meta property=\"og:image\" content=\"https:\/\/www.erresse-shop.it\/wp-content\/uploads\/2024\/03\/Joseph-Joseph-cesta-biancheria-j-lawes-2.jpg\" \/>\n\t<meta property=\"og:image:width\" content=\"800\" \/>\n\t<meta property=\"og:image:height\" content=\"800\" \/>\n\t<meta property=\"og:image:type\" content=\"image\/jpeg\" \/>\n<meta name=\"twitter:card\" content=\"summary_large_image\" \/>\n<script type=\"application\/ld+json\" class=\"yoast-schema-graph\">{\"@context\":\"https:\/\/schema.org\",\"@graph\":[{\"@type\":\"WebPage\",\"@id\":\"https:\/\/www.erresse-shop.it\/de\/shop\/einrichtung-haus\/badezimmer\/joseph-joseph-hold-all-waschekorb-35l-j-lawes\/\",\"url\":\"https:\/\/www.erresse-shop.it\/de\/shop\/einrichtung-haus\/badezimmer\/joseph-joseph-hold-all-waschekorb-35l-j-lawes\/\",\"name\":\"JOSEPH JOSEPH Hold-All W\u00e4schekorb 35l J Lawes\",\"isPartOf\":{\"@id\":\"https:\/\/www.erresse-shop.it\/de\/#website\"},\"datePublished\":\"2024-03-12T07:58:06+00:00\",\"dateModified\":\"2025-01-17T07:42:38+00:00\",\"description\":\"Entdecken Sie JOSEPH JOSEPH Hold-All W\u00e4schekorb 35l J Lawes bei ErresseShop. Qualit\u00e4t, Stil und Funktionalit\u00e4t \u2013 jetzt online bestellen!\",\"breadcrumb\":{\"@id\":\"https:\/\/www.erresse-shop.it\/de\/shop\/einrichtung-haus\/badezimmer\/joseph-joseph-hold-all-waschekorb-35l-j-lawes\/#breadcrumb\"},\"inLanguage\":\"de-DE\",\"potentialAction\":[{\"@type\":\"ReadAction\",\"target\":[\"https:\/\/www.erresse-shop.it\/de\/shop\/einrichtung-haus\/badezimmer\/joseph-joseph-hold-all-waschekorb-35l-j-lawes\/\"]}]},{\"@type\":\"BreadcrumbList\",\"@id\":\"https:\/\/www.erresse-shop.it\/de\/shop\/einrichtung-haus\/badezimmer\/joseph-joseph-hold-all-waschekorb-35l-j-lawes\/#breadcrumb\",\"itemListElement\":[{\"@type\":\"ListItem\",\"position\":1,\"name\":\"Home\",\"item\":\"https:\/\/www.erresse-shop.it\/de\/\"},{\"@type\":\"ListItem\",\"position\":2,\"name\":\"Shop\",\"item\":\"https:\/\/www.erresse-shop.it\/de\/shop\/\"},{\"@type\":\"ListItem\",\"position\":3,\"name\":\"JOSEPH JOSEPH Hold-All W\u00e4schekorb 35l J Lawes\"}]},{\"@type\":\"WebSite\",\"@id\":\"https:\/\/www.erresse-shop.it\/de\/#website\",\"url\":\"https:\/\/www.erresse-shop.it\/de\/\",\"name\":\"Erresse Shop\",\"description\":\"Articoli di qualit\u00e0 per la casa\",\"potentialAction\":[{\"@type\":\"SearchAction\",\"target\":{\"@type\":\"EntryPoint\",\"urlTemplate\":\"https:\/\/www.erresse-shop.it\/de\/?s={search_term_string}\"},\"query-input\":\"required name=search_term_string\"}],\"inLanguage\":\"de-DE\"}]}<\/script>\n<!-- \/ Yoast SEO Premium plugin. -->","yoast_head_json":{"title":"JOSEPH JOSEPH Hold-All W\u00e4schekorb 35l J Lawes","description":"Entdecken Sie JOSEPH JOSEPH Hold-All W\u00e4schekorb 35l J Lawes bei ErresseShop. Qualit\u00e4t, Stil und Funktionalit\u00e4t \u2013 jetzt online bestellen!","robots":{"index":"index","follow":"follow","max-snippet":"max-snippet:-1","max-image-preview":"max-image-preview:large","max-video-preview":"max-video-preview:-1"},"canonical":"https:\/\/www.erresse-shop.it\/de\/shop\/einrichtung-haus\/badezimmer\/joseph-joseph-hold-all-waschekorb-35l-j-lawes\/","og_locale":"de_DE","og_type":"article","og_title":"JOSEPH JOSEPH Hold-All W\u00e4schekorb 35l J Lawes","og_description":"Entdecken Sie JOSEPH JOSEPH Hold-All W\u00e4schekorb 35l J Lawes bei ErresseShop. Qualit\u00e4t, Stil und Funktionalit\u00e4t \u2013 jetzt online bestellen!","og_url":"https:\/\/www.erresse-shop.it\/de\/shop\/einrichtung-haus\/badezimmer\/joseph-joseph-hold-all-waschekorb-35l-j-lawes\/","og_site_name":"Erresse Shop","article_modified_time":"2025-01-17T07:42:38+00:00","og_image":[{"width":800,"height":800,"url":"https:\/\/www.erresse-shop.it\/wp-content\/uploads\/2024\/03\/Joseph-Joseph-cesta-biancheria-j-lawes-2.jpg","type":"image\/jpeg"}],"twitter_card":"summary_large_image","schema":{"@context":"https:\/\/schema.org","@graph":[{"@type":"WebPage","@id":"https:\/\/www.erresse-shop.it\/de\/shop\/einrichtung-haus\/badezimmer\/joseph-joseph-hold-all-waschekorb-35l-j-lawes\/","url":"https:\/\/www.erresse-shop.it\/de\/shop\/einrichtung-haus\/badezimmer\/joseph-joseph-hold-all-waschekorb-35l-j-lawes\/","name":"JOSEPH JOSEPH Hold-All W\u00e4schekorb 35l J Lawes","isPartOf":{"@id":"https:\/\/www.erresse-shop.it\/de\/#website"},"datePublished":"2024-03-12T07:58:06+00:00","dateModified":"2025-01-17T07:42:38+00:00","description":"Entdecken Sie JOSEPH JOSEPH Hold-All W\u00e4schekorb 35l J Lawes bei ErresseShop. Qualit\u00e4t, Stil und Funktionalit\u00e4t \u2013 jetzt online bestellen!","breadcrumb":{"@id":"https:\/\/www.erresse-shop.it\/de\/shop\/einrichtung-haus\/badezimmer\/joseph-joseph-hold-all-waschekorb-35l-j-lawes\/#breadcrumb"},"inLanguage":"de-DE","potentialAction":[{"@type":"ReadAction","target":["https:\/\/www.erresse-shop.it\/de\/shop\/einrichtung-haus\/badezimmer\/joseph-joseph-hold-all-waschekorb-35l-j-lawes\/"]}]},{"@type":"BreadcrumbList","@id":"https:\/\/www.erresse-shop.it\/de\/shop\/einrichtung-haus\/badezimmer\/joseph-joseph-hold-all-waschekorb-35l-j-lawes\/#breadcrumb","itemListElement":[{"@type":"ListItem","position":1,"name":"Home","item":"https:\/\/www.erresse-shop.it\/de\/"},{"@type":"ListItem","position":2,"name":"Shop","item":"https:\/\/www.erresse-shop.it\/de\/shop\/"},{"@type":"ListItem","position":3,"name":"JOSEPH JOSEPH Hold-All W\u00e4schekorb 35l J Lawes"}]},{"@type":"WebSite","@id":"https:\/\/www.erresse-shop.it\/de\/#website","url":"https:\/\/www.erresse-shop.it\/de\/","name":"Erresse Shop","description":"Articoli di qualit\u00e0 per la casa","potentialAction":[{"@type":"SearchAction","target":{"@type":"EntryPoint","urlTemplate":"https:\/\/www.erresse-shop.it\/de\/?s={search_term_string}"},"query-input":"required name=search_term_string"}],"inLanguage":"de-DE"}]}},"df_price":19.995,"df_sale_price":19.995,"df_regular_price":39.99,"df_image_link":"https:\/\/www.erresse-shop.it\/wp-content\/uploads\/2024\/03\/Joseph-Joseph-cesta-biancheria-j-lawes-2-300x300.jpg","_links":{"self":[{"href":"https:\/\/www.erresse-shop.it\/de\/wp-json\/wp\/v2\/product\/395666"}],"collection":[{"href":"https:\/\/www.erresse-shop.it\/de\/wp-json\/wp\/v2\/product"}],"about":[{"href":"https:\/\/www.erresse-shop.it\/de\/wp-json\/wp\/v2\/types\/product"}],"wp:featuredmedia":[{"embeddable":true,"href":"https:\/\/www.erresse-shop.it\/de\/wp-json\/wp\/v2\/media\/395700"}],"wp:attachment":[{"href":"https:\/\/www.erresse-shop.it\/de\/wp-json\/wp\/v2\/media?parent=395666"}],"wp:term":[{"taxonomy":"product_cat","embeddable":true,"href":"https:\/\/www.erresse-shop.it\/de\/wp-json\/wp\/v2\/product_cat?post=395666"},{"taxonomy":"product_tag","embeddable":true,"href":"https:\/\/www.erresse-shop.it\/de\/wp-json\/wp\/v2\/product_tag?post=395666"}],"curies":[{"name":"wp","href":"https:\/\/api.w.org\/{rel}","templated":true}]}}