{"id":395498,"date":"2024-03-11T11:40:14","date_gmt":"2024-03-11T11:40:16","guid":{"rendered":"https:\/\/www.erresse-shop.it\/?post_type=product&#038;p=395498"},"modified":"2025-01-17T17:57:58","modified_gmt":"2025-01-17T17:57:58","slug":"venini-coppa-murrine-romane-nummerierte-ausgabe-rot-und-gelb","status":"publish","type":"product","link":"https:\/\/www.erresse-shop.it\/de\/shop\/einrichtung-haus\/vasen\/venini-coppa-murrine-romane-nummerierte-ausgabe-rot-und-gelb\/","title":{"rendered":"VENINI Coppa Murrine Romane Nummerierte Ausgabe Rot und Gelb"},"content":{"rendered":"<p>Die Farbkomposition erzeugt Effekte, die an eine Welt erinnern, die real war und nun traumhaft geworden ist. Das Rot, Gr\u00fcn und Gelb, das 1940 f\u00fcr die Fresken in den H\u00e4usern und Pal\u00e4sten des alten Roms verwendet wurde, wurde zu Vasen und Glasbechern. Das Werk von Carlo Scarpa.<\/p>\n<p><b><strong>Modell<\/strong><\/b>: Murrine Romane<\/p>\n<p><b><strong>Farbe<\/strong><\/b>: Rot und Gelb<\/p>\n<p><b><strong>Material<\/strong><\/b>: Glas<\/p>\n<p><b><strong>Abmessungen:<\/strong><\/b> Durchmesser: 21 cm x H\u00f6he: 15 cm<\/p>\n<p><b><strong>AUS SICHERHEITSGR\u00dcNDEN, DA ES SICH UM EIN LUXUSPRODUKT HANDELT, KANN DIE VERSANDZEIT ZWEI ZUS\u00c4TZLICHE TAGE DAUERN.<\/strong><\/b><\/p>\n","protected":false},"excerpt":{"rendered":"<p><br data-mce-bogus=\"1\"><\/p>\n","protected":false},"featured_media":488959,"template":"","meta":{"_acf_changed":false,"inline_featured_image":false},"product_cat":[6817,14421],"product_tag":[25182,24681,11718,25022,11847,15486],"acf":[],"yoast_head":"<!-- This site is optimized with the Yoast SEO Premium plugin v18.6 (Yoast SEO v19.13) - https:\/\/yoast.com\/wordpress\/plugins\/seo\/ -->\n<title>VENINI Coppa Murrine Romane Nummerierte Ausgabe Rot und Gelb<\/title>\n<meta name=\"description\" content=\"Entdecken Sie VENINI Coppa Murrine Romane Nummerierte Ausgabe Rot und Gelb bei ErresseShop. Qualit\u00e4t, Stil und Funktionalit\u00e4t \u2013 jetzt online bestellen!\" \/>\n<meta name=\"robots\" content=\"index, follow, max-snippet:-1, max-image-preview:large, max-video-preview:-1\" \/>\n<link rel=\"canonical\" href=\"https:\/\/www.erresse-shop.it\/de\/shop\/einrichtung-haus\/vasen\/venini-coppa-murrine-romane-nummerierte-ausgabe-rot-und-gelb\/\" \/>\n<meta property=\"og:locale\" content=\"de_DE\" \/>\n<meta property=\"og:type\" content=\"article\" \/>\n<meta property=\"og:title\" content=\"VENINI Coppa Murrine Romane Nummerierte Ausgabe Rot und Gelb\" \/>\n<meta property=\"og:description\" content=\"Entdecken Sie VENINI Coppa Murrine Romane Nummerierte Ausgabe Rot und Gelb bei ErresseShop. Qualit\u00e4t, Stil und Funktionalit\u00e4t \u2013 jetzt online bestellen!\" \/>\n<meta property=\"og:url\" content=\"https:\/\/www.erresse-shop.it\/de\/shop\/einrichtung-haus\/vasen\/venini-coppa-murrine-romane-nummerierte-ausgabe-rot-und-gelb\/\" \/>\n<meta property=\"og:site_name\" content=\"Erresse Shop\" \/>\n<meta property=\"article:modified_time\" content=\"2025-01-17T17:57:58+00:00\" \/>\n<meta property=\"og:image\" content=\"https:\/\/www.erresse-shop.it\/wp-content\/uploads\/2024\/03\/VENINI-COPPA.jpg\" \/>\n\t<meta property=\"og:image:width\" content=\"800\" \/>\n\t<meta property=\"og:image:height\" content=\"800\" \/>\n\t<meta property=\"og:image:type\" content=\"image\/jpeg\" \/>\n<meta name=\"twitter:card\" content=\"summary_large_image\" \/>\n<script type=\"application\/ld+json\" class=\"yoast-schema-graph\">{\"@context\":\"https:\/\/schema.org\",\"@graph\":[{\"@type\":\"WebPage\",\"@id\":\"https:\/\/www.erresse-shop.it\/de\/shop\/einrichtung-haus\/vasen\/venini-coppa-murrine-romane-nummerierte-ausgabe-rot-und-gelb\/\",\"url\":\"https:\/\/www.erresse-shop.it\/de\/shop\/einrichtung-haus\/vasen\/venini-coppa-murrine-romane-nummerierte-ausgabe-rot-und-gelb\/\",\"name\":\"VENINI Coppa Murrine Romane Nummerierte Ausgabe Rot und Gelb\",\"isPartOf\":{\"@id\":\"https:\/\/www.erresse-shop.it\/de\/#website\"},\"datePublished\":\"2024-03-11T11:40:16+00:00\",\"dateModified\":\"2025-01-17T17:57:58+00:00\",\"description\":\"Entdecken Sie VENINI Coppa Murrine Romane Nummerierte Ausgabe Rot und Gelb bei ErresseShop. Qualit\u00e4t, Stil und Funktionalit\u00e4t \u2013 jetzt online bestellen!\",\"breadcrumb\":{\"@id\":\"https:\/\/www.erresse-shop.it\/de\/shop\/einrichtung-haus\/vasen\/venini-coppa-murrine-romane-nummerierte-ausgabe-rot-und-gelb\/#breadcrumb\"},\"inLanguage\":\"de-DE\",\"potentialAction\":[{\"@type\":\"ReadAction\",\"target\":[\"https:\/\/www.erresse-shop.it\/de\/shop\/einrichtung-haus\/vasen\/venini-coppa-murrine-romane-nummerierte-ausgabe-rot-und-gelb\/\"]}]},{\"@type\":\"BreadcrumbList\",\"@id\":\"https:\/\/www.erresse-shop.it\/de\/shop\/einrichtung-haus\/vasen\/venini-coppa-murrine-romane-nummerierte-ausgabe-rot-und-gelb\/#breadcrumb\",\"itemListElement\":[{\"@type\":\"ListItem\",\"position\":1,\"name\":\"Home\",\"item\":\"https:\/\/www.erresse-shop.it\/de\/\"},{\"@type\":\"ListItem\",\"position\":2,\"name\":\"Shop\",\"item\":\"https:\/\/www.erresse-shop.it\/de\/shop\/\"},{\"@type\":\"ListItem\",\"position\":3,\"name\":\"VENINI Coppa Murrine Romane Nummerierte Ausgabe Rot und Gelb\"}]},{\"@type\":\"WebSite\",\"@id\":\"https:\/\/www.erresse-shop.it\/de\/#website\",\"url\":\"https:\/\/www.erresse-shop.it\/de\/\",\"name\":\"Erresse Shop\",\"description\":\"Articoli di qualit\u00e0 per la casa\",\"potentialAction\":[{\"@type\":\"SearchAction\",\"target\":{\"@type\":\"EntryPoint\",\"urlTemplate\":\"https:\/\/www.erresse-shop.it\/de\/?s={search_term_string}\"},\"query-input\":\"required name=search_term_string\"}],\"inLanguage\":\"de-DE\"}]}<\/script>\n<!-- \/ Yoast SEO Premium plugin. -->","yoast_head_json":{"title":"VENINI Coppa Murrine Romane Nummerierte Ausgabe Rot und Gelb","description":"Entdecken Sie VENINI Coppa Murrine Romane Nummerierte Ausgabe Rot und Gelb bei ErresseShop. Qualit\u00e4t, Stil und Funktionalit\u00e4t \u2013 jetzt online bestellen!","robots":{"index":"index","follow":"follow","max-snippet":"max-snippet:-1","max-image-preview":"max-image-preview:large","max-video-preview":"max-video-preview:-1"},"canonical":"https:\/\/www.erresse-shop.it\/de\/shop\/einrichtung-haus\/vasen\/venini-coppa-murrine-romane-nummerierte-ausgabe-rot-und-gelb\/","og_locale":"de_DE","og_type":"article","og_title":"VENINI Coppa Murrine Romane Nummerierte Ausgabe Rot und Gelb","og_description":"Entdecken Sie VENINI Coppa Murrine Romane Nummerierte Ausgabe Rot und Gelb bei ErresseShop. Qualit\u00e4t, Stil und Funktionalit\u00e4t \u2013 jetzt online bestellen!","og_url":"https:\/\/www.erresse-shop.it\/de\/shop\/einrichtung-haus\/vasen\/venini-coppa-murrine-romane-nummerierte-ausgabe-rot-und-gelb\/","og_site_name":"Erresse Shop","article_modified_time":"2025-01-17T17:57:58+00:00","og_image":[{"width":800,"height":800,"url":"https:\/\/www.erresse-shop.it\/wp-content\/uploads\/2024\/03\/VENINI-COPPA.jpg","type":"image\/jpeg"}],"twitter_card":"summary_large_image","schema":{"@context":"https:\/\/schema.org","@graph":[{"@type":"WebPage","@id":"https:\/\/www.erresse-shop.it\/de\/shop\/einrichtung-haus\/vasen\/venini-coppa-murrine-romane-nummerierte-ausgabe-rot-und-gelb\/","url":"https:\/\/www.erresse-shop.it\/de\/shop\/einrichtung-haus\/vasen\/venini-coppa-murrine-romane-nummerierte-ausgabe-rot-und-gelb\/","name":"VENINI Coppa Murrine Romane Nummerierte Ausgabe Rot und Gelb","isPartOf":{"@id":"https:\/\/www.erresse-shop.it\/de\/#website"},"datePublished":"2024-03-11T11:40:16+00:00","dateModified":"2025-01-17T17:57:58+00:00","description":"Entdecken Sie VENINI Coppa Murrine Romane Nummerierte Ausgabe Rot und Gelb bei ErresseShop. Qualit\u00e4t, Stil und Funktionalit\u00e4t \u2013 jetzt online bestellen!","breadcrumb":{"@id":"https:\/\/www.erresse-shop.it\/de\/shop\/einrichtung-haus\/vasen\/venini-coppa-murrine-romane-nummerierte-ausgabe-rot-und-gelb\/#breadcrumb"},"inLanguage":"de-DE","potentialAction":[{"@type":"ReadAction","target":["https:\/\/www.erresse-shop.it\/de\/shop\/einrichtung-haus\/vasen\/venini-coppa-murrine-romane-nummerierte-ausgabe-rot-und-gelb\/"]}]},{"@type":"BreadcrumbList","@id":"https:\/\/www.erresse-shop.it\/de\/shop\/einrichtung-haus\/vasen\/venini-coppa-murrine-romane-nummerierte-ausgabe-rot-und-gelb\/#breadcrumb","itemListElement":[{"@type":"ListItem","position":1,"name":"Home","item":"https:\/\/www.erresse-shop.it\/de\/"},{"@type":"ListItem","position":2,"name":"Shop","item":"https:\/\/www.erresse-shop.it\/de\/shop\/"},{"@type":"ListItem","position":3,"name":"VENINI Coppa Murrine Romane Nummerierte Ausgabe Rot und Gelb"}]},{"@type":"WebSite","@id":"https:\/\/www.erresse-shop.it\/de\/#website","url":"https:\/\/www.erresse-shop.it\/de\/","name":"Erresse Shop","description":"Articoli di qualit\u00e0 per la casa","potentialAction":[{"@type":"SearchAction","target":{"@type":"EntryPoint","urlTemplate":"https:\/\/www.erresse-shop.it\/de\/?s={search_term_string}"},"query-input":"required name=search_term_string"}],"inLanguage":"de-DE"}]}},"df_price":1768,"df_sale_price":1768,"df_regular_price":3400,"df_image_link":"https:\/\/www.erresse-shop.it\/wp-content\/uploads\/2024\/03\/VENINI-Coppa-Murrine-Romane-Edizione-Numerata-Rosso-e-Giallo-300x300.jpg","_links":{"self":[{"href":"https:\/\/www.erresse-shop.it\/de\/wp-json\/wp\/v2\/product\/395498"}],"collection":[{"href":"https:\/\/www.erresse-shop.it\/de\/wp-json\/wp\/v2\/product"}],"about":[{"href":"https:\/\/www.erresse-shop.it\/de\/wp-json\/wp\/v2\/types\/product"}],"wp:featuredmedia":[{"embeddable":true,"href":"https:\/\/www.erresse-shop.it\/de\/wp-json\/wp\/v2\/media\/488959"}],"wp:attachment":[{"href":"https:\/\/www.erresse-shop.it\/de\/wp-json\/wp\/v2\/media?parent=395498"}],"wp:term":[{"taxonomy":"product_cat","embeddable":true,"href":"https:\/\/www.erresse-shop.it\/de\/wp-json\/wp\/v2\/product_cat?post=395498"},{"taxonomy":"product_tag","embeddable":true,"href":"https:\/\/www.erresse-shop.it\/de\/wp-json\/wp\/v2\/product_tag?post=395498"}],"curies":[{"name":"wp","href":"https:\/\/api.w.org\/{rel}","templated":true}]}}