{"id":395349,"date":"2024-03-11T10:36:38","date_gmt":"2024-03-11T10:36:39","guid":{"rendered":"https:\/\/www.erresse-shop.it\/?post_type=product&#038;p=395349"},"modified":"2025-01-17T17:57:47","modified_gmt":"2025-01-17T17:57:47","slug":"venini-vase-geacolor-di-gae-aulenti","status":"publish","type":"product","link":"https:\/\/www.erresse-shop.it\/de\/shop\/einrichtung-haus\/vasen\/venini-vase-geacolor-di-gae-aulenti\/","title":{"rendered":"VENINI Vase Geacolor di Gae Aulenti"},"content":{"rendered":"<p>Zuf\u00e4llig wirkende Silhouetten, unregelm\u00e4\u00dfige Projektionen und Oberfl\u00e4chen, die mit den Augen und Fingern erkundet werden k\u00f6nnen. Geschaffen mit der Technik der hei\u00dfen und fliegenden Farben, die die Schattierungen leiten und ihnen helfen, sich zu positionieren und zu formen. Die Vase von Gae Aulenti ist eine von tausend verschiedenen Vasen: sie ver\u00e4ndert sich mit dem Licht, dem Winkel und den Augen des Betrachters.<\/p>\n<p><b><strong>Farbe<\/strong><\/b>: Multicolour<\/p>\n<p><b><strong>Material<\/strong><\/b>: Glas<\/p>\n<p><b><strong>Abmessungen<\/strong><\/b>: Durchmesser: 30 cm und Gewicht: 9 kg<\/p>\n<p><b><strong>AUS SICHERHEITSGR\u00dcNDEN, DA ES SICH UM EIN LUXUSPRODUKT HANDELT, KANN DER VERSAND ZWEI TAGE L\u00c4NGER DAUERN.<\/strong><\/b><\/p>\n","protected":false},"excerpt":{"rendered":"<p>Zuf\u00e4llig wirkende Silhouetten, unregelm\u00e4\u00dfige Projektionen und Oberfl\u00e4chen, die mit den Augen und Fingern erkundet werden k\u00f6nnen. Geschaffen mit der Technik<\/p>\n","protected":false},"featured_media":395357,"template":"","meta":{"_acf_changed":false,"inline_featured_image":false},"product_cat":[6817,14421],"product_tag":[25182,24681,11718,25022,11847,15486],"acf":[],"yoast_head":"<!-- This site is optimized with the Yoast SEO Premium plugin v18.6 (Yoast SEO v19.13) - https:\/\/yoast.com\/wordpress\/plugins\/seo\/ -->\n<title>VENINI Vase Geacolor di Gae Aulenti<\/title>\n<meta name=\"description\" content=\"Entdecken Sie VENINI Vase Geacolor di Gae Aulenti bei ErresseShop. Qualit\u00e4t, Stil und Funktionalit\u00e4t \u2013 jetzt online bestellen!\" \/>\n<meta name=\"robots\" content=\"index, follow, max-snippet:-1, max-image-preview:large, max-video-preview:-1\" \/>\n<link rel=\"canonical\" href=\"https:\/\/www.erresse-shop.it\/de\/shop\/einrichtung-haus\/vasen\/venini-vase-geacolor-di-gae-aulenti\/\" \/>\n<meta property=\"og:locale\" content=\"de_DE\" \/>\n<meta property=\"og:type\" content=\"article\" \/>\n<meta property=\"og:title\" content=\"VENINI Vase Geacolor di Gae Aulenti\" \/>\n<meta property=\"og:description\" content=\"Entdecken Sie VENINI Vase Geacolor di Gae Aulenti bei ErresseShop. Qualit\u00e4t, Stil und Funktionalit\u00e4t \u2013 jetzt online bestellen!\" \/>\n<meta property=\"og:url\" content=\"https:\/\/www.erresse-shop.it\/de\/shop\/einrichtung-haus\/vasen\/venini-vase-geacolor-di-gae-aulenti\/\" \/>\n<meta property=\"og:site_name\" content=\"Erresse Shop\" \/>\n<meta property=\"article:modified_time\" content=\"2025-01-17T17:57:47+00:00\" \/>\n<meta property=\"og:image\" content=\"https:\/\/www.erresse-shop.it\/wp-content\/uploads\/2024\/03\/VENINI-Vaso-Geacolor-di-Gae-Aulenti.jpg\" \/>\n\t<meta property=\"og:image:width\" content=\"800\" \/>\n\t<meta property=\"og:image:height\" content=\"800\" \/>\n\t<meta property=\"og:image:type\" content=\"image\/jpeg\" \/>\n<meta name=\"twitter:card\" content=\"summary_large_image\" \/>\n<script type=\"application\/ld+json\" class=\"yoast-schema-graph\">{\"@context\":\"https:\/\/schema.org\",\"@graph\":[{\"@type\":\"WebPage\",\"@id\":\"https:\/\/www.erresse-shop.it\/de\/shop\/einrichtung-haus\/vasen\/venini-vase-geacolor-di-gae-aulenti\/\",\"url\":\"https:\/\/www.erresse-shop.it\/de\/shop\/einrichtung-haus\/vasen\/venini-vase-geacolor-di-gae-aulenti\/\",\"name\":\"VENINI Vase Geacolor di Gae Aulenti\",\"isPartOf\":{\"@id\":\"https:\/\/www.erresse-shop.it\/de\/#website\"},\"datePublished\":\"2024-03-11T10:36:39+00:00\",\"dateModified\":\"2025-01-17T17:57:47+00:00\",\"description\":\"Entdecken Sie VENINI Vase Geacolor di Gae Aulenti bei ErresseShop. Qualit\u00e4t, Stil und Funktionalit\u00e4t \u2013 jetzt online bestellen!\",\"breadcrumb\":{\"@id\":\"https:\/\/www.erresse-shop.it\/de\/shop\/einrichtung-haus\/vasen\/venini-vase-geacolor-di-gae-aulenti\/#breadcrumb\"},\"inLanguage\":\"de-DE\",\"potentialAction\":[{\"@type\":\"ReadAction\",\"target\":[\"https:\/\/www.erresse-shop.it\/de\/shop\/einrichtung-haus\/vasen\/venini-vase-geacolor-di-gae-aulenti\/\"]}]},{\"@type\":\"BreadcrumbList\",\"@id\":\"https:\/\/www.erresse-shop.it\/de\/shop\/einrichtung-haus\/vasen\/venini-vase-geacolor-di-gae-aulenti\/#breadcrumb\",\"itemListElement\":[{\"@type\":\"ListItem\",\"position\":1,\"name\":\"Home\",\"item\":\"https:\/\/www.erresse-shop.it\/de\/\"},{\"@type\":\"ListItem\",\"position\":2,\"name\":\"Shop\",\"item\":\"https:\/\/www.erresse-shop.it\/de\/shop\/\"},{\"@type\":\"ListItem\",\"position\":3,\"name\":\"VENINI Vase Geacolor di Gae Aulenti\"}]},{\"@type\":\"WebSite\",\"@id\":\"https:\/\/www.erresse-shop.it\/de\/#website\",\"url\":\"https:\/\/www.erresse-shop.it\/de\/\",\"name\":\"Erresse Shop\",\"description\":\"Articoli di qualit\u00e0 per la casa\",\"potentialAction\":[{\"@type\":\"SearchAction\",\"target\":{\"@type\":\"EntryPoint\",\"urlTemplate\":\"https:\/\/www.erresse-shop.it\/de\/?s={search_term_string}\"},\"query-input\":\"required name=search_term_string\"}],\"inLanguage\":\"de-DE\"}]}<\/script>\n<!-- \/ Yoast SEO Premium plugin. -->","yoast_head_json":{"title":"VENINI Vase Geacolor di Gae Aulenti","description":"Entdecken Sie VENINI Vase Geacolor di Gae Aulenti bei ErresseShop. Qualit\u00e4t, Stil und Funktionalit\u00e4t \u2013 jetzt online bestellen!","robots":{"index":"index","follow":"follow","max-snippet":"max-snippet:-1","max-image-preview":"max-image-preview:large","max-video-preview":"max-video-preview:-1"},"canonical":"https:\/\/www.erresse-shop.it\/de\/shop\/einrichtung-haus\/vasen\/venini-vase-geacolor-di-gae-aulenti\/","og_locale":"de_DE","og_type":"article","og_title":"VENINI Vase Geacolor di Gae Aulenti","og_description":"Entdecken Sie VENINI Vase Geacolor di Gae Aulenti bei ErresseShop. Qualit\u00e4t, Stil und Funktionalit\u00e4t \u2013 jetzt online bestellen!","og_url":"https:\/\/www.erresse-shop.it\/de\/shop\/einrichtung-haus\/vasen\/venini-vase-geacolor-di-gae-aulenti\/","og_site_name":"Erresse Shop","article_modified_time":"2025-01-17T17:57:47+00:00","og_image":[{"width":800,"height":800,"url":"https:\/\/www.erresse-shop.it\/wp-content\/uploads\/2024\/03\/VENINI-Vaso-Geacolor-di-Gae-Aulenti.jpg","type":"image\/jpeg"}],"twitter_card":"summary_large_image","schema":{"@context":"https:\/\/schema.org","@graph":[{"@type":"WebPage","@id":"https:\/\/www.erresse-shop.it\/de\/shop\/einrichtung-haus\/vasen\/venini-vase-geacolor-di-gae-aulenti\/","url":"https:\/\/www.erresse-shop.it\/de\/shop\/einrichtung-haus\/vasen\/venini-vase-geacolor-di-gae-aulenti\/","name":"VENINI Vase Geacolor di Gae Aulenti","isPartOf":{"@id":"https:\/\/www.erresse-shop.it\/de\/#website"},"datePublished":"2024-03-11T10:36:39+00:00","dateModified":"2025-01-17T17:57:47+00:00","description":"Entdecken Sie VENINI Vase Geacolor di Gae Aulenti bei ErresseShop. Qualit\u00e4t, Stil und Funktionalit\u00e4t \u2013 jetzt online bestellen!","breadcrumb":{"@id":"https:\/\/www.erresse-shop.it\/de\/shop\/einrichtung-haus\/vasen\/venini-vase-geacolor-di-gae-aulenti\/#breadcrumb"},"inLanguage":"de-DE","potentialAction":[{"@type":"ReadAction","target":["https:\/\/www.erresse-shop.it\/de\/shop\/einrichtung-haus\/vasen\/venini-vase-geacolor-di-gae-aulenti\/"]}]},{"@type":"BreadcrumbList","@id":"https:\/\/www.erresse-shop.it\/de\/shop\/einrichtung-haus\/vasen\/venini-vase-geacolor-di-gae-aulenti\/#breadcrumb","itemListElement":[{"@type":"ListItem","position":1,"name":"Home","item":"https:\/\/www.erresse-shop.it\/de\/"},{"@type":"ListItem","position":2,"name":"Shop","item":"https:\/\/www.erresse-shop.it\/de\/shop\/"},{"@type":"ListItem","position":3,"name":"VENINI Vase Geacolor di Gae Aulenti"}]},{"@type":"WebSite","@id":"https:\/\/www.erresse-shop.it\/de\/#website","url":"https:\/\/www.erresse-shop.it\/de\/","name":"Erresse Shop","description":"Articoli di qualit\u00e0 per la casa","potentialAction":[{"@type":"SearchAction","target":{"@type":"EntryPoint","urlTemplate":"https:\/\/www.erresse-shop.it\/de\/?s={search_term_string}"},"query-input":"required name=search_term_string"}],"inLanguage":"de-DE"}]}},"df_price":2574,"df_sale_price":2574,"df_regular_price":4950,"df_image_link":"https:\/\/www.erresse-shop.it\/wp-content\/uploads\/2024\/03\/VENINI-Vaso-Geacolor-di-Gae-Aulenti-300x300.jpg","_links":{"self":[{"href":"https:\/\/www.erresse-shop.it\/de\/wp-json\/wp\/v2\/product\/395349"}],"collection":[{"href":"https:\/\/www.erresse-shop.it\/de\/wp-json\/wp\/v2\/product"}],"about":[{"href":"https:\/\/www.erresse-shop.it\/de\/wp-json\/wp\/v2\/types\/product"}],"wp:featuredmedia":[{"embeddable":true,"href":"https:\/\/www.erresse-shop.it\/de\/wp-json\/wp\/v2\/media\/395357"}],"wp:attachment":[{"href":"https:\/\/www.erresse-shop.it\/de\/wp-json\/wp\/v2\/media?parent=395349"}],"wp:term":[{"taxonomy":"product_cat","embeddable":true,"href":"https:\/\/www.erresse-shop.it\/de\/wp-json\/wp\/v2\/product_cat?post=395349"},{"taxonomy":"product_tag","embeddable":true,"href":"https:\/\/www.erresse-shop.it\/de\/wp-json\/wp\/v2\/product_tag?post=395349"}],"curies":[{"name":"wp","href":"https:\/\/api.w.org\/{rel}","templated":true}]}}