{"id":395256,"date":"2024-03-11T09:55:36","date_gmt":"2024-03-11T09:55:38","guid":{"rendered":"https:\/\/www.erresse-shop.it\/?post_type=product&#038;p=395256"},"modified":"2025-01-17T17:59:16","modified_gmt":"2025-01-17T17:59:16","slug":"versace-home-becher-mit-deckel-jungle","status":"publish","type":"product","link":"https:\/\/www.erresse-shop.it\/de\/shop\/tisch\/tassen\/versace-home-becher-mit-deckel-jungle\/","title":{"rendered":"VERSACE HOME Becher mit Deckel Jungle"},"content":{"rendered":"<p>Zur Feier des 30-j\u00e4hrigen Jubil\u00e4ums bringt Rosenthal meets Versace eine limitierte Sonderkollektion auf den Markt. 30 Tassen, dekoriert mit 30 legend\u00e4ren Dekoren, erz\u00e4hlen die Geschichte dieser au\u00dfergew\u00f6hnlichen Zusammenarbeit als eine Reise durch Zeit, Raum und Kulturen. Die exquisiten Deckel sind mit einem goldenen Medusa-Kopf verziert, dem ikonischen Symbol von Versace seit den Anf\u00e4ngen.<\/p>\n<p><b><strong>Material<\/strong><\/b>: Porzellan<\/p>\n<p><b><strong>Abmessungen<\/strong><\/b>: 12 cm hoch<\/p>\n<p><b><strong>DA ES SICH UM EIN LUXUSPRODUKT HANDELT, KANN DIE VERSANDZEIT AUS SICHERHEITSGR\u00dcNDEN ZWEI TAGE L\u00c4NGER DAUERN.<\/strong><\/b><\/p>\n","protected":false},"excerpt":{"rendered":"<p><br data-mce-bogus=\"1\"><\/p>\n","protected":false},"featured_media":395230,"template":"","meta":{"_acf_changed":false,"inline_featured_image":false},"product_cat":[6847,6787],"product_tag":[25182,24681,11921,25022,11640,17841],"acf":[],"yoast_head":"<!-- This site is optimized with the Yoast SEO Premium plugin v18.6 (Yoast SEO v19.13) - https:\/\/yoast.com\/wordpress\/plugins\/seo\/ -->\n<title>VERSACE HOME Becher mit Deckel Jungle<\/title>\n<meta name=\"description\" content=\"Entdecken Sie VERSACE HOME Becher mit Deckel Jungle bei ErresseShop. Qualit\u00e4t, Stil und Funktionalit\u00e4t \u2013 jetzt online bestellen!\" \/>\n<meta name=\"robots\" content=\"index, follow, max-snippet:-1, max-image-preview:large, max-video-preview:-1\" \/>\n<link rel=\"canonical\" href=\"https:\/\/www.erresse-shop.it\/de\/shop\/tisch\/tassen\/versace-home-becher-mit-deckel-jungle\/\" \/>\n<meta property=\"og:locale\" content=\"de_DE\" \/>\n<meta property=\"og:type\" content=\"article\" \/>\n<meta property=\"og:title\" content=\"VERSACE HOME Becher mit Deckel Jungle\" \/>\n<meta property=\"og:description\" content=\"Entdecken Sie VERSACE HOME Becher mit Deckel Jungle bei ErresseShop. Qualit\u00e4t, Stil und Funktionalit\u00e4t \u2013 jetzt online bestellen!\" \/>\n<meta property=\"og:url\" content=\"https:\/\/www.erresse-shop.it\/de\/shop\/tisch\/tassen\/versace-home-becher-mit-deckel-jungle\/\" \/>\n<meta property=\"og:site_name\" content=\"Erresse Shop\" \/>\n<meta property=\"article:modified_time\" content=\"2025-01-17T17:59:16+00:00\" \/>\n<meta property=\"og:image\" content=\"https:\/\/www.erresse-shop.it\/wp-content\/uploads\/2024\/03\/VERSACE-mug-coperchio-limited-jungle.jpg\" \/>\n\t<meta property=\"og:image:width\" content=\"800\" \/>\n\t<meta property=\"og:image:height\" content=\"800\" \/>\n\t<meta property=\"og:image:type\" content=\"image\/jpeg\" \/>\n<meta name=\"twitter:card\" content=\"summary_large_image\" \/>\n<script type=\"application\/ld+json\" class=\"yoast-schema-graph\">{\"@context\":\"https:\/\/schema.org\",\"@graph\":[{\"@type\":\"WebPage\",\"@id\":\"https:\/\/www.erresse-shop.it\/de\/shop\/tisch\/tassen\/versace-home-becher-mit-deckel-jungle\/\",\"url\":\"https:\/\/www.erresse-shop.it\/de\/shop\/tisch\/tassen\/versace-home-becher-mit-deckel-jungle\/\",\"name\":\"VERSACE HOME Becher mit Deckel Jungle\",\"isPartOf\":{\"@id\":\"https:\/\/www.erresse-shop.it\/de\/#website\"},\"datePublished\":\"2024-03-11T09:55:38+00:00\",\"dateModified\":\"2025-01-17T17:59:16+00:00\",\"description\":\"Entdecken Sie VERSACE HOME Becher mit Deckel Jungle bei ErresseShop. Qualit\u00e4t, Stil und Funktionalit\u00e4t \u2013 jetzt online bestellen!\",\"breadcrumb\":{\"@id\":\"https:\/\/www.erresse-shop.it\/de\/shop\/tisch\/tassen\/versace-home-becher-mit-deckel-jungle\/#breadcrumb\"},\"inLanguage\":\"de-DE\",\"potentialAction\":[{\"@type\":\"ReadAction\",\"target\":[\"https:\/\/www.erresse-shop.it\/de\/shop\/tisch\/tassen\/versace-home-becher-mit-deckel-jungle\/\"]}]},{\"@type\":\"BreadcrumbList\",\"@id\":\"https:\/\/www.erresse-shop.it\/de\/shop\/tisch\/tassen\/versace-home-becher-mit-deckel-jungle\/#breadcrumb\",\"itemListElement\":[{\"@type\":\"ListItem\",\"position\":1,\"name\":\"Home\",\"item\":\"https:\/\/www.erresse-shop.it\/de\/\"},{\"@type\":\"ListItem\",\"position\":2,\"name\":\"Shop\",\"item\":\"https:\/\/www.erresse-shop.it\/de\/shop\/\"},{\"@type\":\"ListItem\",\"position\":3,\"name\":\"VERSACE HOME Becher mit Deckel Jungle\"}]},{\"@type\":\"WebSite\",\"@id\":\"https:\/\/www.erresse-shop.it\/de\/#website\",\"url\":\"https:\/\/www.erresse-shop.it\/de\/\",\"name\":\"Erresse Shop\",\"description\":\"Articoli di qualit\u00e0 per la casa\",\"potentialAction\":[{\"@type\":\"SearchAction\",\"target\":{\"@type\":\"EntryPoint\",\"urlTemplate\":\"https:\/\/www.erresse-shop.it\/de\/?s={search_term_string}\"},\"query-input\":\"required name=search_term_string\"}],\"inLanguage\":\"de-DE\"}]}<\/script>\n<!-- \/ Yoast SEO Premium plugin. -->","yoast_head_json":{"title":"VERSACE HOME Becher mit Deckel Jungle","description":"Entdecken Sie VERSACE HOME Becher mit Deckel Jungle bei ErresseShop. Qualit\u00e4t, Stil und Funktionalit\u00e4t \u2013 jetzt online bestellen!","robots":{"index":"index","follow":"follow","max-snippet":"max-snippet:-1","max-image-preview":"max-image-preview:large","max-video-preview":"max-video-preview:-1"},"canonical":"https:\/\/www.erresse-shop.it\/de\/shop\/tisch\/tassen\/versace-home-becher-mit-deckel-jungle\/","og_locale":"de_DE","og_type":"article","og_title":"VERSACE HOME Becher mit Deckel Jungle","og_description":"Entdecken Sie VERSACE HOME Becher mit Deckel Jungle bei ErresseShop. Qualit\u00e4t, Stil und Funktionalit\u00e4t \u2013 jetzt online bestellen!","og_url":"https:\/\/www.erresse-shop.it\/de\/shop\/tisch\/tassen\/versace-home-becher-mit-deckel-jungle\/","og_site_name":"Erresse Shop","article_modified_time":"2025-01-17T17:59:16+00:00","og_image":[{"width":800,"height":800,"url":"https:\/\/www.erresse-shop.it\/wp-content\/uploads\/2024\/03\/VERSACE-mug-coperchio-limited-jungle.jpg","type":"image\/jpeg"}],"twitter_card":"summary_large_image","schema":{"@context":"https:\/\/schema.org","@graph":[{"@type":"WebPage","@id":"https:\/\/www.erresse-shop.it\/de\/shop\/tisch\/tassen\/versace-home-becher-mit-deckel-jungle\/","url":"https:\/\/www.erresse-shop.it\/de\/shop\/tisch\/tassen\/versace-home-becher-mit-deckel-jungle\/","name":"VERSACE HOME Becher mit Deckel Jungle","isPartOf":{"@id":"https:\/\/www.erresse-shop.it\/de\/#website"},"datePublished":"2024-03-11T09:55:38+00:00","dateModified":"2025-01-17T17:59:16+00:00","description":"Entdecken Sie VERSACE HOME Becher mit Deckel Jungle bei ErresseShop. Qualit\u00e4t, Stil und Funktionalit\u00e4t \u2013 jetzt online bestellen!","breadcrumb":{"@id":"https:\/\/www.erresse-shop.it\/de\/shop\/tisch\/tassen\/versace-home-becher-mit-deckel-jungle\/#breadcrumb"},"inLanguage":"de-DE","potentialAction":[{"@type":"ReadAction","target":["https:\/\/www.erresse-shop.it\/de\/shop\/tisch\/tassen\/versace-home-becher-mit-deckel-jungle\/"]}]},{"@type":"BreadcrumbList","@id":"https:\/\/www.erresse-shop.it\/de\/shop\/tisch\/tassen\/versace-home-becher-mit-deckel-jungle\/#breadcrumb","itemListElement":[{"@type":"ListItem","position":1,"name":"Home","item":"https:\/\/www.erresse-shop.it\/de\/"},{"@type":"ListItem","position":2,"name":"Shop","item":"https:\/\/www.erresse-shop.it\/de\/shop\/"},{"@type":"ListItem","position":3,"name":"VERSACE HOME Becher mit Deckel Jungle"}]},{"@type":"WebSite","@id":"https:\/\/www.erresse-shop.it\/de\/#website","url":"https:\/\/www.erresse-shop.it\/de\/","name":"Erresse Shop","description":"Articoli di qualit\u00e0 per la casa","potentialAction":[{"@type":"SearchAction","target":{"@type":"EntryPoint","urlTemplate":"https:\/\/www.erresse-shop.it\/de\/?s={search_term_string}"},"query-input":"required name=search_term_string"}],"inLanguage":"de-DE"}]}},"df_price":144.5,"df_sale_price":144.5,"df_regular_price":289,"df_image_link":"https:\/\/www.erresse-shop.it\/wp-content\/uploads\/2024\/03\/VERSACE-mug-coperchio-limited-jungle-300x300.jpg","_links":{"self":[{"href":"https:\/\/www.erresse-shop.it\/de\/wp-json\/wp\/v2\/product\/395256"}],"collection":[{"href":"https:\/\/www.erresse-shop.it\/de\/wp-json\/wp\/v2\/product"}],"about":[{"href":"https:\/\/www.erresse-shop.it\/de\/wp-json\/wp\/v2\/types\/product"}],"wp:featuredmedia":[{"embeddable":true,"href":"https:\/\/www.erresse-shop.it\/de\/wp-json\/wp\/v2\/media\/395230"}],"wp:attachment":[{"href":"https:\/\/www.erresse-shop.it\/de\/wp-json\/wp\/v2\/media?parent=395256"}],"wp:term":[{"taxonomy":"product_cat","embeddable":true,"href":"https:\/\/www.erresse-shop.it\/de\/wp-json\/wp\/v2\/product_cat?post=395256"},{"taxonomy":"product_tag","embeddable":true,"href":"https:\/\/www.erresse-shop.it\/de\/wp-json\/wp\/v2\/product_tag?post=395256"}],"curies":[{"name":"wp","href":"https:\/\/api.w.org\/{rel}","templated":true}]}}