{"id":394704,"date":"2024-03-08T10:52:34","date_gmt":"2024-03-08T10:52:35","guid":{"rendered":"https:\/\/www.erresse-shop.it\/?post_type=product&#038;p=394704"},"modified":"2025-01-17T17:58:55","modified_gmt":"2025-01-17T17:58:55","slug":"versace-home-prestige-gala-platzhalter-30-cm-2","status":"publish","type":"product","link":"https:\/\/www.erresse-shop.it\/de\/shop\/einrichtung-haus\/dekoartikel\/versace-home-prestige-gala-platzhalter-30-cm-2\/","title":{"rendered":"VERSACE HOME Prestige Gala Platzhalter 30 cm"},"content":{"rendered":"<p>Barocke Elemente und der griechische Rahmen sind die dominierenden Motive der Kollektion Prestige Gala.<\/p>\n<p>Bei dieser Art der Dekoration werden die Farben bei einer Temperatur von 1000 \u00b0C in die Glasur eingeschmolzen. Bei dieser Technik wird die Glasur weich, absorbiert das Dekor und macht die Farben und den Glanz unzerst\u00f6rbar, was zu einem kratzfesten und \u00e4u\u00dferst widerstandsf\u00e4higen Ergebnis f\u00fchrt. Allerdings sind Golddekorationen aufgrund der Eigenschaften des Materials nicht v\u00f6llig kratzfest.<\/p>\n<p><b><strong>Von Hand ein St\u00fcck nach dem anderen waschen<\/strong><\/b><\/p>\n<p><b><strong>Nach der Reinigung abtropfen lassen<\/strong><\/b><\/p>\n<p><b><strong>Sorgf\u00e4ltig trocknen, um Waschmittelflecken zu vermeiden<\/strong><\/b><\/p>\n<p><b><strong>Farbe<\/strong><\/b>: Multicolour<\/p>\n<p><b><strong>Material:<\/strong><\/b> Porzellan<\/p>\n<p><b><strong>Abmessungen<\/strong><\/b>: Durchmesser: 30 cm<\/p>\n<p><b><strong>AUS SICHERHEITSGR\u00dcNDEN, DA ES SICH UM EIN LUXUSPRODUKT HANDELT, KANN DIE VERSANDZEIT ZWEI TAGE L\u00c4NGER DAUERN.<\/strong><\/b><\/p>\n","protected":false},"excerpt":{"rendered":"<p>Barocke Elemente und der griechische Rahmen sind die dominierenden Motive der Kollektion Prestige Gala. Bei dieser Art der Dekoration werden<\/p>\n","protected":false},"featured_media":394770,"template":"","meta":{"_acf_changed":false,"inline_featured_image":false},"product_cat":[6817,6793,6787,14442],"product_tag":[25182,23691,24681,17840,25022,11827,17841],"acf":[],"yoast_head":"<!-- This site is optimized with the Yoast SEO Premium plugin v18.6 (Yoast SEO v19.13) - https:\/\/yoast.com\/wordpress\/plugins\/seo\/ -->\n<title>VERSACE HOME Prestige Gala Platzhalter 30 cm<\/title>\n<meta name=\"description\" content=\"Entdecken Sie VERSACE HOME Prestige Gala Platzhalter 30 cm bei ErresseShop. Qualit\u00e4t, Stil und Funktionalit\u00e4t \u2013 jetzt online bestellen!\" \/>\n<meta name=\"robots\" content=\"index, follow, max-snippet:-1, max-image-preview:large, max-video-preview:-1\" \/>\n<link rel=\"canonical\" href=\"https:\/\/www.erresse-shop.it\/de\/shop\/einrichtung-haus\/dekoartikel\/versace-home-prestige-gala-platzhalter-30-cm-2\/\" \/>\n<meta property=\"og:locale\" content=\"de_DE\" \/>\n<meta property=\"og:type\" content=\"article\" \/>\n<meta property=\"og:title\" content=\"VERSACE HOME Prestige Gala Platzhalter 30 cm\" \/>\n<meta property=\"og:description\" content=\"Entdecken Sie VERSACE HOME Prestige Gala Platzhalter 30 cm bei ErresseShop. Qualit\u00e4t, Stil und Funktionalit\u00e4t \u2013 jetzt online bestellen!\" \/>\n<meta property=\"og:url\" content=\"https:\/\/www.erresse-shop.it\/de\/shop\/einrichtung-haus\/dekoartikel\/versace-home-prestige-gala-platzhalter-30-cm-2\/\" \/>\n<meta property=\"og:site_name\" content=\"Erresse Shop\" \/>\n<meta property=\"article:modified_time\" content=\"2025-01-17T17:58:55+00:00\" \/>\n<meta property=\"og:image\" content=\"https:\/\/www.erresse-shop.it\/wp-content\/uploads\/2024\/03\/versace-home-les-jardins-de-versace.jpg\" \/>\n\t<meta property=\"og:image:width\" content=\"800\" \/>\n\t<meta property=\"og:image:height\" content=\"800\" \/>\n\t<meta property=\"og:image:type\" content=\"image\/jpeg\" \/>\n<meta name=\"twitter:card\" content=\"summary_large_image\" \/>\n<script type=\"application\/ld+json\" class=\"yoast-schema-graph\">{\"@context\":\"https:\/\/schema.org\",\"@graph\":[{\"@type\":\"WebPage\",\"@id\":\"https:\/\/www.erresse-shop.it\/de\/shop\/einrichtung-haus\/dekoartikel\/versace-home-prestige-gala-platzhalter-30-cm-2\/\",\"url\":\"https:\/\/www.erresse-shop.it\/de\/shop\/einrichtung-haus\/dekoartikel\/versace-home-prestige-gala-platzhalter-30-cm-2\/\",\"name\":\"VERSACE HOME Prestige Gala Platzhalter 30 cm\",\"isPartOf\":{\"@id\":\"https:\/\/www.erresse-shop.it\/de\/#website\"},\"datePublished\":\"2024-03-08T10:52:35+00:00\",\"dateModified\":\"2025-01-17T17:58:55+00:00\",\"description\":\"Entdecken Sie VERSACE HOME Prestige Gala Platzhalter 30 cm bei ErresseShop. Qualit\u00e4t, Stil und Funktionalit\u00e4t \u2013 jetzt online bestellen!\",\"breadcrumb\":{\"@id\":\"https:\/\/www.erresse-shop.it\/de\/shop\/einrichtung-haus\/dekoartikel\/versace-home-prestige-gala-platzhalter-30-cm-2\/#breadcrumb\"},\"inLanguage\":\"de-DE\",\"potentialAction\":[{\"@type\":\"ReadAction\",\"target\":[\"https:\/\/www.erresse-shop.it\/de\/shop\/einrichtung-haus\/dekoartikel\/versace-home-prestige-gala-platzhalter-30-cm-2\/\"]}]},{\"@type\":\"BreadcrumbList\",\"@id\":\"https:\/\/www.erresse-shop.it\/de\/shop\/einrichtung-haus\/dekoartikel\/versace-home-prestige-gala-platzhalter-30-cm-2\/#breadcrumb\",\"itemListElement\":[{\"@type\":\"ListItem\",\"position\":1,\"name\":\"Home\",\"item\":\"https:\/\/www.erresse-shop.it\/de\/\"},{\"@type\":\"ListItem\",\"position\":2,\"name\":\"Shop\",\"item\":\"https:\/\/www.erresse-shop.it\/de\/shop\/\"},{\"@type\":\"ListItem\",\"position\":3,\"name\":\"VERSACE HOME Prestige Gala Platzhalter 30 cm\"}]},{\"@type\":\"WebSite\",\"@id\":\"https:\/\/www.erresse-shop.it\/de\/#website\",\"url\":\"https:\/\/www.erresse-shop.it\/de\/\",\"name\":\"Erresse Shop\",\"description\":\"Articoli di qualit\u00e0 per la casa\",\"potentialAction\":[{\"@type\":\"SearchAction\",\"target\":{\"@type\":\"EntryPoint\",\"urlTemplate\":\"https:\/\/www.erresse-shop.it\/de\/?s={search_term_string}\"},\"query-input\":\"required name=search_term_string\"}],\"inLanguage\":\"de-DE\"}]}<\/script>\n<!-- \/ Yoast SEO Premium plugin. -->","yoast_head_json":{"title":"VERSACE HOME Prestige Gala Platzhalter 30 cm","description":"Entdecken Sie VERSACE HOME Prestige Gala Platzhalter 30 cm bei ErresseShop. Qualit\u00e4t, Stil und Funktionalit\u00e4t \u2013 jetzt online bestellen!","robots":{"index":"index","follow":"follow","max-snippet":"max-snippet:-1","max-image-preview":"max-image-preview:large","max-video-preview":"max-video-preview:-1"},"canonical":"https:\/\/www.erresse-shop.it\/de\/shop\/einrichtung-haus\/dekoartikel\/versace-home-prestige-gala-platzhalter-30-cm-2\/","og_locale":"de_DE","og_type":"article","og_title":"VERSACE HOME Prestige Gala Platzhalter 30 cm","og_description":"Entdecken Sie VERSACE HOME Prestige Gala Platzhalter 30 cm bei ErresseShop. Qualit\u00e4t, Stil und Funktionalit\u00e4t \u2013 jetzt online bestellen!","og_url":"https:\/\/www.erresse-shop.it\/de\/shop\/einrichtung-haus\/dekoartikel\/versace-home-prestige-gala-platzhalter-30-cm-2\/","og_site_name":"Erresse Shop","article_modified_time":"2025-01-17T17:58:55+00:00","og_image":[{"width":800,"height":800,"url":"https:\/\/www.erresse-shop.it\/wp-content\/uploads\/2024\/03\/versace-home-les-jardins-de-versace.jpg","type":"image\/jpeg"}],"twitter_card":"summary_large_image","schema":{"@context":"https:\/\/schema.org","@graph":[{"@type":"WebPage","@id":"https:\/\/www.erresse-shop.it\/de\/shop\/einrichtung-haus\/dekoartikel\/versace-home-prestige-gala-platzhalter-30-cm-2\/","url":"https:\/\/www.erresse-shop.it\/de\/shop\/einrichtung-haus\/dekoartikel\/versace-home-prestige-gala-platzhalter-30-cm-2\/","name":"VERSACE HOME Prestige Gala Platzhalter 30 cm","isPartOf":{"@id":"https:\/\/www.erresse-shop.it\/de\/#website"},"datePublished":"2024-03-08T10:52:35+00:00","dateModified":"2025-01-17T17:58:55+00:00","description":"Entdecken Sie VERSACE HOME Prestige Gala Platzhalter 30 cm bei ErresseShop. Qualit\u00e4t, Stil und Funktionalit\u00e4t \u2013 jetzt online bestellen!","breadcrumb":{"@id":"https:\/\/www.erresse-shop.it\/de\/shop\/einrichtung-haus\/dekoartikel\/versace-home-prestige-gala-platzhalter-30-cm-2\/#breadcrumb"},"inLanguage":"de-DE","potentialAction":[{"@type":"ReadAction","target":["https:\/\/www.erresse-shop.it\/de\/shop\/einrichtung-haus\/dekoartikel\/versace-home-prestige-gala-platzhalter-30-cm-2\/"]}]},{"@type":"BreadcrumbList","@id":"https:\/\/www.erresse-shop.it\/de\/shop\/einrichtung-haus\/dekoartikel\/versace-home-prestige-gala-platzhalter-30-cm-2\/#breadcrumb","itemListElement":[{"@type":"ListItem","position":1,"name":"Home","item":"https:\/\/www.erresse-shop.it\/de\/"},{"@type":"ListItem","position":2,"name":"Shop","item":"https:\/\/www.erresse-shop.it\/de\/shop\/"},{"@type":"ListItem","position":3,"name":"VERSACE HOME Prestige Gala Platzhalter 30 cm"}]},{"@type":"WebSite","@id":"https:\/\/www.erresse-shop.it\/de\/#website","url":"https:\/\/www.erresse-shop.it\/de\/","name":"Erresse Shop","description":"Articoli di qualit\u00e0 per la casa","potentialAction":[{"@type":"SearchAction","target":{"@type":"EntryPoint","urlTemplate":"https:\/\/www.erresse-shop.it\/de\/?s={search_term_string}"},"query-input":"required name=search_term_string"}],"inLanguage":"de-DE"}]}},"df_price":79,"df_sale_price":79,"df_regular_price":119,"df_image_link":"https:\/\/www.erresse-shop.it\/wp-content\/uploads\/2024\/03\/versace-home-les-jardins-de-versace-300x300.jpg","_links":{"self":[{"href":"https:\/\/www.erresse-shop.it\/de\/wp-json\/wp\/v2\/product\/394704"}],"collection":[{"href":"https:\/\/www.erresse-shop.it\/de\/wp-json\/wp\/v2\/product"}],"about":[{"href":"https:\/\/www.erresse-shop.it\/de\/wp-json\/wp\/v2\/types\/product"}],"wp:featuredmedia":[{"embeddable":true,"href":"https:\/\/www.erresse-shop.it\/de\/wp-json\/wp\/v2\/media\/394770"}],"wp:attachment":[{"href":"https:\/\/www.erresse-shop.it\/de\/wp-json\/wp\/v2\/media?parent=394704"}],"wp:term":[{"taxonomy":"product_cat","embeddable":true,"href":"https:\/\/www.erresse-shop.it\/de\/wp-json\/wp\/v2\/product_cat?post=394704"},{"taxonomy":"product_tag","embeddable":true,"href":"https:\/\/www.erresse-shop.it\/de\/wp-json\/wp\/v2\/product_tag?post=394704"}],"curies":[{"name":"wp","href":"https:\/\/api.w.org\/{rel}","templated":true}]}}