{"id":394680,"date":"2024-03-08T10:28:13","date_gmt":"2024-03-08T10:28:15","guid":{"rendered":"https:\/\/www.erresse-shop.it\/?post_type=product&#038;p=394680"},"modified":"2025-01-17T17:58:54","modified_gmt":"2025-01-17T17:58:54","slug":"versace-home-baroque-vase-18-cm","status":"publish","type":"product","link":"https:\/\/www.erresse-shop.it\/de\/shop\/einrichtung-haus\/vasen\/versace-home-baroque-vase-18-cm\/","title":{"rendered":"VERSACE HOME Baroque Vase 18 cm"},"content":{"rendered":"<p>Der unverwechselbare Barockdruck, die Vasen, Lorbeerkr\u00e4nze und Dekorationen heben sich von einem mattschwarzen Hintergrund ab, der durch goldene Details mit einer gl\u00e4nzenden wei\u00dfen Innenseite aufgewertet wird.<\/p>\n<p>F\u00fcr diese Art der Dekoration werden die Farben bei \u00fcber 1000\u00b0C in das Glas eingeschmolzen. Dadurch wird das Glas weicher und das Dekor geht in ihm auf, so dass sowohl die Farbe als auch die Leuchtkraft extrem kratz- und abriebfest sind.<\/p>\n<p><b><strong>Kollektion<\/strong><\/b>: I Love Baroque<\/p>\n<p><b><strong>Modell<\/strong><\/b>: I Love Baroque<\/p>\n<p><b><strong>Farbe<\/strong><\/b>: Schwarz und Gold<\/p>\n<p><b><strong>Material<\/strong><\/b>: Porzellan<\/p>\n<p><b><strong>Sonstiges<\/strong><\/b>: Sp\u00fclmaschinenfest<\/p>\n<p><b><strong>AUS SICHERHEITSGR\u00dcNDEN, DA ES SICH UM EIN LUXUSPRODUKT HANDELT, KANN DIE LIEFERZEIT ZWEI ZUS\u00c4TZLICHE TAGE BETRAGEN.<\/strong><\/b><\/p>\n","protected":false},"excerpt":{"rendered":"<p>Der unverwechselbare Barockdruck, die Vasen, Lorbeerkr\u00e4nze und Dekorationen heben sich von einem mattschwarzen Hintergrund ab, der durch goldene Details mit<\/p>\n","protected":false},"featured_media":394688,"template":"","meta":{"_acf_changed":false,"inline_featured_image":false},"product_cat":[6817,14421],"product_tag":[25182,23691,24681,17840,25022,11847,17841],"acf":[],"yoast_head":"<!-- This site is optimized with the Yoast SEO Premium plugin v18.6 (Yoast SEO v19.13) - https:\/\/yoast.com\/wordpress\/plugins\/seo\/ -->\n<title>VERSACE HOME Baroque Vase 18 cm<\/title>\n<meta name=\"description\" content=\"Entdecken Sie VERSACE HOME Baroque Vase 18 cm bei ErresseShop. Qualit\u00e4t, Stil und Funktionalit\u00e4t \u2013 jetzt online bestellen!\" \/>\n<meta name=\"robots\" content=\"index, follow, max-snippet:-1, max-image-preview:large, max-video-preview:-1\" \/>\n<link rel=\"canonical\" href=\"https:\/\/www.erresse-shop.it\/de\/shop\/einrichtung-haus\/vasen\/versace-home-baroque-vase-18-cm\/\" \/>\n<meta property=\"og:locale\" content=\"de_DE\" \/>\n<meta property=\"og:type\" content=\"article\" \/>\n<meta property=\"og:title\" content=\"VERSACE HOME Baroque Vase 18 cm\" \/>\n<meta property=\"og:description\" content=\"Entdecken Sie VERSACE HOME Baroque Vase 18 cm bei ErresseShop. Qualit\u00e4t, Stil und Funktionalit\u00e4t \u2013 jetzt online bestellen!\" \/>\n<meta property=\"og:url\" content=\"https:\/\/www.erresse-shop.it\/de\/shop\/einrichtung-haus\/vasen\/versace-home-baroque-vase-18-cm\/\" \/>\n<meta property=\"og:site_name\" content=\"Erresse Shop\" \/>\n<meta property=\"article:modified_time\" content=\"2025-01-17T17:58:54+00:00\" \/>\n<meta property=\"og:image\" content=\"https:\/\/www.erresse-shop.it\/wp-content\/uploads\/2024\/03\/versace-home-vaso-baroque-18-cm.jpg\" \/>\n\t<meta property=\"og:image:width\" content=\"800\" \/>\n\t<meta property=\"og:image:height\" content=\"800\" \/>\n\t<meta property=\"og:image:type\" content=\"image\/jpeg\" \/>\n<meta name=\"twitter:card\" content=\"summary_large_image\" \/>\n<script type=\"application\/ld+json\" class=\"yoast-schema-graph\">{\"@context\":\"https:\/\/schema.org\",\"@graph\":[{\"@type\":\"WebPage\",\"@id\":\"https:\/\/www.erresse-shop.it\/de\/shop\/einrichtung-haus\/vasen\/versace-home-baroque-vase-18-cm\/\",\"url\":\"https:\/\/www.erresse-shop.it\/de\/shop\/einrichtung-haus\/vasen\/versace-home-baroque-vase-18-cm\/\",\"name\":\"VERSACE HOME Baroque Vase 18 cm\",\"isPartOf\":{\"@id\":\"https:\/\/www.erresse-shop.it\/de\/#website\"},\"datePublished\":\"2024-03-08T10:28:15+00:00\",\"dateModified\":\"2025-01-17T17:58:54+00:00\",\"description\":\"Entdecken Sie VERSACE HOME Baroque Vase 18 cm bei ErresseShop. Qualit\u00e4t, Stil und Funktionalit\u00e4t \u2013 jetzt online bestellen!\",\"breadcrumb\":{\"@id\":\"https:\/\/www.erresse-shop.it\/de\/shop\/einrichtung-haus\/vasen\/versace-home-baroque-vase-18-cm\/#breadcrumb\"},\"inLanguage\":\"de-DE\",\"potentialAction\":[{\"@type\":\"ReadAction\",\"target\":[\"https:\/\/www.erresse-shop.it\/de\/shop\/einrichtung-haus\/vasen\/versace-home-baroque-vase-18-cm\/\"]}]},{\"@type\":\"BreadcrumbList\",\"@id\":\"https:\/\/www.erresse-shop.it\/de\/shop\/einrichtung-haus\/vasen\/versace-home-baroque-vase-18-cm\/#breadcrumb\",\"itemListElement\":[{\"@type\":\"ListItem\",\"position\":1,\"name\":\"Home\",\"item\":\"https:\/\/www.erresse-shop.it\/de\/\"},{\"@type\":\"ListItem\",\"position\":2,\"name\":\"Shop\",\"item\":\"https:\/\/www.erresse-shop.it\/de\/shop\/\"},{\"@type\":\"ListItem\",\"position\":3,\"name\":\"VERSACE HOME Baroque Vase 18 cm\"}]},{\"@type\":\"WebSite\",\"@id\":\"https:\/\/www.erresse-shop.it\/de\/#website\",\"url\":\"https:\/\/www.erresse-shop.it\/de\/\",\"name\":\"Erresse Shop\",\"description\":\"Articoli di qualit\u00e0 per la casa\",\"potentialAction\":[{\"@type\":\"SearchAction\",\"target\":{\"@type\":\"EntryPoint\",\"urlTemplate\":\"https:\/\/www.erresse-shop.it\/de\/?s={search_term_string}\"},\"query-input\":\"required name=search_term_string\"}],\"inLanguage\":\"de-DE\"}]}<\/script>\n<!-- \/ Yoast SEO Premium plugin. -->","yoast_head_json":{"title":"VERSACE HOME Baroque Vase 18 cm","description":"Entdecken Sie VERSACE HOME Baroque Vase 18 cm bei ErresseShop. Qualit\u00e4t, Stil und Funktionalit\u00e4t \u2013 jetzt online bestellen!","robots":{"index":"index","follow":"follow","max-snippet":"max-snippet:-1","max-image-preview":"max-image-preview:large","max-video-preview":"max-video-preview:-1"},"canonical":"https:\/\/www.erresse-shop.it\/de\/shop\/einrichtung-haus\/vasen\/versace-home-baroque-vase-18-cm\/","og_locale":"de_DE","og_type":"article","og_title":"VERSACE HOME Baroque Vase 18 cm","og_description":"Entdecken Sie VERSACE HOME Baroque Vase 18 cm bei ErresseShop. Qualit\u00e4t, Stil und Funktionalit\u00e4t \u2013 jetzt online bestellen!","og_url":"https:\/\/www.erresse-shop.it\/de\/shop\/einrichtung-haus\/vasen\/versace-home-baroque-vase-18-cm\/","og_site_name":"Erresse Shop","article_modified_time":"2025-01-17T17:58:54+00:00","og_image":[{"width":800,"height":800,"url":"https:\/\/www.erresse-shop.it\/wp-content\/uploads\/2024\/03\/versace-home-vaso-baroque-18-cm.jpg","type":"image\/jpeg"}],"twitter_card":"summary_large_image","schema":{"@context":"https:\/\/schema.org","@graph":[{"@type":"WebPage","@id":"https:\/\/www.erresse-shop.it\/de\/shop\/einrichtung-haus\/vasen\/versace-home-baroque-vase-18-cm\/","url":"https:\/\/www.erresse-shop.it\/de\/shop\/einrichtung-haus\/vasen\/versace-home-baroque-vase-18-cm\/","name":"VERSACE HOME Baroque Vase 18 cm","isPartOf":{"@id":"https:\/\/www.erresse-shop.it\/de\/#website"},"datePublished":"2024-03-08T10:28:15+00:00","dateModified":"2025-01-17T17:58:54+00:00","description":"Entdecken Sie VERSACE HOME Baroque Vase 18 cm bei ErresseShop. Qualit\u00e4t, Stil und Funktionalit\u00e4t \u2013 jetzt online bestellen!","breadcrumb":{"@id":"https:\/\/www.erresse-shop.it\/de\/shop\/einrichtung-haus\/vasen\/versace-home-baroque-vase-18-cm\/#breadcrumb"},"inLanguage":"de-DE","potentialAction":[{"@type":"ReadAction","target":["https:\/\/www.erresse-shop.it\/de\/shop\/einrichtung-haus\/vasen\/versace-home-baroque-vase-18-cm\/"]}]},{"@type":"BreadcrumbList","@id":"https:\/\/www.erresse-shop.it\/de\/shop\/einrichtung-haus\/vasen\/versace-home-baroque-vase-18-cm\/#breadcrumb","itemListElement":[{"@type":"ListItem","position":1,"name":"Home","item":"https:\/\/www.erresse-shop.it\/de\/"},{"@type":"ListItem","position":2,"name":"Shop","item":"https:\/\/www.erresse-shop.it\/de\/shop\/"},{"@type":"ListItem","position":3,"name":"VERSACE HOME Baroque Vase 18 cm"}]},{"@type":"WebSite","@id":"https:\/\/www.erresse-shop.it\/de\/#website","url":"https:\/\/www.erresse-shop.it\/de\/","name":"Erresse Shop","description":"Articoli di qualit\u00e0 per la casa","potentialAction":[{"@type":"SearchAction","target":{"@type":"EntryPoint","urlTemplate":"https:\/\/www.erresse-shop.it\/de\/?s={search_term_string}"},"query-input":"required name=search_term_string"}],"inLanguage":"de-DE"}]}},"df_price":162.5,"df_sale_price":162.5,"df_regular_price":325,"df_image_link":"https:\/\/www.erresse-shop.it\/wp-content\/uploads\/2024\/03\/versace-home-vaso-baroque-18-cm-300x300.jpg","_links":{"self":[{"href":"https:\/\/www.erresse-shop.it\/de\/wp-json\/wp\/v2\/product\/394680"}],"collection":[{"href":"https:\/\/www.erresse-shop.it\/de\/wp-json\/wp\/v2\/product"}],"about":[{"href":"https:\/\/www.erresse-shop.it\/de\/wp-json\/wp\/v2\/types\/product"}],"wp:featuredmedia":[{"embeddable":true,"href":"https:\/\/www.erresse-shop.it\/de\/wp-json\/wp\/v2\/media\/394688"}],"wp:attachment":[{"href":"https:\/\/www.erresse-shop.it\/de\/wp-json\/wp\/v2\/media?parent=394680"}],"wp:term":[{"taxonomy":"product_cat","embeddable":true,"href":"https:\/\/www.erresse-shop.it\/de\/wp-json\/wp\/v2\/product_cat?post=394680"},{"taxonomy":"product_tag","embeddable":true,"href":"https:\/\/www.erresse-shop.it\/de\/wp-json\/wp\/v2\/product_tag?post=394680"}],"curies":[{"name":"wp","href":"https:\/\/api.w.org\/{rel}","templated":true}]}}