{"id":393716,"date":"2024-03-04T07:42:50","date_gmt":"2024-03-04T07:42:51","guid":{"rendered":"https:\/\/www.erresse-shop.it\/?post_type=product&#038;p=393716"},"modified":"2025-08-03T19:40:08","modified_gmt":"2025-08-03T19:40:08","slug":"bamix-prime-stabmixer-schwarz","status":"publish","type":"product","link":"https:\/\/www.erresse-shop.it\/de\/shop\/kleine-elektrogeraete\/mixer\/bamix-prime-stabmixer-schwarz\/","title":{"rendered":"BAMIX PRIME Stabmixer Schwarz"},"content":{"rendered":"<p><b><strong>BESCHREIBUNG<\/strong><\/b><\/p>\n<p>Schweizer Pr\u00e4zision in einer kleinen K\u00fcchenmaschine. Erh\u00e4ltlich mit 250W in 3 verschiedenen Farben schwarz, rot und wei\u00df. &#8211; 2 Geschwindigkeitsstufen: &#8211; Stufe 1: 13.000 U\/min &#8211; Stufe 2: 19.000 U\/min &#8211; Motorleistung: 250W &#8211; AC-Motor &#8211; Doppelte Isolierung &#8211; Stabl\u00e4nge: 14 cm<\/p>\n<p>Schweizer Pr\u00e4zision in einer kleinen K\u00fcchenmaschine.<\/p>\n<p>Erh\u00e4ltlich mit 250W in 3 verschiedenen Farben schwarz, rot und wei\u00df.<\/p>\n<p><b><strong>Das Paket enth\u00e4lt:<\/strong><\/b><\/p>\n<p>&#8211; bamix\u00ae Prime<\/p>\n<p>&#8211; Mehrzweckklinge<\/p>\n<p>&#8211; Flache Scheibe<\/p>\n<p>&#8211; Perforierte Scheibe<\/p>\n<p><b><strong>FEATURES<\/strong><\/b><\/p>\n<ul>\n<li>2 Geschwindigkeitsstufen:<\/li>\n<li>Stufe 1: 13.000 U\/min<\/li>\n<li>Stufe 2: 19.000 U\/min<\/li>\n<li>Motorleistung: 250W<\/li>\n<li>AC-Motor<\/li>\n<li>Doppelte Isolierung<\/li>\n<li>L\u00e4nge der Stange: 14 cm<\/li>\n<li>Abmessungen 7,00 x 6,50 x 35,50 cm<\/li>\n<\/ul>\n<p><b><strong>NICHT ZUM VERKAUF AUSSERHALB EUROPAS<\/strong><\/b><\/p>\n","protected":false},"excerpt":{"rendered":"<p>BESCHREIBUNG Schweizer Pr\u00e4zision in einer kleinen K\u00fcchenmaschine. Erh\u00e4ltlich mit 250W in 3 verschiedenen Farben schwarz, rot und wei\u00df. &#8211; 2<\/p>\n","protected":false},"featured_media":393734,"template":"","meta":{"_acf_changed":false,"inline_featured_image":false},"product_cat":[6703,6886],"product_tag":[11415,11413,11925,24762,20851],"acf":[],"yoast_head":"<!-- This site is optimized with the Yoast SEO Premium plugin v18.6 (Yoast SEO v19.13) - https:\/\/yoast.com\/wordpress\/plugins\/seo\/ -->\n<title>BAMIX PRIME Stabmixer Schwarz<\/title>\n<meta name=\"description\" content=\"Entdecken Sie BAMIX PRIME Stabmixer Schwarz bei ErresseShop. Qualit\u00e4t, Stil und Funktionalit\u00e4t \u2013 jetzt online bestellen!\" \/>\n<meta name=\"robots\" content=\"index, follow, max-snippet:-1, max-image-preview:large, max-video-preview:-1\" \/>\n<link rel=\"canonical\" href=\"https:\/\/www.erresse-shop.it\/de\/shop\/kleine-elektrogeraete\/mixer\/bamix-prime-stabmixer-schwarz\/\" \/>\n<meta property=\"og:locale\" content=\"de_DE\" \/>\n<meta property=\"og:type\" content=\"article\" \/>\n<meta property=\"og:title\" content=\"BAMIX PRIME Stabmixer Schwarz\" \/>\n<meta property=\"og:description\" content=\"Entdecken Sie BAMIX PRIME Stabmixer Schwarz bei ErresseShop. Qualit\u00e4t, Stil und Funktionalit\u00e4t \u2013 jetzt online bestellen!\" \/>\n<meta property=\"og:url\" content=\"https:\/\/www.erresse-shop.it\/de\/shop\/kleine-elektrogeraete\/mixer\/bamix-prime-stabmixer-schwarz\/\" \/>\n<meta property=\"og:site_name\" content=\"Erresse Shop\" \/>\n<meta property=\"article:modified_time\" content=\"2025-08-03T19:40:08+00:00\" \/>\n<meta property=\"og:image\" content=\"https:\/\/www.erresse-shop.it\/wp-content\/uploads\/2024\/03\/BAMIX-PRIME-nero.jpg\" \/>\n\t<meta property=\"og:image:width\" content=\"800\" \/>\n\t<meta property=\"og:image:height\" content=\"800\" \/>\n\t<meta property=\"og:image:type\" content=\"image\/jpeg\" \/>\n<meta name=\"twitter:card\" content=\"summary_large_image\" \/>\n<script type=\"application\/ld+json\" class=\"yoast-schema-graph\">{\"@context\":\"https:\/\/schema.org\",\"@graph\":[{\"@type\":\"WebPage\",\"@id\":\"https:\/\/www.erresse-shop.it\/de\/shop\/kleine-elektrogeraete\/mixer\/bamix-prime-stabmixer-schwarz\/\",\"url\":\"https:\/\/www.erresse-shop.it\/de\/shop\/kleine-elektrogeraete\/mixer\/bamix-prime-stabmixer-schwarz\/\",\"name\":\"BAMIX PRIME Stabmixer Schwarz\",\"isPartOf\":{\"@id\":\"https:\/\/www.erresse-shop.it\/de\/#website\"},\"datePublished\":\"2024-03-04T07:42:51+00:00\",\"dateModified\":\"2025-08-03T19:40:08+00:00\",\"description\":\"Entdecken Sie BAMIX PRIME Stabmixer Schwarz bei ErresseShop. Qualit\u00e4t, Stil und Funktionalit\u00e4t \u2013 jetzt online bestellen!\",\"breadcrumb\":{\"@id\":\"https:\/\/www.erresse-shop.it\/de\/shop\/kleine-elektrogeraete\/mixer\/bamix-prime-stabmixer-schwarz\/#breadcrumb\"},\"inLanguage\":\"de-DE\",\"potentialAction\":[{\"@type\":\"ReadAction\",\"target\":[\"https:\/\/www.erresse-shop.it\/de\/shop\/kleine-elektrogeraete\/mixer\/bamix-prime-stabmixer-schwarz\/\"]}]},{\"@type\":\"BreadcrumbList\",\"@id\":\"https:\/\/www.erresse-shop.it\/de\/shop\/kleine-elektrogeraete\/mixer\/bamix-prime-stabmixer-schwarz\/#breadcrumb\",\"itemListElement\":[{\"@type\":\"ListItem\",\"position\":1,\"name\":\"Home\",\"item\":\"https:\/\/www.erresse-shop.it\/de\/\"},{\"@type\":\"ListItem\",\"position\":2,\"name\":\"Shop\",\"item\":\"https:\/\/www.erresse-shop.it\/de\/shop\/\"},{\"@type\":\"ListItem\",\"position\":3,\"name\":\"BAMIX PRIME Stabmixer Schwarz\"}]},{\"@type\":\"WebSite\",\"@id\":\"https:\/\/www.erresse-shop.it\/de\/#website\",\"url\":\"https:\/\/www.erresse-shop.it\/de\/\",\"name\":\"Erresse Shop\",\"description\":\"Articoli di qualit\u00e0 per la casa\",\"potentialAction\":[{\"@type\":\"SearchAction\",\"target\":{\"@type\":\"EntryPoint\",\"urlTemplate\":\"https:\/\/www.erresse-shop.it\/de\/?s={search_term_string}\"},\"query-input\":\"required name=search_term_string\"}],\"inLanguage\":\"de-DE\"}]}<\/script>\n<!-- \/ Yoast SEO Premium plugin. -->","yoast_head_json":{"title":"BAMIX PRIME Stabmixer Schwarz","description":"Entdecken Sie BAMIX PRIME Stabmixer Schwarz bei ErresseShop. Qualit\u00e4t, Stil und Funktionalit\u00e4t \u2013 jetzt online bestellen!","robots":{"index":"index","follow":"follow","max-snippet":"max-snippet:-1","max-image-preview":"max-image-preview:large","max-video-preview":"max-video-preview:-1"},"canonical":"https:\/\/www.erresse-shop.it\/de\/shop\/kleine-elektrogeraete\/mixer\/bamix-prime-stabmixer-schwarz\/","og_locale":"de_DE","og_type":"article","og_title":"BAMIX PRIME Stabmixer Schwarz","og_description":"Entdecken Sie BAMIX PRIME Stabmixer Schwarz bei ErresseShop. Qualit\u00e4t, Stil und Funktionalit\u00e4t \u2013 jetzt online bestellen!","og_url":"https:\/\/www.erresse-shop.it\/de\/shop\/kleine-elektrogeraete\/mixer\/bamix-prime-stabmixer-schwarz\/","og_site_name":"Erresse Shop","article_modified_time":"2025-08-03T19:40:08+00:00","og_image":[{"width":800,"height":800,"url":"https:\/\/www.erresse-shop.it\/wp-content\/uploads\/2024\/03\/BAMIX-PRIME-nero.jpg","type":"image\/jpeg"}],"twitter_card":"summary_large_image","schema":{"@context":"https:\/\/schema.org","@graph":[{"@type":"WebPage","@id":"https:\/\/www.erresse-shop.it\/de\/shop\/kleine-elektrogeraete\/mixer\/bamix-prime-stabmixer-schwarz\/","url":"https:\/\/www.erresse-shop.it\/de\/shop\/kleine-elektrogeraete\/mixer\/bamix-prime-stabmixer-schwarz\/","name":"BAMIX PRIME Stabmixer Schwarz","isPartOf":{"@id":"https:\/\/www.erresse-shop.it\/de\/#website"},"datePublished":"2024-03-04T07:42:51+00:00","dateModified":"2025-08-03T19:40:08+00:00","description":"Entdecken Sie BAMIX PRIME Stabmixer Schwarz bei ErresseShop. Qualit\u00e4t, Stil und Funktionalit\u00e4t \u2013 jetzt online bestellen!","breadcrumb":{"@id":"https:\/\/www.erresse-shop.it\/de\/shop\/kleine-elektrogeraete\/mixer\/bamix-prime-stabmixer-schwarz\/#breadcrumb"},"inLanguage":"de-DE","potentialAction":[{"@type":"ReadAction","target":["https:\/\/www.erresse-shop.it\/de\/shop\/kleine-elektrogeraete\/mixer\/bamix-prime-stabmixer-schwarz\/"]}]},{"@type":"BreadcrumbList","@id":"https:\/\/www.erresse-shop.it\/de\/shop\/kleine-elektrogeraete\/mixer\/bamix-prime-stabmixer-schwarz\/#breadcrumb","itemListElement":[{"@type":"ListItem","position":1,"name":"Home","item":"https:\/\/www.erresse-shop.it\/de\/"},{"@type":"ListItem","position":2,"name":"Shop","item":"https:\/\/www.erresse-shop.it\/de\/shop\/"},{"@type":"ListItem","position":3,"name":"BAMIX PRIME Stabmixer Schwarz"}]},{"@type":"WebSite","@id":"https:\/\/www.erresse-shop.it\/de\/#website","url":"https:\/\/www.erresse-shop.it\/de\/","name":"Erresse Shop","description":"Articoli di qualit\u00e0 per la casa","potentialAction":[{"@type":"SearchAction","target":{"@type":"EntryPoint","urlTemplate":"https:\/\/www.erresse-shop.it\/de\/?s={search_term_string}"},"query-input":"required name=search_term_string"}],"inLanguage":"de-DE"}]}},"df_price":199,"df_sale_price":199,"df_regular_price":199,"df_image_link":"https:\/\/www.erresse-shop.it\/wp-content\/uploads\/2024\/03\/BAMIX-PRIME-nero-300x300.jpg","_links":{"self":[{"href":"https:\/\/www.erresse-shop.it\/de\/wp-json\/wp\/v2\/product\/393716"}],"collection":[{"href":"https:\/\/www.erresse-shop.it\/de\/wp-json\/wp\/v2\/product"}],"about":[{"href":"https:\/\/www.erresse-shop.it\/de\/wp-json\/wp\/v2\/types\/product"}],"wp:featuredmedia":[{"embeddable":true,"href":"https:\/\/www.erresse-shop.it\/de\/wp-json\/wp\/v2\/media\/393734"}],"wp:attachment":[{"href":"https:\/\/www.erresse-shop.it\/de\/wp-json\/wp\/v2\/media?parent=393716"}],"wp:term":[{"taxonomy":"product_cat","embeddable":true,"href":"https:\/\/www.erresse-shop.it\/de\/wp-json\/wp\/v2\/product_cat?post=393716"},{"taxonomy":"product_tag","embeddable":true,"href":"https:\/\/www.erresse-shop.it\/de\/wp-json\/wp\/v2\/product_tag?post=393716"}],"curies":[{"name":"wp","href":"https:\/\/api.w.org\/{rel}","templated":true}]}}