{"id":393575,"date":"2024-03-01T08:37:12","date_gmt":"2024-03-01T08:37:13","guid":{"rendered":"https:\/\/www.erresse-shop.it\/?post_type=product&#038;p=393575"},"modified":"2025-01-16T15:59:46","modified_gmt":"2025-01-16T15:59:46","slug":"emile-henry-feu-doux-tajine-32-cm","status":"publish","type":"product","link":"https:\/\/www.erresse-shop.it\/de\/shop\/toepfe-pfannen\/tajine-de\/emile-henry-feu-doux-tajine-32-cm\/","title":{"rendered":"EMILE HENRY Feu Doux Tajine 32 cm"},"content":{"rendered":"<p>Mit der Blue Ceramic Flame Tajine k\u00f6nnen Sie k\u00f6stliche Tajine-Rezepte und andere gekochte Gerichte auf dem Herd oder im Backofen zubereiten. Sie kann auf Gas-, Elektro- oder Halogenkochfeldern (mit einer Relaisscheibe f\u00fcr Induktion) und im Backofen verwendet werden.<br \/>\nDie Keramikflamme wurde speziell f\u00fcr das sanfte Garen von Aromen entwickelt.<br \/>\nDie Form des Deckels ist einzigartig: Sie l\u00e4sst den Dampf w\u00e4hrend des Garens zirkulieren und sorgt so f\u00fcr ein weiches und zartes Ergebnis mit konzentriertem Geschmack. Die klaren Linien des kegelf\u00f6rmigen Deckels und des gro\u00dfz\u00fcgigen Bodens sorgen f\u00fcr ein elegantes und farbenfrohes Tafelservice, das alle Rezepte, ob exotisch oder eher traditionell, bereichert.<\/p>\n<p>Mit einer nat\u00fcrlichen Glasur versehen, ist sie leicht zu reinigen und sp\u00fclmaschinenfest.<br \/>\nSeine Gr\u00f6\u00dfe ist ideal f\u00fcr 6 bis 10 Personen.<br \/>\nAlle Produkte von Emile Henry werden in Frankreich hergestellt und haben eine Garantie von 10 Jahren.<\/p>\n<p>Eine weitere Exklusivit\u00e4t von Emile Henry ist die Flammenkeramik, eine Keramik, die die Hitze noch intensiver verteilt und daher die ideale Wahl f\u00fcr alle Arten des langsamen Kochens ist. Aus diesem Grund hat Emile Henry eine Reihe von Tajinen entwickelt, die genau f\u00fcr diese Art des Kochens geeignet sind. Dank dieser Tajine, die mit einem Deckel ausgestattet ist, k\u00f6nnen die Speisen unter Ausnutzung der Hitze gegart werden, so dass ihr Geschmack und ihre N\u00e4hrstoffe optimal erhalten bleiben.<\/p>\n<p><strong>Merkmale<\/strong>:<\/p>\n<ul>\n<li>Kratz- und sto\u00dffest<\/li>\n<li>Sp\u00fclmaschinentauglich<\/li>\n<li>Zubereitung f\u00fcr 6 &#8211; 10 Personen<\/li>\n<li>Direktes Kochen auf Gas-, Glaskeramik-, Halogen-, Elektro- und Induktionskochfeldern, im Backofen und in der Mikrowelle<\/li>\n<li>Flammkeramik frei von Blei, Cadmium und Nickel<\/li>\n<li>Maximale Temperatur 450\u00b0C<\/li>\n<li>Min. Temperatur -20<\/li>\n<li>10 Jahre Garantie<\/li>\n<li>Nutzbares Fassungsverm\u00f6gen: 3 Liter<\/li>\n<li>Gesamtvolumen: 5 Liter<\/li>\n<li>Abmessungen: Durchmesser \u00d8 32 x 23 h cm, Innenh\u00f6he von 7 cm, Innendurchmesser von 28,5 cm<\/li>\n<li>Gewicht: 3,5 kg<\/li>\n<\/ul>\n<p><strong>Hergestellt in Frankreich<\/strong><\/p>\n","protected":false},"excerpt":{"rendered":"<p>Mit der Blue Ceramic Flame Tajine k\u00f6nnen Sie k\u00f6stliche Tajine-Rezepte und andere gekochte Gerichte auf dem Herd oder im Backofen<\/p>\n","protected":false},"featured_media":393599,"template":"","meta":{"_acf_changed":false,"inline_featured_image":false},"product_cat":[6709,14785],"product_tag":[13534],"acf":[],"yoast_head":"<!-- This site is optimized with the Yoast SEO Premium plugin v18.6 (Yoast SEO v19.13) - https:\/\/yoast.com\/wordpress\/plugins\/seo\/ -->\n<title>EMILE HENRY Feu Doux Tajine 32 cm<\/title>\n<meta name=\"description\" content=\"Entdecken Sie EMILE HENRY Feu Doux Tajine 32 cm bei ErresseShop. Qualit\u00e4t, Stil und Funktionalit\u00e4t \u2013 jetzt online bestellen!\" \/>\n<meta name=\"robots\" content=\"index, follow, max-snippet:-1, max-image-preview:large, max-video-preview:-1\" \/>\n<link rel=\"canonical\" href=\"https:\/\/www.erresse-shop.it\/de\/shop\/toepfe-pfannen\/tajine-de\/emile-henry-feu-doux-tajine-32-cm\/\" \/>\n<meta property=\"og:locale\" content=\"de_DE\" \/>\n<meta property=\"og:type\" content=\"article\" \/>\n<meta property=\"og:title\" content=\"EMILE HENRY Feu Doux Tajine 32 cm\" \/>\n<meta property=\"og:description\" content=\"Entdecken Sie EMILE HENRY Feu Doux Tajine 32 cm bei ErresseShop. Qualit\u00e4t, Stil und Funktionalit\u00e4t \u2013 jetzt online bestellen!\" \/>\n<meta property=\"og:url\" content=\"https:\/\/www.erresse-shop.it\/de\/shop\/toepfe-pfannen\/tajine-de\/emile-henry-feu-doux-tajine-32-cm\/\" \/>\n<meta property=\"og:site_name\" content=\"Erresse Shop\" \/>\n<meta property=\"article:modified_time\" content=\"2025-01-16T15:59:46+00:00\" \/>\n<meta property=\"og:image\" content=\"https:\/\/www.erresse-shop.it\/wp-content\/uploads\/2024\/03\/Emile-Henry-tajine-32-cm.jpg\" \/>\n\t<meta property=\"og:image:width\" content=\"800\" \/>\n\t<meta property=\"og:image:height\" content=\"800\" \/>\n\t<meta property=\"og:image:type\" content=\"image\/jpeg\" \/>\n<meta name=\"twitter:card\" content=\"summary_large_image\" \/>\n<script type=\"application\/ld+json\" class=\"yoast-schema-graph\">{\"@context\":\"https:\/\/schema.org\",\"@graph\":[{\"@type\":\"WebPage\",\"@id\":\"https:\/\/www.erresse-shop.it\/de\/shop\/toepfe-pfannen\/tajine-de\/emile-henry-feu-doux-tajine-32-cm\/\",\"url\":\"https:\/\/www.erresse-shop.it\/de\/shop\/toepfe-pfannen\/tajine-de\/emile-henry-feu-doux-tajine-32-cm\/\",\"name\":\"EMILE HENRY Feu Doux Tajine 32 cm\",\"isPartOf\":{\"@id\":\"https:\/\/www.erresse-shop.it\/de\/#website\"},\"datePublished\":\"2024-03-01T08:37:13+00:00\",\"dateModified\":\"2025-01-16T15:59:46+00:00\",\"description\":\"Entdecken Sie EMILE HENRY Feu Doux Tajine 32 cm bei ErresseShop. Qualit\u00e4t, Stil und Funktionalit\u00e4t \u2013 jetzt online bestellen!\",\"breadcrumb\":{\"@id\":\"https:\/\/www.erresse-shop.it\/de\/shop\/toepfe-pfannen\/tajine-de\/emile-henry-feu-doux-tajine-32-cm\/#breadcrumb\"},\"inLanguage\":\"de-DE\",\"potentialAction\":[{\"@type\":\"ReadAction\",\"target\":[\"https:\/\/www.erresse-shop.it\/de\/shop\/toepfe-pfannen\/tajine-de\/emile-henry-feu-doux-tajine-32-cm\/\"]}]},{\"@type\":\"BreadcrumbList\",\"@id\":\"https:\/\/www.erresse-shop.it\/de\/shop\/toepfe-pfannen\/tajine-de\/emile-henry-feu-doux-tajine-32-cm\/#breadcrumb\",\"itemListElement\":[{\"@type\":\"ListItem\",\"position\":1,\"name\":\"Home\",\"item\":\"https:\/\/www.erresse-shop.it\/de\/\"},{\"@type\":\"ListItem\",\"position\":2,\"name\":\"Shop\",\"item\":\"https:\/\/www.erresse-shop.it\/de\/shop\/\"},{\"@type\":\"ListItem\",\"position\":3,\"name\":\"EMILE HENRY Feu Doux Tajine 32 cm\"}]},{\"@type\":\"WebSite\",\"@id\":\"https:\/\/www.erresse-shop.it\/de\/#website\",\"url\":\"https:\/\/www.erresse-shop.it\/de\/\",\"name\":\"Erresse Shop\",\"description\":\"Articoli di qualit\u00e0 per la casa\",\"potentialAction\":[{\"@type\":\"SearchAction\",\"target\":{\"@type\":\"EntryPoint\",\"urlTemplate\":\"https:\/\/www.erresse-shop.it\/de\/?s={search_term_string}\"},\"query-input\":\"required name=search_term_string\"}],\"inLanguage\":\"de-DE\"}]}<\/script>\n<!-- \/ Yoast SEO Premium plugin. -->","yoast_head_json":{"title":"EMILE HENRY Feu Doux Tajine 32 cm","description":"Entdecken Sie EMILE HENRY Feu Doux Tajine 32 cm bei ErresseShop. Qualit\u00e4t, Stil und Funktionalit\u00e4t \u2013 jetzt online bestellen!","robots":{"index":"index","follow":"follow","max-snippet":"max-snippet:-1","max-image-preview":"max-image-preview:large","max-video-preview":"max-video-preview:-1"},"canonical":"https:\/\/www.erresse-shop.it\/de\/shop\/toepfe-pfannen\/tajine-de\/emile-henry-feu-doux-tajine-32-cm\/","og_locale":"de_DE","og_type":"article","og_title":"EMILE HENRY Feu Doux Tajine 32 cm","og_description":"Entdecken Sie EMILE HENRY Feu Doux Tajine 32 cm bei ErresseShop. Qualit\u00e4t, Stil und Funktionalit\u00e4t \u2013 jetzt online bestellen!","og_url":"https:\/\/www.erresse-shop.it\/de\/shop\/toepfe-pfannen\/tajine-de\/emile-henry-feu-doux-tajine-32-cm\/","og_site_name":"Erresse Shop","article_modified_time":"2025-01-16T15:59:46+00:00","og_image":[{"width":800,"height":800,"url":"https:\/\/www.erresse-shop.it\/wp-content\/uploads\/2024\/03\/Emile-Henry-tajine-32-cm.jpg","type":"image\/jpeg"}],"twitter_card":"summary_large_image","schema":{"@context":"https:\/\/schema.org","@graph":[{"@type":"WebPage","@id":"https:\/\/www.erresse-shop.it\/de\/shop\/toepfe-pfannen\/tajine-de\/emile-henry-feu-doux-tajine-32-cm\/","url":"https:\/\/www.erresse-shop.it\/de\/shop\/toepfe-pfannen\/tajine-de\/emile-henry-feu-doux-tajine-32-cm\/","name":"EMILE HENRY Feu Doux Tajine 32 cm","isPartOf":{"@id":"https:\/\/www.erresse-shop.it\/de\/#website"},"datePublished":"2024-03-01T08:37:13+00:00","dateModified":"2025-01-16T15:59:46+00:00","description":"Entdecken Sie EMILE HENRY Feu Doux Tajine 32 cm bei ErresseShop. Qualit\u00e4t, Stil und Funktionalit\u00e4t \u2013 jetzt online bestellen!","breadcrumb":{"@id":"https:\/\/www.erresse-shop.it\/de\/shop\/toepfe-pfannen\/tajine-de\/emile-henry-feu-doux-tajine-32-cm\/#breadcrumb"},"inLanguage":"de-DE","potentialAction":[{"@type":"ReadAction","target":["https:\/\/www.erresse-shop.it\/de\/shop\/toepfe-pfannen\/tajine-de\/emile-henry-feu-doux-tajine-32-cm\/"]}]},{"@type":"BreadcrumbList","@id":"https:\/\/www.erresse-shop.it\/de\/shop\/toepfe-pfannen\/tajine-de\/emile-henry-feu-doux-tajine-32-cm\/#breadcrumb","itemListElement":[{"@type":"ListItem","position":1,"name":"Home","item":"https:\/\/www.erresse-shop.it\/de\/"},{"@type":"ListItem","position":2,"name":"Shop","item":"https:\/\/www.erresse-shop.it\/de\/shop\/"},{"@type":"ListItem","position":3,"name":"EMILE HENRY Feu Doux Tajine 32 cm"}]},{"@type":"WebSite","@id":"https:\/\/www.erresse-shop.it\/de\/#website","url":"https:\/\/www.erresse-shop.it\/de\/","name":"Erresse Shop","description":"Articoli di qualit\u00e0 per la casa","potentialAction":[{"@type":"SearchAction","target":{"@type":"EntryPoint","urlTemplate":"https:\/\/www.erresse-shop.it\/de\/?s={search_term_string}"},"query-input":"required name=search_term_string"}],"inLanguage":"de-DE"}]}},"df_price":96.72,"df_sale_price":96.72,"df_regular_price":124,"df_image_link":"https:\/\/www.erresse-shop.it\/wp-content\/uploads\/2024\/03\/Emile-Henry-tajine-32-cm-300x300.jpg","_links":{"self":[{"href":"https:\/\/www.erresse-shop.it\/de\/wp-json\/wp\/v2\/product\/393575"}],"collection":[{"href":"https:\/\/www.erresse-shop.it\/de\/wp-json\/wp\/v2\/product"}],"about":[{"href":"https:\/\/www.erresse-shop.it\/de\/wp-json\/wp\/v2\/types\/product"}],"wp:featuredmedia":[{"embeddable":true,"href":"https:\/\/www.erresse-shop.it\/de\/wp-json\/wp\/v2\/media\/393599"}],"wp:attachment":[{"href":"https:\/\/www.erresse-shop.it\/de\/wp-json\/wp\/v2\/media?parent=393575"}],"wp:term":[{"taxonomy":"product_cat","embeddable":true,"href":"https:\/\/www.erresse-shop.it\/de\/wp-json\/wp\/v2\/product_cat?post=393575"},{"taxonomy":"product_tag","embeddable":true,"href":"https:\/\/www.erresse-shop.it\/de\/wp-json\/wp\/v2\/product_tag?post=393575"}],"curies":[{"name":"wp","href":"https:\/\/api.w.org\/{rel}","templated":true}]}}