{"id":393426,"date":"2024-02-29T08:48:21","date_gmt":"2024-02-29T08:48:23","guid":{"rendered":"https:\/\/www.erresse-shop.it\/?post_type=product&#038;p=393426"},"modified":"2025-01-16T08:05:39","modified_gmt":"2025-01-16T08:05:39","slug":"berkel-set-4-steakmesser-petroleum-blau","status":"publish","type":"product","link":"https:\/\/www.erresse-shop.it\/de\/shop\/kuche\/messer\/berkel-set-4-steakmesser-petroleum-blau\/","title":{"rendered":"BERKEL Set 4 Steakmesser Petroleum Blau"},"content":{"rendered":"<p><b><strong>4ER-SET TISCHMESSER F\u00dcR FLEISCHGERICHTE<\/strong><\/b><\/p>\n<p>Der Farbtrend kommt auf Ihren Tisch! Ein kurzes, handliches Steakmesser mit leichter, kr\u00e4ftiger Klinge zum Schneiden aller Arten von Fleisch und mehr! Dank seiner Spitze und Sch\u00e4rfe k\u00f6nnen Sie damit gekochtes Fleisch pr\u00e4zise schneiden, ohne dass es zu Br\u00fcchen kommt. Dank des korrosionsbest\u00e4ndigen Stahls l\u00e4sst es sich leicht nachsch\u00e4rfen.<\/p>\n<p><b><strong>EIN EVERGREEN, DIE FARBE SCHWARZ, ELEGANT, RAFFINIERT UND GENIAL WIE SPAGHETTI MIT TINTENFISCHTINTE!<\/strong><\/b><\/p>\n<p>Set mit 4 Tafelmessern f\u00fcr Fleisch, Fisch, Vorspeisen und mehr! Das Set besteht aus Steakmessern mit glatter Klinge und schwarzem Griff mit matter Oberfl\u00e4che, kurz und handlich. Dank der Spitze und der Sch\u00e4rfe k\u00f6nnen Sie gekochtes Fleisch pr\u00e4zise schneiden und das Ausfransen begrenzen. Diese Berkel-Stahlmesser sind korrosionsbest\u00e4ndig und reiben nicht an der Keramik des Tellers, Eigenschaften, die f\u00fcr den t\u00e4glichen Gebrauch notwendig sind und eine lange Lebensdauer garantieren.<\/p>\n<p><b><strong>Hergestellt in Italien<\/strong><\/b><\/p>\n<p><b><strong>KLINGE<\/strong><\/b>:<\/p>\n<ul>\n<li>Klinge aus rostfreiem martensitischem Stahl Aperam MA4 (AISI 420c) &#8211; 1.4034. AISI 420 ist die am h\u00e4ufigsten verwendete martensitische Stahlsorte f\u00fcr Bestecke, da sie eine gute Korrosionsbest\u00e4ndigkeit aufweist und sich leicht sch\u00e4rfen l\u00e4sst.<\/li>\n<li>H\u00e4rte nach der W\u00e4rmebehandlung 56 hrc<\/li>\n<li>Dicke der Klinge 2,25 mm<\/li>\n<li>Glatte Klinge<\/li>\n<li>Berkel-Logo auf der Klinge eingraviert<\/li>\n<\/ul>\n<p><b><strong>GRIFFE<\/strong><\/b><\/p>\n<ul>\n<li>Thermoplastisches Polymer mit einer Temperaturbest\u00e4ndigkeit von max. 120\u00b0C.<\/li>\n<li>Matte Oberfl\u00e4che<\/li>\n<\/ul>\n<p><b><strong>DICHTUNGSSTIFTE<\/strong><\/b><\/p>\n<ul>\n<li>Stift aus rostfreiem Stahl AISI 303, vernietet<\/li>\n<\/ul>\n<p><b><strong>VERWENDUNG und PFLEGE<\/strong><\/b><\/p>\n<ul>\n<li>Sp\u00fclmaschinenfest<\/li>\n<li>Keine scheuernden Stoffe oder Schw\u00e4mme verwenden<\/li>\n<\/ul>\n<p><b><strong>Gewicht<\/strong><\/b> 266 g<\/p>\n<p>Gr\u00f6\u00dfe der Klinge 11 cm<br \/>\nGesamtl\u00e4nge 23,50 cm<br \/>\nKlingenmaterial Rostfreier Stahl<br \/>\nGriff Thermoplastisches Polymer, hochtemperaturbest\u00e4ndig bis max. 120\u00b0C<\/p>\n","protected":false},"excerpt":{"rendered":"<p>4ER-SET TISCHMESSER F\u00dcR FLEISCHGERICHTE Der Farbtrend kommt auf Ihren Tisch! Ein kurzes, handliches Steakmesser mit leichter, kr\u00e4ftiger Klinge zum Schneiden<\/p>\n","protected":false},"featured_media":393444,"template":"","meta":{"_acf_changed":false,"inline_featured_image":false},"product_cat":[6742,6706,14454],"product_tag":[23691,11529,23661,24404,24604,11718,15417,18703],"acf":[],"yoast_head":"<!-- This site is optimized with the Yoast SEO Premium plugin v18.6 (Yoast SEO v19.13) - https:\/\/yoast.com\/wordpress\/plugins\/seo\/ -->\n<title>BERKEL Set 4 Steakmesser Petroleum Blau<\/title>\n<meta name=\"description\" content=\"Entdecken Sie BERKEL Set 4 Steakmesser Petroleum Blau bei ErresseShop. Qualit\u00e4t, Stil und Funktionalit\u00e4t \u2013 jetzt online bestellen!\" \/>\n<meta name=\"robots\" content=\"index, follow, max-snippet:-1, max-image-preview:large, max-video-preview:-1\" \/>\n<link rel=\"canonical\" href=\"https:\/\/www.erresse-shop.it\/de\/shop\/kuche\/messer\/berkel-set-4-steakmesser-petroleum-blau\/\" \/>\n<meta property=\"og:locale\" content=\"de_DE\" \/>\n<meta property=\"og:type\" content=\"article\" \/>\n<meta property=\"og:title\" content=\"BERKEL Set 4 Steakmesser Petroleum Blau\" \/>\n<meta property=\"og:description\" content=\"Entdecken Sie BERKEL Set 4 Steakmesser Petroleum Blau bei ErresseShop. Qualit\u00e4t, Stil und Funktionalit\u00e4t \u2013 jetzt online bestellen!\" \/>\n<meta property=\"og:url\" content=\"https:\/\/www.erresse-shop.it\/de\/shop\/kuche\/messer\/berkel-set-4-steakmesser-petroleum-blau\/\" \/>\n<meta property=\"og:site_name\" content=\"Erresse Shop\" \/>\n<meta property=\"article:modified_time\" content=\"2025-01-16T08:05:39+00:00\" \/>\n<meta property=\"og:image\" content=\"https:\/\/www.erresse-shop.it\/wp-content\/uploads\/2024\/02\/Berkel-set-4-coltelli-bistecca-blu-petrolio.jpg\" \/>\n\t<meta property=\"og:image:width\" content=\"800\" \/>\n\t<meta property=\"og:image:height\" content=\"800\" \/>\n\t<meta property=\"og:image:type\" content=\"image\/jpeg\" \/>\n<meta name=\"twitter:card\" content=\"summary_large_image\" \/>\n<script type=\"application\/ld+json\" class=\"yoast-schema-graph\">{\"@context\":\"https:\/\/schema.org\",\"@graph\":[{\"@type\":\"WebPage\",\"@id\":\"https:\/\/www.erresse-shop.it\/de\/shop\/kuche\/messer\/berkel-set-4-steakmesser-petroleum-blau\/\",\"url\":\"https:\/\/www.erresse-shop.it\/de\/shop\/kuche\/messer\/berkel-set-4-steakmesser-petroleum-blau\/\",\"name\":\"BERKEL Set 4 Steakmesser Petroleum Blau\",\"isPartOf\":{\"@id\":\"https:\/\/www.erresse-shop.it\/de\/#website\"},\"datePublished\":\"2024-02-29T08:48:23+00:00\",\"dateModified\":\"2025-01-16T08:05:39+00:00\",\"description\":\"Entdecken Sie BERKEL Set 4 Steakmesser Petroleum Blau bei ErresseShop. Qualit\u00e4t, Stil und Funktionalit\u00e4t \u2013 jetzt online bestellen!\",\"breadcrumb\":{\"@id\":\"https:\/\/www.erresse-shop.it\/de\/shop\/kuche\/messer\/berkel-set-4-steakmesser-petroleum-blau\/#breadcrumb\"},\"inLanguage\":\"de-DE\",\"potentialAction\":[{\"@type\":\"ReadAction\",\"target\":[\"https:\/\/www.erresse-shop.it\/de\/shop\/kuche\/messer\/berkel-set-4-steakmesser-petroleum-blau\/\"]}]},{\"@type\":\"BreadcrumbList\",\"@id\":\"https:\/\/www.erresse-shop.it\/de\/shop\/kuche\/messer\/berkel-set-4-steakmesser-petroleum-blau\/#breadcrumb\",\"itemListElement\":[{\"@type\":\"ListItem\",\"position\":1,\"name\":\"Home\",\"item\":\"https:\/\/www.erresse-shop.it\/de\/\"},{\"@type\":\"ListItem\",\"position\":2,\"name\":\"Shop\",\"item\":\"https:\/\/www.erresse-shop.it\/de\/shop\/\"},{\"@type\":\"ListItem\",\"position\":3,\"name\":\"BERKEL Set 4 Steakmesser Petroleum Blau\"}]},{\"@type\":\"WebSite\",\"@id\":\"https:\/\/www.erresse-shop.it\/de\/#website\",\"url\":\"https:\/\/www.erresse-shop.it\/de\/\",\"name\":\"Erresse Shop\",\"description\":\"Articoli di qualit\u00e0 per la casa\",\"potentialAction\":[{\"@type\":\"SearchAction\",\"target\":{\"@type\":\"EntryPoint\",\"urlTemplate\":\"https:\/\/www.erresse-shop.it\/de\/?s={search_term_string}\"},\"query-input\":\"required name=search_term_string\"}],\"inLanguage\":\"de-DE\"}]}<\/script>\n<!-- \/ Yoast SEO Premium plugin. -->","yoast_head_json":{"title":"BERKEL Set 4 Steakmesser Petroleum Blau","description":"Entdecken Sie BERKEL Set 4 Steakmesser Petroleum Blau bei ErresseShop. Qualit\u00e4t, Stil und Funktionalit\u00e4t \u2013 jetzt online bestellen!","robots":{"index":"index","follow":"follow","max-snippet":"max-snippet:-1","max-image-preview":"max-image-preview:large","max-video-preview":"max-video-preview:-1"},"canonical":"https:\/\/www.erresse-shop.it\/de\/shop\/kuche\/messer\/berkel-set-4-steakmesser-petroleum-blau\/","og_locale":"de_DE","og_type":"article","og_title":"BERKEL Set 4 Steakmesser Petroleum Blau","og_description":"Entdecken Sie BERKEL Set 4 Steakmesser Petroleum Blau bei ErresseShop. Qualit\u00e4t, Stil und Funktionalit\u00e4t \u2013 jetzt online bestellen!","og_url":"https:\/\/www.erresse-shop.it\/de\/shop\/kuche\/messer\/berkel-set-4-steakmesser-petroleum-blau\/","og_site_name":"Erresse Shop","article_modified_time":"2025-01-16T08:05:39+00:00","og_image":[{"width":800,"height":800,"url":"https:\/\/www.erresse-shop.it\/wp-content\/uploads\/2024\/02\/Berkel-set-4-coltelli-bistecca-blu-petrolio.jpg","type":"image\/jpeg"}],"twitter_card":"summary_large_image","schema":{"@context":"https:\/\/schema.org","@graph":[{"@type":"WebPage","@id":"https:\/\/www.erresse-shop.it\/de\/shop\/kuche\/messer\/berkel-set-4-steakmesser-petroleum-blau\/","url":"https:\/\/www.erresse-shop.it\/de\/shop\/kuche\/messer\/berkel-set-4-steakmesser-petroleum-blau\/","name":"BERKEL Set 4 Steakmesser Petroleum Blau","isPartOf":{"@id":"https:\/\/www.erresse-shop.it\/de\/#website"},"datePublished":"2024-02-29T08:48:23+00:00","dateModified":"2025-01-16T08:05:39+00:00","description":"Entdecken Sie BERKEL Set 4 Steakmesser Petroleum Blau bei ErresseShop. Qualit\u00e4t, Stil und Funktionalit\u00e4t \u2013 jetzt online bestellen!","breadcrumb":{"@id":"https:\/\/www.erresse-shop.it\/de\/shop\/kuche\/messer\/berkel-set-4-steakmesser-petroleum-blau\/#breadcrumb"},"inLanguage":"de-DE","potentialAction":[{"@type":"ReadAction","target":["https:\/\/www.erresse-shop.it\/de\/shop\/kuche\/messer\/berkel-set-4-steakmesser-petroleum-blau\/"]}]},{"@type":"BreadcrumbList","@id":"https:\/\/www.erresse-shop.it\/de\/shop\/kuche\/messer\/berkel-set-4-steakmesser-petroleum-blau\/#breadcrumb","itemListElement":[{"@type":"ListItem","position":1,"name":"Home","item":"https:\/\/www.erresse-shop.it\/de\/"},{"@type":"ListItem","position":2,"name":"Shop","item":"https:\/\/www.erresse-shop.it\/de\/shop\/"},{"@type":"ListItem","position":3,"name":"BERKEL Set 4 Steakmesser Petroleum Blau"}]},{"@type":"WebSite","@id":"https:\/\/www.erresse-shop.it\/de\/#website","url":"https:\/\/www.erresse-shop.it\/de\/","name":"Erresse Shop","description":"Articoli di qualit\u00e0 per la casa","potentialAction":[{"@type":"SearchAction","target":{"@type":"EntryPoint","urlTemplate":"https:\/\/www.erresse-shop.it\/de\/?s={search_term_string}"},"query-input":"required name=search_term_string"}],"inLanguage":"de-DE"}]}},"df_price":45,"df_sale_price":45,"df_regular_price":69,"df_image_link":"https:\/\/www.erresse-shop.it\/wp-content\/uploads\/2024\/02\/Berkel-set-4-coltelli-bistecca-blu-petrolio-300x300.jpg","_links":{"self":[{"href":"https:\/\/www.erresse-shop.it\/de\/wp-json\/wp\/v2\/product\/393426"}],"collection":[{"href":"https:\/\/www.erresse-shop.it\/de\/wp-json\/wp\/v2\/product"}],"about":[{"href":"https:\/\/www.erresse-shop.it\/de\/wp-json\/wp\/v2\/types\/product"}],"wp:featuredmedia":[{"embeddable":true,"href":"https:\/\/www.erresse-shop.it\/de\/wp-json\/wp\/v2\/media\/393444"}],"wp:attachment":[{"href":"https:\/\/www.erresse-shop.it\/de\/wp-json\/wp\/v2\/media?parent=393426"}],"wp:term":[{"taxonomy":"product_cat","embeddable":true,"href":"https:\/\/www.erresse-shop.it\/de\/wp-json\/wp\/v2\/product_cat?post=393426"},{"taxonomy":"product_tag","embeddable":true,"href":"https:\/\/www.erresse-shop.it\/de\/wp-json\/wp\/v2\/product_tag?post=393426"}],"curies":[{"name":"wp","href":"https:\/\/api.w.org\/{rel}","templated":true}]}}