{"id":393222,"date":"2024-02-28T10:09:31","date_gmt":"2024-02-28T10:09:33","guid":{"rendered":"https:\/\/www.erresse-shop.it\/?post_type=product&#038;p=393222"},"modified":"2025-01-17T07:42:00","modified_gmt":"2025-01-17T07:42:00","slug":"illy-216-pods-e-s-e-intensive-espresso","status":"publish","type":"product","link":"https:\/\/www.erresse-shop.it\/de\/shop\/kaffe\/kaffeepads-und-kapseln\/illy-216-pods-e-s-e-intensive-espresso\/","title":{"rendered":"ILLY 216 Pods E.S.E. Intensive Espresso"},"content":{"rendered":"<p><strong>Packung mit 18 Pods, insgesamt 216 Pods (12 Packungen).<\/strong><\/p>\n<p><strong>Neue E.S.E.-zertifizierte, kompostierbare Kapseln<\/strong><br \/>\nDie zertifizierten kompostierbaren Pads, die \u00fcber die Bioabfall-Sammlung entsorgt werden k\u00f6nnen (informieren Sie sich bei Ihrer Gemeinde \u00fcber die aktuelle M\u00fclltrennung), sind perfekt, um Ihren Lieblings- illy-Espresso auf praktische Weise zuzubereiten, ohne dabei auf Geschmack und Frische zu verzichten. illy Kaffeepads in Filterpapier k\u00f6nnen mit allen ESE-Kaffeemaschinen verwendet werden<\/p>\n<p>Die <strong>E.S.E. (Easy Serving Espresso)<\/strong>-Pads sind sehr &#8220;offen&#8221;: Sie k\u00f6nnen sie nicht nur mit illy-Pad-Kaffeemaschinen verwenden, sondern auch mit allen anderen Pad-Maschinen. Die Kapsel ist nichts anderes als gemahlener Kaffee, der bereits richtig dosiert und gepresst ist und sich zwischen 2 Bl\u00e4ttern Filterpapier befindet.<\/p>\n<p><strong>Aromatische Noten<\/strong><br \/>\nDas CLASSICO-Aroma der einzigartigen Mischung aus 100% Arabica illy bringt zarte Noten von Karamell, Orangenbl\u00fcten und Jasmin zum Ausdruck, mit einem s\u00fc\u00dfen Nachgeschmack. F\u00fcr alle, die eine Tasse Kaffee mit einem weichen und samtigen Geschmack bevorzugen. Die Packung enth\u00e4lt 18 Einzeldosen CLASSICO-Kaffeepads, die von E.S.E. ger\u00f6stet wurden.<\/p>\n","protected":false},"excerpt":{"rendered":"<p>Packung mit 18 Pods, insgesamt 216 Pods (12 Packungen). Neue E.S.E.-zertifizierte, kompostierbare Kapseln Die zertifizierten kompostierbaren Pads, die \u00fcber die<\/p>\n","protected":false},"featured_media":393230,"template":"","meta":{"_acf_changed":false,"inline_featured_image":false},"product_cat":[25351,25392],"product_tag":[11638,23564,23230,24470],"acf":[],"yoast_head":"<!-- This site is optimized with the Yoast SEO Premium plugin v18.6 (Yoast SEO v19.13) - https:\/\/yoast.com\/wordpress\/plugins\/seo\/ -->\n<title>ILLY 216 Pods E.S.E. Intensive Espresso<\/title>\n<meta name=\"description\" content=\"Entdecken Sie ILLY 216 Pods E.S.E. Intensive Espresso bei ErresseShop. Qualit\u00e4t, Stil und Funktionalit\u00e4t \u2013 jetzt online bestellen!\" \/>\n<meta name=\"robots\" content=\"index, follow, max-snippet:-1, max-image-preview:large, max-video-preview:-1\" \/>\n<link rel=\"canonical\" href=\"https:\/\/www.erresse-shop.it\/de\/shop\/kaffe\/kaffeepads-und-kapseln\/illy-216-pods-e-s-e-intensive-espresso\/\" \/>\n<meta property=\"og:locale\" content=\"de_DE\" \/>\n<meta property=\"og:type\" content=\"article\" \/>\n<meta property=\"og:title\" content=\"ILLY 216 Pods E.S.E. Intensive Espresso\" \/>\n<meta property=\"og:description\" content=\"Entdecken Sie ILLY 216 Pods E.S.E. Intensive Espresso bei ErresseShop. Qualit\u00e4t, Stil und Funktionalit\u00e4t \u2013 jetzt online bestellen!\" \/>\n<meta property=\"og:url\" content=\"https:\/\/www.erresse-shop.it\/de\/shop\/kaffe\/kaffeepads-und-kapseln\/illy-216-pods-e-s-e-intensive-espresso\/\" \/>\n<meta property=\"og:site_name\" content=\"Erresse Shop\" \/>\n<meta property=\"article:modified_time\" content=\"2025-01-17T07:42:00+00:00\" \/>\n<meta property=\"og:image\" content=\"https:\/\/www.erresse-shop.it\/wp-content\/uploads\/2024\/02\/illy-cialde-intenso.jpg\" \/>\n\t<meta property=\"og:image:width\" content=\"800\" \/>\n\t<meta property=\"og:image:height\" content=\"800\" \/>\n\t<meta property=\"og:image:type\" content=\"image\/jpeg\" \/>\n<meta name=\"twitter:card\" content=\"summary_large_image\" \/>\n<script type=\"application\/ld+json\" class=\"yoast-schema-graph\">{\"@context\":\"https:\/\/schema.org\",\"@graph\":[{\"@type\":\"WebPage\",\"@id\":\"https:\/\/www.erresse-shop.it\/de\/shop\/kaffe\/kaffeepads-und-kapseln\/illy-216-pods-e-s-e-intensive-espresso\/\",\"url\":\"https:\/\/www.erresse-shop.it\/de\/shop\/kaffe\/kaffeepads-und-kapseln\/illy-216-pods-e-s-e-intensive-espresso\/\",\"name\":\"ILLY 216 Pods E.S.E. Intensive Espresso\",\"isPartOf\":{\"@id\":\"https:\/\/www.erresse-shop.it\/de\/#website\"},\"datePublished\":\"2024-02-28T10:09:33+00:00\",\"dateModified\":\"2025-01-17T07:42:00+00:00\",\"description\":\"Entdecken Sie ILLY 216 Pods E.S.E. Intensive Espresso bei ErresseShop. Qualit\u00e4t, Stil und Funktionalit\u00e4t \u2013 jetzt online bestellen!\",\"breadcrumb\":{\"@id\":\"https:\/\/www.erresse-shop.it\/de\/shop\/kaffe\/kaffeepads-und-kapseln\/illy-216-pods-e-s-e-intensive-espresso\/#breadcrumb\"},\"inLanguage\":\"de-DE\",\"potentialAction\":[{\"@type\":\"ReadAction\",\"target\":[\"https:\/\/www.erresse-shop.it\/de\/shop\/kaffe\/kaffeepads-und-kapseln\/illy-216-pods-e-s-e-intensive-espresso\/\"]}]},{\"@type\":\"BreadcrumbList\",\"@id\":\"https:\/\/www.erresse-shop.it\/de\/shop\/kaffe\/kaffeepads-und-kapseln\/illy-216-pods-e-s-e-intensive-espresso\/#breadcrumb\",\"itemListElement\":[{\"@type\":\"ListItem\",\"position\":1,\"name\":\"Home\",\"item\":\"https:\/\/www.erresse-shop.it\/de\/\"},{\"@type\":\"ListItem\",\"position\":2,\"name\":\"Shop\",\"item\":\"https:\/\/www.erresse-shop.it\/de\/shop\/\"},{\"@type\":\"ListItem\",\"position\":3,\"name\":\"ILLY 216 Pods E.S.E. Intensive Espresso\"}]},{\"@type\":\"WebSite\",\"@id\":\"https:\/\/www.erresse-shop.it\/de\/#website\",\"url\":\"https:\/\/www.erresse-shop.it\/de\/\",\"name\":\"Erresse Shop\",\"description\":\"Articoli di qualit\u00e0 per la casa\",\"potentialAction\":[{\"@type\":\"SearchAction\",\"target\":{\"@type\":\"EntryPoint\",\"urlTemplate\":\"https:\/\/www.erresse-shop.it\/de\/?s={search_term_string}\"},\"query-input\":\"required name=search_term_string\"}],\"inLanguage\":\"de-DE\"}]}<\/script>\n<!-- \/ Yoast SEO Premium plugin. -->","yoast_head_json":{"title":"ILLY 216 Pods E.S.E. Intensive Espresso","description":"Entdecken Sie ILLY 216 Pods E.S.E. Intensive Espresso bei ErresseShop. Qualit\u00e4t, Stil und Funktionalit\u00e4t \u2013 jetzt online bestellen!","robots":{"index":"index","follow":"follow","max-snippet":"max-snippet:-1","max-image-preview":"max-image-preview:large","max-video-preview":"max-video-preview:-1"},"canonical":"https:\/\/www.erresse-shop.it\/de\/shop\/kaffe\/kaffeepads-und-kapseln\/illy-216-pods-e-s-e-intensive-espresso\/","og_locale":"de_DE","og_type":"article","og_title":"ILLY 216 Pods E.S.E. Intensive Espresso","og_description":"Entdecken Sie ILLY 216 Pods E.S.E. Intensive Espresso bei ErresseShop. Qualit\u00e4t, Stil und Funktionalit\u00e4t \u2013 jetzt online bestellen!","og_url":"https:\/\/www.erresse-shop.it\/de\/shop\/kaffe\/kaffeepads-und-kapseln\/illy-216-pods-e-s-e-intensive-espresso\/","og_site_name":"Erresse Shop","article_modified_time":"2025-01-17T07:42:00+00:00","og_image":[{"width":800,"height":800,"url":"https:\/\/www.erresse-shop.it\/wp-content\/uploads\/2024\/02\/illy-cialde-intenso.jpg","type":"image\/jpeg"}],"twitter_card":"summary_large_image","schema":{"@context":"https:\/\/schema.org","@graph":[{"@type":"WebPage","@id":"https:\/\/www.erresse-shop.it\/de\/shop\/kaffe\/kaffeepads-und-kapseln\/illy-216-pods-e-s-e-intensive-espresso\/","url":"https:\/\/www.erresse-shop.it\/de\/shop\/kaffe\/kaffeepads-und-kapseln\/illy-216-pods-e-s-e-intensive-espresso\/","name":"ILLY 216 Pods E.S.E. Intensive Espresso","isPartOf":{"@id":"https:\/\/www.erresse-shop.it\/de\/#website"},"datePublished":"2024-02-28T10:09:33+00:00","dateModified":"2025-01-17T07:42:00+00:00","description":"Entdecken Sie ILLY 216 Pods E.S.E. Intensive Espresso bei ErresseShop. Qualit\u00e4t, Stil und Funktionalit\u00e4t \u2013 jetzt online bestellen!","breadcrumb":{"@id":"https:\/\/www.erresse-shop.it\/de\/shop\/kaffe\/kaffeepads-und-kapseln\/illy-216-pods-e-s-e-intensive-espresso\/#breadcrumb"},"inLanguage":"de-DE","potentialAction":[{"@type":"ReadAction","target":["https:\/\/www.erresse-shop.it\/de\/shop\/kaffe\/kaffeepads-und-kapseln\/illy-216-pods-e-s-e-intensive-espresso\/"]}]},{"@type":"BreadcrumbList","@id":"https:\/\/www.erresse-shop.it\/de\/shop\/kaffe\/kaffeepads-und-kapseln\/illy-216-pods-e-s-e-intensive-espresso\/#breadcrumb","itemListElement":[{"@type":"ListItem","position":1,"name":"Home","item":"https:\/\/www.erresse-shop.it\/de\/"},{"@type":"ListItem","position":2,"name":"Shop","item":"https:\/\/www.erresse-shop.it\/de\/shop\/"},{"@type":"ListItem","position":3,"name":"ILLY 216 Pods E.S.E. Intensive Espresso"}]},{"@type":"WebSite","@id":"https:\/\/www.erresse-shop.it\/de\/#website","url":"https:\/\/www.erresse-shop.it\/de\/","name":"Erresse Shop","description":"Articoli di qualit\u00e0 per la casa","potentialAction":[{"@type":"SearchAction","target":{"@type":"EntryPoint","urlTemplate":"https:\/\/www.erresse-shop.it\/de\/?s={search_term_string}"},"query-input":"required name=search_term_string"}],"inLanguage":"de-DE"}]}},"df_price":59.95,"df_sale_price":59.95,"df_regular_price":65.9,"df_image_link":"https:\/\/www.erresse-shop.it\/wp-content\/uploads\/2024\/02\/illy-cialde-intenso-300x300.jpg","_links":{"self":[{"href":"https:\/\/www.erresse-shop.it\/de\/wp-json\/wp\/v2\/product\/393222"}],"collection":[{"href":"https:\/\/www.erresse-shop.it\/de\/wp-json\/wp\/v2\/product"}],"about":[{"href":"https:\/\/www.erresse-shop.it\/de\/wp-json\/wp\/v2\/types\/product"}],"wp:featuredmedia":[{"embeddable":true,"href":"https:\/\/www.erresse-shop.it\/de\/wp-json\/wp\/v2\/media\/393230"}],"wp:attachment":[{"href":"https:\/\/www.erresse-shop.it\/de\/wp-json\/wp\/v2\/media?parent=393222"}],"wp:term":[{"taxonomy":"product_cat","embeddable":true,"href":"https:\/\/www.erresse-shop.it\/de\/wp-json\/wp\/v2\/product_cat?post=393222"},{"taxonomy":"product_tag","embeddable":true,"href":"https:\/\/www.erresse-shop.it\/de\/wp-json\/wp\/v2\/product_tag?post=393222"}],"curies":[{"name":"wp","href":"https:\/\/api.w.org\/{rel}","templated":true}]}}