{"id":390174,"date":"2024-02-15T08:35:08","date_gmt":"2024-02-15T08:35:09","guid":{"rendered":"https:\/\/www.erresse-shop.it\/?post_type=product&#038;p=390174"},"modified":"2025-01-17T17:50:41","modified_gmt":"2025-01-17T17:50:41","slug":"staub-bratpfanne-24-cm-schwarz","status":"publish","type":"product","link":"https:\/\/www.erresse-shop.it\/de\/shop\/toepfe-pfannen\/pfannen\/staub-bratpfanne-24-cm-schwarz\/","title":{"rendered":"STAUB Bratpfanne 24 cm schwarz"},"content":{"rendered":"<p>Saftige Steaks, aromatische Gem\u00fcsegerichte, gebratener Fisch und leckere Saucen lassen sich in der schwarzen Gusseisenpfanne von STAUB m\u00fchelos zubereiten. Der ergonomische Holzgriff ist w\u00e4rmeisolierend und sch\u00fctzt so vor Verbrennungen, gleichzeitig l\u00e4sst sich die Gusseisenpfanne auf dem Herd leicht handhaben und die Speisen auf die Servierplatte \u00fcbertragen. Der schwarze Gusseisenk\u00f6rper besticht durch kurze Aufheizzeiten und eine optimale W\u00e4rmeverteilung und -speicherung. Dadurch eignet sich die Pfanne nicht nur f\u00fcr die Zubereitung von knusprigen Braten, sondern auch f\u00fcr langsames Schmoren, z. B. von Kohlgerichten. Mit einem passenden Untersetzer kann die Bratpfanne auch zum stilvollen Servieren verwendet werden. Dank ihrer kompakten Abmessungen mit einem Durchmesser von 24 cm ist die Bratpfanne besonders f\u00fcr kleine Haushalte geeignet. Dank der praktischen Aufh\u00e4nge\u00f6se l\u00e4sst sie sich platzsparend aufbewahren.<br \/>\nF\u00fcr die Zubereitung von Fleisch, Fisch, Gem\u00fcse, Eint\u00f6pfen und vielem mehr<br \/>\nGeeignet f\u00fcr Elektro-, Gas-, Halogen-, Glaskeramik- oder Induktionskochfelder<br \/>\nGlatter Boden f\u00fcr den schonenden Einsatz auf empfindlichen Kochfeldern<br \/>\nEnergiesparendes Kochen dank der besonderen Eigenschaften von Gusseisen<br \/>\nMa\u00dfe mit Griff (BxTxH): 45 x 25 x 6,9 cm, Durchmesser: 24 cm, Boden: 17,9 cm<br \/>\nGewicht: 1,8 kg<\/p>\n","protected":false},"excerpt":{"rendered":"<p>Saftige Steaks, aromatische Gem\u00fcsegerichte, gebratener Fisch und leckere Saucen lassen sich in der schwarzen Gusseisenpfanne von STAUB m\u00fchelos zubereiten. Der<\/p>\n","protected":false},"featured_media":390182,"template":"","meta":{"_acf_changed":false,"inline_featured_image":false},"product_cat":[6709,14801],"product_tag":[25088,11433,11385,25022,12205],"acf":[],"yoast_head":"<!-- This site is optimized with the Yoast SEO Premium plugin v18.6 (Yoast SEO v19.13) - https:\/\/yoast.com\/wordpress\/plugins\/seo\/ -->\n<title>STAUB Bratpfanne 24 cm schwarz<\/title>\n<meta name=\"description\" content=\"Entdecken Sie STAUB Bratpfanne 24 cm schwarz bei ErresseShop. Qualit\u00e4t, Stil und Funktionalit\u00e4t \u2013 jetzt online bestellen!\" \/>\n<meta name=\"robots\" content=\"index, follow, max-snippet:-1, max-image-preview:large, max-video-preview:-1\" \/>\n<link rel=\"canonical\" href=\"https:\/\/www.erresse-shop.it\/de\/shop\/toepfe-pfannen\/pfannen\/staub-bratpfanne-24-cm-schwarz\/\" \/>\n<meta property=\"og:locale\" content=\"de_DE\" \/>\n<meta property=\"og:type\" content=\"article\" \/>\n<meta property=\"og:title\" content=\"STAUB Bratpfanne 24 cm schwarz\" \/>\n<meta property=\"og:description\" content=\"Entdecken Sie STAUB Bratpfanne 24 cm schwarz bei ErresseShop. Qualit\u00e4t, Stil und Funktionalit\u00e4t \u2013 jetzt online bestellen!\" \/>\n<meta property=\"og:url\" content=\"https:\/\/www.erresse-shop.it\/de\/shop\/toepfe-pfannen\/pfannen\/staub-bratpfanne-24-cm-schwarz\/\" \/>\n<meta property=\"og:site_name\" content=\"Erresse Shop\" \/>\n<meta property=\"article:modified_time\" content=\"2025-01-17T17:50:41+00:00\" \/>\n<meta property=\"og:image\" content=\"https:\/\/www.erresse-shop.it\/wp-content\/uploads\/2024\/02\/staub-padella-nera-24-cm.jpg\" \/>\n\t<meta property=\"og:image:width\" content=\"800\" \/>\n\t<meta property=\"og:image:height\" content=\"800\" \/>\n\t<meta property=\"og:image:type\" content=\"image\/jpeg\" \/>\n<meta name=\"twitter:card\" content=\"summary_large_image\" \/>\n<script type=\"application\/ld+json\" class=\"yoast-schema-graph\">{\"@context\":\"https:\/\/schema.org\",\"@graph\":[{\"@type\":\"WebPage\",\"@id\":\"https:\/\/www.erresse-shop.it\/de\/shop\/toepfe-pfannen\/pfannen\/staub-bratpfanne-24-cm-schwarz\/\",\"url\":\"https:\/\/www.erresse-shop.it\/de\/shop\/toepfe-pfannen\/pfannen\/staub-bratpfanne-24-cm-schwarz\/\",\"name\":\"STAUB Bratpfanne 24 cm schwarz\",\"isPartOf\":{\"@id\":\"https:\/\/www.erresse-shop.it\/de\/#website\"},\"datePublished\":\"2024-02-15T08:35:09+00:00\",\"dateModified\":\"2025-01-17T17:50:41+00:00\",\"description\":\"Entdecken Sie STAUB Bratpfanne 24 cm schwarz bei ErresseShop. Qualit\u00e4t, Stil und Funktionalit\u00e4t \u2013 jetzt online bestellen!\",\"breadcrumb\":{\"@id\":\"https:\/\/www.erresse-shop.it\/de\/shop\/toepfe-pfannen\/pfannen\/staub-bratpfanne-24-cm-schwarz\/#breadcrumb\"},\"inLanguage\":\"de-DE\",\"potentialAction\":[{\"@type\":\"ReadAction\",\"target\":[\"https:\/\/www.erresse-shop.it\/de\/shop\/toepfe-pfannen\/pfannen\/staub-bratpfanne-24-cm-schwarz\/\"]}]},{\"@type\":\"BreadcrumbList\",\"@id\":\"https:\/\/www.erresse-shop.it\/de\/shop\/toepfe-pfannen\/pfannen\/staub-bratpfanne-24-cm-schwarz\/#breadcrumb\",\"itemListElement\":[{\"@type\":\"ListItem\",\"position\":1,\"name\":\"Home\",\"item\":\"https:\/\/www.erresse-shop.it\/de\/\"},{\"@type\":\"ListItem\",\"position\":2,\"name\":\"Shop\",\"item\":\"https:\/\/www.erresse-shop.it\/de\/shop\/\"},{\"@type\":\"ListItem\",\"position\":3,\"name\":\"STAUB Bratpfanne 24 cm schwarz\"}]},{\"@type\":\"WebSite\",\"@id\":\"https:\/\/www.erresse-shop.it\/de\/#website\",\"url\":\"https:\/\/www.erresse-shop.it\/de\/\",\"name\":\"Erresse Shop\",\"description\":\"Articoli di qualit\u00e0 per la casa\",\"potentialAction\":[{\"@type\":\"SearchAction\",\"target\":{\"@type\":\"EntryPoint\",\"urlTemplate\":\"https:\/\/www.erresse-shop.it\/de\/?s={search_term_string}\"},\"query-input\":\"required name=search_term_string\"}],\"inLanguage\":\"de-DE\"}]}<\/script>\n<!-- \/ Yoast SEO Premium plugin. -->","yoast_head_json":{"title":"STAUB Bratpfanne 24 cm schwarz","description":"Entdecken Sie STAUB Bratpfanne 24 cm schwarz bei ErresseShop. Qualit\u00e4t, Stil und Funktionalit\u00e4t \u2013 jetzt online bestellen!","robots":{"index":"index","follow":"follow","max-snippet":"max-snippet:-1","max-image-preview":"max-image-preview:large","max-video-preview":"max-video-preview:-1"},"canonical":"https:\/\/www.erresse-shop.it\/de\/shop\/toepfe-pfannen\/pfannen\/staub-bratpfanne-24-cm-schwarz\/","og_locale":"de_DE","og_type":"article","og_title":"STAUB Bratpfanne 24 cm schwarz","og_description":"Entdecken Sie STAUB Bratpfanne 24 cm schwarz bei ErresseShop. Qualit\u00e4t, Stil und Funktionalit\u00e4t \u2013 jetzt online bestellen!","og_url":"https:\/\/www.erresse-shop.it\/de\/shop\/toepfe-pfannen\/pfannen\/staub-bratpfanne-24-cm-schwarz\/","og_site_name":"Erresse Shop","article_modified_time":"2025-01-17T17:50:41+00:00","og_image":[{"width":800,"height":800,"url":"https:\/\/www.erresse-shop.it\/wp-content\/uploads\/2024\/02\/staub-padella-nera-24-cm.jpg","type":"image\/jpeg"}],"twitter_card":"summary_large_image","schema":{"@context":"https:\/\/schema.org","@graph":[{"@type":"WebPage","@id":"https:\/\/www.erresse-shop.it\/de\/shop\/toepfe-pfannen\/pfannen\/staub-bratpfanne-24-cm-schwarz\/","url":"https:\/\/www.erresse-shop.it\/de\/shop\/toepfe-pfannen\/pfannen\/staub-bratpfanne-24-cm-schwarz\/","name":"STAUB Bratpfanne 24 cm schwarz","isPartOf":{"@id":"https:\/\/www.erresse-shop.it\/de\/#website"},"datePublished":"2024-02-15T08:35:09+00:00","dateModified":"2025-01-17T17:50:41+00:00","description":"Entdecken Sie STAUB Bratpfanne 24 cm schwarz bei ErresseShop. Qualit\u00e4t, Stil und Funktionalit\u00e4t \u2013 jetzt online bestellen!","breadcrumb":{"@id":"https:\/\/www.erresse-shop.it\/de\/shop\/toepfe-pfannen\/pfannen\/staub-bratpfanne-24-cm-schwarz\/#breadcrumb"},"inLanguage":"de-DE","potentialAction":[{"@type":"ReadAction","target":["https:\/\/www.erresse-shop.it\/de\/shop\/toepfe-pfannen\/pfannen\/staub-bratpfanne-24-cm-schwarz\/"]}]},{"@type":"BreadcrumbList","@id":"https:\/\/www.erresse-shop.it\/de\/shop\/toepfe-pfannen\/pfannen\/staub-bratpfanne-24-cm-schwarz\/#breadcrumb","itemListElement":[{"@type":"ListItem","position":1,"name":"Home","item":"https:\/\/www.erresse-shop.it\/de\/"},{"@type":"ListItem","position":2,"name":"Shop","item":"https:\/\/www.erresse-shop.it\/de\/shop\/"},{"@type":"ListItem","position":3,"name":"STAUB Bratpfanne 24 cm schwarz"}]},{"@type":"WebSite","@id":"https:\/\/www.erresse-shop.it\/de\/#website","url":"https:\/\/www.erresse-shop.it\/de\/","name":"Erresse Shop","description":"Articoli di qualit\u00e0 per la casa","potentialAction":[{"@type":"SearchAction","target":{"@type":"EntryPoint","urlTemplate":"https:\/\/www.erresse-shop.it\/de\/?s={search_term_string}"},"query-input":"required name=search_term_string"}],"inLanguage":"de-DE"}]}},"df_price":69.5,"df_sale_price":69.5,"df_regular_price":139,"df_image_link":"https:\/\/www.erresse-shop.it\/wp-content\/uploads\/2024\/02\/staub-padella-nera-24-cm-300x300.jpg","_links":{"self":[{"href":"https:\/\/www.erresse-shop.it\/de\/wp-json\/wp\/v2\/product\/390174"}],"collection":[{"href":"https:\/\/www.erresse-shop.it\/de\/wp-json\/wp\/v2\/product"}],"about":[{"href":"https:\/\/www.erresse-shop.it\/de\/wp-json\/wp\/v2\/types\/product"}],"wp:featuredmedia":[{"embeddable":true,"href":"https:\/\/www.erresse-shop.it\/de\/wp-json\/wp\/v2\/media\/390182"}],"wp:attachment":[{"href":"https:\/\/www.erresse-shop.it\/de\/wp-json\/wp\/v2\/media?parent=390174"}],"wp:term":[{"taxonomy":"product_cat","embeddable":true,"href":"https:\/\/www.erresse-shop.it\/de\/wp-json\/wp\/v2\/product_cat?post=390174"},{"taxonomy":"product_tag","embeddable":true,"href":"https:\/\/www.erresse-shop.it\/de\/wp-json\/wp\/v2\/product_tag?post=390174"}],"curies":[{"name":"wp","href":"https:\/\/api.w.org\/{rel}","templated":true}]}}