{"id":390089,"date":"2024-02-15T07:59:05","date_gmt":"2024-02-15T07:59:06","guid":{"rendered":"https:\/\/www.erresse-shop.it\/?post_type=product&#038;p=390089"},"modified":"2025-01-22T07:20:51","modified_gmt":"2025-01-22T07:20:51","slug":"zwilling-poletto-set-3-bratpfannen","status":"publish","type":"product","link":"https:\/\/www.erresse-shop.it\/de\/shop\/toepfe-pfannen\/pfannen\/zwilling-poletto-set-3-bratpfannen\/","title":{"rendered":"ZWILLING Poletto Set 3 Bratpfannen"},"content":{"rendered":"<p>Dieses Set enth\u00e4lt 3 Bratpfannen aus der Serie CORNELIA POLETTO von ZWILLING, die in Zusammenarbeit mit dem gleichnamigen Starkoch entwickelt wurde. Die unglaublich widerstandsf\u00e4hige 4-lagige Duraslide Diamond-Beschichtung, die mit Diamantpartikeln verst\u00e4rkt ist, erm\u00f6glicht eine gesunde und schonende Zubereitung von Fleisch- und Gem\u00fcsegerichten. So k\u00f6nnen Sie den Einsatz von \u00d6l und Fett reduzieren, ohne dass die Speisen beim Kochen am Boden haften bleiben. Nach dem Kochen wird Sie die Pfanne durch ihre einfache Reinigung verbl\u00fcffen. Oft reicht es aus, sie mit einem feuchten Tuch abzuwischen. Der mehrschichtige Boden mit robustem Aluminiumkern eignet sich f\u00fcr alle Herdarten, auch f\u00fcr Induktionsherde, und bietet eine gleichm\u00e4\u00dfige W\u00e4rmeverteilung. Der hochwertige Gusseisengriff mit Silikonbeschichtung sorgt f\u00fcr hohen Bedienkomfort und bleibt w\u00e4hrend des gesamten Kochvorgangs k\u00fchl. Mit dieser Pfanne von ZWILLING werden Sie viele leckere Gerichte zubereiten, mit denen Sie Ihre G\u00e4ste beeindrucken k\u00f6nnen.<br \/>\nBratpfanne entwickelt in Zusammenarbeit mit der Sternek\u00f6chin Cornelia Poletto<br \/>\nMehrschichtiger Boden mit robustem Aluminiumkern f\u00fcr gleichm\u00e4\u00dfige W\u00e4rmeverteilung und 4-lagiger, mit Diamantpartikeln verst\u00e4rkter Duraslide Diamond Beschichtung.<\/p>\n<p>Hervorragende Antihafteigenschaften<br \/>\nHochwertiger Gusseisengriff mit Silikonbeschichtung bietet hohen Bedienkomfort und bleibt w\u00e4hrend des gesamten Kochvorgangs k\u00fchl<br \/>\nF\u00fcr alle Herdarten, einschlie\u00dflich Induktionsherde<br \/>\nSp\u00fclmaschinengeeignet<br \/>\nEnth\u00e4lt 1 Bratpfanne (20 cm), 1 Bratpfanne (24 cm), 1 Bratpfanne (28 cm)<\/p>\n","protected":false},"excerpt":{"rendered":"<p>Dieses Set enth\u00e4lt 3 Bratpfannen aus der Serie CORNELIA POLETTO von ZWILLING, die in Zusammenarbeit mit dem gleichnamigen Starkoch entwickelt<\/p>\n","protected":false},"featured_media":390097,"template":"","meta":{"_acf_changed":false,"inline_featured_image":false},"product_cat":[6709,14801],"product_tag":[25038,11433,23661,24416,11385,25022],"acf":[],"yoast_head":"<!-- This site is optimized with the Yoast SEO Premium plugin v18.6 (Yoast SEO v19.13) - https:\/\/yoast.com\/wordpress\/plugins\/seo\/ -->\n<title>ZWILLING Poletto Set 3 Bratpfannen<\/title>\n<meta name=\"description\" content=\"Entdecken Sie ZWILLING Poletto Set 3 Bratpfannen bei ErresseShop. Qualit\u00e4t, Stil und Funktionalit\u00e4t \u2013 jetzt online bestellen!\" \/>\n<meta name=\"robots\" content=\"index, follow, max-snippet:-1, max-image-preview:large, max-video-preview:-1\" \/>\n<link rel=\"canonical\" href=\"https:\/\/www.erresse-shop.it\/de\/shop\/toepfe-pfannen\/pfannen\/zwilling-poletto-set-3-bratpfannen\/\" \/>\n<meta property=\"og:locale\" content=\"de_DE\" \/>\n<meta property=\"og:type\" content=\"article\" \/>\n<meta property=\"og:title\" content=\"ZWILLING Poletto Set 3 Bratpfannen\" \/>\n<meta property=\"og:description\" content=\"Entdecken Sie ZWILLING Poletto Set 3 Bratpfannen bei ErresseShop. Qualit\u00e4t, Stil und Funktionalit\u00e4t \u2013 jetzt online bestellen!\" \/>\n<meta property=\"og:url\" content=\"https:\/\/www.erresse-shop.it\/de\/shop\/toepfe-pfannen\/pfannen\/zwilling-poletto-set-3-bratpfannen\/\" \/>\n<meta property=\"og:site_name\" content=\"Erresse Shop\" \/>\n<meta property=\"article:modified_time\" content=\"2025-01-22T07:20:51+00:00\" \/>\n<meta property=\"og:image\" content=\"https:\/\/www.erresse-shop.it\/wp-content\/uploads\/2024\/02\/Zwilling-set-3-padelle.jpg\" \/>\n\t<meta property=\"og:image:width\" content=\"800\" \/>\n\t<meta property=\"og:image:height\" content=\"800\" \/>\n\t<meta property=\"og:image:type\" content=\"image\/jpeg\" \/>\n<meta name=\"twitter:card\" content=\"summary_large_image\" \/>\n<script type=\"application\/ld+json\" class=\"yoast-schema-graph\">{\"@context\":\"https:\/\/schema.org\",\"@graph\":[{\"@type\":\"WebPage\",\"@id\":\"https:\/\/www.erresse-shop.it\/de\/shop\/toepfe-pfannen\/pfannen\/zwilling-poletto-set-3-bratpfannen\/\",\"url\":\"https:\/\/www.erresse-shop.it\/de\/shop\/toepfe-pfannen\/pfannen\/zwilling-poletto-set-3-bratpfannen\/\",\"name\":\"ZWILLING Poletto Set 3 Bratpfannen\",\"isPartOf\":{\"@id\":\"https:\/\/www.erresse-shop.it\/de\/#website\"},\"datePublished\":\"2024-02-15T07:59:06+00:00\",\"dateModified\":\"2025-01-22T07:20:51+00:00\",\"description\":\"Entdecken Sie ZWILLING Poletto Set 3 Bratpfannen bei ErresseShop. Qualit\u00e4t, Stil und Funktionalit\u00e4t \u2013 jetzt online bestellen!\",\"breadcrumb\":{\"@id\":\"https:\/\/www.erresse-shop.it\/de\/shop\/toepfe-pfannen\/pfannen\/zwilling-poletto-set-3-bratpfannen\/#breadcrumb\"},\"inLanguage\":\"de-DE\",\"potentialAction\":[{\"@type\":\"ReadAction\",\"target\":[\"https:\/\/www.erresse-shop.it\/de\/shop\/toepfe-pfannen\/pfannen\/zwilling-poletto-set-3-bratpfannen\/\"]}]},{\"@type\":\"BreadcrumbList\",\"@id\":\"https:\/\/www.erresse-shop.it\/de\/shop\/toepfe-pfannen\/pfannen\/zwilling-poletto-set-3-bratpfannen\/#breadcrumb\",\"itemListElement\":[{\"@type\":\"ListItem\",\"position\":1,\"name\":\"Home\",\"item\":\"https:\/\/www.erresse-shop.it\/de\/\"},{\"@type\":\"ListItem\",\"position\":2,\"name\":\"Shop\",\"item\":\"https:\/\/www.erresse-shop.it\/de\/shop\/\"},{\"@type\":\"ListItem\",\"position\":3,\"name\":\"ZWILLING Poletto Set 3 Bratpfannen\"}]},{\"@type\":\"WebSite\",\"@id\":\"https:\/\/www.erresse-shop.it\/de\/#website\",\"url\":\"https:\/\/www.erresse-shop.it\/de\/\",\"name\":\"Erresse Shop\",\"description\":\"Articoli di qualit\u00e0 per la casa\",\"potentialAction\":[{\"@type\":\"SearchAction\",\"target\":{\"@type\":\"EntryPoint\",\"urlTemplate\":\"https:\/\/www.erresse-shop.it\/de\/?s={search_term_string}\"},\"query-input\":\"required name=search_term_string\"}],\"inLanguage\":\"de-DE\"}]}<\/script>\n<!-- \/ Yoast SEO Premium plugin. -->","yoast_head_json":{"title":"ZWILLING Poletto Set 3 Bratpfannen","description":"Entdecken Sie ZWILLING Poletto Set 3 Bratpfannen bei ErresseShop. Qualit\u00e4t, Stil und Funktionalit\u00e4t \u2013 jetzt online bestellen!","robots":{"index":"index","follow":"follow","max-snippet":"max-snippet:-1","max-image-preview":"max-image-preview:large","max-video-preview":"max-video-preview:-1"},"canonical":"https:\/\/www.erresse-shop.it\/de\/shop\/toepfe-pfannen\/pfannen\/zwilling-poletto-set-3-bratpfannen\/","og_locale":"de_DE","og_type":"article","og_title":"ZWILLING Poletto Set 3 Bratpfannen","og_description":"Entdecken Sie ZWILLING Poletto Set 3 Bratpfannen bei ErresseShop. Qualit\u00e4t, Stil und Funktionalit\u00e4t \u2013 jetzt online bestellen!","og_url":"https:\/\/www.erresse-shop.it\/de\/shop\/toepfe-pfannen\/pfannen\/zwilling-poletto-set-3-bratpfannen\/","og_site_name":"Erresse Shop","article_modified_time":"2025-01-22T07:20:51+00:00","og_image":[{"width":800,"height":800,"url":"https:\/\/www.erresse-shop.it\/wp-content\/uploads\/2024\/02\/Zwilling-set-3-padelle.jpg","type":"image\/jpeg"}],"twitter_card":"summary_large_image","schema":{"@context":"https:\/\/schema.org","@graph":[{"@type":"WebPage","@id":"https:\/\/www.erresse-shop.it\/de\/shop\/toepfe-pfannen\/pfannen\/zwilling-poletto-set-3-bratpfannen\/","url":"https:\/\/www.erresse-shop.it\/de\/shop\/toepfe-pfannen\/pfannen\/zwilling-poletto-set-3-bratpfannen\/","name":"ZWILLING Poletto Set 3 Bratpfannen","isPartOf":{"@id":"https:\/\/www.erresse-shop.it\/de\/#website"},"datePublished":"2024-02-15T07:59:06+00:00","dateModified":"2025-01-22T07:20:51+00:00","description":"Entdecken Sie ZWILLING Poletto Set 3 Bratpfannen bei ErresseShop. Qualit\u00e4t, Stil und Funktionalit\u00e4t \u2013 jetzt online bestellen!","breadcrumb":{"@id":"https:\/\/www.erresse-shop.it\/de\/shop\/toepfe-pfannen\/pfannen\/zwilling-poletto-set-3-bratpfannen\/#breadcrumb"},"inLanguage":"de-DE","potentialAction":[{"@type":"ReadAction","target":["https:\/\/www.erresse-shop.it\/de\/shop\/toepfe-pfannen\/pfannen\/zwilling-poletto-set-3-bratpfannen\/"]}]},{"@type":"BreadcrumbList","@id":"https:\/\/www.erresse-shop.it\/de\/shop\/toepfe-pfannen\/pfannen\/zwilling-poletto-set-3-bratpfannen\/#breadcrumb","itemListElement":[{"@type":"ListItem","position":1,"name":"Home","item":"https:\/\/www.erresse-shop.it\/de\/"},{"@type":"ListItem","position":2,"name":"Shop","item":"https:\/\/www.erresse-shop.it\/de\/shop\/"},{"@type":"ListItem","position":3,"name":"ZWILLING Poletto Set 3 Bratpfannen"}]},{"@type":"WebSite","@id":"https:\/\/www.erresse-shop.it\/de\/#website","url":"https:\/\/www.erresse-shop.it\/de\/","name":"Erresse Shop","description":"Articoli di qualit\u00e0 per la casa","potentialAction":[{"@type":"SearchAction","target":{"@type":"EntryPoint","urlTemplate":"https:\/\/www.erresse-shop.it\/de\/?s={search_term_string}"},"query-input":"required name=search_term_string"}],"inLanguage":"de-DE"}]}},"df_price":84.5,"df_sale_price":84.5,"df_regular_price":169,"df_image_link":"https:\/\/www.erresse-shop.it\/wp-content\/uploads\/2024\/02\/Zwilling-set-3-padelle-300x300.jpg","_links":{"self":[{"href":"https:\/\/www.erresse-shop.it\/de\/wp-json\/wp\/v2\/product\/390089"}],"collection":[{"href":"https:\/\/www.erresse-shop.it\/de\/wp-json\/wp\/v2\/product"}],"about":[{"href":"https:\/\/www.erresse-shop.it\/de\/wp-json\/wp\/v2\/types\/product"}],"wp:featuredmedia":[{"embeddable":true,"href":"https:\/\/www.erresse-shop.it\/de\/wp-json\/wp\/v2\/media\/390097"}],"wp:attachment":[{"href":"https:\/\/www.erresse-shop.it\/de\/wp-json\/wp\/v2\/media?parent=390089"}],"wp:term":[{"taxonomy":"product_cat","embeddable":true,"href":"https:\/\/www.erresse-shop.it\/de\/wp-json\/wp\/v2\/product_cat?post=390089"},{"taxonomy":"product_tag","embeddable":true,"href":"https:\/\/www.erresse-shop.it\/de\/wp-json\/wp\/v2\/product_tag?post=390089"}],"curies":[{"name":"wp","href":"https:\/\/api.w.org\/{rel}","templated":true}]}}