{"id":390035,"date":"2024-02-15T07:26:19","date_gmt":"2024-02-15T07:26:21","guid":{"rendered":"https:\/\/www.erresse-shop.it\/?post_type=product&#038;p=390035"},"modified":"2025-01-22T07:20:50","modified_gmt":"2025-01-22T07:20:50","slug":"zwillingla-mer-freshsave-glas-kunststoff-vakuum-set-16-teile","status":"publish","type":"product","link":"https:\/\/www.erresse-shop.it\/de\/shop\/kuche\/vakuum\/zwillingla-mer-freshsave-glas-kunststoff-vakuum-set-16-teile\/","title":{"rendered":"ZWILLINGLa Mer Fresh&#038;Save Glas\/Kunststoff-Vakuum-Set 16 Teile"},"content":{"rendered":"<p>DAS ZWILLING VACUUM SAVE: Lebensmittel bleiben bis zu 5 Mal l\u00e4nger frisch als bei herk\u00f6mmlicher Lagerung und mit dem FRESH &amp; SAVE Vakuumier-Set bleiben Aromen und N\u00e4hrstoffe erhalten. Das spart nicht nur Zeit und Geld, sondern verhindert auch die Verschwendung von Lebensmitteln.<br \/>\nSAVE FRESH &amp; SAVE Vakuum: Auf Knopfdruck saugt die praktische, kabellose FRESH &amp; SAVE Vakuumpumpe in wenigen Sekunden die Luft aus dem Beh\u00e4lter oder Beutel. Das Ger\u00e4t stoppt automatisch, sobald die richtige Menge an Luft abgesaugt ist.<br \/>\nVAKUUMBEH\u00c4LTER: 3 unzerbrechliche FRESH &amp; SAVE Vakuumbeh\u00e4lter aus BPA-freiem Kunststoff sind vielseitig einsetzbar. Ob Sie sie in der Mikrowelle, im Gefrierschrank oder im K\u00fchlschrank verwenden, diese leichten Beh\u00e4lter lassen Sie nie im Stich und sind sp\u00fclmaschinenfest. 3 transparente Beh\u00e4lter aus Borosilikatglas sind backofengeeignet und eignen sich durch ihr modernes Design auch f\u00fcr den Tisch.<\/p>\n<p>LUNCHBOX 2IN1 f\u00fcr zu Hause und unterwegs: praktische, leicht herausnehmbare Trennwand zum Trennen von zwei verschiedenen Lebensmitteln. Die Lunchbox hat die optimale Gr\u00f6\u00dfe f\u00fcr die Aufbewahrung von Sandwiches, Aufschnitt und rohem Fingerfood. Nach dem Gebrauch k\u00f6nnen die Lunchboxen wieder verschlossen werden und bleiben dank der elastischen B\u00e4nder im modernen gr\u00fcn-blauen Design luftdicht. So bleiben die Beh\u00e4lter f\u00fcr die Dauer der Reise dicht verschlossen, auch ohne dass ein Vakuum erzeugt werden muss.<br \/>\nPLATZSPARENDE VAKUUMBEUTEL: Dank der Zip-Funktion der strapazierf\u00e4higen FRESH &amp; SAVE Vakuumbeutel k\u00f6nnen Lebensmittel luftdicht im Gefrier- und K\u00fchlschrank aufbewahrt werden. Die wiederverwendbaren Frischhaltebeutel mit Marinieraufsatz sind ideal zum Sous-vide-Garen und Marinieren.<\/p>\n","protected":false},"excerpt":{"rendered":"<p>DAS ZWILLING VACUUM SAVE: Lebensmittel bleiben bis zu 5 Mal l\u00e4nger frisch als bei herk\u00f6mmlicher Lagerung und mit dem FRESH<\/p>\n","protected":false},"featured_media":390063,"template":"","meta":{"_acf_changed":false,"inline_featured_image":false},"product_cat":[6742,26043],"product_tag":[],"acf":[],"yoast_head":"<!-- This site is optimized with the Yoast SEO Premium plugin v18.6 (Yoast SEO v19.13) - https:\/\/yoast.com\/wordpress\/plugins\/seo\/ -->\n<title>ZWILLINGLa Mer Fresh&amp;Save Glas\/Kunststoff-Vakuum-Set 16 Teile<\/title>\n<meta name=\"description\" content=\"Entdecken Sie ZWILLINGLa Mer Fresh&amp;Save Glas\/Kunststoff-Vakuum-Set 16 Teile bei ErresseShop. Qualit\u00e4t, Stil und Funktionalit\u00e4t \u2013 jetzt online bestellen!\" \/>\n<meta name=\"robots\" content=\"index, follow, max-snippet:-1, max-image-preview:large, max-video-preview:-1\" \/>\n<link rel=\"canonical\" href=\"https:\/\/www.erresse-shop.it\/de\/shop\/kuche\/vakuum\/zwillingla-mer-freshsave-glas-kunststoff-vakuum-set-16-teile\/\" \/>\n<meta property=\"og:locale\" content=\"de_DE\" \/>\n<meta property=\"og:type\" content=\"article\" \/>\n<meta property=\"og:title\" content=\"ZWILLINGLa Mer Fresh&amp;Save Glas\/Kunststoff-Vakuum-Set 16 Teile\" \/>\n<meta property=\"og:description\" content=\"Entdecken Sie ZWILLINGLa Mer Fresh&amp;Save Glas\/Kunststoff-Vakuum-Set 16 Teile bei ErresseShop. Qualit\u00e4t, Stil und Funktionalit\u00e4t \u2013 jetzt online bestellen!\" \/>\n<meta property=\"og:url\" content=\"https:\/\/www.erresse-shop.it\/de\/shop\/kuche\/vakuum\/zwillingla-mer-freshsave-glas-kunststoff-vakuum-set-16-teile\/\" \/>\n<meta property=\"og:site_name\" content=\"Erresse Shop\" \/>\n<meta property=\"article:modified_time\" content=\"2025-01-22T07:20:50+00:00\" \/>\n<meta property=\"og:image\" content=\"https:\/\/www.erresse-shop.it\/wp-content\/uploads\/2024\/02\/Zwilling-sottovuoto-16-pz-1.jpg\" \/>\n\t<meta property=\"og:image:width\" content=\"800\" \/>\n\t<meta property=\"og:image:height\" content=\"800\" \/>\n\t<meta property=\"og:image:type\" content=\"image\/jpeg\" \/>\n<meta name=\"twitter:card\" content=\"summary_large_image\" \/>\n<script type=\"application\/ld+json\" class=\"yoast-schema-graph\">{\"@context\":\"https:\/\/schema.org\",\"@graph\":[{\"@type\":\"WebPage\",\"@id\":\"https:\/\/www.erresse-shop.it\/de\/shop\/kuche\/vakuum\/zwillingla-mer-freshsave-glas-kunststoff-vakuum-set-16-teile\/\",\"url\":\"https:\/\/www.erresse-shop.it\/de\/shop\/kuche\/vakuum\/zwillingla-mer-freshsave-glas-kunststoff-vakuum-set-16-teile\/\",\"name\":\"ZWILLINGLa Mer Fresh&Save Glas\/Kunststoff-Vakuum-Set 16 Teile\",\"isPartOf\":{\"@id\":\"https:\/\/www.erresse-shop.it\/de\/#website\"},\"datePublished\":\"2024-02-15T07:26:21+00:00\",\"dateModified\":\"2025-01-22T07:20:50+00:00\",\"description\":\"Entdecken Sie ZWILLINGLa Mer Fresh&Save Glas\/Kunststoff-Vakuum-Set 16 Teile bei ErresseShop. Qualit\u00e4t, Stil und Funktionalit\u00e4t \u2013 jetzt online bestellen!\",\"breadcrumb\":{\"@id\":\"https:\/\/www.erresse-shop.it\/de\/shop\/kuche\/vakuum\/zwillingla-mer-freshsave-glas-kunststoff-vakuum-set-16-teile\/#breadcrumb\"},\"inLanguage\":\"de-DE\",\"potentialAction\":[{\"@type\":\"ReadAction\",\"target\":[\"https:\/\/www.erresse-shop.it\/de\/shop\/kuche\/vakuum\/zwillingla-mer-freshsave-glas-kunststoff-vakuum-set-16-teile\/\"]}]},{\"@type\":\"BreadcrumbList\",\"@id\":\"https:\/\/www.erresse-shop.it\/de\/shop\/kuche\/vakuum\/zwillingla-mer-freshsave-glas-kunststoff-vakuum-set-16-teile\/#breadcrumb\",\"itemListElement\":[{\"@type\":\"ListItem\",\"position\":1,\"name\":\"Home\",\"item\":\"https:\/\/www.erresse-shop.it\/de\/\"},{\"@type\":\"ListItem\",\"position\":2,\"name\":\"Shop\",\"item\":\"https:\/\/www.erresse-shop.it\/de\/shop\/\"},{\"@type\":\"ListItem\",\"position\":3,\"name\":\"ZWILLINGLa Mer Fresh&#038;Save Glas\/Kunststoff-Vakuum-Set 16 Teile\"}]},{\"@type\":\"WebSite\",\"@id\":\"https:\/\/www.erresse-shop.it\/de\/#website\",\"url\":\"https:\/\/www.erresse-shop.it\/de\/\",\"name\":\"Erresse Shop\",\"description\":\"Articoli di qualit\u00e0 per la casa\",\"potentialAction\":[{\"@type\":\"SearchAction\",\"target\":{\"@type\":\"EntryPoint\",\"urlTemplate\":\"https:\/\/www.erresse-shop.it\/de\/?s={search_term_string}\"},\"query-input\":\"required name=search_term_string\"}],\"inLanguage\":\"de-DE\"}]}<\/script>\n<!-- \/ Yoast SEO Premium plugin. -->","yoast_head_json":{"title":"ZWILLINGLa Mer Fresh&Save Glas\/Kunststoff-Vakuum-Set 16 Teile","description":"Entdecken Sie ZWILLINGLa Mer Fresh&Save Glas\/Kunststoff-Vakuum-Set 16 Teile bei ErresseShop. Qualit\u00e4t, Stil und Funktionalit\u00e4t \u2013 jetzt online bestellen!","robots":{"index":"index","follow":"follow","max-snippet":"max-snippet:-1","max-image-preview":"max-image-preview:large","max-video-preview":"max-video-preview:-1"},"canonical":"https:\/\/www.erresse-shop.it\/de\/shop\/kuche\/vakuum\/zwillingla-mer-freshsave-glas-kunststoff-vakuum-set-16-teile\/","og_locale":"de_DE","og_type":"article","og_title":"ZWILLINGLa Mer Fresh&Save Glas\/Kunststoff-Vakuum-Set 16 Teile","og_description":"Entdecken Sie ZWILLINGLa Mer Fresh&Save Glas\/Kunststoff-Vakuum-Set 16 Teile bei ErresseShop. Qualit\u00e4t, Stil und Funktionalit\u00e4t \u2013 jetzt online bestellen!","og_url":"https:\/\/www.erresse-shop.it\/de\/shop\/kuche\/vakuum\/zwillingla-mer-freshsave-glas-kunststoff-vakuum-set-16-teile\/","og_site_name":"Erresse Shop","article_modified_time":"2025-01-22T07:20:50+00:00","og_image":[{"width":800,"height":800,"url":"https:\/\/www.erresse-shop.it\/wp-content\/uploads\/2024\/02\/Zwilling-sottovuoto-16-pz-1.jpg","type":"image\/jpeg"}],"twitter_card":"summary_large_image","schema":{"@context":"https:\/\/schema.org","@graph":[{"@type":"WebPage","@id":"https:\/\/www.erresse-shop.it\/de\/shop\/kuche\/vakuum\/zwillingla-mer-freshsave-glas-kunststoff-vakuum-set-16-teile\/","url":"https:\/\/www.erresse-shop.it\/de\/shop\/kuche\/vakuum\/zwillingla-mer-freshsave-glas-kunststoff-vakuum-set-16-teile\/","name":"ZWILLINGLa Mer Fresh&Save Glas\/Kunststoff-Vakuum-Set 16 Teile","isPartOf":{"@id":"https:\/\/www.erresse-shop.it\/de\/#website"},"datePublished":"2024-02-15T07:26:21+00:00","dateModified":"2025-01-22T07:20:50+00:00","description":"Entdecken Sie ZWILLINGLa Mer Fresh&Save Glas\/Kunststoff-Vakuum-Set 16 Teile bei ErresseShop. Qualit\u00e4t, Stil und Funktionalit\u00e4t \u2013 jetzt online bestellen!","breadcrumb":{"@id":"https:\/\/www.erresse-shop.it\/de\/shop\/kuche\/vakuum\/zwillingla-mer-freshsave-glas-kunststoff-vakuum-set-16-teile\/#breadcrumb"},"inLanguage":"de-DE","potentialAction":[{"@type":"ReadAction","target":["https:\/\/www.erresse-shop.it\/de\/shop\/kuche\/vakuum\/zwillingla-mer-freshsave-glas-kunststoff-vakuum-set-16-teile\/"]}]},{"@type":"BreadcrumbList","@id":"https:\/\/www.erresse-shop.it\/de\/shop\/kuche\/vakuum\/zwillingla-mer-freshsave-glas-kunststoff-vakuum-set-16-teile\/#breadcrumb","itemListElement":[{"@type":"ListItem","position":1,"name":"Home","item":"https:\/\/www.erresse-shop.it\/de\/"},{"@type":"ListItem","position":2,"name":"Shop","item":"https:\/\/www.erresse-shop.it\/de\/shop\/"},{"@type":"ListItem","position":3,"name":"ZWILLINGLa Mer Fresh&#038;Save Glas\/Kunststoff-Vakuum-Set 16 Teile"}]},{"@type":"WebSite","@id":"https:\/\/www.erresse-shop.it\/de\/#website","url":"https:\/\/www.erresse-shop.it\/de\/","name":"Erresse Shop","description":"Articoli di qualit\u00e0 per la casa","potentialAction":[{"@type":"SearchAction","target":{"@type":"EntryPoint","urlTemplate":"https:\/\/www.erresse-shop.it\/de\/?s={search_term_string}"},"query-input":"required name=search_term_string"}],"inLanguage":"de-DE"}]}},"df_price":74.5,"df_sale_price":74.5,"df_regular_price":149,"df_image_link":"https:\/\/www.erresse-shop.it\/wp-content\/uploads\/2024\/02\/Zwilling-sottovuoto-16-pz-1-300x300.jpg","_links":{"self":[{"href":"https:\/\/www.erresse-shop.it\/de\/wp-json\/wp\/v2\/product\/390035"}],"collection":[{"href":"https:\/\/www.erresse-shop.it\/de\/wp-json\/wp\/v2\/product"}],"about":[{"href":"https:\/\/www.erresse-shop.it\/de\/wp-json\/wp\/v2\/types\/product"}],"wp:featuredmedia":[{"embeddable":true,"href":"https:\/\/www.erresse-shop.it\/de\/wp-json\/wp\/v2\/media\/390063"}],"wp:attachment":[{"href":"https:\/\/www.erresse-shop.it\/de\/wp-json\/wp\/v2\/media?parent=390035"}],"wp:term":[{"taxonomy":"product_cat","embeddable":true,"href":"https:\/\/www.erresse-shop.it\/de\/wp-json\/wp\/v2\/product_cat?post=390035"},{"taxonomy":"product_tag","embeddable":true,"href":"https:\/\/www.erresse-shop.it\/de\/wp-json\/wp\/v2\/product_tag?post=390035"}],"curies":[{"name":"wp","href":"https:\/\/api.w.org\/{rel}","templated":true}]}}