{"id":389740,"date":"2024-02-14T08:03:24","date_gmt":"2024-02-14T08:03:25","guid":{"rendered":"https:\/\/www.erresse-shop.it\/?post_type=product&#038;p=389740"},"modified":"2025-01-17T17:55:23","modified_gmt":"2025-01-17T17:55:23","slug":"toms-drag-guardian-cat-m","status":"publish","type":"product","link":"https:\/\/www.erresse-shop.it\/de\/shop\/einrichtung-haus\/dekoartikel\/toms-drag-guardian-cat-m\/","title":{"rendered":"TOM&#8217;S DRAG Guardian Cat M"},"content":{"rendered":"<p>Die Katze Guardian M ist eine handbemalte Harzfigur. Artikel aus der Cats Collection Linie von Tom&#8217;s Drag.<\/p>\n<p>Die &#8216;Silver Line&#8217;-Kollektion ist zu 100 % eine Tom&#8217;s Drag-Produktion, auch wenn sie in ihrem Aussehen v\u00f6llig anders ist. Tom&#8217;s Drag beweist, dass es auch mit Silber und frischen Farben funktioniert und dabei v\u00f6llig authentisch und unverwechselbar bleibt.<br \/>\nNichts in der Tom&#8217;s Drag Kollektion ist industriell gefertigt. Jedes einzelne St\u00fcck ist ein ausschlie\u00dflich handwerkliches Werk, hinter dem eine lange und komplexe Arbeit vom ersten Entwurf bis zur endg\u00fcltigen Verarbeitung steckt.<br \/>\nDie Skizze auf Papier beginnt mit der Inspiration des K\u00fcnstlers, aus der eine grobe Form aus handgeschnitztem Holz entsteht. Aus dieser Schnitzerei wird die Kautschukform hergestellt, die mit einer genauen Menge an fl\u00fcssigem Marmorino gef\u00fcllt wird, der aus gemahlenem Marmor und Kunstharz besteht. Anschlie\u00dfend wird die Form geschlossen und von Hand bewegt. Der Rohling kann nun poliert und mit einer wei\u00dfen Grundierung versehen werden. Auf diesem wei\u00dfen Grund werden die Konturen mit Bleistift gezeichnet und dann die Farben aufgetragen. Die Phase der Handdekoration ist die l\u00e4ngste und komplizierteste, da eine Vielzahl von Mustern und Farbschattierungen verwendet wird. Am Ende der gew\u00e4hlten Farben wird Blattgold aufgetragen, um die Farben zu fixieren. Die letzte Phase ist die Ausarbeitung der Details, bei der Toms charakteristische Accessoires wie Strasssteine, Piercings, Ohrringe, Wimpern und andere kleine Details angebracht werden.<\/p>\n","protected":false},"excerpt":{"rendered":"<p>Die Katze Guardian M ist eine handbemalte Harzfigur. Artikel aus der Cats Collection Linie von Tom&#8217;s Drag. Die &#8216;Silver Line&#8217;-Kollektion<\/p>\n","protected":false},"featured_media":389748,"template":"","meta":{"_acf_changed":false,"inline_featured_image":false},"product_cat":[6817,14442],"product_tag":[25038,16994,16997,25022],"acf":[],"yoast_head":"<!-- This site is optimized with the Yoast SEO Premium plugin v18.6 (Yoast SEO v19.13) - https:\/\/yoast.com\/wordpress\/plugins\/seo\/ -->\n<title>TOM&#039;S DRAG Guardian Cat M<\/title>\n<meta name=\"description\" content=\"Entdecken Sie TOM&#039;S DRAG Guardian Cat M bei ErresseShop. Qualit\u00e4t, Stil und Funktionalit\u00e4t \u2013 jetzt online bestellen!\" \/>\n<meta name=\"robots\" content=\"index, follow, max-snippet:-1, max-image-preview:large, max-video-preview:-1\" \/>\n<link rel=\"canonical\" href=\"https:\/\/www.erresse-shop.it\/de\/shop\/einrichtung-haus\/dekoartikel\/toms-drag-guardian-cat-m\/\" \/>\n<meta property=\"og:locale\" content=\"de_DE\" \/>\n<meta property=\"og:type\" content=\"article\" \/>\n<meta property=\"og:title\" content=\"TOM&#039;S DRAG Guardian Cat M\" \/>\n<meta property=\"og:description\" content=\"Entdecken Sie TOM&#039;S DRAG Guardian Cat M bei ErresseShop. Qualit\u00e4t, Stil und Funktionalit\u00e4t \u2013 jetzt online bestellen!\" \/>\n<meta property=\"og:url\" content=\"https:\/\/www.erresse-shop.it\/de\/shop\/einrichtung-haus\/dekoartikel\/toms-drag-guardian-cat-m\/\" \/>\n<meta property=\"og:site_name\" content=\"Erresse Shop\" \/>\n<meta property=\"article:modified_time\" content=\"2025-01-17T17:55:23+00:00\" \/>\n<meta property=\"og:image\" content=\"https:\/\/www.erresse-shop.it\/wp-content\/uploads\/2024\/02\/toms-drag-guardan-cat.jpg\" \/>\n\t<meta property=\"og:image:width\" content=\"800\" \/>\n\t<meta property=\"og:image:height\" content=\"800\" \/>\n\t<meta property=\"og:image:type\" content=\"image\/jpeg\" \/>\n<meta name=\"twitter:card\" content=\"summary_large_image\" \/>\n<script type=\"application\/ld+json\" class=\"yoast-schema-graph\">{\"@context\":\"https:\/\/schema.org\",\"@graph\":[{\"@type\":\"WebPage\",\"@id\":\"https:\/\/www.erresse-shop.it\/de\/shop\/einrichtung-haus\/dekoartikel\/toms-drag-guardian-cat-m\/\",\"url\":\"https:\/\/www.erresse-shop.it\/de\/shop\/einrichtung-haus\/dekoartikel\/toms-drag-guardian-cat-m\/\",\"name\":\"TOM'S DRAG Guardian Cat M\",\"isPartOf\":{\"@id\":\"https:\/\/www.erresse-shop.it\/de\/#website\"},\"datePublished\":\"2024-02-14T08:03:25+00:00\",\"dateModified\":\"2025-01-17T17:55:23+00:00\",\"description\":\"Entdecken Sie TOM'S DRAG Guardian Cat M bei ErresseShop. Qualit\u00e4t, Stil und Funktionalit\u00e4t \u2013 jetzt online bestellen!\",\"breadcrumb\":{\"@id\":\"https:\/\/www.erresse-shop.it\/de\/shop\/einrichtung-haus\/dekoartikel\/toms-drag-guardian-cat-m\/#breadcrumb\"},\"inLanguage\":\"de-DE\",\"potentialAction\":[{\"@type\":\"ReadAction\",\"target\":[\"https:\/\/www.erresse-shop.it\/de\/shop\/einrichtung-haus\/dekoartikel\/toms-drag-guardian-cat-m\/\"]}]},{\"@type\":\"BreadcrumbList\",\"@id\":\"https:\/\/www.erresse-shop.it\/de\/shop\/einrichtung-haus\/dekoartikel\/toms-drag-guardian-cat-m\/#breadcrumb\",\"itemListElement\":[{\"@type\":\"ListItem\",\"position\":1,\"name\":\"Home\",\"item\":\"https:\/\/www.erresse-shop.it\/de\/\"},{\"@type\":\"ListItem\",\"position\":2,\"name\":\"Shop\",\"item\":\"https:\/\/www.erresse-shop.it\/de\/shop\/\"},{\"@type\":\"ListItem\",\"position\":3,\"name\":\"TOM&#8217;S DRAG Guardian Cat M\"}]},{\"@type\":\"WebSite\",\"@id\":\"https:\/\/www.erresse-shop.it\/de\/#website\",\"url\":\"https:\/\/www.erresse-shop.it\/de\/\",\"name\":\"Erresse Shop\",\"description\":\"Articoli di qualit\u00e0 per la casa\",\"potentialAction\":[{\"@type\":\"SearchAction\",\"target\":{\"@type\":\"EntryPoint\",\"urlTemplate\":\"https:\/\/www.erresse-shop.it\/de\/?s={search_term_string}\"},\"query-input\":\"required name=search_term_string\"}],\"inLanguage\":\"de-DE\"}]}<\/script>\n<!-- \/ Yoast SEO Premium plugin. -->","yoast_head_json":{"title":"TOM'S DRAG Guardian Cat M","description":"Entdecken Sie TOM'S DRAG Guardian Cat M bei ErresseShop. Qualit\u00e4t, Stil und Funktionalit\u00e4t \u2013 jetzt online bestellen!","robots":{"index":"index","follow":"follow","max-snippet":"max-snippet:-1","max-image-preview":"max-image-preview:large","max-video-preview":"max-video-preview:-1"},"canonical":"https:\/\/www.erresse-shop.it\/de\/shop\/einrichtung-haus\/dekoartikel\/toms-drag-guardian-cat-m\/","og_locale":"de_DE","og_type":"article","og_title":"TOM'S DRAG Guardian Cat M","og_description":"Entdecken Sie TOM'S DRAG Guardian Cat M bei ErresseShop. Qualit\u00e4t, Stil und Funktionalit\u00e4t \u2013 jetzt online bestellen!","og_url":"https:\/\/www.erresse-shop.it\/de\/shop\/einrichtung-haus\/dekoartikel\/toms-drag-guardian-cat-m\/","og_site_name":"Erresse Shop","article_modified_time":"2025-01-17T17:55:23+00:00","og_image":[{"width":800,"height":800,"url":"https:\/\/www.erresse-shop.it\/wp-content\/uploads\/2024\/02\/toms-drag-guardan-cat.jpg","type":"image\/jpeg"}],"twitter_card":"summary_large_image","schema":{"@context":"https:\/\/schema.org","@graph":[{"@type":"WebPage","@id":"https:\/\/www.erresse-shop.it\/de\/shop\/einrichtung-haus\/dekoartikel\/toms-drag-guardian-cat-m\/","url":"https:\/\/www.erresse-shop.it\/de\/shop\/einrichtung-haus\/dekoartikel\/toms-drag-guardian-cat-m\/","name":"TOM'S DRAG Guardian Cat M","isPartOf":{"@id":"https:\/\/www.erresse-shop.it\/de\/#website"},"datePublished":"2024-02-14T08:03:25+00:00","dateModified":"2025-01-17T17:55:23+00:00","description":"Entdecken Sie TOM'S DRAG Guardian Cat M bei ErresseShop. Qualit\u00e4t, Stil und Funktionalit\u00e4t \u2013 jetzt online bestellen!","breadcrumb":{"@id":"https:\/\/www.erresse-shop.it\/de\/shop\/einrichtung-haus\/dekoartikel\/toms-drag-guardian-cat-m\/#breadcrumb"},"inLanguage":"de-DE","potentialAction":[{"@type":"ReadAction","target":["https:\/\/www.erresse-shop.it\/de\/shop\/einrichtung-haus\/dekoartikel\/toms-drag-guardian-cat-m\/"]}]},{"@type":"BreadcrumbList","@id":"https:\/\/www.erresse-shop.it\/de\/shop\/einrichtung-haus\/dekoartikel\/toms-drag-guardian-cat-m\/#breadcrumb","itemListElement":[{"@type":"ListItem","position":1,"name":"Home","item":"https:\/\/www.erresse-shop.it\/de\/"},{"@type":"ListItem","position":2,"name":"Shop","item":"https:\/\/www.erresse-shop.it\/de\/shop\/"},{"@type":"ListItem","position":3,"name":"TOM&#8217;S DRAG Guardian Cat M"}]},{"@type":"WebSite","@id":"https:\/\/www.erresse-shop.it\/de\/#website","url":"https:\/\/www.erresse-shop.it\/de\/","name":"Erresse Shop","description":"Articoli di qualit\u00e0 per la casa","potentialAction":[{"@type":"SearchAction","target":{"@type":"EntryPoint","urlTemplate":"https:\/\/www.erresse-shop.it\/de\/?s={search_term_string}"},"query-input":"required name=search_term_string"}],"inLanguage":"de-DE"}]}},"df_price":91,"df_sale_price":91,"df_regular_price":175,"df_image_link":"https:\/\/www.erresse-shop.it\/wp-content\/uploads\/2024\/02\/toms-drag-guardan-cat-300x300.jpg","_links":{"self":[{"href":"https:\/\/www.erresse-shop.it\/de\/wp-json\/wp\/v2\/product\/389740"}],"collection":[{"href":"https:\/\/www.erresse-shop.it\/de\/wp-json\/wp\/v2\/product"}],"about":[{"href":"https:\/\/www.erresse-shop.it\/de\/wp-json\/wp\/v2\/types\/product"}],"wp:featuredmedia":[{"embeddable":true,"href":"https:\/\/www.erresse-shop.it\/de\/wp-json\/wp\/v2\/media\/389748"}],"wp:attachment":[{"href":"https:\/\/www.erresse-shop.it\/de\/wp-json\/wp\/v2\/media?parent=389740"}],"wp:term":[{"taxonomy":"product_cat","embeddable":true,"href":"https:\/\/www.erresse-shop.it\/de\/wp-json\/wp\/v2\/product_cat?post=389740"},{"taxonomy":"product_tag","embeddable":true,"href":"https:\/\/www.erresse-shop.it\/de\/wp-json\/wp\/v2\/product_tag?post=389740"}],"curies":[{"name":"wp","href":"https:\/\/api.w.org\/{rel}","templated":true}]}}