{"id":389402,"date":"2024-02-13T09:16:44","date_gmt":"2024-02-13T09:16:45","guid":{"rendered":"https:\/\/www.erresse-shop.it\/?post_type=product&#038;p=389402"},"modified":"2025-01-17T17:50:39","modified_gmt":"2025-01-17T17:50:39","slug":"staub-graue-graphit-kasserolle-14-cm","status":"publish","type":"product","link":"https:\/\/www.erresse-shop.it\/de\/shop\/toepfe-pfannen\/toepfe-und-kochtoepfen\/staub-graue-graphit-kasserolle-14-cm\/","title":{"rendered":"STAUB Graue Graphit-Kasserolle 14 cm"},"content":{"rendered":"<p>Die runde So\u00dfenpfanne aus graphitgrauem Gusseisen ist sowohl au\u00dfen als auch innen emailliert. Renommierte K\u00f6che und Experten sch\u00e4tzen ihre F\u00e4higkeit, W\u00e4rme effektiv zu speichern und den Geschmack und die Konsistenz von So\u00dfen lange am Tisch zu erhalten. Die Saucenpfanne eignet sich f\u00fcr alle Arten von K\u00fcchen und zerkratzt keine Kochfl\u00e4chen. Sie hat einen Durchmesser von 14 cm und ein Fassungsverm\u00f6gen von 1,2 Litern. Mit der hochwertigen Sauciere aus dem Staub Special Sortiment lassen sich Saucen einfach servieren und lange hei\u00df halten.<\/p>\n<p>Saucen zubereiten und servieren<br \/>\nH\u00e4lt die Speisen auf dem Tisch lange hei\u00df<br \/>\nGeeignet f\u00fcr alle Herdarten, einschlie\u00dflich Induktion, kann auch in den Ofen\/Grill gestellt werden<\/p>\n<p>Hitzebest\u00e4ndigkeit: 240 \u00baC<br \/>\nK\u00e4ltebest\u00e4ndigkeit: -20 \u00baC<br \/>\nMaterial: Gusseisen<br \/>\nVorhandener Deckel: ja<br \/>\nInduktion: ja<br \/>\nGeeignet f\u00fcr den Backofen: Ja<br \/>\nGeeignet f\u00fcr den Gefrierschrank: Ja<br \/>\nGeeignet f\u00fcr Kochfeld: Ja<br \/>\nSp\u00fclmaschinentauglich: ja<\/p>\n<p>ABMESSUNGEN<br \/>\nNettogewicht: 2,00 kg<br \/>\nFassungsverm\u00f6gen: 1,20 l<br \/>\nProduktl\u00e4nge: 21,20 cm<br \/>\nBreite des Produkts: 17,00 cm<br \/>\nH\u00f6he des Produkts: 0,10 cm<br \/>\nH\u00f6he ohne Deckel: 11,50 cm<br \/>\nDurchmesser oben: 14,00 cm<br \/>\nUnterer Durchmesser: 7,50 cm<\/p>\n","protected":false},"excerpt":{"rendered":"<p>Die runde So\u00dfenpfanne aus graphitgrauem Gusseisen ist sowohl au\u00dfen als auch innen emailliert. Renommierte K\u00f6che und Experten sch\u00e4tzen ihre F\u00e4higkeit,<\/p>\n","protected":false},"featured_media":389422,"template":"","meta":{"_acf_changed":false,"inline_featured_image":false},"product_cat":[6709,14776],"product_tag":[],"acf":[],"yoast_head":"<!-- This site is optimized with the Yoast SEO Premium plugin v18.6 (Yoast SEO v19.13) - https:\/\/yoast.com\/wordpress\/plugins\/seo\/ -->\n<title>STAUB Graue Graphit-Kasserolle 14 cm<\/title>\n<meta name=\"description\" content=\"Entdecken Sie STAUB Graue Graphit-Kasserolle 14 cm bei ErresseShop. Qualit\u00e4t, Stil und Funktionalit\u00e4t \u2013 jetzt online bestellen!\" \/>\n<meta name=\"robots\" content=\"index, follow, max-snippet:-1, max-image-preview:large, max-video-preview:-1\" \/>\n<link rel=\"canonical\" href=\"https:\/\/www.erresse-shop.it\/de\/shop\/toepfe-pfannen\/toepfe-und-kochtoepfen\/staub-graue-graphit-kasserolle-14-cm\/\" \/>\n<meta property=\"og:locale\" content=\"de_DE\" \/>\n<meta property=\"og:type\" content=\"article\" \/>\n<meta property=\"og:title\" content=\"STAUB Graue Graphit-Kasserolle 14 cm\" \/>\n<meta property=\"og:description\" content=\"Entdecken Sie STAUB Graue Graphit-Kasserolle 14 cm bei ErresseShop. Qualit\u00e4t, Stil und Funktionalit\u00e4t \u2013 jetzt online bestellen!\" \/>\n<meta property=\"og:url\" content=\"https:\/\/www.erresse-shop.it\/de\/shop\/toepfe-pfannen\/toepfe-und-kochtoepfen\/staub-graue-graphit-kasserolle-14-cm\/\" \/>\n<meta property=\"og:site_name\" content=\"Erresse Shop\" \/>\n<meta property=\"article:modified_time\" content=\"2025-01-17T17:50:39+00:00\" \/>\n<meta property=\"og:image\" content=\"https:\/\/www.erresse-shop.it\/wp-content\/uploads\/2024\/02\/staub-casseruola-con-manico.jpg\" \/>\n\t<meta property=\"og:image:width\" content=\"800\" \/>\n\t<meta property=\"og:image:height\" content=\"800\" \/>\n\t<meta property=\"og:image:type\" content=\"image\/jpeg\" \/>\n<meta name=\"twitter:card\" content=\"summary_large_image\" \/>\n<script type=\"application\/ld+json\" class=\"yoast-schema-graph\">{\"@context\":\"https:\/\/schema.org\",\"@graph\":[{\"@type\":\"WebPage\",\"@id\":\"https:\/\/www.erresse-shop.it\/de\/shop\/toepfe-pfannen\/toepfe-und-kochtoepfen\/staub-graue-graphit-kasserolle-14-cm\/\",\"url\":\"https:\/\/www.erresse-shop.it\/de\/shop\/toepfe-pfannen\/toepfe-und-kochtoepfen\/staub-graue-graphit-kasserolle-14-cm\/\",\"name\":\"STAUB Graue Graphit-Kasserolle 14 cm\",\"isPartOf\":{\"@id\":\"https:\/\/www.erresse-shop.it\/de\/#website\"},\"datePublished\":\"2024-02-13T09:16:45+00:00\",\"dateModified\":\"2025-01-17T17:50:39+00:00\",\"description\":\"Entdecken Sie STAUB Graue Graphit-Kasserolle 14 cm bei ErresseShop. Qualit\u00e4t, Stil und Funktionalit\u00e4t \u2013 jetzt online bestellen!\",\"breadcrumb\":{\"@id\":\"https:\/\/www.erresse-shop.it\/de\/shop\/toepfe-pfannen\/toepfe-und-kochtoepfen\/staub-graue-graphit-kasserolle-14-cm\/#breadcrumb\"},\"inLanguage\":\"de-DE\",\"potentialAction\":[{\"@type\":\"ReadAction\",\"target\":[\"https:\/\/www.erresse-shop.it\/de\/shop\/toepfe-pfannen\/toepfe-und-kochtoepfen\/staub-graue-graphit-kasserolle-14-cm\/\"]}]},{\"@type\":\"BreadcrumbList\",\"@id\":\"https:\/\/www.erresse-shop.it\/de\/shop\/toepfe-pfannen\/toepfe-und-kochtoepfen\/staub-graue-graphit-kasserolle-14-cm\/#breadcrumb\",\"itemListElement\":[{\"@type\":\"ListItem\",\"position\":1,\"name\":\"Home\",\"item\":\"https:\/\/www.erresse-shop.it\/de\/\"},{\"@type\":\"ListItem\",\"position\":2,\"name\":\"Shop\",\"item\":\"https:\/\/www.erresse-shop.it\/de\/shop\/\"},{\"@type\":\"ListItem\",\"position\":3,\"name\":\"STAUB Graue Graphit-Kasserolle 14 cm\"}]},{\"@type\":\"WebSite\",\"@id\":\"https:\/\/www.erresse-shop.it\/de\/#website\",\"url\":\"https:\/\/www.erresse-shop.it\/de\/\",\"name\":\"Erresse Shop\",\"description\":\"Articoli di qualit\u00e0 per la casa\",\"potentialAction\":[{\"@type\":\"SearchAction\",\"target\":{\"@type\":\"EntryPoint\",\"urlTemplate\":\"https:\/\/www.erresse-shop.it\/de\/?s={search_term_string}\"},\"query-input\":\"required name=search_term_string\"}],\"inLanguage\":\"de-DE\"}]}<\/script>\n<!-- \/ Yoast SEO Premium plugin. -->","yoast_head_json":{"title":"STAUB Graue Graphit-Kasserolle 14 cm","description":"Entdecken Sie STAUB Graue Graphit-Kasserolle 14 cm bei ErresseShop. Qualit\u00e4t, Stil und Funktionalit\u00e4t \u2013 jetzt online bestellen!","robots":{"index":"index","follow":"follow","max-snippet":"max-snippet:-1","max-image-preview":"max-image-preview:large","max-video-preview":"max-video-preview:-1"},"canonical":"https:\/\/www.erresse-shop.it\/de\/shop\/toepfe-pfannen\/toepfe-und-kochtoepfen\/staub-graue-graphit-kasserolle-14-cm\/","og_locale":"de_DE","og_type":"article","og_title":"STAUB Graue Graphit-Kasserolle 14 cm","og_description":"Entdecken Sie STAUB Graue Graphit-Kasserolle 14 cm bei ErresseShop. Qualit\u00e4t, Stil und Funktionalit\u00e4t \u2013 jetzt online bestellen!","og_url":"https:\/\/www.erresse-shop.it\/de\/shop\/toepfe-pfannen\/toepfe-und-kochtoepfen\/staub-graue-graphit-kasserolle-14-cm\/","og_site_name":"Erresse Shop","article_modified_time":"2025-01-17T17:50:39+00:00","og_image":[{"width":800,"height":800,"url":"https:\/\/www.erresse-shop.it\/wp-content\/uploads\/2024\/02\/staub-casseruola-con-manico.jpg","type":"image\/jpeg"}],"twitter_card":"summary_large_image","schema":{"@context":"https:\/\/schema.org","@graph":[{"@type":"WebPage","@id":"https:\/\/www.erresse-shop.it\/de\/shop\/toepfe-pfannen\/toepfe-und-kochtoepfen\/staub-graue-graphit-kasserolle-14-cm\/","url":"https:\/\/www.erresse-shop.it\/de\/shop\/toepfe-pfannen\/toepfe-und-kochtoepfen\/staub-graue-graphit-kasserolle-14-cm\/","name":"STAUB Graue Graphit-Kasserolle 14 cm","isPartOf":{"@id":"https:\/\/www.erresse-shop.it\/de\/#website"},"datePublished":"2024-02-13T09:16:45+00:00","dateModified":"2025-01-17T17:50:39+00:00","description":"Entdecken Sie STAUB Graue Graphit-Kasserolle 14 cm bei ErresseShop. Qualit\u00e4t, Stil und Funktionalit\u00e4t \u2013 jetzt online bestellen!","breadcrumb":{"@id":"https:\/\/www.erresse-shop.it\/de\/shop\/toepfe-pfannen\/toepfe-und-kochtoepfen\/staub-graue-graphit-kasserolle-14-cm\/#breadcrumb"},"inLanguage":"de-DE","potentialAction":[{"@type":"ReadAction","target":["https:\/\/www.erresse-shop.it\/de\/shop\/toepfe-pfannen\/toepfe-und-kochtoepfen\/staub-graue-graphit-kasserolle-14-cm\/"]}]},{"@type":"BreadcrumbList","@id":"https:\/\/www.erresse-shop.it\/de\/shop\/toepfe-pfannen\/toepfe-und-kochtoepfen\/staub-graue-graphit-kasserolle-14-cm\/#breadcrumb","itemListElement":[{"@type":"ListItem","position":1,"name":"Home","item":"https:\/\/www.erresse-shop.it\/de\/"},{"@type":"ListItem","position":2,"name":"Shop","item":"https:\/\/www.erresse-shop.it\/de\/shop\/"},{"@type":"ListItem","position":3,"name":"STAUB Graue Graphit-Kasserolle 14 cm"}]},{"@type":"WebSite","@id":"https:\/\/www.erresse-shop.it\/de\/#website","url":"https:\/\/www.erresse-shop.it\/de\/","name":"Erresse Shop","description":"Articoli di qualit\u00e0 per la casa","potentialAction":[{"@type":"SearchAction","target":{"@type":"EntryPoint","urlTemplate":"https:\/\/www.erresse-shop.it\/de\/?s={search_term_string}"},"query-input":"required name=search_term_string"}],"inLanguage":"de-DE"}]}},"df_price":64.5,"df_sale_price":64.5,"df_regular_price":129,"df_image_link":"https:\/\/www.erresse-shop.it\/wp-content\/uploads\/2024\/02\/staub-casseruola-con-manico-300x300.jpg","_links":{"self":[{"href":"https:\/\/www.erresse-shop.it\/de\/wp-json\/wp\/v2\/product\/389402"}],"collection":[{"href":"https:\/\/www.erresse-shop.it\/de\/wp-json\/wp\/v2\/product"}],"about":[{"href":"https:\/\/www.erresse-shop.it\/de\/wp-json\/wp\/v2\/types\/product"}],"wp:featuredmedia":[{"embeddable":true,"href":"https:\/\/www.erresse-shop.it\/de\/wp-json\/wp\/v2\/media\/389422"}],"wp:attachment":[{"href":"https:\/\/www.erresse-shop.it\/de\/wp-json\/wp\/v2\/media?parent=389402"}],"wp:term":[{"taxonomy":"product_cat","embeddable":true,"href":"https:\/\/www.erresse-shop.it\/de\/wp-json\/wp\/v2\/product_cat?post=389402"},{"taxonomy":"product_tag","embeddable":true,"href":"https:\/\/www.erresse-shop.it\/de\/wp-json\/wp\/v2\/product_tag?post=389402"}],"curies":[{"name":"wp","href":"https:\/\/api.w.org\/{rel}","templated":true}]}}