{"id":389226,"date":"2024-02-13T08:02:08","date_gmt":"2024-02-13T08:02:09","guid":{"rendered":"https:\/\/www.erresse-shop.it\/?post_type=product&#038;p=389226"},"modified":"2025-08-23T19:00:08","modified_gmt":"2025-08-23T19:00:08","slug":"staub-runde-cocotte-twister-24-cm-weise-truffel","status":"publish","type":"product","link":"https:\/\/www.erresse-shop.it\/de\/shop\/toepfe-pfannen\/schalldaempfer-und-kokotten\/staub-runde-cocotte-twister-24-cm-weise-truffel\/","title":{"rendered":"STAUB Runde Cocotte Twister 24 cm Wei\u00dfe Tr\u00fcffel"},"content":{"rendered":"<p>Die 24 cm gro\u00dfe Cocotte Twister von Staub ist das unverzichtbare Accessoire, das jeder leidenschaftliche Koch in seiner K\u00fcche haben sollte. Mit ihrer au\u00dfergew\u00f6hnlichen Kombination aus elegantem Design und hervorragender Kochleistung ist diese Cocotte dazu bestimmt, Ihr Lieblingsutensil f\u00fcr die Zubereitung k\u00f6stlicher Gerichte zu werden.<\/p>\n<p>\u00dcberlegene Qualit\u00e4t<br \/>\nDie in sorgf\u00e4ltiger Handarbeit aus emailliertem Gusseisen gefertigte Cocotte Twister von Staub bietet eine gleichm\u00e4\u00dfige W\u00e4rmeverteilung, die daf\u00fcr sorgt, dass Ihre Gerichte gleichm\u00e4\u00dfig gegart werden und ihr ganzes Aroma bewahren. Emailliertes Gusseisen ist bekannt f\u00fcr seine Langlebigkeit und seine Widerstandsf\u00e4higkeit gegen\u00fcber extremen Temperaturen und eignet sich daher perfekt zum Braten, Backen, Schmoren und vielem mehr.<\/p>\n<p>Elegantes Design<br \/>\nDas unverwechselbare Design der Cocotte Twister verleiht jeder K\u00fcche einen Hauch von Eleganz. Die verschlei\u00dffeste farbige Emaille ist in verschiedenen attraktiven Farben erh\u00e4ltlich, so dass Sie diejenige ausw\u00e4hlen k\u00f6nnen, die am besten zu Ihrem Stil passt. Die Cocotte verf\u00fcgt au\u00dferdem \u00fcber einen spiralf\u00f6rmigen Deckel, der den Dampf im Inneren effektiv einschlie\u00dft und daf\u00fcr sorgt, dass Ihre Gerichte saftig und schmackhaft bleiben.<\/p>\n<p>Vielseitigkeit in der K\u00fcche<br \/>\nMit ihrem Fassungsverm\u00f6gen von 24 cm ist die Cocotte Twister ideal f\u00fcr die Zubereitung gro\u00dfz\u00fcgiger Portionen von Suppen, Eint\u00f6pfen, Schmorgerichten, Risottos und vielem mehr. Sie kann sowohl auf Gas- als auch auf Induktionskochfeldern verwendet werden und ist somit f\u00fcr jede K\u00fcche geeignet.<\/p>\n<p>Leicht zu reinigen<br \/>\nDie emaillierte Oberfl\u00e4che der Cocotte ist sehr leicht zu reinigen. Ein kurzes Absp\u00fclen und eine leichte Reinigung gen\u00fcgen, um sie so gut wie neu zu erhalten.<\/p>\n<p>Marke: Staub<br \/>\nMaterial: Gusseisen<br \/>\nFarbe: Wei\u00dfer Tr\u00fcffel<br \/>\nAbmessungen: d24 cm<\/p>\n","protected":false},"excerpt":{"rendered":"<p><br data-mce-bogus=\"1\"><\/p>\n","protected":false},"featured_media":389244,"template":"","meta":{"_acf_changed":false,"inline_featured_image":false},"product_cat":[6709,14793],"product_tag":[25088,11381,24398,12315],"acf":[],"yoast_head":"<!-- This site is optimized with the Yoast SEO Premium plugin v18.6 (Yoast SEO v19.13) - https:\/\/yoast.com\/wordpress\/plugins\/seo\/ -->\n<title>STAUB Runde Cocotte Twister 24 cm Wei\u00dfe Tr\u00fcffel<\/title>\n<meta name=\"description\" content=\"Entdecken Sie STAUB Runde Cocotte Twister 24 cm Wei\u00dfe Tr\u00fcffel bei ErresseShop. Qualit\u00e4t, Stil und Funktionalit\u00e4t \u2013 jetzt online bestellen!\" \/>\n<meta name=\"robots\" content=\"index, follow, max-snippet:-1, max-image-preview:large, max-video-preview:-1\" \/>\n<link rel=\"canonical\" href=\"https:\/\/www.erresse-shop.it\/de\/shop\/toepfe-pfannen\/schalldaempfer-und-kokotten\/staub-runde-cocotte-twister-24-cm-weise-truffel\/\" \/>\n<meta property=\"og:locale\" content=\"de_DE\" \/>\n<meta property=\"og:type\" content=\"article\" \/>\n<meta property=\"og:title\" content=\"STAUB Runde Cocotte Twister 24 cm Wei\u00dfe Tr\u00fcffel\" \/>\n<meta property=\"og:description\" content=\"Entdecken Sie STAUB Runde Cocotte Twister 24 cm Wei\u00dfe Tr\u00fcffel bei ErresseShop. Qualit\u00e4t, Stil und Funktionalit\u00e4t \u2013 jetzt online bestellen!\" \/>\n<meta property=\"og:url\" content=\"https:\/\/www.erresse-shop.it\/de\/shop\/toepfe-pfannen\/schalldaempfer-und-kokotten\/staub-runde-cocotte-twister-24-cm-weise-truffel\/\" \/>\n<meta property=\"og:site_name\" content=\"Erresse Shop\" \/>\n<meta property=\"article:modified_time\" content=\"2025-08-23T19:00:08+00:00\" \/>\n<meta property=\"og:image\" content=\"https:\/\/www.erresse-shop.it\/wp-content\/uploads\/2024\/02\/staub-white-truffle.jpg\" \/>\n\t<meta property=\"og:image:width\" content=\"800\" \/>\n\t<meta property=\"og:image:height\" content=\"800\" \/>\n\t<meta property=\"og:image:type\" content=\"image\/jpeg\" \/>\n<meta name=\"twitter:card\" content=\"summary_large_image\" \/>\n<script type=\"application\/ld+json\" class=\"yoast-schema-graph\">{\"@context\":\"https:\/\/schema.org\",\"@graph\":[{\"@type\":\"WebPage\",\"@id\":\"https:\/\/www.erresse-shop.it\/de\/shop\/toepfe-pfannen\/schalldaempfer-und-kokotten\/staub-runde-cocotte-twister-24-cm-weise-truffel\/\",\"url\":\"https:\/\/www.erresse-shop.it\/de\/shop\/toepfe-pfannen\/schalldaempfer-und-kokotten\/staub-runde-cocotte-twister-24-cm-weise-truffel\/\",\"name\":\"STAUB Runde Cocotte Twister 24 cm Wei\u00dfe Tr\u00fcffel\",\"isPartOf\":{\"@id\":\"https:\/\/www.erresse-shop.it\/de\/#website\"},\"datePublished\":\"2024-02-13T08:02:09+00:00\",\"dateModified\":\"2025-08-23T19:00:08+00:00\",\"description\":\"Entdecken Sie STAUB Runde Cocotte Twister 24 cm Wei\u00dfe Tr\u00fcffel bei ErresseShop. Qualit\u00e4t, Stil und Funktionalit\u00e4t \u2013 jetzt online bestellen!\",\"breadcrumb\":{\"@id\":\"https:\/\/www.erresse-shop.it\/de\/shop\/toepfe-pfannen\/schalldaempfer-und-kokotten\/staub-runde-cocotte-twister-24-cm-weise-truffel\/#breadcrumb\"},\"inLanguage\":\"de-DE\",\"potentialAction\":[{\"@type\":\"ReadAction\",\"target\":[\"https:\/\/www.erresse-shop.it\/de\/shop\/toepfe-pfannen\/schalldaempfer-und-kokotten\/staub-runde-cocotte-twister-24-cm-weise-truffel\/\"]}]},{\"@type\":\"BreadcrumbList\",\"@id\":\"https:\/\/www.erresse-shop.it\/de\/shop\/toepfe-pfannen\/schalldaempfer-und-kokotten\/staub-runde-cocotte-twister-24-cm-weise-truffel\/#breadcrumb\",\"itemListElement\":[{\"@type\":\"ListItem\",\"position\":1,\"name\":\"Home\",\"item\":\"https:\/\/www.erresse-shop.it\/de\/\"},{\"@type\":\"ListItem\",\"position\":2,\"name\":\"Shop\",\"item\":\"https:\/\/www.erresse-shop.it\/de\/shop\/\"},{\"@type\":\"ListItem\",\"position\":3,\"name\":\"STAUB Runde Cocotte Twister 24 cm Wei\u00dfe Tr\u00fcffel\"}]},{\"@type\":\"WebSite\",\"@id\":\"https:\/\/www.erresse-shop.it\/de\/#website\",\"url\":\"https:\/\/www.erresse-shop.it\/de\/\",\"name\":\"Erresse Shop\",\"description\":\"Articoli di qualit\u00e0 per la casa\",\"potentialAction\":[{\"@type\":\"SearchAction\",\"target\":{\"@type\":\"EntryPoint\",\"urlTemplate\":\"https:\/\/www.erresse-shop.it\/de\/?s={search_term_string}\"},\"query-input\":\"required name=search_term_string\"}],\"inLanguage\":\"de-DE\"}]}<\/script>\n<!-- \/ Yoast SEO Premium plugin. -->","yoast_head_json":{"title":"STAUB Runde Cocotte Twister 24 cm Wei\u00dfe Tr\u00fcffel","description":"Entdecken Sie STAUB Runde Cocotte Twister 24 cm Wei\u00dfe Tr\u00fcffel bei ErresseShop. Qualit\u00e4t, Stil und Funktionalit\u00e4t \u2013 jetzt online bestellen!","robots":{"index":"index","follow":"follow","max-snippet":"max-snippet:-1","max-image-preview":"max-image-preview:large","max-video-preview":"max-video-preview:-1"},"canonical":"https:\/\/www.erresse-shop.it\/de\/shop\/toepfe-pfannen\/schalldaempfer-und-kokotten\/staub-runde-cocotte-twister-24-cm-weise-truffel\/","og_locale":"de_DE","og_type":"article","og_title":"STAUB Runde Cocotte Twister 24 cm Wei\u00dfe Tr\u00fcffel","og_description":"Entdecken Sie STAUB Runde Cocotte Twister 24 cm Wei\u00dfe Tr\u00fcffel bei ErresseShop. Qualit\u00e4t, Stil und Funktionalit\u00e4t \u2013 jetzt online bestellen!","og_url":"https:\/\/www.erresse-shop.it\/de\/shop\/toepfe-pfannen\/schalldaempfer-und-kokotten\/staub-runde-cocotte-twister-24-cm-weise-truffel\/","og_site_name":"Erresse Shop","article_modified_time":"2025-08-23T19:00:08+00:00","og_image":[{"width":800,"height":800,"url":"https:\/\/www.erresse-shop.it\/wp-content\/uploads\/2024\/02\/staub-white-truffle.jpg","type":"image\/jpeg"}],"twitter_card":"summary_large_image","schema":{"@context":"https:\/\/schema.org","@graph":[{"@type":"WebPage","@id":"https:\/\/www.erresse-shop.it\/de\/shop\/toepfe-pfannen\/schalldaempfer-und-kokotten\/staub-runde-cocotte-twister-24-cm-weise-truffel\/","url":"https:\/\/www.erresse-shop.it\/de\/shop\/toepfe-pfannen\/schalldaempfer-und-kokotten\/staub-runde-cocotte-twister-24-cm-weise-truffel\/","name":"STAUB Runde Cocotte Twister 24 cm Wei\u00dfe Tr\u00fcffel","isPartOf":{"@id":"https:\/\/www.erresse-shop.it\/de\/#website"},"datePublished":"2024-02-13T08:02:09+00:00","dateModified":"2025-08-23T19:00:08+00:00","description":"Entdecken Sie STAUB Runde Cocotte Twister 24 cm Wei\u00dfe Tr\u00fcffel bei ErresseShop. Qualit\u00e4t, Stil und Funktionalit\u00e4t \u2013 jetzt online bestellen!","breadcrumb":{"@id":"https:\/\/www.erresse-shop.it\/de\/shop\/toepfe-pfannen\/schalldaempfer-und-kokotten\/staub-runde-cocotte-twister-24-cm-weise-truffel\/#breadcrumb"},"inLanguage":"de-DE","potentialAction":[{"@type":"ReadAction","target":["https:\/\/www.erresse-shop.it\/de\/shop\/toepfe-pfannen\/schalldaempfer-und-kokotten\/staub-runde-cocotte-twister-24-cm-weise-truffel\/"]}]},{"@type":"BreadcrumbList","@id":"https:\/\/www.erresse-shop.it\/de\/shop\/toepfe-pfannen\/schalldaempfer-und-kokotten\/staub-runde-cocotte-twister-24-cm-weise-truffel\/#breadcrumb","itemListElement":[{"@type":"ListItem","position":1,"name":"Home","item":"https:\/\/www.erresse-shop.it\/de\/"},{"@type":"ListItem","position":2,"name":"Shop","item":"https:\/\/www.erresse-shop.it\/de\/shop\/"},{"@type":"ListItem","position":3,"name":"STAUB Runde Cocotte Twister 24 cm Wei\u00dfe Tr\u00fcffel"}]},{"@type":"WebSite","@id":"https:\/\/www.erresse-shop.it\/de\/#website","url":"https:\/\/www.erresse-shop.it\/de\/","name":"Erresse Shop","description":"Articoli di qualit\u00e0 per la casa","potentialAction":[{"@type":"SearchAction","target":{"@type":"EntryPoint","urlTemplate":"https:\/\/www.erresse-shop.it\/de\/?s={search_term_string}"},"query-input":"required name=search_term_string"}],"inLanguage":"de-DE"}]}},"df_price":174.95,"df_sale_price":174.95,"df_regular_price":279,"df_image_link":"https:\/\/www.erresse-shop.it\/wp-content\/uploads\/2024\/02\/staub-white-truffle-300x300.jpg","_links":{"self":[{"href":"https:\/\/www.erresse-shop.it\/de\/wp-json\/wp\/v2\/product\/389226"}],"collection":[{"href":"https:\/\/www.erresse-shop.it\/de\/wp-json\/wp\/v2\/product"}],"about":[{"href":"https:\/\/www.erresse-shop.it\/de\/wp-json\/wp\/v2\/types\/product"}],"wp:featuredmedia":[{"embeddable":true,"href":"https:\/\/www.erresse-shop.it\/de\/wp-json\/wp\/v2\/media\/389244"}],"wp:attachment":[{"href":"https:\/\/www.erresse-shop.it\/de\/wp-json\/wp\/v2\/media?parent=389226"}],"wp:term":[{"taxonomy":"product_cat","embeddable":true,"href":"https:\/\/www.erresse-shop.it\/de\/wp-json\/wp\/v2\/product_cat?post=389226"},{"taxonomy":"product_tag","embeddable":true,"href":"https:\/\/www.erresse-shop.it\/de\/wp-json\/wp\/v2\/product_tag?post=389226"}],"curies":[{"name":"wp","href":"https:\/\/api.w.org\/{rel}","templated":true}]}}