{"id":387988,"date":"2024-02-09T09:51:34","date_gmt":"2024-02-09T09:51:36","guid":{"rendered":"https:\/\/www.erresse-shop.it\/?post_type=product&#038;p=387988"},"modified":"2025-01-22T06:41:42","modified_gmt":"2025-01-22T06:41:42","slug":"yaxell-zen-kochmesser-24-cm","status":"publish","type":"product","link":"https:\/\/www.erresse-shop.it\/de\/shop\/kuche\/messer\/yaxell-zen-kochmesser-24-cm\/","title":{"rendered":"YAXELL Zen Kochmesser 24 cm"},"content":{"rendered":"<p>Das Yaxell Zen 24 cm Kochmesser ist ein praktisches und elegantes japanisches K\u00fcchenmesser. Die geh\u00e4mmerte Klinge ist gro\u00df genug, um fast alle allt\u00e4glichen Schneideaufgaben in der K\u00fcche zu erledigen. Dennoch ist das Messer dank der richtigen Balance und der rasiermesserscharfen Klinge leicht zu handhaben. Dieses Kochmesser ist ideal f\u00fcr alle Arten von Gem\u00fcse, Fleisch und Fisch.<\/p>\n<p>Spezifikationen<br \/>\nH\u00f6he der Klinge 4,9 cm<br \/>\nL\u00e4nge der Klinge 24 cm<br \/>\nGesamtl\u00e4nge 37 cm<br \/>\nGewicht 245 g<\/p>\n<p><strong>Hergestellt in Japan<\/strong><\/p>\n","protected":false},"excerpt":{"rendered":"<p>Das Yaxell Zen 24 cm Kochmesser ist ein praktisches und elegantes japanisches K\u00fcchenmesser. Die geh\u00e4mmerte Klinge ist gro\u00df genug, um<\/p>\n","protected":false},"featured_media":387343,"template":"","meta":{"_acf_changed":false,"inline_featured_image":false},"product_cat":[6742,6706,14454],"product_tag":[11395,11529,21624],"acf":[],"yoast_head":"<!-- This site is optimized with the Yoast SEO Premium plugin v18.6 (Yoast SEO v19.13) - https:\/\/yoast.com\/wordpress\/plugins\/seo\/ -->\n<title>YAXELL Zen Kochmesser 24 cm<\/title>\n<meta name=\"description\" content=\"Entdecken Sie YAXELL Zen Kochmesser 24 cm bei ErresseShop. Qualit\u00e4t, Stil und Funktionalit\u00e4t \u2013 jetzt online bestellen!\" \/>\n<meta name=\"robots\" content=\"index, follow, max-snippet:-1, max-image-preview:large, max-video-preview:-1\" \/>\n<link rel=\"canonical\" href=\"https:\/\/www.erresse-shop.it\/de\/shop\/kuche\/messer\/yaxell-zen-kochmesser-24-cm\/\" \/>\n<meta property=\"og:locale\" content=\"de_DE\" \/>\n<meta property=\"og:type\" content=\"article\" \/>\n<meta property=\"og:title\" content=\"YAXELL Zen Kochmesser 24 cm\" \/>\n<meta property=\"og:description\" content=\"Entdecken Sie YAXELL Zen Kochmesser 24 cm bei ErresseShop. Qualit\u00e4t, Stil und Funktionalit\u00e4t \u2013 jetzt online bestellen!\" \/>\n<meta property=\"og:url\" content=\"https:\/\/www.erresse-shop.it\/de\/shop\/kuche\/messer\/yaxell-zen-kochmesser-24-cm\/\" \/>\n<meta property=\"og:site_name\" content=\"Erresse Shop\" \/>\n<meta property=\"article:modified_time\" content=\"2025-01-22T06:41:42+00:00\" \/>\n<meta property=\"og:image\" content=\"https:\/\/www.erresse-shop.it\/wp-content\/uploads\/2024\/02\/yaxell-zan-35500.jpg\" \/>\n\t<meta property=\"og:image:width\" content=\"800\" \/>\n\t<meta property=\"og:image:height\" content=\"800\" \/>\n\t<meta property=\"og:image:type\" content=\"image\/jpeg\" \/>\n<meta name=\"twitter:card\" content=\"summary_large_image\" \/>\n<script type=\"application\/ld+json\" class=\"yoast-schema-graph\">{\"@context\":\"https:\/\/schema.org\",\"@graph\":[{\"@type\":\"WebPage\",\"@id\":\"https:\/\/www.erresse-shop.it\/de\/shop\/kuche\/messer\/yaxell-zen-kochmesser-24-cm\/\",\"url\":\"https:\/\/www.erresse-shop.it\/de\/shop\/kuche\/messer\/yaxell-zen-kochmesser-24-cm\/\",\"name\":\"YAXELL Zen Kochmesser 24 cm\",\"isPartOf\":{\"@id\":\"https:\/\/www.erresse-shop.it\/de\/#website\"},\"datePublished\":\"2024-02-09T09:51:36+00:00\",\"dateModified\":\"2025-01-22T06:41:42+00:00\",\"description\":\"Entdecken Sie YAXELL Zen Kochmesser 24 cm bei ErresseShop. Qualit\u00e4t, Stil und Funktionalit\u00e4t \u2013 jetzt online bestellen!\",\"breadcrumb\":{\"@id\":\"https:\/\/www.erresse-shop.it\/de\/shop\/kuche\/messer\/yaxell-zen-kochmesser-24-cm\/#breadcrumb\"},\"inLanguage\":\"de-DE\",\"potentialAction\":[{\"@type\":\"ReadAction\",\"target\":[\"https:\/\/www.erresse-shop.it\/de\/shop\/kuche\/messer\/yaxell-zen-kochmesser-24-cm\/\"]}]},{\"@type\":\"BreadcrumbList\",\"@id\":\"https:\/\/www.erresse-shop.it\/de\/shop\/kuche\/messer\/yaxell-zen-kochmesser-24-cm\/#breadcrumb\",\"itemListElement\":[{\"@type\":\"ListItem\",\"position\":1,\"name\":\"Home\",\"item\":\"https:\/\/www.erresse-shop.it\/de\/\"},{\"@type\":\"ListItem\",\"position\":2,\"name\":\"Shop\",\"item\":\"https:\/\/www.erresse-shop.it\/de\/shop\/\"},{\"@type\":\"ListItem\",\"position\":3,\"name\":\"YAXELL Zen Kochmesser 24 cm\"}]},{\"@type\":\"WebSite\",\"@id\":\"https:\/\/www.erresse-shop.it\/de\/#website\",\"url\":\"https:\/\/www.erresse-shop.it\/de\/\",\"name\":\"Erresse Shop\",\"description\":\"Articoli di qualit\u00e0 per la casa\",\"potentialAction\":[{\"@type\":\"SearchAction\",\"target\":{\"@type\":\"EntryPoint\",\"urlTemplate\":\"https:\/\/www.erresse-shop.it\/de\/?s={search_term_string}\"},\"query-input\":\"required name=search_term_string\"}],\"inLanguage\":\"de-DE\"}]}<\/script>\n<!-- \/ Yoast SEO Premium plugin. -->","yoast_head_json":{"title":"YAXELL Zen Kochmesser 24 cm","description":"Entdecken Sie YAXELL Zen Kochmesser 24 cm bei ErresseShop. Qualit\u00e4t, Stil und Funktionalit\u00e4t \u2013 jetzt online bestellen!","robots":{"index":"index","follow":"follow","max-snippet":"max-snippet:-1","max-image-preview":"max-image-preview:large","max-video-preview":"max-video-preview:-1"},"canonical":"https:\/\/www.erresse-shop.it\/de\/shop\/kuche\/messer\/yaxell-zen-kochmesser-24-cm\/","og_locale":"de_DE","og_type":"article","og_title":"YAXELL Zen Kochmesser 24 cm","og_description":"Entdecken Sie YAXELL Zen Kochmesser 24 cm bei ErresseShop. Qualit\u00e4t, Stil und Funktionalit\u00e4t \u2013 jetzt online bestellen!","og_url":"https:\/\/www.erresse-shop.it\/de\/shop\/kuche\/messer\/yaxell-zen-kochmesser-24-cm\/","og_site_name":"Erresse Shop","article_modified_time":"2025-01-22T06:41:42+00:00","og_image":[{"width":800,"height":800,"url":"https:\/\/www.erresse-shop.it\/wp-content\/uploads\/2024\/02\/yaxell-zan-35500.jpg","type":"image\/jpeg"}],"twitter_card":"summary_large_image","schema":{"@context":"https:\/\/schema.org","@graph":[{"@type":"WebPage","@id":"https:\/\/www.erresse-shop.it\/de\/shop\/kuche\/messer\/yaxell-zen-kochmesser-24-cm\/","url":"https:\/\/www.erresse-shop.it\/de\/shop\/kuche\/messer\/yaxell-zen-kochmesser-24-cm\/","name":"YAXELL Zen Kochmesser 24 cm","isPartOf":{"@id":"https:\/\/www.erresse-shop.it\/de\/#website"},"datePublished":"2024-02-09T09:51:36+00:00","dateModified":"2025-01-22T06:41:42+00:00","description":"Entdecken Sie YAXELL Zen Kochmesser 24 cm bei ErresseShop. Qualit\u00e4t, Stil und Funktionalit\u00e4t \u2013 jetzt online bestellen!","breadcrumb":{"@id":"https:\/\/www.erresse-shop.it\/de\/shop\/kuche\/messer\/yaxell-zen-kochmesser-24-cm\/#breadcrumb"},"inLanguage":"de-DE","potentialAction":[{"@type":"ReadAction","target":["https:\/\/www.erresse-shop.it\/de\/shop\/kuche\/messer\/yaxell-zen-kochmesser-24-cm\/"]}]},{"@type":"BreadcrumbList","@id":"https:\/\/www.erresse-shop.it\/de\/shop\/kuche\/messer\/yaxell-zen-kochmesser-24-cm\/#breadcrumb","itemListElement":[{"@type":"ListItem","position":1,"name":"Home","item":"https:\/\/www.erresse-shop.it\/de\/"},{"@type":"ListItem","position":2,"name":"Shop","item":"https:\/\/www.erresse-shop.it\/de\/shop\/"},{"@type":"ListItem","position":3,"name":"YAXELL Zen Kochmesser 24 cm"}]},{"@type":"WebSite","@id":"https:\/\/www.erresse-shop.it\/de\/#website","url":"https:\/\/www.erresse-shop.it\/de\/","name":"Erresse Shop","description":"Articoli di qualit\u00e0 per la casa","potentialAction":[{"@type":"SearchAction","target":{"@type":"EntryPoint","urlTemplate":"https:\/\/www.erresse-shop.it\/de\/?s={search_term_string}"},"query-input":"required name=search_term_string"}],"inLanguage":"de-DE"}]}},"df_price":151.20000000000002,"df_sale_price":151.20000000000002,"df_regular_price":189,"df_image_link":"https:\/\/www.erresse-shop.it\/wp-content\/uploads\/2024\/02\/yaxell-zan-35500-300x300.jpg","_links":{"self":[{"href":"https:\/\/www.erresse-shop.it\/de\/wp-json\/wp\/v2\/product\/387988"}],"collection":[{"href":"https:\/\/www.erresse-shop.it\/de\/wp-json\/wp\/v2\/product"}],"about":[{"href":"https:\/\/www.erresse-shop.it\/de\/wp-json\/wp\/v2\/types\/product"}],"wp:featuredmedia":[{"embeddable":true,"href":"https:\/\/www.erresse-shop.it\/de\/wp-json\/wp\/v2\/media\/387343"}],"wp:attachment":[{"href":"https:\/\/www.erresse-shop.it\/de\/wp-json\/wp\/v2\/media?parent=387988"}],"wp:term":[{"taxonomy":"product_cat","embeddable":true,"href":"https:\/\/www.erresse-shop.it\/de\/wp-json\/wp\/v2\/product_cat?post=387988"},{"taxonomy":"product_tag","embeddable":true,"href":"https:\/\/www.erresse-shop.it\/de\/wp-json\/wp\/v2\/product_tag?post=387988"}],"curies":[{"name":"wp","href":"https:\/\/api.w.org\/{rel}","templated":true}]}}