{"id":387899,"date":"2024-02-09T09:16:13","date_gmt":"2024-02-09T09:16:15","guid":{"rendered":"https:\/\/www.erresse-shop.it\/?post_type=product&#038;p=387899"},"modified":"2025-01-22T06:41:40","modified_gmt":"2025-01-22T06:41:40","slug":"yaxell-zen-chinesisches-kochmesser-20-cm","status":"publish","type":"product","link":"https:\/\/www.erresse-shop.it\/de\/shop\/kuche\/messer\/yaxell-zen-chinesisches-kochmesser-20-cm\/","title":{"rendered":"YAXELL Zen Chinesisches Kochmesser 20 cm"},"content":{"rendered":"<p>Das Yaxell Zen Chinesisches Kochmesser ist ein japanisches Gem\u00fcsemesser mit der erkennbaren Form eines chinesischen Kochmessers. In der chinesischen K\u00fcche wird dieses Kochmesser oft verwendet, weil die H\u00f6he der Klinge es einfach macht, die Finger als F\u00fchrung beim Gebrauch des Messers zu benutzen. Es arbeitet sicher und schnell und ist sehr praktisch. Das chinesische Kochmesser wird zum feinen Zerkleinern von Kr\u00e4utern und Gem\u00fcse verwendet, kann aber zum Beispiel auch zum Zerkleinern von Knoblauch eingesetzt werden. Und dank der hohen Klinge k\u00f6nnen Sie das geschnittene Gem\u00fcse oder die Kr\u00e4uter leicht im Topf bewegen.<\/p>\n<p>Achtung: Auch wenn das Messer wie ein Hackbeil aussieht, ist es keines. W\u00e4hrend die Klinge eines Hackbeils robust ist, ist die Klinge eines chinesischen Kochmessers hauchd\u00fcnn und rasiermesserscharf. Daher kann es nicht zum Hacken verwendet werden.<\/p>\n<p>Yaxell Zen-Klinge<br \/>\nDie Klinge besteht aus 37 Lagen Damaststahl und einem Kern aus japanischem VG10-Stahl, der auf 61HRC geh\u00e4rtet ist. VG10 ist bekannt daf\u00fcr, dass er sehr hart ist und sich auch leicht sch\u00e4rfen l\u00e4sst. Der Hammerschlag-Effekt auf der Klinge ist ein traditionelles Finish, das durch die Hammerschl\u00e4ge des Schmieds beim Schmieden der Klinge entstanden ist. Die Vertiefungen sehen nicht nur gut aus, sondern sorgen auch daf\u00fcr, dass Lebensmittel nicht an der Klinge haften bleiben. Der Damaszenerstahl bildet einen sch\u00f6nen Kontrast zu den dunklen und hellen Linien, die sich \u00fcber die gesamte L\u00e4nge der Klinge ziehen. Diese Kombination aus Stahlsorte und Oberfl\u00e4che sorgt daf\u00fcr, dass die Yaxell Zen-Messer sowohl effizient als auch markant sind.<\/p>\n<p>Yaxell Zen Griff<br \/>\nDie Griffe sind aus Micarta gefertigt. Micarta ist ein Material, das aus Flachs besteht und mit Epoxidharz impr\u00e4gniert ist. Dadurch ist das Material sehr stark, h\u00e4lt vielen Situationen stand und ist wasserfest. Micarta ist daf\u00fcr bekannt, dass es sehr griffig ist. Auch in nassem Zustand. Die ovale und runde Form des Griffs bietet ausreichend Grip und ist daher sehr angenehm in der Handhabung.<\/p>\n<p>Yaxell: Japanische K\u00fcchenmesser zum Liebhaben<br \/>\nYaxell stellt seit 1932 professionelle japanische K\u00fcchenmesser f\u00fcr den t\u00e4glichen Gebrauch her. Dies geschieht in der Messerhauptstadt Japans: Seki. Hier verbinden sie moderne Techniken, Designs und Materialien mit dem historischen Wissen und der Erfahrung traditioneller Schwert- und Messermacher. Yaxell ist der Meinung, dass ein K\u00fcchenmesser ein wesentlicher Bestandteil des t\u00e4glichen Lebens ist. Ein K\u00fcchenmesser muss erschwinglich und zuverl\u00e4ssig sein, aber es muss auch inspirieren und begeistern. Um dies zu erreichen, hat Yaxell eine Reihe von Kollektionen eingef\u00fchrt, die f\u00fcr jeden etwas bieten. Die verwendeten Materialien sorgen f\u00fcr ein zuverl\u00e4ssiges, hochwertiges Messer. Messer, die Sie jeden Tag gerne benutzen werden.<\/p>\n<p>Klingenh\u00f6he 7,5 cm<br \/>\nL\u00e4nge der Klinge 20 cm<br \/>\nGesamtl\u00e4nge 32 Cm<br \/>\nGewicht 320 g<\/p>\n<p><strong>Hergestellt in Japan<\/strong><\/p>\n","protected":false},"excerpt":{"rendered":"<p>Das Yaxell Zen Chinesisches Kochmesser ist ein japanisches Gem\u00fcsemesser mit der erkennbaren Form eines chinesischen Kochmessers. In der chinesischen K\u00fcche<\/p>\n","protected":false},"featured_media":387910,"template":"","meta":{"_acf_changed":false,"inline_featured_image":false},"product_cat":[6742,6706,14454],"product_tag":[11395,11529,22495,21624,11658],"acf":[],"yoast_head":"<!-- This site is optimized with the Yoast SEO Premium plugin v18.6 (Yoast SEO v19.13) - https:\/\/yoast.com\/wordpress\/plugins\/seo\/ -->\n<title>YAXELL Zen Chinesisches Kochmesser 20 cm<\/title>\n<meta name=\"description\" content=\"Entdecken Sie YAXELL Zen Chinesisches Kochmesser 20 cm bei ErresseShop. Qualit\u00e4t, Stil und Funktionalit\u00e4t \u2013 jetzt online bestellen!\" \/>\n<meta name=\"robots\" content=\"index, follow, max-snippet:-1, max-image-preview:large, max-video-preview:-1\" \/>\n<link rel=\"canonical\" href=\"https:\/\/www.erresse-shop.it\/de\/shop\/kuche\/messer\/yaxell-zen-chinesisches-kochmesser-20-cm\/\" \/>\n<meta property=\"og:locale\" content=\"de_DE\" \/>\n<meta property=\"og:type\" content=\"article\" \/>\n<meta property=\"og:title\" content=\"YAXELL Zen Chinesisches Kochmesser 20 cm\" \/>\n<meta property=\"og:description\" content=\"Entdecken Sie YAXELL Zen Chinesisches Kochmesser 20 cm bei ErresseShop. Qualit\u00e4t, Stil und Funktionalit\u00e4t \u2013 jetzt online bestellen!\" \/>\n<meta property=\"og:url\" content=\"https:\/\/www.erresse-shop.it\/de\/shop\/kuche\/messer\/yaxell-zen-chinesisches-kochmesser-20-cm\/\" \/>\n<meta property=\"og:site_name\" content=\"Erresse Shop\" \/>\n<meta property=\"article:modified_time\" content=\"2025-01-22T06:41:40+00:00\" \/>\n<meta property=\"og:image\" content=\"https:\/\/www.erresse-shop.it\/wp-content\/uploads\/2024\/02\/Yaxell-mannaio.jpg\" \/>\n\t<meta property=\"og:image:width\" content=\"800\" \/>\n\t<meta property=\"og:image:height\" content=\"800\" \/>\n\t<meta property=\"og:image:type\" content=\"image\/jpeg\" \/>\n<meta name=\"twitter:card\" content=\"summary_large_image\" \/>\n<script type=\"application\/ld+json\" class=\"yoast-schema-graph\">{\"@context\":\"https:\/\/schema.org\",\"@graph\":[{\"@type\":\"WebPage\",\"@id\":\"https:\/\/www.erresse-shop.it\/de\/shop\/kuche\/messer\/yaxell-zen-chinesisches-kochmesser-20-cm\/\",\"url\":\"https:\/\/www.erresse-shop.it\/de\/shop\/kuche\/messer\/yaxell-zen-chinesisches-kochmesser-20-cm\/\",\"name\":\"YAXELL Zen Chinesisches Kochmesser 20 cm\",\"isPartOf\":{\"@id\":\"https:\/\/www.erresse-shop.it\/de\/#website\"},\"datePublished\":\"2024-02-09T09:16:15+00:00\",\"dateModified\":\"2025-01-22T06:41:40+00:00\",\"description\":\"Entdecken Sie YAXELL Zen Chinesisches Kochmesser 20 cm bei ErresseShop. Qualit\u00e4t, Stil und Funktionalit\u00e4t \u2013 jetzt online bestellen!\",\"breadcrumb\":{\"@id\":\"https:\/\/www.erresse-shop.it\/de\/shop\/kuche\/messer\/yaxell-zen-chinesisches-kochmesser-20-cm\/#breadcrumb\"},\"inLanguage\":\"de-DE\",\"potentialAction\":[{\"@type\":\"ReadAction\",\"target\":[\"https:\/\/www.erresse-shop.it\/de\/shop\/kuche\/messer\/yaxell-zen-chinesisches-kochmesser-20-cm\/\"]}]},{\"@type\":\"BreadcrumbList\",\"@id\":\"https:\/\/www.erresse-shop.it\/de\/shop\/kuche\/messer\/yaxell-zen-chinesisches-kochmesser-20-cm\/#breadcrumb\",\"itemListElement\":[{\"@type\":\"ListItem\",\"position\":1,\"name\":\"Home\",\"item\":\"https:\/\/www.erresse-shop.it\/de\/\"},{\"@type\":\"ListItem\",\"position\":2,\"name\":\"Shop\",\"item\":\"https:\/\/www.erresse-shop.it\/de\/shop\/\"},{\"@type\":\"ListItem\",\"position\":3,\"name\":\"YAXELL Zen Chinesisches Kochmesser 20 cm\"}]},{\"@type\":\"WebSite\",\"@id\":\"https:\/\/www.erresse-shop.it\/de\/#website\",\"url\":\"https:\/\/www.erresse-shop.it\/de\/\",\"name\":\"Erresse Shop\",\"description\":\"Articoli di qualit\u00e0 per la casa\",\"potentialAction\":[{\"@type\":\"SearchAction\",\"target\":{\"@type\":\"EntryPoint\",\"urlTemplate\":\"https:\/\/www.erresse-shop.it\/de\/?s={search_term_string}\"},\"query-input\":\"required name=search_term_string\"}],\"inLanguage\":\"de-DE\"}]}<\/script>\n<!-- \/ Yoast SEO Premium plugin. -->","yoast_head_json":{"title":"YAXELL Zen Chinesisches Kochmesser 20 cm","description":"Entdecken Sie YAXELL Zen Chinesisches Kochmesser 20 cm bei ErresseShop. Qualit\u00e4t, Stil und Funktionalit\u00e4t \u2013 jetzt online bestellen!","robots":{"index":"index","follow":"follow","max-snippet":"max-snippet:-1","max-image-preview":"max-image-preview:large","max-video-preview":"max-video-preview:-1"},"canonical":"https:\/\/www.erresse-shop.it\/de\/shop\/kuche\/messer\/yaxell-zen-chinesisches-kochmesser-20-cm\/","og_locale":"de_DE","og_type":"article","og_title":"YAXELL Zen Chinesisches Kochmesser 20 cm","og_description":"Entdecken Sie YAXELL Zen Chinesisches Kochmesser 20 cm bei ErresseShop. Qualit\u00e4t, Stil und Funktionalit\u00e4t \u2013 jetzt online bestellen!","og_url":"https:\/\/www.erresse-shop.it\/de\/shop\/kuche\/messer\/yaxell-zen-chinesisches-kochmesser-20-cm\/","og_site_name":"Erresse Shop","article_modified_time":"2025-01-22T06:41:40+00:00","og_image":[{"width":800,"height":800,"url":"https:\/\/www.erresse-shop.it\/wp-content\/uploads\/2024\/02\/Yaxell-mannaio.jpg","type":"image\/jpeg"}],"twitter_card":"summary_large_image","schema":{"@context":"https:\/\/schema.org","@graph":[{"@type":"WebPage","@id":"https:\/\/www.erresse-shop.it\/de\/shop\/kuche\/messer\/yaxell-zen-chinesisches-kochmesser-20-cm\/","url":"https:\/\/www.erresse-shop.it\/de\/shop\/kuche\/messer\/yaxell-zen-chinesisches-kochmesser-20-cm\/","name":"YAXELL Zen Chinesisches Kochmesser 20 cm","isPartOf":{"@id":"https:\/\/www.erresse-shop.it\/de\/#website"},"datePublished":"2024-02-09T09:16:15+00:00","dateModified":"2025-01-22T06:41:40+00:00","description":"Entdecken Sie YAXELL Zen Chinesisches Kochmesser 20 cm bei ErresseShop. Qualit\u00e4t, Stil und Funktionalit\u00e4t \u2013 jetzt online bestellen!","breadcrumb":{"@id":"https:\/\/www.erresse-shop.it\/de\/shop\/kuche\/messer\/yaxell-zen-chinesisches-kochmesser-20-cm\/#breadcrumb"},"inLanguage":"de-DE","potentialAction":[{"@type":"ReadAction","target":["https:\/\/www.erresse-shop.it\/de\/shop\/kuche\/messer\/yaxell-zen-chinesisches-kochmesser-20-cm\/"]}]},{"@type":"BreadcrumbList","@id":"https:\/\/www.erresse-shop.it\/de\/shop\/kuche\/messer\/yaxell-zen-chinesisches-kochmesser-20-cm\/#breadcrumb","itemListElement":[{"@type":"ListItem","position":1,"name":"Home","item":"https:\/\/www.erresse-shop.it\/de\/"},{"@type":"ListItem","position":2,"name":"Shop","item":"https:\/\/www.erresse-shop.it\/de\/shop\/"},{"@type":"ListItem","position":3,"name":"YAXELL Zen Chinesisches Kochmesser 20 cm"}]},{"@type":"WebSite","@id":"https:\/\/www.erresse-shop.it\/de\/#website","url":"https:\/\/www.erresse-shop.it\/de\/","name":"Erresse Shop","description":"Articoli di qualit\u00e0 per la casa","potentialAction":[{"@type":"SearchAction","target":{"@type":"EntryPoint","urlTemplate":"https:\/\/www.erresse-shop.it\/de\/?s={search_term_string}"},"query-input":"required name=search_term_string"}],"inLanguage":"de-DE"}]}},"df_price":183.20000000000002,"df_sale_price":183.20000000000002,"df_regular_price":229,"df_image_link":"https:\/\/www.erresse-shop.it\/wp-content\/uploads\/2024\/02\/Yaxell-mannaio-300x300.jpg","_links":{"self":[{"href":"https:\/\/www.erresse-shop.it\/de\/wp-json\/wp\/v2\/product\/387899"}],"collection":[{"href":"https:\/\/www.erresse-shop.it\/de\/wp-json\/wp\/v2\/product"}],"about":[{"href":"https:\/\/www.erresse-shop.it\/de\/wp-json\/wp\/v2\/types\/product"}],"wp:featuredmedia":[{"embeddable":true,"href":"https:\/\/www.erresse-shop.it\/de\/wp-json\/wp\/v2\/media\/387910"}],"wp:attachment":[{"href":"https:\/\/www.erresse-shop.it\/de\/wp-json\/wp\/v2\/media?parent=387899"}],"wp:term":[{"taxonomy":"product_cat","embeddable":true,"href":"https:\/\/www.erresse-shop.it\/de\/wp-json\/wp\/v2\/product_cat?post=387899"},{"taxonomy":"product_tag","embeddable":true,"href":"https:\/\/www.erresse-shop.it\/de\/wp-json\/wp\/v2\/product_tag?post=387899"}],"curies":[{"name":"wp","href":"https:\/\/api.w.org\/{rel}","templated":true}]}}