{"id":387409,"date":"2024-02-08T11:44:32","date_gmt":"2024-02-08T11:44:33","guid":{"rendered":"https:\/\/www.erresse-shop.it\/?post_type=product&#038;p=387409"},"modified":"2025-01-22T06:41:38","modified_gmt":"2025-01-22T06:41:38","slug":"yaxell-zen-universalmesser-12-cm","status":"publish","type":"product","link":"https:\/\/www.erresse-shop.it\/de\/shop\/kuche\/messer\/yaxell-zen-universalmesser-12-cm\/","title":{"rendered":"YAXELL Zen Universalmesser 12 cm"},"content":{"rendered":"<p>Das Yaxell Zen Universalmesser ist ein praktisches und elegantes japanisches K\u00fcchenmesser. Mit seiner kleinen 12 cm langen Klinge und dem geringen Gewicht eignet sich dieses Messer hervorragend zum schnellen \u00d6ffnen von Verpackungen.<\/p>\n<p>Yaxell Zen Klinge<br \/>\nDie Klinge besteht aus 37 Lagen Damaststahl und einem Kern aus japanischem VG10-Stahl, der auf 61HRC geh\u00e4rtet ist. VG10 ist daf\u00fcr bekannt, sehr hart zu sein, und l\u00e4sst sich zudem leicht sch\u00e4rfen. Der Hammerschlag-Effekt auf der Klinge ist ein traditionelles Finish, das durch die Hammerschl\u00e4ge des Schmieds beim Schmieden der Klinge entstanden ist. Die Vertiefungen sehen nicht nur gut aus, sondern sorgen auch daf\u00fcr, dass Lebensmittel nicht an der Klinge haften bleiben. Der Damaststahl bildet einen sch\u00f6nen Kontrast zu den dunklen und hellen Linien, die sich \u00fcber die gesamte L\u00e4nge der Klinge ziehen. Diese Kombination aus Stahlart und Oberfl\u00e4che sorgt daf\u00fcr, dass die Yaxell Zen-Messer sowohl effizient als auch markant sind.<\/p>\n<p>Yaxell Zen Griff<br \/>\nDie Griffe sind aus Micarta gefertigt. Micarta ist ein Material, das aus Flachs besteht und mit Epoxidharz impr\u00e4gniert ist. Dadurch ist das Material sehr stark, kann viele verschiedene Situationen bew\u00e4ltigen und ist wasserfest. Micarta ist daf\u00fcr bekannt, dass es sehr griffig ist. Auch in nassem Zustand. Die ovale und runde Form des Griffs bietet ausreichend Grip und ist daher sehr angenehm in der Handhabung.<\/p>\n<p>Yaxell: coltelli da cucina giapponesi da amare<br \/>\nYaxell produce coltelli da cucina giapponesi professionali per uso quotidiano dal 1932. Lo fanno nella capitale dei coltelli del Giappone: Seki. Qui combinano tecniche, disegni e materiali moderni con la conoscenza storica e la competenza dei fabbricanti di spade e coltelli tradizionali. Yaxell ritiene che un coltello da cucina sia una parte essenziale della tua vita quotidiana. Un coltello da cucina deve essere accessibile e affidabile, ma deve anche ispirare e rendere entusiasti. Per raggiungere questo obiettivo Yaxell ha introdotto un paio di collezioni adatte a tutti. I materiali utilizzati forniscono un coltello affidabile e di alta qualit\u00e0. Coltelli che amerai usare ogni giorno.<\/p>\n<p>Altezza della lama 2,5 Cm<br \/>\nLunghezza della lama 12 Cm<br \/>\nLunghezza complessiva 23,5 Cm<br \/>\nPeso 110 g<\/p>\n<p><strong>Made in Japan<\/strong><\/p>\n","protected":false},"excerpt":{"rendered":"<p>Das Yaxell Zen Universalmesser ist ein praktisches und elegantes japanisches K\u00fcchenmesser. Mit seiner kleinen 12 cm langen Klinge und dem<\/p>\n","protected":false},"featured_media":387434,"template":"","meta":{"_acf_changed":false,"inline_featured_image":false},"product_cat":[6742,6706,14454],"product_tag":[11395,11529,22495,21624,11658],"acf":[],"yoast_head":"<!-- This site is optimized with the Yoast SEO Premium plugin v18.6 (Yoast SEO v19.13) - https:\/\/yoast.com\/wordpress\/plugins\/seo\/ -->\n<title>YAXELL Zen Universalmesser 12 cm<\/title>\n<meta name=\"description\" content=\"Entdecken Sie YAXELL Zen Universalmesser 12 cm bei ErresseShop. Qualit\u00e4t, Stil und Funktionalit\u00e4t \u2013 jetzt online bestellen!\" \/>\n<meta name=\"robots\" content=\"index, follow, max-snippet:-1, max-image-preview:large, max-video-preview:-1\" \/>\n<link rel=\"canonical\" href=\"https:\/\/www.erresse-shop.it\/de\/shop\/kuche\/messer\/yaxell-zen-universalmesser-12-cm\/\" \/>\n<meta property=\"og:locale\" content=\"de_DE\" \/>\n<meta property=\"og:type\" content=\"article\" \/>\n<meta property=\"og:title\" content=\"YAXELL Zen Universalmesser 12 cm\" \/>\n<meta property=\"og:description\" content=\"Entdecken Sie YAXELL Zen Universalmesser 12 cm bei ErresseShop. Qualit\u00e4t, Stil und Funktionalit\u00e4t \u2013 jetzt online bestellen!\" \/>\n<meta property=\"og:url\" content=\"https:\/\/www.erresse-shop.it\/de\/shop\/kuche\/messer\/yaxell-zen-universalmesser-12-cm\/\" \/>\n<meta property=\"og:site_name\" content=\"Erresse Shop\" \/>\n<meta property=\"article:modified_time\" content=\"2025-01-22T06:41:38+00:00\" \/>\n<meta property=\"og:image\" content=\"https:\/\/www.erresse-shop.it\/wp-content\/uploads\/2024\/02\/yaxell-zen-35502-1.jpg\" \/>\n\t<meta property=\"og:image:width\" content=\"800\" \/>\n\t<meta property=\"og:image:height\" content=\"800\" \/>\n\t<meta property=\"og:image:type\" content=\"image\/jpeg\" \/>\n<meta name=\"twitter:card\" content=\"summary_large_image\" \/>\n<script type=\"application\/ld+json\" class=\"yoast-schema-graph\">{\"@context\":\"https:\/\/schema.org\",\"@graph\":[{\"@type\":\"WebPage\",\"@id\":\"https:\/\/www.erresse-shop.it\/de\/shop\/kuche\/messer\/yaxell-zen-universalmesser-12-cm\/\",\"url\":\"https:\/\/www.erresse-shop.it\/de\/shop\/kuche\/messer\/yaxell-zen-universalmesser-12-cm\/\",\"name\":\"YAXELL Zen Universalmesser 12 cm\",\"isPartOf\":{\"@id\":\"https:\/\/www.erresse-shop.it\/de\/#website\"},\"datePublished\":\"2024-02-08T11:44:33+00:00\",\"dateModified\":\"2025-01-22T06:41:38+00:00\",\"description\":\"Entdecken Sie YAXELL Zen Universalmesser 12 cm bei ErresseShop. Qualit\u00e4t, Stil und Funktionalit\u00e4t \u2013 jetzt online bestellen!\",\"breadcrumb\":{\"@id\":\"https:\/\/www.erresse-shop.it\/de\/shop\/kuche\/messer\/yaxell-zen-universalmesser-12-cm\/#breadcrumb\"},\"inLanguage\":\"de-DE\",\"potentialAction\":[{\"@type\":\"ReadAction\",\"target\":[\"https:\/\/www.erresse-shop.it\/de\/shop\/kuche\/messer\/yaxell-zen-universalmesser-12-cm\/\"]}]},{\"@type\":\"BreadcrumbList\",\"@id\":\"https:\/\/www.erresse-shop.it\/de\/shop\/kuche\/messer\/yaxell-zen-universalmesser-12-cm\/#breadcrumb\",\"itemListElement\":[{\"@type\":\"ListItem\",\"position\":1,\"name\":\"Home\",\"item\":\"https:\/\/www.erresse-shop.it\/de\/\"},{\"@type\":\"ListItem\",\"position\":2,\"name\":\"Shop\",\"item\":\"https:\/\/www.erresse-shop.it\/de\/shop\/\"},{\"@type\":\"ListItem\",\"position\":3,\"name\":\"YAXELL Zen Universalmesser 12 cm\"}]},{\"@type\":\"WebSite\",\"@id\":\"https:\/\/www.erresse-shop.it\/de\/#website\",\"url\":\"https:\/\/www.erresse-shop.it\/de\/\",\"name\":\"Erresse Shop\",\"description\":\"Articoli di qualit\u00e0 per la casa\",\"potentialAction\":[{\"@type\":\"SearchAction\",\"target\":{\"@type\":\"EntryPoint\",\"urlTemplate\":\"https:\/\/www.erresse-shop.it\/de\/?s={search_term_string}\"},\"query-input\":\"required name=search_term_string\"}],\"inLanguage\":\"de-DE\"}]}<\/script>\n<!-- \/ Yoast SEO Premium plugin. -->","yoast_head_json":{"title":"YAXELL Zen Universalmesser 12 cm","description":"Entdecken Sie YAXELL Zen Universalmesser 12 cm bei ErresseShop. Qualit\u00e4t, Stil und Funktionalit\u00e4t \u2013 jetzt online bestellen!","robots":{"index":"index","follow":"follow","max-snippet":"max-snippet:-1","max-image-preview":"max-image-preview:large","max-video-preview":"max-video-preview:-1"},"canonical":"https:\/\/www.erresse-shop.it\/de\/shop\/kuche\/messer\/yaxell-zen-universalmesser-12-cm\/","og_locale":"de_DE","og_type":"article","og_title":"YAXELL Zen Universalmesser 12 cm","og_description":"Entdecken Sie YAXELL Zen Universalmesser 12 cm bei ErresseShop. Qualit\u00e4t, Stil und Funktionalit\u00e4t \u2013 jetzt online bestellen!","og_url":"https:\/\/www.erresse-shop.it\/de\/shop\/kuche\/messer\/yaxell-zen-universalmesser-12-cm\/","og_site_name":"Erresse Shop","article_modified_time":"2025-01-22T06:41:38+00:00","og_image":[{"width":800,"height":800,"url":"https:\/\/www.erresse-shop.it\/wp-content\/uploads\/2024\/02\/yaxell-zen-35502-1.jpg","type":"image\/jpeg"}],"twitter_card":"summary_large_image","schema":{"@context":"https:\/\/schema.org","@graph":[{"@type":"WebPage","@id":"https:\/\/www.erresse-shop.it\/de\/shop\/kuche\/messer\/yaxell-zen-universalmesser-12-cm\/","url":"https:\/\/www.erresse-shop.it\/de\/shop\/kuche\/messer\/yaxell-zen-universalmesser-12-cm\/","name":"YAXELL Zen Universalmesser 12 cm","isPartOf":{"@id":"https:\/\/www.erresse-shop.it\/de\/#website"},"datePublished":"2024-02-08T11:44:33+00:00","dateModified":"2025-01-22T06:41:38+00:00","description":"Entdecken Sie YAXELL Zen Universalmesser 12 cm bei ErresseShop. Qualit\u00e4t, Stil und Funktionalit\u00e4t \u2013 jetzt online bestellen!","breadcrumb":{"@id":"https:\/\/www.erresse-shop.it\/de\/shop\/kuche\/messer\/yaxell-zen-universalmesser-12-cm\/#breadcrumb"},"inLanguage":"de-DE","potentialAction":[{"@type":"ReadAction","target":["https:\/\/www.erresse-shop.it\/de\/shop\/kuche\/messer\/yaxell-zen-universalmesser-12-cm\/"]}]},{"@type":"BreadcrumbList","@id":"https:\/\/www.erresse-shop.it\/de\/shop\/kuche\/messer\/yaxell-zen-universalmesser-12-cm\/#breadcrumb","itemListElement":[{"@type":"ListItem","position":1,"name":"Home","item":"https:\/\/www.erresse-shop.it\/de\/"},{"@type":"ListItem","position":2,"name":"Shop","item":"https:\/\/www.erresse-shop.it\/de\/shop\/"},{"@type":"ListItem","position":3,"name":"YAXELL Zen Universalmesser 12 cm"}]},{"@type":"WebSite","@id":"https:\/\/www.erresse-shop.it\/de\/#website","url":"https:\/\/www.erresse-shop.it\/de\/","name":"Erresse Shop","description":"Articoli di qualit\u00e0 per la casa","potentialAction":[{"@type":"SearchAction","target":{"@type":"EntryPoint","urlTemplate":"https:\/\/www.erresse-shop.it\/de\/?s={search_term_string}"},"query-input":"required name=search_term_string"}],"inLanguage":"de-DE"}]}},"df_price":87.2,"df_sale_price":87.2,"df_regular_price":109,"df_image_link":"https:\/\/www.erresse-shop.it\/wp-content\/uploads\/2024\/02\/yaxell-zen-35502-1-300x300.jpg","_links":{"self":[{"href":"https:\/\/www.erresse-shop.it\/de\/wp-json\/wp\/v2\/product\/387409"}],"collection":[{"href":"https:\/\/www.erresse-shop.it\/de\/wp-json\/wp\/v2\/product"}],"about":[{"href":"https:\/\/www.erresse-shop.it\/de\/wp-json\/wp\/v2\/types\/product"}],"wp:featuredmedia":[{"embeddable":true,"href":"https:\/\/www.erresse-shop.it\/de\/wp-json\/wp\/v2\/media\/387434"}],"wp:attachment":[{"href":"https:\/\/www.erresse-shop.it\/de\/wp-json\/wp\/v2\/media?parent=387409"}],"wp:term":[{"taxonomy":"product_cat","embeddable":true,"href":"https:\/\/www.erresse-shop.it\/de\/wp-json\/wp\/v2\/product_cat?post=387409"},{"taxonomy":"product_tag","embeddable":true,"href":"https:\/\/www.erresse-shop.it\/de\/wp-json\/wp\/v2\/product_tag?post=387409"}],"curies":[{"name":"wp","href":"https:\/\/api.w.org\/{rel}","templated":true}]}}