{"id":386993,"date":"2024-02-07T14:04:24","date_gmt":"2024-02-07T14:04:27","guid":{"rendered":"https:\/\/www.erresse-shop.it\/?post_type=product&#038;p=386993"},"modified":"2025-01-22T07:57:10","modified_gmt":"2025-01-22T07:57:10","slug":"sambonet-36-teiliges-service-monoblock-dream-mirror-stahl","status":"publish","type":"product","link":"https:\/\/www.erresse-shop.it\/de\/shop\/cucina\/sambonet-36-teiliges-service-monoblock-dream-mirror-stahl\/","title":{"rendered":"Sambonet 36 teiliges Service Monoblock Dream Mirror Stahl"},"content":{"rendered":"<p><strong>Beschreibung<\/strong><\/p>\n<p>Eine originelle und harmonische Tropfenform mit moderner und funktioneller Inspiration zeichnet das &#8220;Traum&#8221;-Design der Dream-Kollektion aus. Ein echtes Must-Have von Sambonet.<\/p>\n<p>Jedes Besteckteil hat einen eleganten und robusten Griff und ist aus Edelstahl 18\/10 gefertigt. Sp\u00fclmaschinenfest.<br \/>\nZeitgen\u00f6ssischer Stil, ideal, um den Tisch zu versch\u00f6nern, sowohl im Alltag als auch bei besonderen Anl\u00e4ssen.<br \/>\nKomplettes Service f\u00fcr 6 Personen. Besteht aus: 6 Gabeln, 6 L\u00f6ffeln, 6 Messern, 6 Gabeln, 6 Messern und 6 Teel\u00f6ffeln.<br \/>\nPr\u00e4sentiert in einer eleganten Verpackung, die sich auch hervorragend als Geschenkidee eignet.<br \/>\nDie Hochglanzpolitur unterstreicht die hohe Qualit\u00e4t des rostfreien Stahls und hebt Form und Design hervor. Die Oberfl\u00e4chen werden mit Hilfe von Zus\u00e4tzen und mechanischen B\u00fcrsten unterschiedlicher K\u00f6rnung und Materialien poliert, die den Edelstahl auf Hochglanz bringen. Das Objekt wird mit Reflexen angereichert, die es noch wertvoller machen.<\/p>\n<p>Das einteilige Messer wird aus einem einzigen St\u00fcck Stahl gefertigt. Im Gegensatz zum Messer mit hohlem Griff, das aus zwei Teilen besteht, gibt es hier keine L\u00fccken zwischen Griff und Klinge, und wenn man diese Art von Messern in der Hand h\u00e4lt, hat man ein angenehmes Gef\u00fchl von Schwere und Solidit\u00e4t.<\/p>\n<p>Die Kollektion zeichnet sich durch eine originelle und harmonische Tropfenform aus, die zwischen Modernit\u00e4t und Design liegt und bei Sambonet ein Muss ist. Dieses Besteck versch\u00f6nert den Tisch, sowohl im Alltag als auch bei besonderen Anl\u00e4ssen.<\/p>\n<p><strong>Technische<\/strong> <strong>Daten<\/strong><br \/>\nMarke: Sambonet<br \/>\nKollektion: Dream<br \/>\nMaterial: Rostfreier Stahl<br \/>\nAussehen: Spiegelnder Stahl<br \/>\nArtikel Nummer: 52515-83<br \/>\nJahr der Einf\u00fchrung: 2008<br \/>\nAnzahl der Teile im Set: 36<br \/>\nGeeignet f\u00fcr wie viele Personen: 6<br \/>\nSet-Zusammensetzung: 6 Tafell\u00f6ffel, 6 Tafelgabeln, 6 Tafelmesser, 6 Fruchtgabeln, 6 Fruchtmesser, 6 Teel\u00f6ffel<br \/>\nSpeziell f\u00fcr: Das ganze Jahr \u00fcber<br \/>\nArt des Griffs: Monoblock<\/p>\n<p><strong>Abmessungen:<\/strong><br \/>\nGewicht des Artikels: 2,50 kg<br \/>\nL\u00e4nge des Pakets: 46,00 cm<br \/>\nBreite des Pakets: 32.00 cm<br \/>\nH\u00f6he der Verpackung: 5.00 cm<br \/>\nGewicht mit Verpackung: 2,50 kg<br \/>\nVolumen der Verpackung: 7.4000 dm\u00b3<\/p>\n<p><strong>Informationen zur Pflege und Wartung<\/strong><br \/>\nVOR UND NACH JEDEM GEBRAUCH: Mit geeigneten Reinigungsmitteln, die Chlor und Bleichmittel vermeiden, waschen, absp\u00fclen und gr\u00fcndlich trocknen. Anschlie\u00dfend an einem trockenen Ort aufbewahren. Keine scheuernden Schw\u00e4mme oder T\u00fccher verwenden. Reste von Salz (NaCl), Zitrone, Essig, Tomatensaucen usw. sofort entfernen. Wenn Sie eine Sp\u00fclmaschine benutzen, vergewissern Sie sich, dass die Behandlung ein perfektes Trocknen und Polieren einschlie\u00dft; wenn nicht, machen Sie es manuell. Messerklingen bestehen aus geh\u00e4rtetem, rostfreiem Martensitstahl 420, der zwar die Haltbarkeit des Schliffs gew\u00e4hrleistet, das Material aber empfindlicher gegen\u00fcber Korrosionsangriffen macht. Es ist unbedingt erforderlich, dass die Messer unmittelbar nach dem Gebrauch ordnungsgem\u00e4\u00df gereinigt, gewaschen und getrocknet werden.<\/p>\n","protected":false},"excerpt":{"rendered":"<p>Beschreibung Eine originelle und harmonische Tropfenform mit moderner und funktioneller Inspiration zeichnet das &#8220;Traum&#8221;-Design der Dream-Kollektion aus. Ein echtes Must-Have<\/p>\n","protected":false},"featured_media":387000,"template":"","meta":{"_acf_changed":false,"inline_featured_image":false},"product_cat":[6740],"product_tag":[],"acf":[],"yoast_head":"<!-- This site is optimized with the Yoast SEO Premium plugin v18.6 (Yoast SEO v19.13) - https:\/\/yoast.com\/wordpress\/plugins\/seo\/ -->\n<title>Sambonet 36 teiliges Service Monoblock Dream Mirror Stahl<\/title>\n<meta name=\"description\" content=\"Entdecken Sie Sambonet 36 teiliges Service Monoblock Dream Mirror Stahl bei ErresseShop. Qualit\u00e4t, Stil und Funktionalit\u00e4t \u2013 jetzt online bestellen!\" \/>\n<meta name=\"robots\" content=\"index, follow, max-snippet:-1, max-image-preview:large, max-video-preview:-1\" \/>\n<link rel=\"canonical\" href=\"https:\/\/www.erresse-shop.it\/de\/shop\/cucina\/sambonet-36-teiliges-service-monoblock-dream-mirror-stahl\/\" \/>\n<meta property=\"og:locale\" content=\"de_DE\" \/>\n<meta property=\"og:type\" content=\"article\" \/>\n<meta property=\"og:title\" content=\"Sambonet 36 teiliges Service Monoblock Dream Mirror Stahl\" \/>\n<meta property=\"og:description\" content=\"Entdecken Sie Sambonet 36 teiliges Service Monoblock Dream Mirror Stahl bei ErresseShop. Qualit\u00e4t, Stil und Funktionalit\u00e4t \u2013 jetzt online bestellen!\" \/>\n<meta property=\"og:url\" content=\"https:\/\/www.erresse-shop.it\/de\/shop\/cucina\/sambonet-36-teiliges-service-monoblock-dream-mirror-stahl\/\" \/>\n<meta property=\"og:site_name\" content=\"Erresse Shop\" \/>\n<meta property=\"article:modified_time\" content=\"2025-01-22T07:57:10+00:00\" \/>\n<meta property=\"og:image\" content=\"https:\/\/www.erresse-shop.it\/wp-content\/uploads\/2024\/02\/Sambonet-Servizio-36-dream.jpg\" \/>\n\t<meta property=\"og:image:width\" content=\"800\" \/>\n\t<meta property=\"og:image:height\" content=\"800\" \/>\n\t<meta property=\"og:image:type\" content=\"image\/jpeg\" \/>\n<meta name=\"twitter:card\" content=\"summary_large_image\" \/>\n<script type=\"application\/ld+json\" class=\"yoast-schema-graph\">{\"@context\":\"https:\/\/schema.org\",\"@graph\":[{\"@type\":\"WebPage\",\"@id\":\"https:\/\/www.erresse-shop.it\/de\/shop\/cucina\/sambonet-36-teiliges-service-monoblock-dream-mirror-stahl\/\",\"url\":\"https:\/\/www.erresse-shop.it\/de\/shop\/cucina\/sambonet-36-teiliges-service-monoblock-dream-mirror-stahl\/\",\"name\":\"Sambonet 36 teiliges Service Monoblock Dream Mirror Stahl\",\"isPartOf\":{\"@id\":\"https:\/\/www.erresse-shop.it\/de\/#website\"},\"datePublished\":\"2024-02-07T14:04:27+00:00\",\"dateModified\":\"2025-01-22T07:57:10+00:00\",\"description\":\"Entdecken Sie Sambonet 36 teiliges Service Monoblock Dream Mirror Stahl bei ErresseShop. Qualit\u00e4t, Stil und Funktionalit\u00e4t \u2013 jetzt online bestellen!\",\"breadcrumb\":{\"@id\":\"https:\/\/www.erresse-shop.it\/de\/shop\/cucina\/sambonet-36-teiliges-service-monoblock-dream-mirror-stahl\/#breadcrumb\"},\"inLanguage\":\"de-DE\",\"potentialAction\":[{\"@type\":\"ReadAction\",\"target\":[\"https:\/\/www.erresse-shop.it\/de\/shop\/cucina\/sambonet-36-teiliges-service-monoblock-dream-mirror-stahl\/\"]}]},{\"@type\":\"BreadcrumbList\",\"@id\":\"https:\/\/www.erresse-shop.it\/de\/shop\/cucina\/sambonet-36-teiliges-service-monoblock-dream-mirror-stahl\/#breadcrumb\",\"itemListElement\":[{\"@type\":\"ListItem\",\"position\":1,\"name\":\"Home\",\"item\":\"https:\/\/www.erresse-shop.it\/de\/\"},{\"@type\":\"ListItem\",\"position\":2,\"name\":\"Shop\",\"item\":\"https:\/\/www.erresse-shop.it\/de\/shop\/\"},{\"@type\":\"ListItem\",\"position\":3,\"name\":\"Sambonet 36 teiliges Service Monoblock Dream Mirror Stahl\"}]},{\"@type\":\"WebSite\",\"@id\":\"https:\/\/www.erresse-shop.it\/de\/#website\",\"url\":\"https:\/\/www.erresse-shop.it\/de\/\",\"name\":\"Erresse Shop\",\"description\":\"Articoli di qualit\u00e0 per la casa\",\"potentialAction\":[{\"@type\":\"SearchAction\",\"target\":{\"@type\":\"EntryPoint\",\"urlTemplate\":\"https:\/\/www.erresse-shop.it\/de\/?s={search_term_string}\"},\"query-input\":\"required name=search_term_string\"}],\"inLanguage\":\"de-DE\"}]}<\/script>\n<!-- \/ Yoast SEO Premium plugin. -->","yoast_head_json":{"title":"Sambonet 36 teiliges Service Monoblock Dream Mirror Stahl","description":"Entdecken Sie Sambonet 36 teiliges Service Monoblock Dream Mirror Stahl bei ErresseShop. Qualit\u00e4t, Stil und Funktionalit\u00e4t \u2013 jetzt online bestellen!","robots":{"index":"index","follow":"follow","max-snippet":"max-snippet:-1","max-image-preview":"max-image-preview:large","max-video-preview":"max-video-preview:-1"},"canonical":"https:\/\/www.erresse-shop.it\/de\/shop\/cucina\/sambonet-36-teiliges-service-monoblock-dream-mirror-stahl\/","og_locale":"de_DE","og_type":"article","og_title":"Sambonet 36 teiliges Service Monoblock Dream Mirror Stahl","og_description":"Entdecken Sie Sambonet 36 teiliges Service Monoblock Dream Mirror Stahl bei ErresseShop. Qualit\u00e4t, Stil und Funktionalit\u00e4t \u2013 jetzt online bestellen!","og_url":"https:\/\/www.erresse-shop.it\/de\/shop\/cucina\/sambonet-36-teiliges-service-monoblock-dream-mirror-stahl\/","og_site_name":"Erresse Shop","article_modified_time":"2025-01-22T07:57:10+00:00","og_image":[{"width":800,"height":800,"url":"https:\/\/www.erresse-shop.it\/wp-content\/uploads\/2024\/02\/Sambonet-Servizio-36-dream.jpg","type":"image\/jpeg"}],"twitter_card":"summary_large_image","schema":{"@context":"https:\/\/schema.org","@graph":[{"@type":"WebPage","@id":"https:\/\/www.erresse-shop.it\/de\/shop\/cucina\/sambonet-36-teiliges-service-monoblock-dream-mirror-stahl\/","url":"https:\/\/www.erresse-shop.it\/de\/shop\/cucina\/sambonet-36-teiliges-service-monoblock-dream-mirror-stahl\/","name":"Sambonet 36 teiliges Service Monoblock Dream Mirror Stahl","isPartOf":{"@id":"https:\/\/www.erresse-shop.it\/de\/#website"},"datePublished":"2024-02-07T14:04:27+00:00","dateModified":"2025-01-22T07:57:10+00:00","description":"Entdecken Sie Sambonet 36 teiliges Service Monoblock Dream Mirror Stahl bei ErresseShop. Qualit\u00e4t, Stil und Funktionalit\u00e4t \u2013 jetzt online bestellen!","breadcrumb":{"@id":"https:\/\/www.erresse-shop.it\/de\/shop\/cucina\/sambonet-36-teiliges-service-monoblock-dream-mirror-stahl\/#breadcrumb"},"inLanguage":"de-DE","potentialAction":[{"@type":"ReadAction","target":["https:\/\/www.erresse-shop.it\/de\/shop\/cucina\/sambonet-36-teiliges-service-monoblock-dream-mirror-stahl\/"]}]},{"@type":"BreadcrumbList","@id":"https:\/\/www.erresse-shop.it\/de\/shop\/cucina\/sambonet-36-teiliges-service-monoblock-dream-mirror-stahl\/#breadcrumb","itemListElement":[{"@type":"ListItem","position":1,"name":"Home","item":"https:\/\/www.erresse-shop.it\/de\/"},{"@type":"ListItem","position":2,"name":"Shop","item":"https:\/\/www.erresse-shop.it\/de\/shop\/"},{"@type":"ListItem","position":3,"name":"Sambonet 36 teiliges Service Monoblock Dream Mirror Stahl"}]},{"@type":"WebSite","@id":"https:\/\/www.erresse-shop.it\/de\/#website","url":"https:\/\/www.erresse-shop.it\/de\/","name":"Erresse Shop","description":"Articoli di qualit\u00e0 per la casa","potentialAction":[{"@type":"SearchAction","target":{"@type":"EntryPoint","urlTemplate":"https:\/\/www.erresse-shop.it\/de\/?s={search_term_string}"},"query-input":"required name=search_term_string"}],"inLanguage":"de-DE"}]}},"df_price":"","df_sale_price":"","df_regular_price":"","df_image_link":"https:\/\/www.erresse-shop.it\/wp-content\/uploads\/2024\/02\/Sambonet-Servizio-36-dream-300x300.jpg","_links":{"self":[{"href":"https:\/\/www.erresse-shop.it\/de\/wp-json\/wp\/v2\/product\/386993"}],"collection":[{"href":"https:\/\/www.erresse-shop.it\/de\/wp-json\/wp\/v2\/product"}],"about":[{"href":"https:\/\/www.erresse-shop.it\/de\/wp-json\/wp\/v2\/types\/product"}],"wp:featuredmedia":[{"embeddable":true,"href":"https:\/\/www.erresse-shop.it\/de\/wp-json\/wp\/v2\/media\/387000"}],"wp:attachment":[{"href":"https:\/\/www.erresse-shop.it\/de\/wp-json\/wp\/v2\/media?parent=386993"}],"wp:term":[{"taxonomy":"product_cat","embeddable":true,"href":"https:\/\/www.erresse-shop.it\/de\/wp-json\/wp\/v2\/product_cat?post=386993"},{"taxonomy":"product_tag","embeddable":true,"href":"https:\/\/www.erresse-shop.it\/de\/wp-json\/wp\/v2\/product_tag?post=386993"}],"curies":[{"name":"wp","href":"https:\/\/api.w.org\/{rel}","templated":true}]}}