{"id":384779,"date":"2024-02-01T08:18:04","date_gmt":"2024-02-01T08:18:07","guid":{"rendered":"https:\/\/www.erresse-shop.it\/?post_type=product&#038;p=384779"},"modified":"2024-02-01T08:34:18","modified_gmt":"2024-02-01T08:34:18","slug":"sambonet-36-teiliges-set-monoblock-sintesi","status":"publish","type":"product","link":"https:\/\/www.erresse-shop.it\/de\/shop\/tisch\/besteck\/sambonet-36-teiliges-set-monoblock-sintesi\/","title":{"rendered":"SAMBONET 36-teiliges Set Monoblock Sintesi"},"content":{"rendered":"<p>Sintesi setzt auf formale Leichtigkeit, um die perfekte Synthese aus Ergonomie, Vielseitigkeit und Zweckm\u00e4\u00dfigkeit auf den Tisch zu bringen.<br \/>\nJedes Besteckteil ist aus Edelstahl 18\/10 gefertigt und hat einen einfachen, symmetrischen und robusten Griff.<br \/>\nSchlichter und formeller Stil, perfekt f\u00fcr die Inszenierung von besonderen Anl\u00e4ssen oder um einen Hauch von Leichtigkeit auf den Tisch zu bringen.<br \/>\nKomplettes Service f\u00fcr 6 Personen. Bestehend aus: 6 Gabeln, 6 L\u00f6ffeln, 6 Messern, 6 Gabeln, 6 Messern und 6 Teel\u00f6ffeln. Sp\u00fclmaschinenfest.<br \/>\nWird in einer eleganten Geschenkbox geliefert.<br \/>\nDie Polierung mit Spiegeleffekt unterstreicht die hohe Qualit\u00e4t des Edelstahls und hebt Form und Design hervor. Die Oberfl\u00e4chen werden mit Hilfe von Zus\u00e4tzen und mechanischen B\u00fcrsten unterschiedlicher K\u00f6rnung und Materialien poliert, die den Edelstahl auf Hochglanz bringen. Das Objekt wird mit Reflexen angereichert, die es noch wertvoller machen.<\/p>\n<p>Das einteilige Messer wird aus einem einzigen St\u00fcck Stahl gefertigt. Im Gegensatz zum Messer mit hohlem Griff, das aus zwei Teilen besteht, gibt es hier keine L\u00fccken zwischen Griff und Klinge, und wenn man diese Art von Messern in der Hand h\u00e4lt, hat man ein angenehmes Gef\u00fchl von Schwere und Solidit\u00e4t.<\/p>\n<p>Das Modell Sintesi ist die perfekte Kombination aus Stil und Raffinesse. Die Kollektion betont die formale Leichtigkeit und bringt die perfekte Kombination aus Ergonomie, Praktikabilit\u00e4t und Vielseitigkeit auf den Tisch. Ein zeitloses Besteck, garantiert durch die Qualit\u00e4t und Tradition von Sambonet.<\/p>\n<p><strong>Technische Daten<\/strong><br \/>\nMarke: Sambonet<br \/>\nKollektion: Sintesi<br \/>\nMaterial: Rostfreier Stahl<br \/>\nAussehen: Spiegelnder Stahl<br \/>\nArtikel Nummer: 52536-83<br \/>\nJahr der Einf\u00fchrung: 2011<br \/>\nAnzahl der Teile im Set: 36<br \/>\nGeeignet f\u00fcr wie viele Personen: 6<br \/>\nSet-Zusammensetzung: 6 Tafell\u00f6ffel, 6 Tafelgabeln, 6 Tafelmesser, 6 Fruchtgabeln, 6 Fruchtmesser, 6 Teel\u00f6ffel<br \/>\nSpeziell f\u00fcr: Das ganze Jahr \u00fcber<br \/>\nArt des Griffs: Monoblock<\/p>\n<p><strong>Abmessungen<\/strong>:<br \/>\nGewicht des Artikels: 2,71 kg<br \/>\nL\u00e4nge des Pakets: 59,40 cm<br \/>\nBreite des Pakets: 35,50 cm<br \/>\nH\u00f6he der Verpackung: 5,40 cm<br \/>\nGewicht mit Verpackung: 2,71 kg<br \/>\nVolumen der Verpackung: 11.4000 dm\u00b3<\/p>\n<p>VOR UND NACH JEDEM GEBRAUCH: Mit geeigneten Reinigungsmitteln waschen, die Chlor und Bleichmittel vermeiden, absp\u00fclen und gr\u00fcndlich trocknen. Anschlie\u00dfend an einem trockenen Ort aufbewahren. Keine scheuernden Schw\u00e4mme oder T\u00fccher verwenden. Reste von Salz (NaCl), Zitrone, Essig, Tomatensaucen usw. sofort entfernen. Wenn Sie eine Sp\u00fclmaschine benutzen, vergewissern Sie sich, dass die Behandlung ein perfektes Trocknen und Polieren einschlie\u00dft; wenn nicht, machen Sie es manuell. Messerklingen bestehen aus geh\u00e4rtetem, rostfreiem Martensitstahl 420, der zwar die Haltbarkeit des Schliffs gew\u00e4hrleistet, das Material aber empfindlicher gegen\u00fcber Korrosionsangriffen macht. Es ist unbedingt erforderlich, dass die Messer unmittelbar nach dem Gebrauch ordnungsgem\u00e4\u00df gereinigt, gewaschen und getrocknet werden.<\/p>\n","protected":false},"excerpt":{"rendered":"<p>Sintesi setzt auf formale Leichtigkeit, um die perfekte Synthese aus Ergonomie, Vielseitigkeit und Zweckm\u00e4\u00dfigkeit auf den Tisch zu bringen. Jedes<\/p>\n","protected":false},"featured_media":384786,"template":"","meta":{"_acf_changed":false,"inline_featured_image":false},"product_cat":[6790,6787],"product_tag":[25088,23691,23661,24429,11718,22644,25022,21822],"acf":[],"yoast_head":"<!-- This site is optimized with the Yoast SEO Premium plugin v18.6 (Yoast SEO v19.13) - https:\/\/yoast.com\/wordpress\/plugins\/seo\/ -->\n<title>SAMBONET 36-teiliges Set Monoblock Sintesi - Erresse Shop<\/title>\n<meta name=\"description\" content=\"Sintesi setzt auf formale Leichtigkeit, um die perfekte Synthese aus Ergonomie, Vielseitigkeit und Zweckm\u00e4\u00dfigkeit auf den Tisch zu bringen. Jedes\" \/>\n<meta name=\"robots\" content=\"index, follow, max-snippet:-1, max-image-preview:large, max-video-preview:-1\" \/>\n<link rel=\"canonical\" href=\"https:\/\/www.erresse-shop.it\/de\/shop\/tisch\/besteck\/sambonet-36-teiliges-set-monoblock-sintesi\/\" \/>\n<meta property=\"og:locale\" content=\"de_DE\" \/>\n<meta property=\"og:type\" content=\"article\" \/>\n<meta property=\"og:title\" content=\"SAMBONET 36-teiliges Set Monoblock Sintesi\" \/>\n<meta property=\"og:description\" content=\"Sintesi setzt auf formale Leichtigkeit, um die perfekte Synthese aus Ergonomie, Vielseitigkeit und Zweckm\u00e4\u00dfigkeit auf den Tisch zu bringen. Jedes\" \/>\n<meta property=\"og:url\" content=\"https:\/\/www.erresse-shop.it\/de\/shop\/tisch\/besteck\/sambonet-36-teiliges-set-monoblock-sintesi\/\" \/>\n<meta property=\"og:site_name\" content=\"Erresse Shop\" \/>\n<meta property=\"article:modified_time\" content=\"2024-02-01T08:34:18+00:00\" \/>\n<meta property=\"og:image\" content=\"https:\/\/www.erresse-shop.it\/wp-content\/uploads\/2024\/02\/sambonet-servizio-36-pezzi-sintesi.jpg\" \/>\n\t<meta property=\"og:image:width\" content=\"1024\" \/>\n\t<meta property=\"og:image:height\" content=\"1024\" \/>\n\t<meta property=\"og:image:type\" content=\"image\/jpeg\" \/>\n<meta name=\"twitter:card\" content=\"summary_large_image\" \/>\n<script type=\"application\/ld+json\" class=\"yoast-schema-graph\">{\"@context\":\"https:\/\/schema.org\",\"@graph\":[{\"@type\":\"WebPage\",\"@id\":\"https:\/\/www.erresse-shop.it\/de\/shop\/tisch\/besteck\/sambonet-36-teiliges-set-monoblock-sintesi\/\",\"url\":\"https:\/\/www.erresse-shop.it\/de\/shop\/tisch\/besteck\/sambonet-36-teiliges-set-monoblock-sintesi\/\",\"name\":\"SAMBONET 36-teiliges Set Monoblock Sintesi - Erresse Shop\",\"isPartOf\":{\"@id\":\"https:\/\/www.erresse-shop.it\/de\/#website\"},\"datePublished\":\"2024-02-01T08:18:07+00:00\",\"dateModified\":\"2024-02-01T08:34:18+00:00\",\"description\":\"Sintesi setzt auf formale Leichtigkeit, um die perfekte Synthese aus Ergonomie, Vielseitigkeit und Zweckm\u00e4\u00dfigkeit auf den Tisch zu bringen. Jedes\",\"breadcrumb\":{\"@id\":\"https:\/\/www.erresse-shop.it\/de\/shop\/tisch\/besteck\/sambonet-36-teiliges-set-monoblock-sintesi\/#breadcrumb\"},\"inLanguage\":\"de-DE\",\"potentialAction\":[{\"@type\":\"ReadAction\",\"target\":[\"https:\/\/www.erresse-shop.it\/de\/shop\/tisch\/besteck\/sambonet-36-teiliges-set-monoblock-sintesi\/\"]}]},{\"@type\":\"BreadcrumbList\",\"@id\":\"https:\/\/www.erresse-shop.it\/de\/shop\/tisch\/besteck\/sambonet-36-teiliges-set-monoblock-sintesi\/#breadcrumb\",\"itemListElement\":[{\"@type\":\"ListItem\",\"position\":1,\"name\":\"Home\",\"item\":\"https:\/\/www.erresse-shop.it\/de\/\"},{\"@type\":\"ListItem\",\"position\":2,\"name\":\"Shop\",\"item\":\"https:\/\/www.erresse-shop.it\/de\/shop\/\"},{\"@type\":\"ListItem\",\"position\":3,\"name\":\"SAMBONET 36-teiliges Set Monoblock Sintesi\"}]},{\"@type\":\"WebSite\",\"@id\":\"https:\/\/www.erresse-shop.it\/de\/#website\",\"url\":\"https:\/\/www.erresse-shop.it\/de\/\",\"name\":\"Erresse Shop\",\"description\":\"Articoli di qualit\u00e0 per la casa\",\"potentialAction\":[{\"@type\":\"SearchAction\",\"target\":{\"@type\":\"EntryPoint\",\"urlTemplate\":\"https:\/\/www.erresse-shop.it\/de\/?s={search_term_string}\"},\"query-input\":\"required name=search_term_string\"}],\"inLanguage\":\"de-DE\"}]}<\/script>\n<!-- \/ Yoast SEO Premium plugin. -->","yoast_head_json":{"title":"SAMBONET 36-teiliges Set Monoblock Sintesi - Erresse Shop","description":"Sintesi setzt auf formale Leichtigkeit, um die perfekte Synthese aus Ergonomie, Vielseitigkeit und Zweckm\u00e4\u00dfigkeit auf den Tisch zu bringen. Jedes","robots":{"index":"index","follow":"follow","max-snippet":"max-snippet:-1","max-image-preview":"max-image-preview:large","max-video-preview":"max-video-preview:-1"},"canonical":"https:\/\/www.erresse-shop.it\/de\/shop\/tisch\/besteck\/sambonet-36-teiliges-set-monoblock-sintesi\/","og_locale":"de_DE","og_type":"article","og_title":"SAMBONET 36-teiliges Set Monoblock Sintesi","og_description":"Sintesi setzt auf formale Leichtigkeit, um die perfekte Synthese aus Ergonomie, Vielseitigkeit und Zweckm\u00e4\u00dfigkeit auf den Tisch zu bringen. Jedes","og_url":"https:\/\/www.erresse-shop.it\/de\/shop\/tisch\/besteck\/sambonet-36-teiliges-set-monoblock-sintesi\/","og_site_name":"Erresse Shop","article_modified_time":"2024-02-01T08:34:18+00:00","og_image":[{"width":1024,"height":1024,"url":"https:\/\/www.erresse-shop.it\/wp-content\/uploads\/2024\/02\/sambonet-servizio-36-pezzi-sintesi.jpg","type":"image\/jpeg"}],"twitter_card":"summary_large_image","schema":{"@context":"https:\/\/schema.org","@graph":[{"@type":"WebPage","@id":"https:\/\/www.erresse-shop.it\/de\/shop\/tisch\/besteck\/sambonet-36-teiliges-set-monoblock-sintesi\/","url":"https:\/\/www.erresse-shop.it\/de\/shop\/tisch\/besteck\/sambonet-36-teiliges-set-monoblock-sintesi\/","name":"SAMBONET 36-teiliges Set Monoblock Sintesi - Erresse Shop","isPartOf":{"@id":"https:\/\/www.erresse-shop.it\/de\/#website"},"datePublished":"2024-02-01T08:18:07+00:00","dateModified":"2024-02-01T08:34:18+00:00","description":"Sintesi setzt auf formale Leichtigkeit, um die perfekte Synthese aus Ergonomie, Vielseitigkeit und Zweckm\u00e4\u00dfigkeit auf den Tisch zu bringen. Jedes","breadcrumb":{"@id":"https:\/\/www.erresse-shop.it\/de\/shop\/tisch\/besteck\/sambonet-36-teiliges-set-monoblock-sintesi\/#breadcrumb"},"inLanguage":"de-DE","potentialAction":[{"@type":"ReadAction","target":["https:\/\/www.erresse-shop.it\/de\/shop\/tisch\/besteck\/sambonet-36-teiliges-set-monoblock-sintesi\/"]}]},{"@type":"BreadcrumbList","@id":"https:\/\/www.erresse-shop.it\/de\/shop\/tisch\/besteck\/sambonet-36-teiliges-set-monoblock-sintesi\/#breadcrumb","itemListElement":[{"@type":"ListItem","position":1,"name":"Home","item":"https:\/\/www.erresse-shop.it\/de\/"},{"@type":"ListItem","position":2,"name":"Shop","item":"https:\/\/www.erresse-shop.it\/de\/shop\/"},{"@type":"ListItem","position":3,"name":"SAMBONET 36-teiliges Set Monoblock Sintesi"}]},{"@type":"WebSite","@id":"https:\/\/www.erresse-shop.it\/de\/#website","url":"https:\/\/www.erresse-shop.it\/de\/","name":"Erresse Shop","description":"Articoli di qualit\u00e0 per la casa","potentialAction":[{"@type":"SearchAction","target":{"@type":"EntryPoint","urlTemplate":"https:\/\/www.erresse-shop.it\/de\/?s={search_term_string}"},"query-input":"required name=search_term_string"}],"inLanguage":"de-DE"}]}},"df_price":139.59,"df_sale_price":139.59,"df_regular_price":253.8,"df_image_link":"https:\/\/www.erresse-shop.it\/wp-content\/uploads\/2024\/02\/sambonet-servizio-36-pezzi-sintesi-300x300.jpg","_links":{"self":[{"href":"https:\/\/www.erresse-shop.it\/de\/wp-json\/wp\/v2\/product\/384779"}],"collection":[{"href":"https:\/\/www.erresse-shop.it\/de\/wp-json\/wp\/v2\/product"}],"about":[{"href":"https:\/\/www.erresse-shop.it\/de\/wp-json\/wp\/v2\/types\/product"}],"wp:featuredmedia":[{"embeddable":true,"href":"https:\/\/www.erresse-shop.it\/de\/wp-json\/wp\/v2\/media\/384786"}],"wp:attachment":[{"href":"https:\/\/www.erresse-shop.it\/de\/wp-json\/wp\/v2\/media?parent=384779"}],"wp:term":[{"taxonomy":"product_cat","embeddable":true,"href":"https:\/\/www.erresse-shop.it\/de\/wp-json\/wp\/v2\/product_cat?post=384779"},{"taxonomy":"product_tag","embeddable":true,"href":"https:\/\/www.erresse-shop.it\/de\/wp-json\/wp\/v2\/product_tag?post=384779"}],"curies":[{"name":"wp","href":"https:\/\/api.w.org\/{rel}","templated":true}]}}