{"id":384766,"date":"2024-02-01T08:03:48","date_gmt":"2024-02-01T08:03:49","guid":{"rendered":"https:\/\/www.erresse-shop.it\/?post_type=product&#038;p=384766"},"modified":"2025-01-22T07:57:09","modified_gmt":"2025-01-22T07:57:09","slug":"sambonet-besteckservice-30-stuck-siena","status":"publish","type":"product","link":"https:\/\/www.erresse-shop.it\/de\/shop\/tisch\/besteck\/sambonet-besteckservice-30-stuck-siena\/","title":{"rendered":"SAMBONET Besteckservice 30 St\u00fcck Siena"},"content":{"rendered":"<p><strong>Beschreibung<\/strong><\/p>\n<p>Besteck mit einzigartigen Texturen auf dem Markt.<br \/>\nBeidseitige Dekoration, die w\u00e4hrend des Formens des Bestecks selbst entsteht.<br \/>\nDetails, die weder durch Abnutzung noch durch die Zeit beeintr\u00e4chtigt werden.<br \/>\nEin Vorschlag zur Tischdekoration f\u00fcr diejenigen, die entgegen dem Trend beim Besteck und nicht beim Teller beginnen.<br \/>\nZeitgen\u00f6ssischer Luxus neu interpretiert in einer modischen Tonart.<br \/>\nHergestellt aus hochwertigem, sp\u00fclmaschinenfestem Edelstahl 18\/10.<br \/>\nSiena erneuert die Stahloberfl\u00e4chen mit einem raffinierten Flachrelief, das starke taktile Empfindungen hervorruft.<br \/>\nDie Polierung mit Spiegeleffekt unterstreicht die hohe Qualit\u00e4t des Edelstahls und hebt Form und Design hervor. Die Oberfl\u00e4chen werden mit Hilfe von Zus\u00e4tzen und mechanischen B\u00fcrsten unterschiedlicher K\u00f6rnung und Materialien poliert, die den Edelstahl auf Hochglanz bringen. Das Objekt wird mit Reflexen angereichert, die es noch wertvoller machen.<\/p>\n<p>Das einteilige Messer wird aus einem einzigen St\u00fcck Stahl gefertigt. Im Gegensatz zum Messer mit hohlem Griff, das aus zwei Teilen besteht, gibt es hier keine L\u00fccken zwischen Griff und Klinge, und man empfindet ein angenehmes Gef\u00fchl von Schwere und Solidit\u00e4t, wenn man diese Art von Messern in der Hand h\u00e4lt.<\/p>\n<p>Trendige Texturen, inspiriert von traumhaften Urlaubsorten und internationalen Jet-Set-Destinationen. Siena zeichnet sich durch das modische Relief aus, das auf dem gesamten Besteckk\u00f6rper aufgedruckt ist und f\u00fcr eine \u00e4u\u00dferst raffinierte Inszenierung sorgt.<\/p>\n<p><strong>Technische Daten<\/strong><\/p>\n<p>Marke: Sambonet<br \/>\nKollektion: Siena<br \/>\nMaterial: Rostfreier Stahl<br \/>\nAussehen: Spiegelnder Stahl<br \/>\nArtikel Nummer: 52517-N1<br \/>\nEAN: 8014808401961<br \/>\nJahr der Einf\u00fchrung: 2021<br \/>\nAnzahl der Teile im Set: 30<br \/>\nGeeignet f\u00fcr wie viele Personen: 6<br \/>\nZusammensetzung des Sets: 6 Tafell\u00f6ffel, 6 Tafelgabeln, 6 Tafelmesser, 6 Dessertgabeln, 6 Teel\u00f6ffel<br \/>\nSpeziell f\u00fcr: Das ganze Jahr \u00fcber<br \/>\nArt des Griffs: Monoblock<\/p>\n<p><strong>Abmessungen<\/strong>:<\/p>\n<p>Gewicht des Artikels: 2,49 kg<br \/>\nL\u00e4nge des Pakets: 59,40 cm<br \/>\nBreite des Pakets: 35,60 cm<br \/>\nH\u00f6he der Verpackung: 5,30 cm<br \/>\nGewicht mit Verpackung: 2,49 kg<br \/>\nVolumen der Verpackung: 11.2000 dm\u00b3<\/p>\n<p><strong>Sp\u00fclmaschinenfest, max. 55\u00b0.<\/strong><\/p>\n","protected":false},"excerpt":{"rendered":"<p>Beschreibung Besteck mit einzigartigen Texturen auf dem Markt. Beidseitige Dekoration, die w\u00e4hrend des Formens des Bestecks selbst entsteht. Details, die<\/p>\n","protected":false},"featured_media":384774,"template":"","meta":{"_acf_changed":false,"inline_featured_image":false},"product_cat":[6790,6787],"product_tag":[23691,17204],"acf":[],"yoast_head":"<!-- This site is optimized with the Yoast SEO Premium plugin v18.6 (Yoast SEO v19.13) - https:\/\/yoast.com\/wordpress\/plugins\/seo\/ -->\n<title>SAMBONET Besteckservice 30 St\u00fcck Siena<\/title>\n<meta name=\"description\" content=\"Entdecken Sie SAMBONET Besteckservice 30 St\u00fcck Siena bei ErresseShop. Qualit\u00e4t, Stil und Funktionalit\u00e4t \u2013 jetzt online bestellen!\" \/>\n<meta name=\"robots\" content=\"index, follow, max-snippet:-1, max-image-preview:large, max-video-preview:-1\" \/>\n<link rel=\"canonical\" href=\"https:\/\/www.erresse-shop.it\/de\/shop\/tisch\/besteck\/sambonet-besteckservice-30-stuck-siena\/\" \/>\n<meta property=\"og:locale\" content=\"de_DE\" \/>\n<meta property=\"og:type\" content=\"article\" \/>\n<meta property=\"og:title\" content=\"SAMBONET Besteckservice 30 St\u00fcck Siena\" \/>\n<meta property=\"og:description\" content=\"Entdecken Sie SAMBONET Besteckservice 30 St\u00fcck Siena bei ErresseShop. Qualit\u00e4t, Stil und Funktionalit\u00e4t \u2013 jetzt online bestellen!\" \/>\n<meta property=\"og:url\" content=\"https:\/\/www.erresse-shop.it\/de\/shop\/tisch\/besteck\/sambonet-besteckservice-30-stuck-siena\/\" \/>\n<meta property=\"og:site_name\" content=\"Erresse Shop\" \/>\n<meta property=\"article:modified_time\" content=\"2025-01-22T07:57:09+00:00\" \/>\n<meta property=\"og:image\" content=\"https:\/\/www.erresse-shop.it\/wp-content\/uploads\/2024\/02\/Sambonet-30-pezzi-siena.jpg\" \/>\n\t<meta property=\"og:image:width\" content=\"1024\" \/>\n\t<meta property=\"og:image:height\" content=\"1024\" \/>\n\t<meta property=\"og:image:type\" content=\"image\/jpeg\" \/>\n<meta name=\"twitter:card\" content=\"summary_large_image\" \/>\n<script type=\"application\/ld+json\" class=\"yoast-schema-graph\">{\"@context\":\"https:\/\/schema.org\",\"@graph\":[{\"@type\":\"WebPage\",\"@id\":\"https:\/\/www.erresse-shop.it\/de\/shop\/tisch\/besteck\/sambonet-besteckservice-30-stuck-siena\/\",\"url\":\"https:\/\/www.erresse-shop.it\/de\/shop\/tisch\/besteck\/sambonet-besteckservice-30-stuck-siena\/\",\"name\":\"SAMBONET Besteckservice 30 St\u00fcck Siena\",\"isPartOf\":{\"@id\":\"https:\/\/www.erresse-shop.it\/de\/#website\"},\"datePublished\":\"2024-02-01T08:03:49+00:00\",\"dateModified\":\"2025-01-22T07:57:09+00:00\",\"description\":\"Entdecken Sie SAMBONET Besteckservice 30 St\u00fcck Siena bei ErresseShop. Qualit\u00e4t, Stil und Funktionalit\u00e4t \u2013 jetzt online bestellen!\",\"breadcrumb\":{\"@id\":\"https:\/\/www.erresse-shop.it\/de\/shop\/tisch\/besteck\/sambonet-besteckservice-30-stuck-siena\/#breadcrumb\"},\"inLanguage\":\"de-DE\",\"potentialAction\":[{\"@type\":\"ReadAction\",\"target\":[\"https:\/\/www.erresse-shop.it\/de\/shop\/tisch\/besteck\/sambonet-besteckservice-30-stuck-siena\/\"]}]},{\"@type\":\"BreadcrumbList\",\"@id\":\"https:\/\/www.erresse-shop.it\/de\/shop\/tisch\/besteck\/sambonet-besteckservice-30-stuck-siena\/#breadcrumb\",\"itemListElement\":[{\"@type\":\"ListItem\",\"position\":1,\"name\":\"Home\",\"item\":\"https:\/\/www.erresse-shop.it\/de\/\"},{\"@type\":\"ListItem\",\"position\":2,\"name\":\"Shop\",\"item\":\"https:\/\/www.erresse-shop.it\/de\/shop\/\"},{\"@type\":\"ListItem\",\"position\":3,\"name\":\"SAMBONET Besteckservice 30 St\u00fcck Siena\"}]},{\"@type\":\"WebSite\",\"@id\":\"https:\/\/www.erresse-shop.it\/de\/#website\",\"url\":\"https:\/\/www.erresse-shop.it\/de\/\",\"name\":\"Erresse Shop\",\"description\":\"Articoli di qualit\u00e0 per la casa\",\"potentialAction\":[{\"@type\":\"SearchAction\",\"target\":{\"@type\":\"EntryPoint\",\"urlTemplate\":\"https:\/\/www.erresse-shop.it\/de\/?s={search_term_string}\"},\"query-input\":\"required name=search_term_string\"}],\"inLanguage\":\"de-DE\"}]}<\/script>\n<!-- \/ Yoast SEO Premium plugin. -->","yoast_head_json":{"title":"SAMBONET Besteckservice 30 St\u00fcck Siena","description":"Entdecken Sie SAMBONET Besteckservice 30 St\u00fcck Siena bei ErresseShop. Qualit\u00e4t, Stil und Funktionalit\u00e4t \u2013 jetzt online bestellen!","robots":{"index":"index","follow":"follow","max-snippet":"max-snippet:-1","max-image-preview":"max-image-preview:large","max-video-preview":"max-video-preview:-1"},"canonical":"https:\/\/www.erresse-shop.it\/de\/shop\/tisch\/besteck\/sambonet-besteckservice-30-stuck-siena\/","og_locale":"de_DE","og_type":"article","og_title":"SAMBONET Besteckservice 30 St\u00fcck Siena","og_description":"Entdecken Sie SAMBONET Besteckservice 30 St\u00fcck Siena bei ErresseShop. Qualit\u00e4t, Stil und Funktionalit\u00e4t \u2013 jetzt online bestellen!","og_url":"https:\/\/www.erresse-shop.it\/de\/shop\/tisch\/besteck\/sambonet-besteckservice-30-stuck-siena\/","og_site_name":"Erresse Shop","article_modified_time":"2025-01-22T07:57:09+00:00","og_image":[{"width":1024,"height":1024,"url":"https:\/\/www.erresse-shop.it\/wp-content\/uploads\/2024\/02\/Sambonet-30-pezzi-siena.jpg","type":"image\/jpeg"}],"twitter_card":"summary_large_image","schema":{"@context":"https:\/\/schema.org","@graph":[{"@type":"WebPage","@id":"https:\/\/www.erresse-shop.it\/de\/shop\/tisch\/besteck\/sambonet-besteckservice-30-stuck-siena\/","url":"https:\/\/www.erresse-shop.it\/de\/shop\/tisch\/besteck\/sambonet-besteckservice-30-stuck-siena\/","name":"SAMBONET Besteckservice 30 St\u00fcck Siena","isPartOf":{"@id":"https:\/\/www.erresse-shop.it\/de\/#website"},"datePublished":"2024-02-01T08:03:49+00:00","dateModified":"2025-01-22T07:57:09+00:00","description":"Entdecken Sie SAMBONET Besteckservice 30 St\u00fcck Siena bei ErresseShop. Qualit\u00e4t, Stil und Funktionalit\u00e4t \u2013 jetzt online bestellen!","breadcrumb":{"@id":"https:\/\/www.erresse-shop.it\/de\/shop\/tisch\/besteck\/sambonet-besteckservice-30-stuck-siena\/#breadcrumb"},"inLanguage":"de-DE","potentialAction":[{"@type":"ReadAction","target":["https:\/\/www.erresse-shop.it\/de\/shop\/tisch\/besteck\/sambonet-besteckservice-30-stuck-siena\/"]}]},{"@type":"BreadcrumbList","@id":"https:\/\/www.erresse-shop.it\/de\/shop\/tisch\/besteck\/sambonet-besteckservice-30-stuck-siena\/#breadcrumb","itemListElement":[{"@type":"ListItem","position":1,"name":"Home","item":"https:\/\/www.erresse-shop.it\/de\/"},{"@type":"ListItem","position":2,"name":"Shop","item":"https:\/\/www.erresse-shop.it\/de\/shop\/"},{"@type":"ListItem","position":3,"name":"SAMBONET Besteckservice 30 St\u00fcck Siena"}]},{"@type":"WebSite","@id":"https:\/\/www.erresse-shop.it\/de\/#website","url":"https:\/\/www.erresse-shop.it\/de\/","name":"Erresse Shop","description":"Articoli di qualit\u00e0 per la casa","potentialAction":[{"@type":"SearchAction","target":{"@type":"EntryPoint","urlTemplate":"https:\/\/www.erresse-shop.it\/de\/?s={search_term_string}"},"query-input":"required name=search_term_string"}],"inLanguage":"de-DE"}]}},"df_price":239,"df_sale_price":239,"df_regular_price":239,"df_image_link":"https:\/\/www.erresse-shop.it\/wp-content\/uploads\/2024\/02\/Sambonet-30-pezzi-siena-300x300.jpg","_links":{"self":[{"href":"https:\/\/www.erresse-shop.it\/de\/wp-json\/wp\/v2\/product\/384766"}],"collection":[{"href":"https:\/\/www.erresse-shop.it\/de\/wp-json\/wp\/v2\/product"}],"about":[{"href":"https:\/\/www.erresse-shop.it\/de\/wp-json\/wp\/v2\/types\/product"}],"wp:featuredmedia":[{"embeddable":true,"href":"https:\/\/www.erresse-shop.it\/de\/wp-json\/wp\/v2\/media\/384774"}],"wp:attachment":[{"href":"https:\/\/www.erresse-shop.it\/de\/wp-json\/wp\/v2\/media?parent=384766"}],"wp:term":[{"taxonomy":"product_cat","embeddable":true,"href":"https:\/\/www.erresse-shop.it\/de\/wp-json\/wp\/v2\/product_cat?post=384766"},{"taxonomy":"product_tag","embeddable":true,"href":"https:\/\/www.erresse-shop.it\/de\/wp-json\/wp\/v2\/product_tag?post=384766"}],"curies":[{"name":"wp","href":"https:\/\/api.w.org\/{rel}","templated":true}]}}