{"id":384732,"date":"2024-02-01T07:30:28","date_gmt":"2024-02-01T07:30:31","guid":{"rendered":"https:\/\/www.erresse-shop.it\/?post_type=product&#038;p=384732"},"modified":"2024-05-09T14:21:25","modified_gmt":"2024-05-09T14:21:25","slug":"sambonet-30-teiliges-service-monoblock-velvet-mirror-stahl","status":"publish","type":"product","link":"https:\/\/www.erresse-shop.it\/de\/shop\/tisch\/besteck\/sambonet-30-teiliges-service-monoblock-velvet-mirror-stahl\/","title":{"rendered":"SAMBONET 30 teiliges Service Monoblock Velvet Mirror Stahl"},"content":{"rendered":"<p><strong>Beschreibung<\/strong><\/p>\n<p>Ein Besteck mit einem geschwungenen Profil und ausgewogenem Design.<br \/>\nZeitgem\u00e4\u00dfer, minimalistischer Stil, kann mit jedem Ger\u00e4t kombiniert werden.<br \/>\n4 mm dick.<br \/>\nHergestellt aus hochwertigem, sp\u00fclmaschinenfestem Edelstahl 18\/10.<br \/>\nDie Hochglanzpolitur unterstreicht die hohe Qualit\u00e4t des Edelstahls und betont Form und Design. Die Oberfl\u00e4chen werden mit Hilfe von Zus\u00e4tzen und mechanischen B\u00fcrsten unterschiedlicher K\u00f6rnung und Materialien poliert, die den Edelstahl auf Hochglanz polieren. Das Objekt wird mit Reflexen angereichert, die es noch wertvoller machen.<\/p>\n<p>Das einteilige Messer wird aus einem einzigen St\u00fcck Stahl gefertigt. Im Gegensatz zum Messer mit hohlem Griff, das aus zwei Teilen besteht, gibt es hier keine L\u00fccken zwischen Griff und Klinge, und wenn man diese Art von Messern in der Hand h\u00e4lt, hat man ein angenehmes Gef\u00fchl von Schwere und Solidit\u00e4t.<\/p>\n<p>Das Besteck Velvet von Sambonet steht f\u00fcr die Philosophie des Minimal Chic, bei dem die Harmonie der Formen auf eine raffinierte \u00e4sthetische Schlichtheit trifft, die ideal f\u00fcr eine legere und moderne Tafel ist.<\/p>\n<p><strong>Technische Daten<\/strong><\/p>\n<p>Marke: Sambonet<br \/>\nKollektion: Velvet<br \/>\nMaterial: Rostfreier Stahl<br \/>\nAussehen: Spiegelnder Stahl<br \/>\nArtikel Nummer: 52512-N1<br \/>\nJahr der Einf\u00fchrung: 2021<br \/>\nAnzahl der Teile im Set: 30<br \/>\nGeeignet f\u00fcr wie viele Personen: 6<br \/>\nSet-Zusammensetzung: 6 Tafell\u00f6ffel, 6 Tafelgabeln, 6 Tafelmesser, 6 Dessertgabeln, 6 Teel\u00f6ffel<br \/>\nSpeziell f\u00fcr: Das ganze Jahr \u00fcber<br \/>\nArt des Griffs: Monoblock<\/p>\n<p><strong>Abmessungen<\/strong><\/p>\n<p>Gewicht des Artikels: 2,56 kg<br \/>\nL\u00e4nge der Verpackung: 59,40 cm<br \/>\nBreite des Pakets: 35,90 cm<br \/>\nH\u00f6he des Pakets: 5,20 cm<br \/>\nGewicht mit Verpackung: 2,56 kg<br \/>\nVerpackungsvolumen: 11.1000 dm\u00b3<\/p>\n<p><strong>Sp\u00fclmaschinengeeignet, max. 55\u00b0 C<\/strong><\/p>\n","protected":false},"excerpt":{"rendered":"<p>Beschreibung Ein Besteck mit einem geschwungenen Profil und ausgewogenem Design. Zeitgem\u00e4\u00dfer, minimalistischer Stil, kann mit jedem Ger\u00e4t kombiniert werden. 4<\/p>\n","protected":false},"featured_media":384746,"template":"","meta":{"_acf_changed":false,"inline_featured_image":false},"product_cat":[6790,6787],"product_tag":[25088,23691,21386,25022,21387],"acf":[],"yoast_head":"<!-- This site is optimized with the Yoast SEO Premium plugin v18.6 (Yoast SEO v19.13) - https:\/\/yoast.com\/wordpress\/plugins\/seo\/ -->\n<title>SAMBONET 30 teiliges Service Monoblock Velvet Mirror Stahl - Erresse Shop<\/title>\n<meta name=\"description\" content=\"Beschreibung Ein Besteck mit einem geschwungenen Profil und ausgewogenem Design. Zeitgem\u00e4\u00dfer, minimalistischer Stil, kann mit jedem Ger\u00e4t kombiniert\" \/>\n<meta name=\"robots\" content=\"index, follow, max-snippet:-1, max-image-preview:large, max-video-preview:-1\" \/>\n<link rel=\"canonical\" href=\"https:\/\/www.erresse-shop.it\/de\/shop\/tisch\/besteck\/sambonet-30-teiliges-service-monoblock-velvet-mirror-stahl\/\" \/>\n<meta property=\"og:locale\" content=\"de_DE\" \/>\n<meta property=\"og:type\" content=\"article\" \/>\n<meta property=\"og:title\" content=\"SAMBONET 30 teiliges Service Monoblock Velvet Mirror Stahl\" \/>\n<meta property=\"og:description\" content=\"Beschreibung Ein Besteck mit einem geschwungenen Profil und ausgewogenem Design. Zeitgem\u00e4\u00dfer, minimalistischer Stil, kann mit jedem Ger\u00e4t kombiniert\" \/>\n<meta property=\"og:url\" content=\"https:\/\/www.erresse-shop.it\/de\/shop\/tisch\/besteck\/sambonet-30-teiliges-service-monoblock-velvet-mirror-stahl\/\" \/>\n<meta property=\"og:site_name\" content=\"Erresse Shop\" \/>\n<meta property=\"article:modified_time\" content=\"2024-05-09T14:21:25+00:00\" \/>\n<meta property=\"og:image\" content=\"https:\/\/www.erresse-shop.it\/wp-content\/uploads\/2024\/02\/Sambonet-velvet-set-30-pezzi.jpg\" \/>\n\t<meta property=\"og:image:width\" content=\"1024\" \/>\n\t<meta property=\"og:image:height\" content=\"1024\" \/>\n\t<meta property=\"og:image:type\" content=\"image\/jpeg\" \/>\n<meta name=\"twitter:card\" content=\"summary_large_image\" \/>\n<script type=\"application\/ld+json\" class=\"yoast-schema-graph\">{\"@context\":\"https:\/\/schema.org\",\"@graph\":[{\"@type\":\"WebPage\",\"@id\":\"https:\/\/www.erresse-shop.it\/de\/shop\/tisch\/besteck\/sambonet-30-teiliges-service-monoblock-velvet-mirror-stahl\/\",\"url\":\"https:\/\/www.erresse-shop.it\/de\/shop\/tisch\/besteck\/sambonet-30-teiliges-service-monoblock-velvet-mirror-stahl\/\",\"name\":\"SAMBONET 30 teiliges Service Monoblock Velvet Mirror Stahl - Erresse Shop\",\"isPartOf\":{\"@id\":\"https:\/\/www.erresse-shop.it\/de\/#website\"},\"datePublished\":\"2024-02-01T07:30:31+00:00\",\"dateModified\":\"2024-05-09T14:21:25+00:00\",\"description\":\"Beschreibung Ein Besteck mit einem geschwungenen Profil und ausgewogenem Design. Zeitgem\u00e4\u00dfer, minimalistischer Stil, kann mit jedem Ger\u00e4t kombiniert\",\"breadcrumb\":{\"@id\":\"https:\/\/www.erresse-shop.it\/de\/shop\/tisch\/besteck\/sambonet-30-teiliges-service-monoblock-velvet-mirror-stahl\/#breadcrumb\"},\"inLanguage\":\"de-DE\",\"potentialAction\":[{\"@type\":\"ReadAction\",\"target\":[\"https:\/\/www.erresse-shop.it\/de\/shop\/tisch\/besteck\/sambonet-30-teiliges-service-monoblock-velvet-mirror-stahl\/\"]}]},{\"@type\":\"BreadcrumbList\",\"@id\":\"https:\/\/www.erresse-shop.it\/de\/shop\/tisch\/besteck\/sambonet-30-teiliges-service-monoblock-velvet-mirror-stahl\/#breadcrumb\",\"itemListElement\":[{\"@type\":\"ListItem\",\"position\":1,\"name\":\"Home\",\"item\":\"https:\/\/www.erresse-shop.it\/de\/\"},{\"@type\":\"ListItem\",\"position\":2,\"name\":\"Shop\",\"item\":\"https:\/\/www.erresse-shop.it\/de\/shop\/\"},{\"@type\":\"ListItem\",\"position\":3,\"name\":\"SAMBONET 30 teiliges Service Monoblock Velvet Mirror Stahl\"}]},{\"@type\":\"WebSite\",\"@id\":\"https:\/\/www.erresse-shop.it\/de\/#website\",\"url\":\"https:\/\/www.erresse-shop.it\/de\/\",\"name\":\"Erresse Shop\",\"description\":\"Articoli di qualit\u00e0 per la casa\",\"potentialAction\":[{\"@type\":\"SearchAction\",\"target\":{\"@type\":\"EntryPoint\",\"urlTemplate\":\"https:\/\/www.erresse-shop.it\/de\/?s={search_term_string}\"},\"query-input\":\"required name=search_term_string\"}],\"inLanguage\":\"de-DE\"}]}<\/script>\n<!-- \/ Yoast SEO Premium plugin. -->","yoast_head_json":{"title":"SAMBONET 30 teiliges Service Monoblock Velvet Mirror Stahl - Erresse Shop","description":"Beschreibung Ein Besteck mit einem geschwungenen Profil und ausgewogenem Design. Zeitgem\u00e4\u00dfer, minimalistischer Stil, kann mit jedem Ger\u00e4t kombiniert","robots":{"index":"index","follow":"follow","max-snippet":"max-snippet:-1","max-image-preview":"max-image-preview:large","max-video-preview":"max-video-preview:-1"},"canonical":"https:\/\/www.erresse-shop.it\/de\/shop\/tisch\/besteck\/sambonet-30-teiliges-service-monoblock-velvet-mirror-stahl\/","og_locale":"de_DE","og_type":"article","og_title":"SAMBONET 30 teiliges Service Monoblock Velvet Mirror Stahl","og_description":"Beschreibung Ein Besteck mit einem geschwungenen Profil und ausgewogenem Design. Zeitgem\u00e4\u00dfer, minimalistischer Stil, kann mit jedem Ger\u00e4t kombiniert","og_url":"https:\/\/www.erresse-shop.it\/de\/shop\/tisch\/besteck\/sambonet-30-teiliges-service-monoblock-velvet-mirror-stahl\/","og_site_name":"Erresse Shop","article_modified_time":"2024-05-09T14:21:25+00:00","og_image":[{"width":1024,"height":1024,"url":"https:\/\/www.erresse-shop.it\/wp-content\/uploads\/2024\/02\/Sambonet-velvet-set-30-pezzi.jpg","type":"image\/jpeg"}],"twitter_card":"summary_large_image","schema":{"@context":"https:\/\/schema.org","@graph":[{"@type":"WebPage","@id":"https:\/\/www.erresse-shop.it\/de\/shop\/tisch\/besteck\/sambonet-30-teiliges-service-monoblock-velvet-mirror-stahl\/","url":"https:\/\/www.erresse-shop.it\/de\/shop\/tisch\/besteck\/sambonet-30-teiliges-service-monoblock-velvet-mirror-stahl\/","name":"SAMBONET 30 teiliges Service Monoblock Velvet Mirror Stahl - Erresse Shop","isPartOf":{"@id":"https:\/\/www.erresse-shop.it\/de\/#website"},"datePublished":"2024-02-01T07:30:31+00:00","dateModified":"2024-05-09T14:21:25+00:00","description":"Beschreibung Ein Besteck mit einem geschwungenen Profil und ausgewogenem Design. Zeitgem\u00e4\u00dfer, minimalistischer Stil, kann mit jedem Ger\u00e4t kombiniert","breadcrumb":{"@id":"https:\/\/www.erresse-shop.it\/de\/shop\/tisch\/besteck\/sambonet-30-teiliges-service-monoblock-velvet-mirror-stahl\/#breadcrumb"},"inLanguage":"de-DE","potentialAction":[{"@type":"ReadAction","target":["https:\/\/www.erresse-shop.it\/de\/shop\/tisch\/besteck\/sambonet-30-teiliges-service-monoblock-velvet-mirror-stahl\/"]}]},{"@type":"BreadcrumbList","@id":"https:\/\/www.erresse-shop.it\/de\/shop\/tisch\/besteck\/sambonet-30-teiliges-service-monoblock-velvet-mirror-stahl\/#breadcrumb","itemListElement":[{"@type":"ListItem","position":1,"name":"Home","item":"https:\/\/www.erresse-shop.it\/de\/"},{"@type":"ListItem","position":2,"name":"Shop","item":"https:\/\/www.erresse-shop.it\/de\/shop\/"},{"@type":"ListItem","position":3,"name":"SAMBONET 30 teiliges Service Monoblock Velvet Mirror Stahl"}]},{"@type":"WebSite","@id":"https:\/\/www.erresse-shop.it\/de\/#website","url":"https:\/\/www.erresse-shop.it\/de\/","name":"Erresse Shop","description":"Articoli di qualit\u00e0 per la casa","potentialAction":[{"@type":"SearchAction","target":{"@type":"EntryPoint","urlTemplate":"https:\/\/www.erresse-shop.it\/de\/?s={search_term_string}"},"query-input":"required name=search_term_string"}],"inLanguage":"de-DE"}]}},"df_price":139.92000000000002,"df_sale_price":139.92000000000002,"df_regular_price":254.4,"df_image_link":"https:\/\/www.erresse-shop.it\/wp-content\/uploads\/2024\/02\/Sambonet-velvet-set-30-pezzi-300x300.jpg","_links":{"self":[{"href":"https:\/\/www.erresse-shop.it\/de\/wp-json\/wp\/v2\/product\/384732"}],"collection":[{"href":"https:\/\/www.erresse-shop.it\/de\/wp-json\/wp\/v2\/product"}],"about":[{"href":"https:\/\/www.erresse-shop.it\/de\/wp-json\/wp\/v2\/types\/product"}],"wp:featuredmedia":[{"embeddable":true,"href":"https:\/\/www.erresse-shop.it\/de\/wp-json\/wp\/v2\/media\/384746"}],"wp:attachment":[{"href":"https:\/\/www.erresse-shop.it\/de\/wp-json\/wp\/v2\/media?parent=384732"}],"wp:term":[{"taxonomy":"product_cat","embeddable":true,"href":"https:\/\/www.erresse-shop.it\/de\/wp-json\/wp\/v2\/product_cat?post=384732"},{"taxonomy":"product_tag","embeddable":true,"href":"https:\/\/www.erresse-shop.it\/de\/wp-json\/wp\/v2\/product_tag?post=384732"}],"curies":[{"name":"wp","href":"https:\/\/api.w.org\/{rel}","templated":true}]}}