{"id":384200,"date":"2024-01-31T08:02:57","date_gmt":"2024-01-31T08:02:58","guid":{"rendered":"https:\/\/www.erresse-shop.it\/?post_type=product&#038;p=384200"},"modified":"2025-01-17T17:55:20","modified_gmt":"2025-01-17T17:55:20","slug":"toms-drag-bulldog-madame","status":"publish","type":"product","link":"https:\/\/www.erresse-shop.it\/de\/shop\/einrichtung-haus\/dekoartikel\/toms-drag-bulldog-madame\/","title":{"rendered":"TOM&#8217;S DRAG Bulldog Madame"},"content":{"rendered":"<p>Jedes Tom&#8217;s Drag-Objekt beginnt mit ein paar schnellen Skizzen, die der K\u00fcnstler anfertigt und schnell in ein detailliertes Bild umwandelt. Dann wird eine grobe Figur von Hand aus dem Holz geschnitzt, deren Abmessungen und Proportionen denen des endg\u00fcltigen Objekts entsprechen. Sie wird vom K\u00fcnstler handbemalt, und es entsteht der Prototyp, aus dem die Gummiform geschnitzt wird. Diese Kautschukform ist der Schl\u00fcssel zu allen Werken von Tom&#8217;s Drag, denn in sie wird fl\u00fcssiges Marmorino, eine Mischung aus gemahlenem Marmor und Kunstharz, gegossen und dann verfestigt. Das zun\u00e4chst opak-wei\u00dfe St\u00fcck wird dann wei\u00df gestrichen und anschlie\u00dfend poliert. Zu diesem Zeitpunkt werden die R\u00e4nder der Farbfelder mit Bleistift gezeichnet, die dem K\u00fcnstler als Referenz f\u00fcr die Bemalung des Objekts dienen. Die Arbeit endet mit dem Auftragen eines Harzes, das die Farben best\u00e4ndig macht.<\/p>\n<p>Bulldogge Madame ist eine handbemalte Harzfigur. Artikel aus der Linie Animals von Tom&#8217;s Drag.<\/p>\n<p>Diese Kollektion ist inspiriert von Hunden, den besten Freunden des Menschen, die mit Kost\u00fcmen in leuchtenden Regenbogenfarben und exotischen Ornamenten geschm\u00fcckt sind, als w\u00e4ren sie auf einer Karnevalsparade.<\/p>\n<p>Dieser Artikel wird von Hand gefertigt und bemalt, so dass Abweichungen in Farbe, Design, Farbton, kleine Klebe- oder Farbfehler und Unregelm\u00e4\u00dfigkeiten eine Besonderheit des Produkts sind und von seiner Handwerkskunst zeugen.<\/p>\n<p>Alle Drachentiere sind mit phantasievollen Kost\u00fcmen und exotischen Ornamenten geschm\u00fcckt, als ob sie auf einem Karnevalsumzug w\u00e4ren. Alle sind in den Farben des Regenbogens gehalten, die die fr\u00f6hliche Stimmung eines von Toms Lieblingsliedern, &#8220;What a Wonderful World&#8221; von Louis Armstrong, widerspiegeln.<\/p>\n<p>Material: Marmorino<br \/>\nH\u00f6he: 25 cm<\/p>\n","protected":false},"excerpt":{"rendered":"<p>Jedes Tom&#8217;s Drag-Objekt beginnt mit ein paar schnellen Skizzen, die der K\u00fcnstler anfertigt und schnell in ein detailliertes Bild umwandelt.<\/p>\n","protected":false},"featured_media":384211,"template":"","meta":{"_acf_changed":false,"inline_featured_image":false},"product_cat":[6817,14442],"product_tag":[25038,16994,16997,25022],"acf":[],"yoast_head":"<!-- This site is optimized with the Yoast SEO Premium plugin v18.6 (Yoast SEO v19.13) - https:\/\/yoast.com\/wordpress\/plugins\/seo\/ -->\n<title>TOM&#039;S DRAG Bulldog Madame<\/title>\n<meta name=\"description\" content=\"Entdecken Sie TOM&#039;S DRAG Bulldog Madame bei ErresseShop. Qualit\u00e4t, Stil und Funktionalit\u00e4t \u2013 jetzt online bestellen!\" \/>\n<meta name=\"robots\" content=\"index, follow, max-snippet:-1, max-image-preview:large, max-video-preview:-1\" \/>\n<link rel=\"canonical\" href=\"https:\/\/www.erresse-shop.it\/de\/shop\/einrichtung-haus\/dekoartikel\/toms-drag-bulldog-madame\/\" \/>\n<meta property=\"og:locale\" content=\"de_DE\" \/>\n<meta property=\"og:type\" content=\"article\" \/>\n<meta property=\"og:title\" content=\"TOM&#039;S DRAG Bulldog Madame\" \/>\n<meta property=\"og:description\" content=\"Entdecken Sie TOM&#039;S DRAG Bulldog Madame bei ErresseShop. Qualit\u00e4t, Stil und Funktionalit\u00e4t \u2013 jetzt online bestellen!\" \/>\n<meta property=\"og:url\" content=\"https:\/\/www.erresse-shop.it\/de\/shop\/einrichtung-haus\/dekoartikel\/toms-drag-bulldog-madame\/\" \/>\n<meta property=\"og:site_name\" content=\"Erresse Shop\" \/>\n<meta property=\"article:modified_time\" content=\"2025-01-17T17:55:20+00:00\" \/>\n<meta property=\"og:image\" content=\"https:\/\/www.erresse-shop.it\/wp-content\/uploads\/2024\/01\/Toms-Drag-bulldog-madame.jpg\" \/>\n\t<meta property=\"og:image:width\" content=\"800\" \/>\n\t<meta property=\"og:image:height\" content=\"800\" \/>\n\t<meta property=\"og:image:type\" content=\"image\/jpeg\" \/>\n<meta name=\"twitter:card\" content=\"summary_large_image\" \/>\n<script type=\"application\/ld+json\" class=\"yoast-schema-graph\">{\"@context\":\"https:\/\/schema.org\",\"@graph\":[{\"@type\":\"WebPage\",\"@id\":\"https:\/\/www.erresse-shop.it\/de\/shop\/einrichtung-haus\/dekoartikel\/toms-drag-bulldog-madame\/\",\"url\":\"https:\/\/www.erresse-shop.it\/de\/shop\/einrichtung-haus\/dekoartikel\/toms-drag-bulldog-madame\/\",\"name\":\"TOM'S DRAG Bulldog Madame\",\"isPartOf\":{\"@id\":\"https:\/\/www.erresse-shop.it\/de\/#website\"},\"datePublished\":\"2024-01-31T08:02:58+00:00\",\"dateModified\":\"2025-01-17T17:55:20+00:00\",\"description\":\"Entdecken Sie TOM'S DRAG Bulldog Madame bei ErresseShop. Qualit\u00e4t, Stil und Funktionalit\u00e4t \u2013 jetzt online bestellen!\",\"breadcrumb\":{\"@id\":\"https:\/\/www.erresse-shop.it\/de\/shop\/einrichtung-haus\/dekoartikel\/toms-drag-bulldog-madame\/#breadcrumb\"},\"inLanguage\":\"de-DE\",\"potentialAction\":[{\"@type\":\"ReadAction\",\"target\":[\"https:\/\/www.erresse-shop.it\/de\/shop\/einrichtung-haus\/dekoartikel\/toms-drag-bulldog-madame\/\"]}]},{\"@type\":\"BreadcrumbList\",\"@id\":\"https:\/\/www.erresse-shop.it\/de\/shop\/einrichtung-haus\/dekoartikel\/toms-drag-bulldog-madame\/#breadcrumb\",\"itemListElement\":[{\"@type\":\"ListItem\",\"position\":1,\"name\":\"Home\",\"item\":\"https:\/\/www.erresse-shop.it\/de\/\"},{\"@type\":\"ListItem\",\"position\":2,\"name\":\"Shop\",\"item\":\"https:\/\/www.erresse-shop.it\/de\/shop\/\"},{\"@type\":\"ListItem\",\"position\":3,\"name\":\"TOM&#8217;S DRAG Bulldog Madame\"}]},{\"@type\":\"WebSite\",\"@id\":\"https:\/\/www.erresse-shop.it\/de\/#website\",\"url\":\"https:\/\/www.erresse-shop.it\/de\/\",\"name\":\"Erresse Shop\",\"description\":\"Articoli di qualit\u00e0 per la casa\",\"potentialAction\":[{\"@type\":\"SearchAction\",\"target\":{\"@type\":\"EntryPoint\",\"urlTemplate\":\"https:\/\/www.erresse-shop.it\/de\/?s={search_term_string}\"},\"query-input\":\"required name=search_term_string\"}],\"inLanguage\":\"de-DE\"}]}<\/script>\n<!-- \/ Yoast SEO Premium plugin. -->","yoast_head_json":{"title":"TOM'S DRAG Bulldog Madame","description":"Entdecken Sie TOM'S DRAG Bulldog Madame bei ErresseShop. Qualit\u00e4t, Stil und Funktionalit\u00e4t \u2013 jetzt online bestellen!","robots":{"index":"index","follow":"follow","max-snippet":"max-snippet:-1","max-image-preview":"max-image-preview:large","max-video-preview":"max-video-preview:-1"},"canonical":"https:\/\/www.erresse-shop.it\/de\/shop\/einrichtung-haus\/dekoartikel\/toms-drag-bulldog-madame\/","og_locale":"de_DE","og_type":"article","og_title":"TOM'S DRAG Bulldog Madame","og_description":"Entdecken Sie TOM'S DRAG Bulldog Madame bei ErresseShop. Qualit\u00e4t, Stil und Funktionalit\u00e4t \u2013 jetzt online bestellen!","og_url":"https:\/\/www.erresse-shop.it\/de\/shop\/einrichtung-haus\/dekoartikel\/toms-drag-bulldog-madame\/","og_site_name":"Erresse Shop","article_modified_time":"2025-01-17T17:55:20+00:00","og_image":[{"width":800,"height":800,"url":"https:\/\/www.erresse-shop.it\/wp-content\/uploads\/2024\/01\/Toms-Drag-bulldog-madame.jpg","type":"image\/jpeg"}],"twitter_card":"summary_large_image","schema":{"@context":"https:\/\/schema.org","@graph":[{"@type":"WebPage","@id":"https:\/\/www.erresse-shop.it\/de\/shop\/einrichtung-haus\/dekoartikel\/toms-drag-bulldog-madame\/","url":"https:\/\/www.erresse-shop.it\/de\/shop\/einrichtung-haus\/dekoartikel\/toms-drag-bulldog-madame\/","name":"TOM'S DRAG Bulldog Madame","isPartOf":{"@id":"https:\/\/www.erresse-shop.it\/de\/#website"},"datePublished":"2024-01-31T08:02:58+00:00","dateModified":"2025-01-17T17:55:20+00:00","description":"Entdecken Sie TOM'S DRAG Bulldog Madame bei ErresseShop. Qualit\u00e4t, Stil und Funktionalit\u00e4t \u2013 jetzt online bestellen!","breadcrumb":{"@id":"https:\/\/www.erresse-shop.it\/de\/shop\/einrichtung-haus\/dekoartikel\/toms-drag-bulldog-madame\/#breadcrumb"},"inLanguage":"de-DE","potentialAction":[{"@type":"ReadAction","target":["https:\/\/www.erresse-shop.it\/de\/shop\/einrichtung-haus\/dekoartikel\/toms-drag-bulldog-madame\/"]}]},{"@type":"BreadcrumbList","@id":"https:\/\/www.erresse-shop.it\/de\/shop\/einrichtung-haus\/dekoartikel\/toms-drag-bulldog-madame\/#breadcrumb","itemListElement":[{"@type":"ListItem","position":1,"name":"Home","item":"https:\/\/www.erresse-shop.it\/de\/"},{"@type":"ListItem","position":2,"name":"Shop","item":"https:\/\/www.erresse-shop.it\/de\/shop\/"},{"@type":"ListItem","position":3,"name":"TOM&#8217;S DRAG Bulldog Madame"}]},{"@type":"WebSite","@id":"https:\/\/www.erresse-shop.it\/de\/#website","url":"https:\/\/www.erresse-shop.it\/de\/","name":"Erresse Shop","description":"Articoli di qualit\u00e0 per la casa","potentialAction":[{"@type":"SearchAction","target":{"@type":"EntryPoint","urlTemplate":"https:\/\/www.erresse-shop.it\/de\/?s={search_term_string}"},"query-input":"required name=search_term_string"}],"inLanguage":"de-DE"}]}},"df_price":80.60000000000001,"df_sale_price":80.60000000000001,"df_regular_price":155,"df_image_link":"https:\/\/www.erresse-shop.it\/wp-content\/uploads\/2024\/01\/Toms-Drag-bulldog-madame-300x300.jpg","_links":{"self":[{"href":"https:\/\/www.erresse-shop.it\/de\/wp-json\/wp\/v2\/product\/384200"}],"collection":[{"href":"https:\/\/www.erresse-shop.it\/de\/wp-json\/wp\/v2\/product"}],"about":[{"href":"https:\/\/www.erresse-shop.it\/de\/wp-json\/wp\/v2\/types\/product"}],"wp:featuredmedia":[{"embeddable":true,"href":"https:\/\/www.erresse-shop.it\/de\/wp-json\/wp\/v2\/media\/384211"}],"wp:attachment":[{"href":"https:\/\/www.erresse-shop.it\/de\/wp-json\/wp\/v2\/media?parent=384200"}],"wp:term":[{"taxonomy":"product_cat","embeddable":true,"href":"https:\/\/www.erresse-shop.it\/de\/wp-json\/wp\/v2\/product_cat?post=384200"},{"taxonomy":"product_tag","embeddable":true,"href":"https:\/\/www.erresse-shop.it\/de\/wp-json\/wp\/v2\/product_tag?post=384200"}],"curies":[{"name":"wp","href":"https:\/\/api.w.org\/{rel}","templated":true}]}}