{"id":384188,"date":"2024-01-31T07:52:01","date_gmt":"2024-01-31T07:52:02","guid":{"rendered":"https:\/\/www.erresse-shop.it\/?post_type=product&#038;p=384188"},"modified":"2025-01-17T09:08:36","modified_gmt":"2025-01-17T09:08:36","slug":"le-creuset-balti-gusseisen-kasserolle-20-cm-schwarz","status":"publish","type":"product","link":"https:\/\/www.erresse-shop.it\/de\/shop\/toepfe-pfannen\/toepfe-und-kochtoepfen\/le-creuset-balti-gusseisen-kasserolle-20-cm-schwarz\/","title":{"rendered":"LE CREUSET Balti Gusseisen Kasserolle 20 cm Schwarz"},"content":{"rendered":"<p><strong>GEW\u00dcRZE UND GESCHM\u00c4CKER<\/strong><\/p>\n<p>Balti stammt aus der asiatischen Region Baltistan im Norden Pakistans. Unsere Balti-Kasserolle aus verglastem Gusseisen hat einen flachen Boden, der sich f\u00fcr die Herdplatte eignet. Sie k\u00f6nnen sie auch im Backofen im Grillmodus verwenden. Wie der Name schon sagt, ist sie ideal f\u00fcr die Zubereitung k\u00f6stlicher Currygerichte. Aber Sie k\u00f6nnen noch viel mehr tun, um Ihrer Kreativit\u00e4t freien Lauf zu lassen.<\/p>\n<p>Vielseitigkeit: Dieses Produkt ist f\u00fcr den Backofen, den Herd und den Grill geeignet.<br \/>\nLeckeres Essen: Das verglaste Gusseisen speichert die Hitze und sorgt f\u00fcr gleichm\u00e4\u00dfiges Garen und Br\u00e4unen. Ihre k\u00f6stlichen Kreationen bleiben auf dem Tisch l\u00e4nger hei\u00df.<br \/>\nEinfach zu halten: Die eleganten und bequemen Griffe erm\u00f6glichen ein sicheres Anheben des Produkts.<br \/>\nNicht zu hei\u00df: Kochen Sie bei gleichbleibend niedriger bis mittlerer Hitze, um Ihr Produkt aus verglastem Gusseisen zu schonen und k\u00f6stliche Ergebnisse zu erzielen.<br \/>\nVerbessert sich mit der Zeit: Das verglaste Innere entwickelt eine nat\u00fcrliche Patina, die fast wie eine Antihaft-Oberfl\u00e4che wirkt. Seine Oberfl\u00e4che hat Eigenschaften, die verhindern<br \/>\ndie das Anhaften von Speisen auch bei geringen Mengen \u00d6l verhindern. Waschen Sie das Produkt nur mit Wasser ab, damit sich die Patina entwickeln kann.<br \/>\nUnsere Produkte werden aus den besten Materialien in Fabriken auf der ganzen Welt hergestellt, um die Qualit\u00e4t zu garantieren, die Sie von Le Creuset erwarten.<\/p>\n<p>Material: verglastes Gusseisen<br \/>\nHergestellt in: Frankreich<br \/>\nGarantie: Lebenslang<\/p>\n<p><strong>W\u00e4rmequelle<\/strong>:<\/p>\n<ul>\n<li>Elektrokochfeld<\/li>\n<li>Glaskeramik<\/li>\n<li>Gas-Kochfeld<\/li>\n<li>Induktionskochfeld<\/li>\n<\/ul>\n<p><strong>Reinigung und Pflege:<\/strong><\/p>\n<p>Warten Sie, bis das Ger\u00e4t abgek\u00fchlt ist, bevor Sie es reinigen.<br \/>\nReinigen Sie den Boden und die Seiten des Ger\u00e4ts von Essensresten. Wenn Essensreste daran haften, f\u00fcllen Sie das Ger\u00e4t mit warmem Seifenwasser und lassen Sie es 15-20 Minuten einweichen, bevor Sie es wie gewohnt waschen.<br \/>\nVerwenden Sie keine Scheuermittel oder scheuernde oder sehr steife Metallschw\u00e4mme oder B\u00fcrsten f\u00fcr die Oberfl\u00e4chen.<br \/>\nNach dem Waschen gut abtrocknen und an einem trockenen Ort aufbewahren.<\/p>\n<div class=\"su-youtube su-u-responsive-media-yes\"><iframe loading=\"lazy\" width=\"500\" height=\"200\" src=\"https:\/\/www.youtube.com\/embed\/drbRmKhuElo?\" frameborder=\"0\" allowfullscreen allow=\"autoplay; encrypted-media; picture-in-picture\" title=\"\"><\/iframe><\/div>\n","protected":false},"excerpt":{"rendered":"<p>GEW\u00dcRZE UND GESCHM\u00c4CKER Balti stammt aus der asiatischen Region Baltistan im Norden Pakistans. Unsere Balti-Kasserolle aus verglastem Gusseisen hat einen<\/p>\n","protected":false},"featured_media":507280,"template":"","meta":{"_acf_changed":false,"inline_featured_image":false},"product_cat":[6709,14776],"product_tag":[13538,12315],"acf":[],"yoast_head":"<!-- This site is optimized with the Yoast SEO Premium plugin v18.6 (Yoast SEO v19.13) - https:\/\/yoast.com\/wordpress\/plugins\/seo\/ -->\n<title>LE CREUSET Balti Gusseisen Kasserolle 20 cm Schwarz<\/title>\n<meta name=\"description\" content=\"Entdecken Sie LE CREUSET Balti Gusseisen Kasserolle 20 cm Schwarz bei ErresseShop. Qualit\u00e4t, Stil und Funktionalit\u00e4t \u2013 jetzt online bestellen!\" \/>\n<meta name=\"robots\" content=\"index, follow, max-snippet:-1, max-image-preview:large, max-video-preview:-1\" \/>\n<link rel=\"canonical\" href=\"https:\/\/www.erresse-shop.it\/de\/shop\/toepfe-pfannen\/toepfe-und-kochtoepfen\/le-creuset-balti-gusseisen-kasserolle-20-cm-schwarz\/\" \/>\n<meta property=\"og:locale\" content=\"de_DE\" \/>\n<meta property=\"og:type\" content=\"article\" \/>\n<meta property=\"og:title\" content=\"LE CREUSET Balti Gusseisen Kasserolle 20 cm Schwarz\" \/>\n<meta property=\"og:description\" content=\"Entdecken Sie LE CREUSET Balti Gusseisen Kasserolle 20 cm Schwarz bei ErresseShop. Qualit\u00e4t, Stil und Funktionalit\u00e4t \u2013 jetzt online bestellen!\" \/>\n<meta property=\"og:url\" content=\"https:\/\/www.erresse-shop.it\/de\/shop\/toepfe-pfannen\/toepfe-und-kochtoepfen\/le-creuset-balti-gusseisen-kasserolle-20-cm-schwarz\/\" \/>\n<meta property=\"og:site_name\" content=\"Erresse Shop\" \/>\n<meta property=\"article:modified_time\" content=\"2025-01-17T09:08:36+00:00\" \/>\n<meta property=\"og:image\" content=\"https:\/\/www.erresse-shop.it\/wp-content\/uploads\/2024\/01\/LE-CREUSET-Casseruola-Balti-in-Ghisa-20-cm-Nero.png\" \/>\n\t<meta property=\"og:image:width\" content=\"800\" \/>\n\t<meta property=\"og:image:height\" content=\"800\" \/>\n\t<meta property=\"og:image:type\" content=\"image\/png\" \/>\n<meta name=\"twitter:card\" content=\"summary_large_image\" \/>\n<script type=\"application\/ld+json\" class=\"yoast-schema-graph\">{\"@context\":\"https:\/\/schema.org\",\"@graph\":[{\"@type\":\"WebPage\",\"@id\":\"https:\/\/www.erresse-shop.it\/de\/shop\/toepfe-pfannen\/toepfe-und-kochtoepfen\/le-creuset-balti-gusseisen-kasserolle-20-cm-schwarz\/\",\"url\":\"https:\/\/www.erresse-shop.it\/de\/shop\/toepfe-pfannen\/toepfe-und-kochtoepfen\/le-creuset-balti-gusseisen-kasserolle-20-cm-schwarz\/\",\"name\":\"LE CREUSET Balti Gusseisen Kasserolle 20 cm Schwarz\",\"isPartOf\":{\"@id\":\"https:\/\/www.erresse-shop.it\/de\/#website\"},\"datePublished\":\"2024-01-31T07:52:02+00:00\",\"dateModified\":\"2025-01-17T09:08:36+00:00\",\"description\":\"Entdecken Sie LE CREUSET Balti Gusseisen Kasserolle 20 cm Schwarz bei ErresseShop. Qualit\u00e4t, Stil und Funktionalit\u00e4t \u2013 jetzt online bestellen!\",\"breadcrumb\":{\"@id\":\"https:\/\/www.erresse-shop.it\/de\/shop\/toepfe-pfannen\/toepfe-und-kochtoepfen\/le-creuset-balti-gusseisen-kasserolle-20-cm-schwarz\/#breadcrumb\"},\"inLanguage\":\"de-DE\",\"potentialAction\":[{\"@type\":\"ReadAction\",\"target\":[\"https:\/\/www.erresse-shop.it\/de\/shop\/toepfe-pfannen\/toepfe-und-kochtoepfen\/le-creuset-balti-gusseisen-kasserolle-20-cm-schwarz\/\"]}]},{\"@type\":\"BreadcrumbList\",\"@id\":\"https:\/\/www.erresse-shop.it\/de\/shop\/toepfe-pfannen\/toepfe-und-kochtoepfen\/le-creuset-balti-gusseisen-kasserolle-20-cm-schwarz\/#breadcrumb\",\"itemListElement\":[{\"@type\":\"ListItem\",\"position\":1,\"name\":\"Home\",\"item\":\"https:\/\/www.erresse-shop.it\/de\/\"},{\"@type\":\"ListItem\",\"position\":2,\"name\":\"Shop\",\"item\":\"https:\/\/www.erresse-shop.it\/de\/shop\/\"},{\"@type\":\"ListItem\",\"position\":3,\"name\":\"LE CREUSET Balti Gusseisen Kasserolle 20 cm Schwarz\"}]},{\"@type\":\"WebSite\",\"@id\":\"https:\/\/www.erresse-shop.it\/de\/#website\",\"url\":\"https:\/\/www.erresse-shop.it\/de\/\",\"name\":\"Erresse Shop\",\"description\":\"Articoli di qualit\u00e0 per la casa\",\"potentialAction\":[{\"@type\":\"SearchAction\",\"target\":{\"@type\":\"EntryPoint\",\"urlTemplate\":\"https:\/\/www.erresse-shop.it\/de\/?s={search_term_string}\"},\"query-input\":\"required name=search_term_string\"}],\"inLanguage\":\"de-DE\"}]}<\/script>\n<!-- \/ Yoast SEO Premium plugin. -->","yoast_head_json":{"title":"LE CREUSET Balti Gusseisen Kasserolle 20 cm Schwarz","description":"Entdecken Sie LE CREUSET Balti Gusseisen Kasserolle 20 cm Schwarz bei ErresseShop. Qualit\u00e4t, Stil und Funktionalit\u00e4t \u2013 jetzt online bestellen!","robots":{"index":"index","follow":"follow","max-snippet":"max-snippet:-1","max-image-preview":"max-image-preview:large","max-video-preview":"max-video-preview:-1"},"canonical":"https:\/\/www.erresse-shop.it\/de\/shop\/toepfe-pfannen\/toepfe-und-kochtoepfen\/le-creuset-balti-gusseisen-kasserolle-20-cm-schwarz\/","og_locale":"de_DE","og_type":"article","og_title":"LE CREUSET Balti Gusseisen Kasserolle 20 cm Schwarz","og_description":"Entdecken Sie LE CREUSET Balti Gusseisen Kasserolle 20 cm Schwarz bei ErresseShop. Qualit\u00e4t, Stil und Funktionalit\u00e4t \u2013 jetzt online bestellen!","og_url":"https:\/\/www.erresse-shop.it\/de\/shop\/toepfe-pfannen\/toepfe-und-kochtoepfen\/le-creuset-balti-gusseisen-kasserolle-20-cm-schwarz\/","og_site_name":"Erresse Shop","article_modified_time":"2025-01-17T09:08:36+00:00","og_image":[{"width":800,"height":800,"url":"https:\/\/www.erresse-shop.it\/wp-content\/uploads\/2024\/01\/LE-CREUSET-Casseruola-Balti-in-Ghisa-20-cm-Nero.png","type":"image\/png"}],"twitter_card":"summary_large_image","schema":{"@context":"https:\/\/schema.org","@graph":[{"@type":"WebPage","@id":"https:\/\/www.erresse-shop.it\/de\/shop\/toepfe-pfannen\/toepfe-und-kochtoepfen\/le-creuset-balti-gusseisen-kasserolle-20-cm-schwarz\/","url":"https:\/\/www.erresse-shop.it\/de\/shop\/toepfe-pfannen\/toepfe-und-kochtoepfen\/le-creuset-balti-gusseisen-kasserolle-20-cm-schwarz\/","name":"LE CREUSET Balti Gusseisen Kasserolle 20 cm Schwarz","isPartOf":{"@id":"https:\/\/www.erresse-shop.it\/de\/#website"},"datePublished":"2024-01-31T07:52:02+00:00","dateModified":"2025-01-17T09:08:36+00:00","description":"Entdecken Sie LE CREUSET Balti Gusseisen Kasserolle 20 cm Schwarz bei ErresseShop. Qualit\u00e4t, Stil und Funktionalit\u00e4t \u2013 jetzt online bestellen!","breadcrumb":{"@id":"https:\/\/www.erresse-shop.it\/de\/shop\/toepfe-pfannen\/toepfe-und-kochtoepfen\/le-creuset-balti-gusseisen-kasserolle-20-cm-schwarz\/#breadcrumb"},"inLanguage":"de-DE","potentialAction":[{"@type":"ReadAction","target":["https:\/\/www.erresse-shop.it\/de\/shop\/toepfe-pfannen\/toepfe-und-kochtoepfen\/le-creuset-balti-gusseisen-kasserolle-20-cm-schwarz\/"]}]},{"@type":"BreadcrumbList","@id":"https:\/\/www.erresse-shop.it\/de\/shop\/toepfe-pfannen\/toepfe-und-kochtoepfen\/le-creuset-balti-gusseisen-kasserolle-20-cm-schwarz\/#breadcrumb","itemListElement":[{"@type":"ListItem","position":1,"name":"Home","item":"https:\/\/www.erresse-shop.it\/de\/"},{"@type":"ListItem","position":2,"name":"Shop","item":"https:\/\/www.erresse-shop.it\/de\/shop\/"},{"@type":"ListItem","position":3,"name":"LE CREUSET Balti Gusseisen Kasserolle 20 cm Schwarz"}]},{"@type":"WebSite","@id":"https:\/\/www.erresse-shop.it\/de\/#website","url":"https:\/\/www.erresse-shop.it\/de\/","name":"Erresse Shop","description":"Articoli di qualit\u00e0 per la casa","potentialAction":[{"@type":"SearchAction","target":{"@type":"EntryPoint","urlTemplate":"https:\/\/www.erresse-shop.it\/de\/?s={search_term_string}"},"query-input":"required name=search_term_string"}],"inLanguage":"de-DE"}]}},"df_price":65.25,"df_sale_price":65.25,"df_regular_price":145,"df_image_link":"https:\/\/www.erresse-shop.it\/wp-content\/uploads\/2024\/01\/LE-CREUSET-Casseruola-Balti-in-Ghisa-20-cm-Nero-300x300.jpg","_links":{"self":[{"href":"https:\/\/www.erresse-shop.it\/de\/wp-json\/wp\/v2\/product\/384188"}],"collection":[{"href":"https:\/\/www.erresse-shop.it\/de\/wp-json\/wp\/v2\/product"}],"about":[{"href":"https:\/\/www.erresse-shop.it\/de\/wp-json\/wp\/v2\/types\/product"}],"wp:featuredmedia":[{"embeddable":true,"href":"https:\/\/www.erresse-shop.it\/de\/wp-json\/wp\/v2\/media\/507280"}],"wp:attachment":[{"href":"https:\/\/www.erresse-shop.it\/de\/wp-json\/wp\/v2\/media?parent=384188"}],"wp:term":[{"taxonomy":"product_cat","embeddable":true,"href":"https:\/\/www.erresse-shop.it\/de\/wp-json\/wp\/v2\/product_cat?post=384188"},{"taxonomy":"product_tag","embeddable":true,"href":"https:\/\/www.erresse-shop.it\/de\/wp-json\/wp\/v2\/product_tag?post=384188"}],"curies":[{"name":"wp","href":"https:\/\/api.w.org\/{rel}","templated":true}]}}