{"id":380320,"date":"2024-01-19T07:11:59","date_gmt":"2024-01-19T07:12:01","guid":{"rendered":"https:\/\/www.erresse-shop.it\/?post_type=product&#038;p=380320"},"modified":"2025-01-22T07:15:14","modified_gmt":"2025-01-22T07:15:14","slug":"zafferano-ultralight-set-aus-2-strukturierten-weisweinbechern","status":"publish","type":"product","link":"https:\/\/www.erresse-shop.it\/de\/shop\/tisch\/weinbar-korkenzieher-dekanter-eiskubel\/weinglaeser\/zafferano-ultralight-set-aus-2-strukturierten-weisweinbechern\/","title":{"rendered":"ZAFFERANO Ultralight Set aus 2 strukturierten Wei\u00dfweinbechern"},"content":{"rendered":"<p>Ultralight ist eine Linie von Verkostungsgl\u00e4sern, die durch mechanische Bearbeitung hergestellt werden. Sie werden aus hochwertigem bleifreiem sonorem Glas hergestellt, das ihre Widerstandsf\u00e4higkeit, Transparenz und Qualit\u00e4t garantiert.<br \/>\nBesondere Aufmerksamkeit wird den Formen gewidmet, die speziell f\u00fcr jeden Wein entworfen wurden. Diese leichtgewichtige Kollektion besteht aus zwei Typen: einige Becher mit eleganten und strengen Formen, andere mit einem speziellen Lippenfinish, um den Zugang zur Fl\u00fcssigkeit angenehmer zu gestalten.<\/p>\n<p>Safran. Der Kelch ist nicht nur ein Ort der Bejahung, Entwicklung und Vollendung des Weins, sondern auch ein Kunstwerk.<br \/>\nDesign und Funktionalit\u00e4t inspirieren die Arbeit von Federico de Majo. Seine Kreationen reichen von eher traditionellen Linien bis hin zu solchen mit hohem technischem Gehalt, in denen Innovationsfreude und Produktforschung zum Ausdruck kommen.<\/p>\n<p>H\u00d6HE &#8211; 235 mm DURCHMESSER &#8211; 120 mm KAPAZIT\u00c4T &#8211; 77 cl<\/p>\n","protected":false},"excerpt":{"rendered":"<p>Ultralight ist eine Linie von Verkostungsgl\u00e4sern, die durch mechanische Bearbeitung hergestellt werden. Sie werden aus hochwertigem bleifreiem sonorem Glas hergestellt,<\/p>\n","protected":false},"featured_media":380188,"template":"","meta":{"_acf_changed":false,"inline_featured_image":false},"product_cat":[6787,6850,14459],"product_tag":[25027,19401,11483,19400,11718,14591,25022,11489,23683],"acf":[],"yoast_head":"<!-- This site is optimized with the Yoast SEO Premium plugin v18.6 (Yoast SEO v19.13) - https:\/\/yoast.com\/wordpress\/plugins\/seo\/ -->\n<title>ZAFFERANO Ultralight Set aus 2 strukturierten Wei\u00dfweinbechern<\/title>\n<meta name=\"description\" content=\"Entdecken Sie ZAFFERANO Ultralight Set aus 2 strukturierten Wei\u00dfweinbechern bei ErresseShop. Qualit\u00e4t, Stil und Funktionalit\u00e4t \u2013 jetzt online bestellen!\" \/>\n<meta name=\"robots\" content=\"index, follow, max-snippet:-1, max-image-preview:large, max-video-preview:-1\" \/>\n<link rel=\"canonical\" href=\"https:\/\/www.erresse-shop.it\/de\/shop\/tisch\/weinbar-korkenzieher-dekanter-eiskubel\/weinglaeser\/zafferano-ultralight-set-aus-2-strukturierten-weisweinbechern\/\" \/>\n<meta property=\"og:locale\" content=\"de_DE\" \/>\n<meta property=\"og:type\" content=\"article\" \/>\n<meta property=\"og:title\" content=\"ZAFFERANO Ultralight Set aus 2 strukturierten Wei\u00dfweinbechern\" \/>\n<meta property=\"og:description\" content=\"Entdecken Sie ZAFFERANO Ultralight Set aus 2 strukturierten Wei\u00dfweinbechern bei ErresseShop. Qualit\u00e4t, Stil und Funktionalit\u00e4t \u2013 jetzt online bestellen!\" \/>\n<meta property=\"og:url\" content=\"https:\/\/www.erresse-shop.it\/de\/shop\/tisch\/weinbar-korkenzieher-dekanter-eiskubel\/weinglaeser\/zafferano-ultralight-set-aus-2-strukturierten-weisweinbechern\/\" \/>\n<meta property=\"og:site_name\" content=\"Erresse Shop\" \/>\n<meta property=\"article:modified_time\" content=\"2025-01-22T07:15:14+00:00\" \/>\n<meta property=\"og:image\" content=\"https:\/\/www.erresse-shop.it\/wp-content\/uploads\/2024\/01\/zafferano-ultralight-bianco.jpg\" \/>\n\t<meta property=\"og:image:width\" content=\"800\" \/>\n\t<meta property=\"og:image:height\" content=\"800\" \/>\n\t<meta property=\"og:image:type\" content=\"image\/jpeg\" \/>\n<meta name=\"twitter:card\" content=\"summary_large_image\" \/>\n<script type=\"application\/ld+json\" class=\"yoast-schema-graph\">{\"@context\":\"https:\/\/schema.org\",\"@graph\":[{\"@type\":\"WebPage\",\"@id\":\"https:\/\/www.erresse-shop.it\/de\/shop\/tisch\/weinbar-korkenzieher-dekanter-eiskubel\/weinglaeser\/zafferano-ultralight-set-aus-2-strukturierten-weisweinbechern\/\",\"url\":\"https:\/\/www.erresse-shop.it\/de\/shop\/tisch\/weinbar-korkenzieher-dekanter-eiskubel\/weinglaeser\/zafferano-ultralight-set-aus-2-strukturierten-weisweinbechern\/\",\"name\":\"ZAFFERANO Ultralight Set aus 2 strukturierten Wei\u00dfweinbechern\",\"isPartOf\":{\"@id\":\"https:\/\/www.erresse-shop.it\/de\/#website\"},\"datePublished\":\"2024-01-19T07:12:01+00:00\",\"dateModified\":\"2025-01-22T07:15:14+00:00\",\"description\":\"Entdecken Sie ZAFFERANO Ultralight Set aus 2 strukturierten Wei\u00dfweinbechern bei ErresseShop. Qualit\u00e4t, Stil und Funktionalit\u00e4t \u2013 jetzt online bestellen!\",\"breadcrumb\":{\"@id\":\"https:\/\/www.erresse-shop.it\/de\/shop\/tisch\/weinbar-korkenzieher-dekanter-eiskubel\/weinglaeser\/zafferano-ultralight-set-aus-2-strukturierten-weisweinbechern\/#breadcrumb\"},\"inLanguage\":\"de-DE\",\"potentialAction\":[{\"@type\":\"ReadAction\",\"target\":[\"https:\/\/www.erresse-shop.it\/de\/shop\/tisch\/weinbar-korkenzieher-dekanter-eiskubel\/weinglaeser\/zafferano-ultralight-set-aus-2-strukturierten-weisweinbechern\/\"]}]},{\"@type\":\"BreadcrumbList\",\"@id\":\"https:\/\/www.erresse-shop.it\/de\/shop\/tisch\/weinbar-korkenzieher-dekanter-eiskubel\/weinglaeser\/zafferano-ultralight-set-aus-2-strukturierten-weisweinbechern\/#breadcrumb\",\"itemListElement\":[{\"@type\":\"ListItem\",\"position\":1,\"name\":\"Home\",\"item\":\"https:\/\/www.erresse-shop.it\/de\/\"},{\"@type\":\"ListItem\",\"position\":2,\"name\":\"Shop\",\"item\":\"https:\/\/www.erresse-shop.it\/de\/shop\/\"},{\"@type\":\"ListItem\",\"position\":3,\"name\":\"ZAFFERANO Ultralight Set aus 2 strukturierten Wei\u00dfweinbechern\"}]},{\"@type\":\"WebSite\",\"@id\":\"https:\/\/www.erresse-shop.it\/de\/#website\",\"url\":\"https:\/\/www.erresse-shop.it\/de\/\",\"name\":\"Erresse Shop\",\"description\":\"Articoli di qualit\u00e0 per la casa\",\"potentialAction\":[{\"@type\":\"SearchAction\",\"target\":{\"@type\":\"EntryPoint\",\"urlTemplate\":\"https:\/\/www.erresse-shop.it\/de\/?s={search_term_string}\"},\"query-input\":\"required name=search_term_string\"}],\"inLanguage\":\"de-DE\"}]}<\/script>\n<!-- \/ Yoast SEO Premium plugin. -->","yoast_head_json":{"title":"ZAFFERANO Ultralight Set aus 2 strukturierten Wei\u00dfweinbechern","description":"Entdecken Sie ZAFFERANO Ultralight Set aus 2 strukturierten Wei\u00dfweinbechern bei ErresseShop. Qualit\u00e4t, Stil und Funktionalit\u00e4t \u2013 jetzt online bestellen!","robots":{"index":"index","follow":"follow","max-snippet":"max-snippet:-1","max-image-preview":"max-image-preview:large","max-video-preview":"max-video-preview:-1"},"canonical":"https:\/\/www.erresse-shop.it\/de\/shop\/tisch\/weinbar-korkenzieher-dekanter-eiskubel\/weinglaeser\/zafferano-ultralight-set-aus-2-strukturierten-weisweinbechern\/","og_locale":"de_DE","og_type":"article","og_title":"ZAFFERANO Ultralight Set aus 2 strukturierten Wei\u00dfweinbechern","og_description":"Entdecken Sie ZAFFERANO Ultralight Set aus 2 strukturierten Wei\u00dfweinbechern bei ErresseShop. Qualit\u00e4t, Stil und Funktionalit\u00e4t \u2013 jetzt online bestellen!","og_url":"https:\/\/www.erresse-shop.it\/de\/shop\/tisch\/weinbar-korkenzieher-dekanter-eiskubel\/weinglaeser\/zafferano-ultralight-set-aus-2-strukturierten-weisweinbechern\/","og_site_name":"Erresse Shop","article_modified_time":"2025-01-22T07:15:14+00:00","og_image":[{"width":800,"height":800,"url":"https:\/\/www.erresse-shop.it\/wp-content\/uploads\/2024\/01\/zafferano-ultralight-bianco.jpg","type":"image\/jpeg"}],"twitter_card":"summary_large_image","schema":{"@context":"https:\/\/schema.org","@graph":[{"@type":"WebPage","@id":"https:\/\/www.erresse-shop.it\/de\/shop\/tisch\/weinbar-korkenzieher-dekanter-eiskubel\/weinglaeser\/zafferano-ultralight-set-aus-2-strukturierten-weisweinbechern\/","url":"https:\/\/www.erresse-shop.it\/de\/shop\/tisch\/weinbar-korkenzieher-dekanter-eiskubel\/weinglaeser\/zafferano-ultralight-set-aus-2-strukturierten-weisweinbechern\/","name":"ZAFFERANO Ultralight Set aus 2 strukturierten Wei\u00dfweinbechern","isPartOf":{"@id":"https:\/\/www.erresse-shop.it\/de\/#website"},"datePublished":"2024-01-19T07:12:01+00:00","dateModified":"2025-01-22T07:15:14+00:00","description":"Entdecken Sie ZAFFERANO Ultralight Set aus 2 strukturierten Wei\u00dfweinbechern bei ErresseShop. Qualit\u00e4t, Stil und Funktionalit\u00e4t \u2013 jetzt online bestellen!","breadcrumb":{"@id":"https:\/\/www.erresse-shop.it\/de\/shop\/tisch\/weinbar-korkenzieher-dekanter-eiskubel\/weinglaeser\/zafferano-ultralight-set-aus-2-strukturierten-weisweinbechern\/#breadcrumb"},"inLanguage":"de-DE","potentialAction":[{"@type":"ReadAction","target":["https:\/\/www.erresse-shop.it\/de\/shop\/tisch\/weinbar-korkenzieher-dekanter-eiskubel\/weinglaeser\/zafferano-ultralight-set-aus-2-strukturierten-weisweinbechern\/"]}]},{"@type":"BreadcrumbList","@id":"https:\/\/www.erresse-shop.it\/de\/shop\/tisch\/weinbar-korkenzieher-dekanter-eiskubel\/weinglaeser\/zafferano-ultralight-set-aus-2-strukturierten-weisweinbechern\/#breadcrumb","itemListElement":[{"@type":"ListItem","position":1,"name":"Home","item":"https:\/\/www.erresse-shop.it\/de\/"},{"@type":"ListItem","position":2,"name":"Shop","item":"https:\/\/www.erresse-shop.it\/de\/shop\/"},{"@type":"ListItem","position":3,"name":"ZAFFERANO Ultralight Set aus 2 strukturierten Wei\u00dfweinbechern"}]},{"@type":"WebSite","@id":"https:\/\/www.erresse-shop.it\/de\/#website","url":"https:\/\/www.erresse-shop.it\/de\/","name":"Erresse Shop","description":"Articoli di qualit\u00e0 per la casa","potentialAction":[{"@type":"SearchAction","target":{"@type":"EntryPoint","urlTemplate":"https:\/\/www.erresse-shop.it\/de\/?s={search_term_string}"},"query-input":"required name=search_term_string"}],"inLanguage":"de-DE"}]}},"df_price":35,"df_sale_price":35,"df_regular_price":63.44,"df_image_link":"https:\/\/www.erresse-shop.it\/wp-content\/uploads\/2024\/01\/zafferano-ultralight-bianco-300x300.jpg","_links":{"self":[{"href":"https:\/\/www.erresse-shop.it\/de\/wp-json\/wp\/v2\/product\/380320"}],"collection":[{"href":"https:\/\/www.erresse-shop.it\/de\/wp-json\/wp\/v2\/product"}],"about":[{"href":"https:\/\/www.erresse-shop.it\/de\/wp-json\/wp\/v2\/types\/product"}],"wp:featuredmedia":[{"embeddable":true,"href":"https:\/\/www.erresse-shop.it\/de\/wp-json\/wp\/v2\/media\/380188"}],"wp:attachment":[{"href":"https:\/\/www.erresse-shop.it\/de\/wp-json\/wp\/v2\/media?parent=380320"}],"wp:term":[{"taxonomy":"product_cat","embeddable":true,"href":"https:\/\/www.erresse-shop.it\/de\/wp-json\/wp\/v2\/product_cat?post=380320"},{"taxonomy":"product_tag","embeddable":true,"href":"https:\/\/www.erresse-shop.it\/de\/wp-json\/wp\/v2\/product_tag?post=380320"}],"curies":[{"name":"wp","href":"https:\/\/api.w.org\/{rel}","templated":true}]}}