{"id":380049,"date":"2024-01-18T08:38:03","date_gmt":"2024-01-18T08:38:05","guid":{"rendered":"https:\/\/www.erresse-shop.it\/?post_type=product&#038;p=380049"},"modified":"2025-01-22T07:15:11","modified_gmt":"2025-01-22T07:15:11","slug":"zafferano-jcl-set-2-strukturierter-weiswein-und-junger-rotwein","status":"publish","type":"product","link":"https:\/\/www.erresse-shop.it\/de\/shop\/tisch\/trinkglaeser\/zafferano-jcl-set-2-strukturierter-weiswein-und-junger-rotwein\/","title":{"rendered":"ZAFFERANO JCL Set 2 Strukturierter Wei\u00dfwein und junger Rotwein"},"content":{"rendered":"<p>Design Jeannine Choo Lee.<\/p>\n<p>Handgefertigt im bleifreien Spitzenklangglas und mundgeblasen.<\/p>\n<p>JCL18C ist ein Glas, das entworfen wurde, um eine gro\u00dfe Auswahl an gro\u00dfz\u00fcgigen, energischen und intensiven Rotweinen mit gutem K\u00f6rper, starken Tanninen und konzentrierten Aromen zu probieren. Wie der Name schon sagt, sollte der Wein bei 18 Grad Celsius serviert werden.<\/p>\n<p>GR\u00d6SSEN<br \/>H\u00d6HE &#8211; 268 mm DURCHMESSER &#8211; 108 mm KAPAZIT\u00c4T &#8211; 87 cl<\/p>\n","protected":false},"excerpt":{"rendered":"<p><br data-mce-bogus=\"1\"><\/p>\n","protected":false},"featured_media":380056,"template":"","meta":{"_acf_changed":false,"inline_featured_image":false},"product_cat":[6787,6811],"product_tag":[25027,25022,11847,21822,11491],"acf":[],"yoast_head":"<!-- This site is optimized with the Yoast SEO Premium plugin v18.6 (Yoast SEO v19.13) - https:\/\/yoast.com\/wordpress\/plugins\/seo\/ -->\n<title>ZAFFERANO JCL Set 2 Strukturierter Wei\u00dfwein und junger Rotwein<\/title>\n<meta name=\"description\" content=\"Entdecken Sie ZAFFERANO JCL Set 2 Strukturierter Wei\u00dfwein und junger Rotwein bei ErresseShop. Qualit\u00e4t, Stil und Funktionalit\u00e4t \u2013 jetzt online bestellen!\" \/>\n<meta name=\"robots\" content=\"index, follow, max-snippet:-1, max-image-preview:large, max-video-preview:-1\" \/>\n<link rel=\"canonical\" href=\"https:\/\/www.erresse-shop.it\/de\/shop\/tisch\/trinkglaeser\/zafferano-jcl-set-2-strukturierter-weiswein-und-junger-rotwein\/\" \/>\n<meta property=\"og:locale\" content=\"de_DE\" \/>\n<meta property=\"og:type\" content=\"article\" \/>\n<meta property=\"og:title\" content=\"ZAFFERANO JCL Set 2 Strukturierter Wei\u00dfwein und junger Rotwein\" \/>\n<meta property=\"og:description\" content=\"Entdecken Sie ZAFFERANO JCL Set 2 Strukturierter Wei\u00dfwein und junger Rotwein bei ErresseShop. Qualit\u00e4t, Stil und Funktionalit\u00e4t \u2013 jetzt online bestellen!\" \/>\n<meta property=\"og:url\" content=\"https:\/\/www.erresse-shop.it\/de\/shop\/tisch\/trinkglaeser\/zafferano-jcl-set-2-strukturierter-weiswein-und-junger-rotwein\/\" \/>\n<meta property=\"og:site_name\" content=\"Erresse Shop\" \/>\n<meta property=\"article:modified_time\" content=\"2025-01-22T07:15:11+00:00\" \/>\n<meta property=\"og:image\" content=\"https:\/\/www.erresse-shop.it\/wp-content\/uploads\/2024\/01\/zafferano-JCL-vino-bianco.jpg\" \/>\n\t<meta property=\"og:image:width\" content=\"800\" \/>\n\t<meta property=\"og:image:height\" content=\"800\" \/>\n\t<meta property=\"og:image:type\" content=\"image\/jpeg\" \/>\n<meta name=\"twitter:card\" content=\"summary_large_image\" \/>\n<script type=\"application\/ld+json\" class=\"yoast-schema-graph\">{\"@context\":\"https:\/\/schema.org\",\"@graph\":[{\"@type\":\"WebPage\",\"@id\":\"https:\/\/www.erresse-shop.it\/de\/shop\/tisch\/trinkglaeser\/zafferano-jcl-set-2-strukturierter-weiswein-und-junger-rotwein\/\",\"url\":\"https:\/\/www.erresse-shop.it\/de\/shop\/tisch\/trinkglaeser\/zafferano-jcl-set-2-strukturierter-weiswein-und-junger-rotwein\/\",\"name\":\"ZAFFERANO JCL Set 2 Strukturierter Wei\u00dfwein und junger Rotwein\",\"isPartOf\":{\"@id\":\"https:\/\/www.erresse-shop.it\/de\/#website\"},\"datePublished\":\"2024-01-18T08:38:05+00:00\",\"dateModified\":\"2025-01-22T07:15:11+00:00\",\"description\":\"Entdecken Sie ZAFFERANO JCL Set 2 Strukturierter Wei\u00dfwein und junger Rotwein bei ErresseShop. Qualit\u00e4t, Stil und Funktionalit\u00e4t \u2013 jetzt online bestellen!\",\"breadcrumb\":{\"@id\":\"https:\/\/www.erresse-shop.it\/de\/shop\/tisch\/trinkglaeser\/zafferano-jcl-set-2-strukturierter-weiswein-und-junger-rotwein\/#breadcrumb\"},\"inLanguage\":\"de-DE\",\"potentialAction\":[{\"@type\":\"ReadAction\",\"target\":[\"https:\/\/www.erresse-shop.it\/de\/shop\/tisch\/trinkglaeser\/zafferano-jcl-set-2-strukturierter-weiswein-und-junger-rotwein\/\"]}]},{\"@type\":\"BreadcrumbList\",\"@id\":\"https:\/\/www.erresse-shop.it\/de\/shop\/tisch\/trinkglaeser\/zafferano-jcl-set-2-strukturierter-weiswein-und-junger-rotwein\/#breadcrumb\",\"itemListElement\":[{\"@type\":\"ListItem\",\"position\":1,\"name\":\"Home\",\"item\":\"https:\/\/www.erresse-shop.it\/de\/\"},{\"@type\":\"ListItem\",\"position\":2,\"name\":\"Shop\",\"item\":\"https:\/\/www.erresse-shop.it\/de\/shop\/\"},{\"@type\":\"ListItem\",\"position\":3,\"name\":\"ZAFFERANO JCL Set 2 Strukturierter Wei\u00dfwein und junger Rotwein\"}]},{\"@type\":\"WebSite\",\"@id\":\"https:\/\/www.erresse-shop.it\/de\/#website\",\"url\":\"https:\/\/www.erresse-shop.it\/de\/\",\"name\":\"Erresse Shop\",\"description\":\"Articoli di qualit\u00e0 per la casa\",\"potentialAction\":[{\"@type\":\"SearchAction\",\"target\":{\"@type\":\"EntryPoint\",\"urlTemplate\":\"https:\/\/www.erresse-shop.it\/de\/?s={search_term_string}\"},\"query-input\":\"required name=search_term_string\"}],\"inLanguage\":\"de-DE\"}]}<\/script>\n<!-- \/ Yoast SEO Premium plugin. -->","yoast_head_json":{"title":"ZAFFERANO JCL Set 2 Strukturierter Wei\u00dfwein und junger Rotwein","description":"Entdecken Sie ZAFFERANO JCL Set 2 Strukturierter Wei\u00dfwein und junger Rotwein bei ErresseShop. Qualit\u00e4t, Stil und Funktionalit\u00e4t \u2013 jetzt online bestellen!","robots":{"index":"index","follow":"follow","max-snippet":"max-snippet:-1","max-image-preview":"max-image-preview:large","max-video-preview":"max-video-preview:-1"},"canonical":"https:\/\/www.erresse-shop.it\/de\/shop\/tisch\/trinkglaeser\/zafferano-jcl-set-2-strukturierter-weiswein-und-junger-rotwein\/","og_locale":"de_DE","og_type":"article","og_title":"ZAFFERANO JCL Set 2 Strukturierter Wei\u00dfwein und junger Rotwein","og_description":"Entdecken Sie ZAFFERANO JCL Set 2 Strukturierter Wei\u00dfwein und junger Rotwein bei ErresseShop. Qualit\u00e4t, Stil und Funktionalit\u00e4t \u2013 jetzt online bestellen!","og_url":"https:\/\/www.erresse-shop.it\/de\/shop\/tisch\/trinkglaeser\/zafferano-jcl-set-2-strukturierter-weiswein-und-junger-rotwein\/","og_site_name":"Erresse Shop","article_modified_time":"2025-01-22T07:15:11+00:00","og_image":[{"width":800,"height":800,"url":"https:\/\/www.erresse-shop.it\/wp-content\/uploads\/2024\/01\/zafferano-JCL-vino-bianco.jpg","type":"image\/jpeg"}],"twitter_card":"summary_large_image","schema":{"@context":"https:\/\/schema.org","@graph":[{"@type":"WebPage","@id":"https:\/\/www.erresse-shop.it\/de\/shop\/tisch\/trinkglaeser\/zafferano-jcl-set-2-strukturierter-weiswein-und-junger-rotwein\/","url":"https:\/\/www.erresse-shop.it\/de\/shop\/tisch\/trinkglaeser\/zafferano-jcl-set-2-strukturierter-weiswein-und-junger-rotwein\/","name":"ZAFFERANO JCL Set 2 Strukturierter Wei\u00dfwein und junger Rotwein","isPartOf":{"@id":"https:\/\/www.erresse-shop.it\/de\/#website"},"datePublished":"2024-01-18T08:38:05+00:00","dateModified":"2025-01-22T07:15:11+00:00","description":"Entdecken Sie ZAFFERANO JCL Set 2 Strukturierter Wei\u00dfwein und junger Rotwein bei ErresseShop. Qualit\u00e4t, Stil und Funktionalit\u00e4t \u2013 jetzt online bestellen!","breadcrumb":{"@id":"https:\/\/www.erresse-shop.it\/de\/shop\/tisch\/trinkglaeser\/zafferano-jcl-set-2-strukturierter-weiswein-und-junger-rotwein\/#breadcrumb"},"inLanguage":"de-DE","potentialAction":[{"@type":"ReadAction","target":["https:\/\/www.erresse-shop.it\/de\/shop\/tisch\/trinkglaeser\/zafferano-jcl-set-2-strukturierter-weiswein-und-junger-rotwein\/"]}]},{"@type":"BreadcrumbList","@id":"https:\/\/www.erresse-shop.it\/de\/shop\/tisch\/trinkglaeser\/zafferano-jcl-set-2-strukturierter-weiswein-und-junger-rotwein\/#breadcrumb","itemListElement":[{"@type":"ListItem","position":1,"name":"Home","item":"https:\/\/www.erresse-shop.it\/de\/"},{"@type":"ListItem","position":2,"name":"Shop","item":"https:\/\/www.erresse-shop.it\/de\/shop\/"},{"@type":"ListItem","position":3,"name":"ZAFFERANO JCL Set 2 Strukturierter Wei\u00dfwein und junger Rotwein"}]},{"@type":"WebSite","@id":"https:\/\/www.erresse-shop.it\/de\/#website","url":"https:\/\/www.erresse-shop.it\/de\/","name":"Erresse Shop","description":"Articoli di qualit\u00e0 per la casa","potentialAction":[{"@type":"SearchAction","target":{"@type":"EntryPoint","urlTemplate":"https:\/\/www.erresse-shop.it\/de\/?s={search_term_string}"},"query-input":"required name=search_term_string"}],"inLanguage":"de-DE"}]}},"df_price":69,"df_sale_price":69,"df_regular_price":141.52,"df_image_link":"https:\/\/www.erresse-shop.it\/wp-content\/uploads\/2024\/01\/zafferano-JCL-vino-bianco-300x300.jpg","_links":{"self":[{"href":"https:\/\/www.erresse-shop.it\/de\/wp-json\/wp\/v2\/product\/380049"}],"collection":[{"href":"https:\/\/www.erresse-shop.it\/de\/wp-json\/wp\/v2\/product"}],"about":[{"href":"https:\/\/www.erresse-shop.it\/de\/wp-json\/wp\/v2\/types\/product"}],"wp:featuredmedia":[{"embeddable":true,"href":"https:\/\/www.erresse-shop.it\/de\/wp-json\/wp\/v2\/media\/380056"}],"wp:attachment":[{"href":"https:\/\/www.erresse-shop.it\/de\/wp-json\/wp\/v2\/media?parent=380049"}],"wp:term":[{"taxonomy":"product_cat","embeddable":true,"href":"https:\/\/www.erresse-shop.it\/de\/wp-json\/wp\/v2\/product_cat?post=380049"},{"taxonomy":"product_tag","embeddable":true,"href":"https:\/\/www.erresse-shop.it\/de\/wp-json\/wp\/v2\/product_tag?post=380049"}],"curies":[{"name":"wp","href":"https:\/\/api.w.org\/{rel}","templated":true}]}}