{"id":379552,"date":"2024-01-17T08:44:15","date_gmt":"2024-01-17T08:44:18","guid":{"rendered":"https:\/\/www.erresse-shop.it\/?post_type=product&#038;p=379552"},"modified":"2025-01-22T07:15:05","modified_gmt":"2025-01-22T07:15:05","slug":"zafferano-veneziano-mixology-4-glaser-shot-110","status":"publish","type":"product","link":"https:\/\/www.erresse-shop.it\/de\/shop\/tisch\/trinkglaeser\/zafferano-veneziano-mixology-4-glaser-shot-110\/","title":{"rendered":"ZAFFERANO Veneziano Mixology 4 Gl\u00e4ser Shot 110"},"content":{"rendered":"<p>Mundgeblasene und handgearbeitete Shot 110 \u00a0aus bleifreiem Spitzenglas.<\/p>\n<ul>\n<li>Handgefertigt aus Borosilikatglas, best\u00e4ndig gegen Temperaturschocks.<\/li>\n<li>Design Federico de Majo.<\/li>\n<li>Abmessungen: H\u00f6he &#8211; 110 mm Durchmesser &#8211; 45 mm Kapazit\u00e4t &#8211; 11 cl<\/li>\n<\/ul>\n","protected":false},"excerpt":{"rendered":"<p>Mundgeblasene und handgearbeitete Shot 110 \u00a0aus bleifreiem Spitzenglas. Handgefertigt aus Borosilikatglas, best\u00e4ndig gegen Temperaturschocks. Design Federico de Majo. Abmessungen: H\u00f6he<\/p>\n","protected":false},"featured_media":379589,"template":"","meta":{"_acf_changed":false,"inline_featured_image":false},"product_cat":[6787,6811],"product_tag":[25027,11483,25022,11847,21822,11491],"acf":[],"yoast_head":"<!-- This site is optimized with the Yoast SEO Premium plugin v18.6 (Yoast SEO v19.13) - https:\/\/yoast.com\/wordpress\/plugins\/seo\/ -->\n<title>ZAFFERANO Veneziano Mixology 4 Gl\u00e4ser Shot 110<\/title>\n<meta name=\"description\" content=\"Entdecken Sie ZAFFERANO Veneziano Mixology 4 Gl\u00e4ser Shot 110 bei ErresseShop. Qualit\u00e4t, Stil und Funktionalit\u00e4t \u2013 jetzt online bestellen!\" \/>\n<meta name=\"robots\" content=\"index, follow, max-snippet:-1, max-image-preview:large, max-video-preview:-1\" \/>\n<link rel=\"canonical\" href=\"https:\/\/www.erresse-shop.it\/de\/shop\/tisch\/trinkglaeser\/zafferano-veneziano-mixology-4-glaser-shot-110\/\" \/>\n<meta property=\"og:locale\" content=\"de_DE\" \/>\n<meta property=\"og:type\" content=\"article\" \/>\n<meta property=\"og:title\" content=\"ZAFFERANO Veneziano Mixology 4 Gl\u00e4ser Shot 110\" \/>\n<meta property=\"og:description\" content=\"Entdecken Sie ZAFFERANO Veneziano Mixology 4 Gl\u00e4ser Shot 110 bei ErresseShop. Qualit\u00e4t, Stil und Funktionalit\u00e4t \u2013 jetzt online bestellen!\" \/>\n<meta property=\"og:url\" content=\"https:\/\/www.erresse-shop.it\/de\/shop\/tisch\/trinkglaeser\/zafferano-veneziano-mixology-4-glaser-shot-110\/\" \/>\n<meta property=\"og:site_name\" content=\"Erresse Shop\" \/>\n<meta property=\"article:modified_time\" content=\"2025-01-22T07:15:05+00:00\" \/>\n<meta property=\"og:image\" content=\"https:\/\/www.erresse-shop.it\/wp-content\/uploads\/2024\/01\/zafferano-shot-110-1.jpg\" \/>\n\t<meta property=\"og:image:width\" content=\"800\" \/>\n\t<meta property=\"og:image:height\" content=\"800\" \/>\n\t<meta property=\"og:image:type\" content=\"image\/jpeg\" \/>\n<meta name=\"twitter:card\" content=\"summary_large_image\" \/>\n<script type=\"application\/ld+json\" class=\"yoast-schema-graph\">{\"@context\":\"https:\/\/schema.org\",\"@graph\":[{\"@type\":\"WebPage\",\"@id\":\"https:\/\/www.erresse-shop.it\/de\/shop\/tisch\/trinkglaeser\/zafferano-veneziano-mixology-4-glaser-shot-110\/\",\"url\":\"https:\/\/www.erresse-shop.it\/de\/shop\/tisch\/trinkglaeser\/zafferano-veneziano-mixology-4-glaser-shot-110\/\",\"name\":\"ZAFFERANO Veneziano Mixology 4 Gl\u00e4ser Shot 110\",\"isPartOf\":{\"@id\":\"https:\/\/www.erresse-shop.it\/de\/#website\"},\"datePublished\":\"2024-01-17T08:44:18+00:00\",\"dateModified\":\"2025-01-22T07:15:05+00:00\",\"description\":\"Entdecken Sie ZAFFERANO Veneziano Mixology 4 Gl\u00e4ser Shot 110 bei ErresseShop. Qualit\u00e4t, Stil und Funktionalit\u00e4t \u2013 jetzt online bestellen!\",\"breadcrumb\":{\"@id\":\"https:\/\/www.erresse-shop.it\/de\/shop\/tisch\/trinkglaeser\/zafferano-veneziano-mixology-4-glaser-shot-110\/#breadcrumb\"},\"inLanguage\":\"de-DE\",\"potentialAction\":[{\"@type\":\"ReadAction\",\"target\":[\"https:\/\/www.erresse-shop.it\/de\/shop\/tisch\/trinkglaeser\/zafferano-veneziano-mixology-4-glaser-shot-110\/\"]}]},{\"@type\":\"BreadcrumbList\",\"@id\":\"https:\/\/www.erresse-shop.it\/de\/shop\/tisch\/trinkglaeser\/zafferano-veneziano-mixology-4-glaser-shot-110\/#breadcrumb\",\"itemListElement\":[{\"@type\":\"ListItem\",\"position\":1,\"name\":\"Home\",\"item\":\"https:\/\/www.erresse-shop.it\/de\/\"},{\"@type\":\"ListItem\",\"position\":2,\"name\":\"Shop\",\"item\":\"https:\/\/www.erresse-shop.it\/de\/shop\/\"},{\"@type\":\"ListItem\",\"position\":3,\"name\":\"ZAFFERANO Veneziano Mixology 4 Gl\u00e4ser Shot 110\"}]},{\"@type\":\"WebSite\",\"@id\":\"https:\/\/www.erresse-shop.it\/de\/#website\",\"url\":\"https:\/\/www.erresse-shop.it\/de\/\",\"name\":\"Erresse Shop\",\"description\":\"Articoli di qualit\u00e0 per la casa\",\"potentialAction\":[{\"@type\":\"SearchAction\",\"target\":{\"@type\":\"EntryPoint\",\"urlTemplate\":\"https:\/\/www.erresse-shop.it\/de\/?s={search_term_string}\"},\"query-input\":\"required name=search_term_string\"}],\"inLanguage\":\"de-DE\"}]}<\/script>\n<!-- \/ Yoast SEO Premium plugin. -->","yoast_head_json":{"title":"ZAFFERANO Veneziano Mixology 4 Gl\u00e4ser Shot 110","description":"Entdecken Sie ZAFFERANO Veneziano Mixology 4 Gl\u00e4ser Shot 110 bei ErresseShop. Qualit\u00e4t, Stil und Funktionalit\u00e4t \u2013 jetzt online bestellen!","robots":{"index":"index","follow":"follow","max-snippet":"max-snippet:-1","max-image-preview":"max-image-preview:large","max-video-preview":"max-video-preview:-1"},"canonical":"https:\/\/www.erresse-shop.it\/de\/shop\/tisch\/trinkglaeser\/zafferano-veneziano-mixology-4-glaser-shot-110\/","og_locale":"de_DE","og_type":"article","og_title":"ZAFFERANO Veneziano Mixology 4 Gl\u00e4ser Shot 110","og_description":"Entdecken Sie ZAFFERANO Veneziano Mixology 4 Gl\u00e4ser Shot 110 bei ErresseShop. Qualit\u00e4t, Stil und Funktionalit\u00e4t \u2013 jetzt online bestellen!","og_url":"https:\/\/www.erresse-shop.it\/de\/shop\/tisch\/trinkglaeser\/zafferano-veneziano-mixology-4-glaser-shot-110\/","og_site_name":"Erresse Shop","article_modified_time":"2025-01-22T07:15:05+00:00","og_image":[{"width":800,"height":800,"url":"https:\/\/www.erresse-shop.it\/wp-content\/uploads\/2024\/01\/zafferano-shot-110-1.jpg","type":"image\/jpeg"}],"twitter_card":"summary_large_image","schema":{"@context":"https:\/\/schema.org","@graph":[{"@type":"WebPage","@id":"https:\/\/www.erresse-shop.it\/de\/shop\/tisch\/trinkglaeser\/zafferano-veneziano-mixology-4-glaser-shot-110\/","url":"https:\/\/www.erresse-shop.it\/de\/shop\/tisch\/trinkglaeser\/zafferano-veneziano-mixology-4-glaser-shot-110\/","name":"ZAFFERANO Veneziano Mixology 4 Gl\u00e4ser Shot 110","isPartOf":{"@id":"https:\/\/www.erresse-shop.it\/de\/#website"},"datePublished":"2024-01-17T08:44:18+00:00","dateModified":"2025-01-22T07:15:05+00:00","description":"Entdecken Sie ZAFFERANO Veneziano Mixology 4 Gl\u00e4ser Shot 110 bei ErresseShop. Qualit\u00e4t, Stil und Funktionalit\u00e4t \u2013 jetzt online bestellen!","breadcrumb":{"@id":"https:\/\/www.erresse-shop.it\/de\/shop\/tisch\/trinkglaeser\/zafferano-veneziano-mixology-4-glaser-shot-110\/#breadcrumb"},"inLanguage":"de-DE","potentialAction":[{"@type":"ReadAction","target":["https:\/\/www.erresse-shop.it\/de\/shop\/tisch\/trinkglaeser\/zafferano-veneziano-mixology-4-glaser-shot-110\/"]}]},{"@type":"BreadcrumbList","@id":"https:\/\/www.erresse-shop.it\/de\/shop\/tisch\/trinkglaeser\/zafferano-veneziano-mixology-4-glaser-shot-110\/#breadcrumb","itemListElement":[{"@type":"ListItem","position":1,"name":"Home","item":"https:\/\/www.erresse-shop.it\/de\/"},{"@type":"ListItem","position":2,"name":"Shop","item":"https:\/\/www.erresse-shop.it\/de\/shop\/"},{"@type":"ListItem","position":3,"name":"ZAFFERANO Veneziano Mixology 4 Gl\u00e4ser Shot 110"}]},{"@type":"WebSite","@id":"https:\/\/www.erresse-shop.it\/de\/#website","url":"https:\/\/www.erresse-shop.it\/de\/","name":"Erresse Shop","description":"Articoli di qualit\u00e0 per la casa","potentialAction":[{"@type":"SearchAction","target":{"@type":"EntryPoint","urlTemplate":"https:\/\/www.erresse-shop.it\/de\/?s={search_term_string}"},"query-input":"required name=search_term_string"}],"inLanguage":"de-DE"}]}},"df_price":24.95,"df_sale_price":24.95,"df_regular_price":34.8,"df_image_link":"https:\/\/www.erresse-shop.it\/wp-content\/uploads\/2024\/01\/zafferano-shot-110-1-300x300.jpg","_links":{"self":[{"href":"https:\/\/www.erresse-shop.it\/de\/wp-json\/wp\/v2\/product\/379552"}],"collection":[{"href":"https:\/\/www.erresse-shop.it\/de\/wp-json\/wp\/v2\/product"}],"about":[{"href":"https:\/\/www.erresse-shop.it\/de\/wp-json\/wp\/v2\/types\/product"}],"wp:featuredmedia":[{"embeddable":true,"href":"https:\/\/www.erresse-shop.it\/de\/wp-json\/wp\/v2\/media\/379589"}],"wp:attachment":[{"href":"https:\/\/www.erresse-shop.it\/de\/wp-json\/wp\/v2\/media?parent=379552"}],"wp:term":[{"taxonomy":"product_cat","embeddable":true,"href":"https:\/\/www.erresse-shop.it\/de\/wp-json\/wp\/v2\/product_cat?post=379552"},{"taxonomy":"product_tag","embeddable":true,"href":"https:\/\/www.erresse-shop.it\/de\/wp-json\/wp\/v2\/product_tag?post=379552"}],"curies":[{"name":"wp","href":"https:\/\/api.w.org\/{rel}","templated":true}]}}