{"id":378805,"date":"2024-01-15T11:35:50","date_gmt":"2024-01-15T11:35:51","guid":{"rendered":"https:\/\/www.erresse-shop.it\/?post_type=product&#038;p=378805"},"modified":"2025-01-22T07:20:49","modified_gmt":"2025-01-22T07:20:49","slug":"zwilling-enfinigy-toaster-4-schlitze-schwarz-mit-warmhaltefu","status":"publish","type":"product","link":"https:\/\/www.erresse-shop.it\/de\/shop\/kleine-elektrogeraete\/toaster\/zwilling-enfinigy-toaster-4-schlitze-schwarz-mit-warmhaltefu\/","title":{"rendered":"ZWILLING Enfinigy Toaster 4 Schlitze Schwarz mit Warmhaltefu"},"content":{"rendered":"<p>Ein Toaster, der Ihren Toast-Hunger stillt. Der ZWILLING-Toaster mit langen F\u00e4chern f\u00fcr vier Standard- oder zwei lange Brotscheiben besticht durch sein modernes Design und sorgt immer f\u00fcr ein gleichm\u00e4\u00dfiges Toasten des Brotes, auch nach mehreren Toastvorg\u00e4ngen. Dazu verk\u00fcrzt er automatisch die Toastzeit, um die gew\u00fcnschte Br\u00e4unung zu erreichen. Die vier separaten Heizelemente des 1800-Watt-Toasters br\u00e4unen beide Seiten jeder Brotscheibe gleichm\u00e4\u00dfig. Au\u00dferdem hat jedes St\u00fcck Toastbrot eine knusprige Au\u00dfenseite mit einem weichen Kern &#8211; ein echter ZWILLING-Toast. Sobald der Toast fertig ist, springt er nicht aus dem Toaster, sondern gleitet sanft. Die Soft-Lift-Funktion sorgt f\u00fcr ein sanftes Aufw\u00e4rtsgleiten von normalen oder langen Toasts und Bagels. Und mit der integrierten Extra-Lift-Funktion lassen sich auch die kleinsten Scheiben m\u00fchelos aus dem Toaster nehmen. Kein verbrannter Toast mehr: Dieser Toaster schaltet sich automatisch aus, wenn die voreingestellte Toastzeit erreicht ist. Selbst auf der h\u00f6chsten Stufe werden Sie nie verbrannten Toast haben. Mit der Stopptaste k\u00f6nnen Sie den Toastvorgang jederzeit abbrechen. Die Kr\u00fcmel fallen in die leicht zu entnehmende Toastschale. Sieben Toaststufen und drei Automatikprogramme bieten gro\u00dfe Flexibilit\u00e4t, um Ihren Toasthunger immer zu stillen. Mit der Aufw\u00e4rmfunktion k\u00f6nnen Sie kaltes Toastbrot wieder aufw\u00e4rmen. Mit der Auftaufunktion k\u00f6nnen Sie Brot toasten, das gerade aus dem Gefrierschrank genommen wurde. Mit der Bagel-Funktion mit Scheibenzentrierung erzielen Sie ideale Bagel-Toastergebnisse: au\u00dfen knusprig, innen ger\u00f6stet. Mit dem abnehmbaren Sandwich-W\u00e4rmer k\u00f6nnen Sie zwei zus\u00e4tzliche Sandwiches aufw\u00e4rmen oder toasten. Au\u00dferdem ist dieses Zubeh\u00f6rteil mit symmetrischen Gittern ausgestattet, die sich ideal zum Servieren Ihres Toasts eignen.<\/p>\n<ul>\n<li>Langfachtoaster f\u00fcr vier Standardscheiben oder zwei lange Brotscheiben<\/li>\n<li>Passt die Toastzeit automatisch an, um eine gleichm\u00e4\u00dfige Br\u00e4unung zu erzielen &#8211; auch bei wiederholtem Toasten<\/li>\n<li>Drei Funktionen: Auftauen, Aufw\u00e4rmen, Bagel<\/li>\n<li>Soft-Lift zur einfachen Toastentnahme<\/li>\n<li>Sicherheitsfunktion mit automatischer Abschaltung verhindert verbrannten Toast<\/li>\n<li>Herausnehmbare Kr\u00fcmelschublade<\/li>\n<li>Vier unabh\u00e4ngige Heizeinheiten f\u00fcr gleichm\u00e4\u00dfige Br\u00e4unung<\/li>\n<\/ul>\n<p>Farbe: schwarz<br \/>\nMaterial: rostfreier Stahl<br \/>\nSpannung: 220-240 V<br \/>\nFrequenz: 50\/60 Hz<br \/>\nIntegrierte Kabelaufwicklung: Ja<br \/>\nLeistungsaufnahme: 1.800 W<\/p>\n<p><strong>BANKW\u00c4RMER IM PAKET ENTHALTEN<\/strong><\/p>\n<p><strong>Nicht zum Verkauf au\u00dferhalb Europas<\/strong><\/p>\n","protected":false},"excerpt":{"rendered":"<p>Ein Toaster, der Ihren Toast-Hunger stillt. Der ZWILLING-Toaster mit langen F\u00e4chern f\u00fcr vier Standard- oder zwei lange Brotscheiben besticht durch<\/p>\n","protected":false},"featured_media":378833,"template":"","meta":{"_acf_changed":false,"inline_featured_image":false},"product_cat":[6703,6865],"product_tag":[25038,11415,11413,13723,25022,11411,11417],"acf":[],"yoast_head":"<!-- This site is optimized with the Yoast SEO Premium plugin v18.6 (Yoast SEO v19.13) - https:\/\/yoast.com\/wordpress\/plugins\/seo\/ -->\n<title>ZWILLING Enfinigy Toaster 4 Schlitze Schwarz mit Warmhaltefu<\/title>\n<meta name=\"description\" content=\"Entdecken Sie ZWILLING Enfinigy Toaster 4 Schlitze Schwarz mit Warmhaltefu bei ErresseShop. Qualit\u00e4t, Stil und Funktionalit\u00e4t \u2013 jetzt online bestellen!\" \/>\n<meta name=\"robots\" content=\"index, follow, max-snippet:-1, max-image-preview:large, max-video-preview:-1\" \/>\n<link rel=\"canonical\" href=\"https:\/\/www.erresse-shop.it\/de\/shop\/kleine-elektrogeraete\/toaster\/zwilling-enfinigy-toaster-4-schlitze-schwarz-mit-warmhaltefu\/\" \/>\n<meta property=\"og:locale\" content=\"de_DE\" \/>\n<meta property=\"og:type\" content=\"article\" \/>\n<meta property=\"og:title\" content=\"ZWILLING Enfinigy Toaster 4 Schlitze Schwarz mit Warmhaltefu\" \/>\n<meta property=\"og:description\" content=\"Entdecken Sie ZWILLING Enfinigy Toaster 4 Schlitze Schwarz mit Warmhaltefu bei ErresseShop. Qualit\u00e4t, Stil und Funktionalit\u00e4t \u2013 jetzt online bestellen!\" \/>\n<meta property=\"og:url\" content=\"https:\/\/www.erresse-shop.it\/de\/shop\/kleine-elektrogeraete\/toaster\/zwilling-enfinigy-toaster-4-schlitze-schwarz-mit-warmhaltefu\/\" \/>\n<meta property=\"og:site_name\" content=\"Erresse Shop\" \/>\n<meta property=\"article:modified_time\" content=\"2025-01-22T07:20:49+00:00\" \/>\n<meta property=\"og:image\" content=\"https:\/\/www.erresse-shop.it\/wp-content\/uploads\/2024\/01\/ZWILLING-Enfinigy-Tostapane-4-Fette-Nero-con-Scaldapanini.jpg\" \/>\n\t<meta property=\"og:image:width\" content=\"800\" \/>\n\t<meta property=\"og:image:height\" content=\"800\" \/>\n\t<meta property=\"og:image:type\" content=\"image\/jpeg\" \/>\n<meta name=\"twitter:card\" content=\"summary_large_image\" \/>\n<script type=\"application\/ld+json\" class=\"yoast-schema-graph\">{\"@context\":\"https:\/\/schema.org\",\"@graph\":[{\"@type\":\"WebPage\",\"@id\":\"https:\/\/www.erresse-shop.it\/de\/shop\/kleine-elektrogeraete\/toaster\/zwilling-enfinigy-toaster-4-schlitze-schwarz-mit-warmhaltefu\/\",\"url\":\"https:\/\/www.erresse-shop.it\/de\/shop\/kleine-elektrogeraete\/toaster\/zwilling-enfinigy-toaster-4-schlitze-schwarz-mit-warmhaltefu\/\",\"name\":\"ZWILLING Enfinigy Toaster 4 Schlitze Schwarz mit Warmhaltefu\",\"isPartOf\":{\"@id\":\"https:\/\/www.erresse-shop.it\/de\/#website\"},\"datePublished\":\"2024-01-15T11:35:51+00:00\",\"dateModified\":\"2025-01-22T07:20:49+00:00\",\"description\":\"Entdecken Sie ZWILLING Enfinigy Toaster 4 Schlitze Schwarz mit Warmhaltefu bei ErresseShop. Qualit\u00e4t, Stil und Funktionalit\u00e4t \u2013 jetzt online bestellen!\",\"breadcrumb\":{\"@id\":\"https:\/\/www.erresse-shop.it\/de\/shop\/kleine-elektrogeraete\/toaster\/zwilling-enfinigy-toaster-4-schlitze-schwarz-mit-warmhaltefu\/#breadcrumb\"},\"inLanguage\":\"de-DE\",\"potentialAction\":[{\"@type\":\"ReadAction\",\"target\":[\"https:\/\/www.erresse-shop.it\/de\/shop\/kleine-elektrogeraete\/toaster\/zwilling-enfinigy-toaster-4-schlitze-schwarz-mit-warmhaltefu\/\"]}]},{\"@type\":\"BreadcrumbList\",\"@id\":\"https:\/\/www.erresse-shop.it\/de\/shop\/kleine-elektrogeraete\/toaster\/zwilling-enfinigy-toaster-4-schlitze-schwarz-mit-warmhaltefu\/#breadcrumb\",\"itemListElement\":[{\"@type\":\"ListItem\",\"position\":1,\"name\":\"Home\",\"item\":\"https:\/\/www.erresse-shop.it\/de\/\"},{\"@type\":\"ListItem\",\"position\":2,\"name\":\"Shop\",\"item\":\"https:\/\/www.erresse-shop.it\/de\/shop\/\"},{\"@type\":\"ListItem\",\"position\":3,\"name\":\"ZWILLING Enfinigy Toaster 4 Schlitze Schwarz mit Warmhaltefu\"}]},{\"@type\":\"WebSite\",\"@id\":\"https:\/\/www.erresse-shop.it\/de\/#website\",\"url\":\"https:\/\/www.erresse-shop.it\/de\/\",\"name\":\"Erresse Shop\",\"description\":\"Articoli di qualit\u00e0 per la casa\",\"potentialAction\":[{\"@type\":\"SearchAction\",\"target\":{\"@type\":\"EntryPoint\",\"urlTemplate\":\"https:\/\/www.erresse-shop.it\/de\/?s={search_term_string}\"},\"query-input\":\"required name=search_term_string\"}],\"inLanguage\":\"de-DE\"}]}<\/script>\n<!-- \/ Yoast SEO Premium plugin. -->","yoast_head_json":{"title":"ZWILLING Enfinigy Toaster 4 Schlitze Schwarz mit Warmhaltefu","description":"Entdecken Sie ZWILLING Enfinigy Toaster 4 Schlitze Schwarz mit Warmhaltefu bei ErresseShop. Qualit\u00e4t, Stil und Funktionalit\u00e4t \u2013 jetzt online bestellen!","robots":{"index":"index","follow":"follow","max-snippet":"max-snippet:-1","max-image-preview":"max-image-preview:large","max-video-preview":"max-video-preview:-1"},"canonical":"https:\/\/www.erresse-shop.it\/de\/shop\/kleine-elektrogeraete\/toaster\/zwilling-enfinigy-toaster-4-schlitze-schwarz-mit-warmhaltefu\/","og_locale":"de_DE","og_type":"article","og_title":"ZWILLING Enfinigy Toaster 4 Schlitze Schwarz mit Warmhaltefu","og_description":"Entdecken Sie ZWILLING Enfinigy Toaster 4 Schlitze Schwarz mit Warmhaltefu bei ErresseShop. Qualit\u00e4t, Stil und Funktionalit\u00e4t \u2013 jetzt online bestellen!","og_url":"https:\/\/www.erresse-shop.it\/de\/shop\/kleine-elektrogeraete\/toaster\/zwilling-enfinigy-toaster-4-schlitze-schwarz-mit-warmhaltefu\/","og_site_name":"Erresse Shop","article_modified_time":"2025-01-22T07:20:49+00:00","og_image":[{"width":800,"height":800,"url":"https:\/\/www.erresse-shop.it\/wp-content\/uploads\/2024\/01\/ZWILLING-Enfinigy-Tostapane-4-Fette-Nero-con-Scaldapanini.jpg","type":"image\/jpeg"}],"twitter_card":"summary_large_image","schema":{"@context":"https:\/\/schema.org","@graph":[{"@type":"WebPage","@id":"https:\/\/www.erresse-shop.it\/de\/shop\/kleine-elektrogeraete\/toaster\/zwilling-enfinigy-toaster-4-schlitze-schwarz-mit-warmhaltefu\/","url":"https:\/\/www.erresse-shop.it\/de\/shop\/kleine-elektrogeraete\/toaster\/zwilling-enfinigy-toaster-4-schlitze-schwarz-mit-warmhaltefu\/","name":"ZWILLING Enfinigy Toaster 4 Schlitze Schwarz mit Warmhaltefu","isPartOf":{"@id":"https:\/\/www.erresse-shop.it\/de\/#website"},"datePublished":"2024-01-15T11:35:51+00:00","dateModified":"2025-01-22T07:20:49+00:00","description":"Entdecken Sie ZWILLING Enfinigy Toaster 4 Schlitze Schwarz mit Warmhaltefu bei ErresseShop. Qualit\u00e4t, Stil und Funktionalit\u00e4t \u2013 jetzt online bestellen!","breadcrumb":{"@id":"https:\/\/www.erresse-shop.it\/de\/shop\/kleine-elektrogeraete\/toaster\/zwilling-enfinigy-toaster-4-schlitze-schwarz-mit-warmhaltefu\/#breadcrumb"},"inLanguage":"de-DE","potentialAction":[{"@type":"ReadAction","target":["https:\/\/www.erresse-shop.it\/de\/shop\/kleine-elektrogeraete\/toaster\/zwilling-enfinigy-toaster-4-schlitze-schwarz-mit-warmhaltefu\/"]}]},{"@type":"BreadcrumbList","@id":"https:\/\/www.erresse-shop.it\/de\/shop\/kleine-elektrogeraete\/toaster\/zwilling-enfinigy-toaster-4-schlitze-schwarz-mit-warmhaltefu\/#breadcrumb","itemListElement":[{"@type":"ListItem","position":1,"name":"Home","item":"https:\/\/www.erresse-shop.it\/de\/"},{"@type":"ListItem","position":2,"name":"Shop","item":"https:\/\/www.erresse-shop.it\/de\/shop\/"},{"@type":"ListItem","position":3,"name":"ZWILLING Enfinigy Toaster 4 Schlitze Schwarz mit Warmhaltefu"}]},{"@type":"WebSite","@id":"https:\/\/www.erresse-shop.it\/de\/#website","url":"https:\/\/www.erresse-shop.it\/de\/","name":"Erresse Shop","description":"Articoli di qualit\u00e0 per la casa","potentialAction":[{"@type":"SearchAction","target":{"@type":"EntryPoint","urlTemplate":"https:\/\/www.erresse-shop.it\/de\/?s={search_term_string}"},"query-input":"required name=search_term_string"}],"inLanguage":"de-DE"}]}},"df_price":109.95,"df_sale_price":109.95,"df_regular_price":139.95,"df_image_link":"https:\/\/www.erresse-shop.it\/wp-content\/uploads\/2024\/01\/ZWILLING-Enfinigy-Tostapane-4-Fette-Nero-con-Scaldapanini-300x300.jpg","_links":{"self":[{"href":"https:\/\/www.erresse-shop.it\/de\/wp-json\/wp\/v2\/product\/378805"}],"collection":[{"href":"https:\/\/www.erresse-shop.it\/de\/wp-json\/wp\/v2\/product"}],"about":[{"href":"https:\/\/www.erresse-shop.it\/de\/wp-json\/wp\/v2\/types\/product"}],"wp:featuredmedia":[{"embeddable":true,"href":"https:\/\/www.erresse-shop.it\/de\/wp-json\/wp\/v2\/media\/378833"}],"wp:attachment":[{"href":"https:\/\/www.erresse-shop.it\/de\/wp-json\/wp\/v2\/media?parent=378805"}],"wp:term":[{"taxonomy":"product_cat","embeddable":true,"href":"https:\/\/www.erresse-shop.it\/de\/wp-json\/wp\/v2\/product_cat?post=378805"},{"taxonomy":"product_tag","embeddable":true,"href":"https:\/\/www.erresse-shop.it\/de\/wp-json\/wp\/v2\/product_tag?post=378805"}],"curies":[{"name":"wp","href":"https:\/\/api.w.org\/{rel}","templated":true}]}}