{"id":378766,"date":"2024-01-15T11:06:06","date_gmt":"2024-01-15T11:06:07","guid":{"rendered":"https:\/\/www.erresse-shop.it\/?post_type=product&#038;p=378766"},"modified":"2024-07-11T17:07:33","modified_gmt":"2024-07-11T17:07:33","slug":"seletti-behalter-love-in-a-box","status":"publish","type":"product","link":"https:\/\/www.erresse-shop.it\/de\/shop\/einrichtung-haus\/dekoartikel\/seletti-behalter-love-in-a-box\/","title":{"rendered":"SELETTI Beh\u00e4lter Love in a Box"},"content":{"rendered":"<p>Ideal f\u00fcr den Valentinstag, perfekt f\u00fcr jede Gelegenheit: Seletti Love in a Box ist ein Beh\u00e4ltnis, das die Anatomie des Herzens originalgetreu nachbildet; praktisch eine Emanation der ikonischen Love in Bloom. Sie wird mit einem Magneten verschlossen und ist aus feinem wei\u00dfen Porzellan gefertigt. Das Design stammt von Marcantonio Raimondi Malerba, einem K\u00fcnstler, der uns immer wieder in wunderbare Dimensionen entf\u00fchrt.<\/p>\n<p><strong>Love in Bloom Beh\u00e4lter<\/strong><\/p>\n<ul>\n<li><strong>Designer:<\/strong> MARCANTONIO<\/li>\n<li><strong>Material:<\/strong> Porzellan<\/li>\n<\/ul>\n","protected":false},"excerpt":{"rendered":"<p><br data-mce-bogus=\"1\"><\/p>\n","protected":false},"featured_media":378784,"template":"","meta":{"_acf_changed":false,"inline_featured_image":false},"product_cat":[6817,14442],"product_tag":[16875,11905,23661,24416,12241,12240,25022,24301],"acf":[],"yoast_head":"<!-- This site is optimized with the Yoast SEO Premium plugin v18.6 (Yoast SEO v19.13) - https:\/\/yoast.com\/wordpress\/plugins\/seo\/ -->\n<title>SELETTI Beh\u00e4lter Love in a Box - Erresse Shop<\/title>\n<meta name=\"robots\" content=\"index, follow, max-snippet:-1, max-image-preview:large, max-video-preview:-1\" \/>\n<link rel=\"canonical\" href=\"https:\/\/www.erresse-shop.it\/de\/shop\/einrichtung-haus\/dekoartikel\/seletti-behalter-love-in-a-box\/\" \/>\n<meta property=\"og:locale\" content=\"de_DE\" \/>\n<meta property=\"og:type\" content=\"article\" \/>\n<meta property=\"og:title\" content=\"SELETTI Beh\u00e4lter Love in a Box\" \/>\n<meta property=\"og:url\" content=\"https:\/\/www.erresse-shop.it\/de\/shop\/einrichtung-haus\/dekoartikel\/seletti-behalter-love-in-a-box\/\" \/>\n<meta property=\"og:site_name\" content=\"Erresse Shop\" \/>\n<meta property=\"article:modified_time\" content=\"2024-07-11T17:07:33+00:00\" \/>\n<meta property=\"og:image\" content=\"https:\/\/www.erresse-shop.it\/wp-content\/uploads\/2024\/01\/SELETTI-Contenitore-Love-in-a-Box.jpg\" \/>\n\t<meta property=\"og:image:width\" content=\"800\" \/>\n\t<meta property=\"og:image:height\" content=\"800\" \/>\n\t<meta property=\"og:image:type\" content=\"image\/jpeg\" \/>\n<meta name=\"twitter:card\" content=\"summary_large_image\" \/>\n<script type=\"application\/ld+json\" class=\"yoast-schema-graph\">{\"@context\":\"https:\/\/schema.org\",\"@graph\":[{\"@type\":\"WebPage\",\"@id\":\"https:\/\/www.erresse-shop.it\/de\/shop\/einrichtung-haus\/dekoartikel\/seletti-behalter-love-in-a-box\/\",\"url\":\"https:\/\/www.erresse-shop.it\/de\/shop\/einrichtung-haus\/dekoartikel\/seletti-behalter-love-in-a-box\/\",\"name\":\"SELETTI Beh\u00e4lter Love in a Box - Erresse Shop\",\"isPartOf\":{\"@id\":\"https:\/\/www.erresse-shop.it\/de\/#website\"},\"datePublished\":\"2024-01-15T11:06:07+00:00\",\"dateModified\":\"2024-07-11T17:07:33+00:00\",\"breadcrumb\":{\"@id\":\"https:\/\/www.erresse-shop.it\/de\/shop\/einrichtung-haus\/dekoartikel\/seletti-behalter-love-in-a-box\/#breadcrumb\"},\"inLanguage\":\"de-DE\",\"potentialAction\":[{\"@type\":\"ReadAction\",\"target\":[\"https:\/\/www.erresse-shop.it\/de\/shop\/einrichtung-haus\/dekoartikel\/seletti-behalter-love-in-a-box\/\"]}]},{\"@type\":\"BreadcrumbList\",\"@id\":\"https:\/\/www.erresse-shop.it\/de\/shop\/einrichtung-haus\/dekoartikel\/seletti-behalter-love-in-a-box\/#breadcrumb\",\"itemListElement\":[{\"@type\":\"ListItem\",\"position\":1,\"name\":\"Home\",\"item\":\"https:\/\/www.erresse-shop.it\/de\/\"},{\"@type\":\"ListItem\",\"position\":2,\"name\":\"Shop\",\"item\":\"https:\/\/www.erresse-shop.it\/de\/shop\/\"},{\"@type\":\"ListItem\",\"position\":3,\"name\":\"SELETTI Beh\u00e4lter Love in a Box\"}]},{\"@type\":\"WebSite\",\"@id\":\"https:\/\/www.erresse-shop.it\/de\/#website\",\"url\":\"https:\/\/www.erresse-shop.it\/de\/\",\"name\":\"Erresse Shop\",\"description\":\"Articoli di qualit\u00e0 per la casa\",\"potentialAction\":[{\"@type\":\"SearchAction\",\"target\":{\"@type\":\"EntryPoint\",\"urlTemplate\":\"https:\/\/www.erresse-shop.it\/de\/?s={search_term_string}\"},\"query-input\":\"required name=search_term_string\"}],\"inLanguage\":\"de-DE\"}]}<\/script>\n<!-- \/ Yoast SEO Premium plugin. -->","yoast_head_json":{"title":"SELETTI Beh\u00e4lter Love in a Box - Erresse Shop","robots":{"index":"index","follow":"follow","max-snippet":"max-snippet:-1","max-image-preview":"max-image-preview:large","max-video-preview":"max-video-preview:-1"},"canonical":"https:\/\/www.erresse-shop.it\/de\/shop\/einrichtung-haus\/dekoartikel\/seletti-behalter-love-in-a-box\/","og_locale":"de_DE","og_type":"article","og_title":"SELETTI Beh\u00e4lter Love in a Box","og_url":"https:\/\/www.erresse-shop.it\/de\/shop\/einrichtung-haus\/dekoartikel\/seletti-behalter-love-in-a-box\/","og_site_name":"Erresse Shop","article_modified_time":"2024-07-11T17:07:33+00:00","og_image":[{"width":800,"height":800,"url":"https:\/\/www.erresse-shop.it\/wp-content\/uploads\/2024\/01\/SELETTI-Contenitore-Love-in-a-Box.jpg","type":"image\/jpeg"}],"twitter_card":"summary_large_image","schema":{"@context":"https:\/\/schema.org","@graph":[{"@type":"WebPage","@id":"https:\/\/www.erresse-shop.it\/de\/shop\/einrichtung-haus\/dekoartikel\/seletti-behalter-love-in-a-box\/","url":"https:\/\/www.erresse-shop.it\/de\/shop\/einrichtung-haus\/dekoartikel\/seletti-behalter-love-in-a-box\/","name":"SELETTI Beh\u00e4lter Love in a Box - Erresse Shop","isPartOf":{"@id":"https:\/\/www.erresse-shop.it\/de\/#website"},"datePublished":"2024-01-15T11:06:07+00:00","dateModified":"2024-07-11T17:07:33+00:00","breadcrumb":{"@id":"https:\/\/www.erresse-shop.it\/de\/shop\/einrichtung-haus\/dekoartikel\/seletti-behalter-love-in-a-box\/#breadcrumb"},"inLanguage":"de-DE","potentialAction":[{"@type":"ReadAction","target":["https:\/\/www.erresse-shop.it\/de\/shop\/einrichtung-haus\/dekoartikel\/seletti-behalter-love-in-a-box\/"]}]},{"@type":"BreadcrumbList","@id":"https:\/\/www.erresse-shop.it\/de\/shop\/einrichtung-haus\/dekoartikel\/seletti-behalter-love-in-a-box\/#breadcrumb","itemListElement":[{"@type":"ListItem","position":1,"name":"Home","item":"https:\/\/www.erresse-shop.it\/de\/"},{"@type":"ListItem","position":2,"name":"Shop","item":"https:\/\/www.erresse-shop.it\/de\/shop\/"},{"@type":"ListItem","position":3,"name":"SELETTI Beh\u00e4lter Love in a Box"}]},{"@type":"WebSite","@id":"https:\/\/www.erresse-shop.it\/de\/#website","url":"https:\/\/www.erresse-shop.it\/de\/","name":"Erresse Shop","description":"Articoli di qualit\u00e0 per la casa","potentialAction":[{"@type":"SearchAction","target":{"@type":"EntryPoint","urlTemplate":"https:\/\/www.erresse-shop.it\/de\/?s={search_term_string}"},"query-input":"required name=search_term_string"}],"inLanguage":"de-DE"}]}},"df_price":34.65,"df_sale_price":34.65,"df_regular_price":77,"df_image_link":"https:\/\/www.erresse-shop.it\/wp-content\/uploads\/2024\/01\/SELETTI-Contenitore-Love-in-a-Box-300x300.jpg","_links":{"self":[{"href":"https:\/\/www.erresse-shop.it\/de\/wp-json\/wp\/v2\/product\/378766"}],"collection":[{"href":"https:\/\/www.erresse-shop.it\/de\/wp-json\/wp\/v2\/product"}],"about":[{"href":"https:\/\/www.erresse-shop.it\/de\/wp-json\/wp\/v2\/types\/product"}],"wp:featuredmedia":[{"embeddable":true,"href":"https:\/\/www.erresse-shop.it\/de\/wp-json\/wp\/v2\/media\/378784"}],"wp:attachment":[{"href":"https:\/\/www.erresse-shop.it\/de\/wp-json\/wp\/v2\/media?parent=378766"}],"wp:term":[{"taxonomy":"product_cat","embeddable":true,"href":"https:\/\/www.erresse-shop.it\/de\/wp-json\/wp\/v2\/product_cat?post=378766"},{"taxonomy":"product_tag","embeddable":true,"href":"https:\/\/www.erresse-shop.it\/de\/wp-json\/wp\/v2\/product_tag?post=378766"}],"curies":[{"name":"wp","href":"https:\/\/api.w.org\/{rel}","templated":true}]}}