{"id":373451,"date":"2023-12-29T10:18:45","date_gmt":"2023-12-29T10:18:47","guid":{"rendered":"https:\/\/www.erresse-shop.it\/?post_type=product&#038;p=373451"},"modified":"2023-12-29T10:25:28","modified_gmt":"2023-12-29T10:25:28","slug":"seletti-led-lampe-grenier-window","status":"publish","type":"product","link":"https:\/\/www.erresse-shop.it\/de\/shop\/einrichtung-haus\/lampen\/seletti-led-lampe-grenier-window\/","title":{"rendered":"SELETTI Led Lampe Grenier Window"},"content":{"rendered":"<p>Wenn ich an ein Haus denke, stelle ich mir sofort T\u00fcren und Fenster vor. Fenster sind die Augen der H\u00e4user, sie lassen Licht herein, erhellen die R\u00e4ume, ein Fenster mit Blick auf einen sch\u00f6nen Himmel ist ein positives und poppiges Motiv!<br \/>\nDiese Fenster k\u00f6nnen \u00fcberall angebracht werden, wo wir wollen, und man braucht nicht einmal einen Maurer oder eine Baugenehmigung!<\/p>\n<p><strong>Entwurf:<\/strong> Marcantonio<br \/>\n<strong>Material:<\/strong> Holz\/Acryl<br \/>\n<strong>Gr\u00f6\u00dfe:<\/strong> cm 57 h. 90 | 22.4&#8221; x h.35,4&#8221;<\/p>\n","protected":false},"excerpt":{"rendered":"<p>Wenn ich an ein Haus denke, stelle ich mir sofort T\u00fcren und Fenster vor. Fenster sind die Augen der H\u00e4user,<\/p>\n","protected":false},"featured_media":373474,"template":"","meta":{"_acf_changed":false,"inline_featured_image":false},"product_cat":[6817,6862],"product_tag":[25022],"acf":[],"yoast_head":"<!-- This site is optimized with the Yoast SEO Premium plugin v18.6 (Yoast SEO v19.13) - https:\/\/yoast.com\/wordpress\/plugins\/seo\/ -->\n<title>SELETTI Led Lampe Grenier Window - Erresse Shop<\/title>\n<meta name=\"description\" content=\"Wenn ich an ein Haus denke, stelle ich mir sofort T\u00fcren und Fenster vor. Fenster sind die Augen der H\u00e4user, sie lassen Licht herein, erhellen die R\u00e4ume,\" \/>\n<meta name=\"robots\" content=\"index, follow, max-snippet:-1, max-image-preview:large, max-video-preview:-1\" \/>\n<link rel=\"canonical\" href=\"https:\/\/www.erresse-shop.it\/de\/shop\/einrichtung-haus\/lampen\/seletti-led-lampe-grenier-window\/\" \/>\n<meta property=\"og:locale\" content=\"de_DE\" \/>\n<meta property=\"og:type\" content=\"article\" \/>\n<meta property=\"og:title\" content=\"SELETTI Led Lampe Grenier Window\" \/>\n<meta property=\"og:description\" content=\"Wenn ich an ein Haus denke, stelle ich mir sofort T\u00fcren und Fenster vor. Fenster sind die Augen der H\u00e4user, sie lassen Licht herein, erhellen die R\u00e4ume,\" \/>\n<meta property=\"og:url\" content=\"https:\/\/www.erresse-shop.it\/de\/shop\/einrichtung-haus\/lampen\/seletti-led-lampe-grenier-window\/\" \/>\n<meta property=\"og:site_name\" content=\"Erresse Shop\" \/>\n<meta property=\"article:modified_time\" content=\"2023-12-29T10:25:28+00:00\" \/>\n<meta property=\"og:image\" content=\"https:\/\/www.erresse-shop.it\/wp-content\/uploads\/2023\/12\/SELETTI-Lampada-Led-Grenier-Window.jpg\" \/>\n\t<meta property=\"og:image:width\" content=\"800\" \/>\n\t<meta property=\"og:image:height\" content=\"800\" \/>\n\t<meta property=\"og:image:type\" content=\"image\/jpeg\" \/>\n<meta name=\"twitter:card\" content=\"summary_large_image\" \/>\n<script type=\"application\/ld+json\" class=\"yoast-schema-graph\">{\"@context\":\"https:\/\/schema.org\",\"@graph\":[{\"@type\":\"WebPage\",\"@id\":\"https:\/\/www.erresse-shop.it\/de\/shop\/einrichtung-haus\/lampen\/seletti-led-lampe-grenier-window\/\",\"url\":\"https:\/\/www.erresse-shop.it\/de\/shop\/einrichtung-haus\/lampen\/seletti-led-lampe-grenier-window\/\",\"name\":\"SELETTI Led Lampe Grenier Window - Erresse Shop\",\"isPartOf\":{\"@id\":\"https:\/\/www.erresse-shop.it\/de\/#website\"},\"datePublished\":\"2023-12-29T10:18:47+00:00\",\"dateModified\":\"2023-12-29T10:25:28+00:00\",\"description\":\"Wenn ich an ein Haus denke, stelle ich mir sofort T\u00fcren und Fenster vor. Fenster sind die Augen der H\u00e4user, sie lassen Licht herein, erhellen die R\u00e4ume,\",\"breadcrumb\":{\"@id\":\"https:\/\/www.erresse-shop.it\/de\/shop\/einrichtung-haus\/lampen\/seletti-led-lampe-grenier-window\/#breadcrumb\"},\"inLanguage\":\"de-DE\",\"potentialAction\":[{\"@type\":\"ReadAction\",\"target\":[\"https:\/\/www.erresse-shop.it\/de\/shop\/einrichtung-haus\/lampen\/seletti-led-lampe-grenier-window\/\"]}]},{\"@type\":\"BreadcrumbList\",\"@id\":\"https:\/\/www.erresse-shop.it\/de\/shop\/einrichtung-haus\/lampen\/seletti-led-lampe-grenier-window\/#breadcrumb\",\"itemListElement\":[{\"@type\":\"ListItem\",\"position\":1,\"name\":\"Home\",\"item\":\"https:\/\/www.erresse-shop.it\/de\/\"},{\"@type\":\"ListItem\",\"position\":2,\"name\":\"Shop\",\"item\":\"https:\/\/www.erresse-shop.it\/de\/shop\/\"},{\"@type\":\"ListItem\",\"position\":3,\"name\":\"SELETTI Led Lampe Grenier Window\"}]},{\"@type\":\"WebSite\",\"@id\":\"https:\/\/www.erresse-shop.it\/de\/#website\",\"url\":\"https:\/\/www.erresse-shop.it\/de\/\",\"name\":\"Erresse Shop\",\"description\":\"Articoli di qualit\u00e0 per la casa\",\"potentialAction\":[{\"@type\":\"SearchAction\",\"target\":{\"@type\":\"EntryPoint\",\"urlTemplate\":\"https:\/\/www.erresse-shop.it\/de\/?s={search_term_string}\"},\"query-input\":\"required name=search_term_string\"}],\"inLanguage\":\"de-DE\"}]}<\/script>\n<!-- \/ Yoast SEO Premium plugin. -->","yoast_head_json":{"title":"SELETTI Led Lampe Grenier Window - Erresse Shop","description":"Wenn ich an ein Haus denke, stelle ich mir sofort T\u00fcren und Fenster vor. Fenster sind die Augen der H\u00e4user, sie lassen Licht herein, erhellen die R\u00e4ume,","robots":{"index":"index","follow":"follow","max-snippet":"max-snippet:-1","max-image-preview":"max-image-preview:large","max-video-preview":"max-video-preview:-1"},"canonical":"https:\/\/www.erresse-shop.it\/de\/shop\/einrichtung-haus\/lampen\/seletti-led-lampe-grenier-window\/","og_locale":"de_DE","og_type":"article","og_title":"SELETTI Led Lampe Grenier Window","og_description":"Wenn ich an ein Haus denke, stelle ich mir sofort T\u00fcren und Fenster vor. Fenster sind die Augen der H\u00e4user, sie lassen Licht herein, erhellen die R\u00e4ume,","og_url":"https:\/\/www.erresse-shop.it\/de\/shop\/einrichtung-haus\/lampen\/seletti-led-lampe-grenier-window\/","og_site_name":"Erresse Shop","article_modified_time":"2023-12-29T10:25:28+00:00","og_image":[{"width":800,"height":800,"url":"https:\/\/www.erresse-shop.it\/wp-content\/uploads\/2023\/12\/SELETTI-Lampada-Led-Grenier-Window.jpg","type":"image\/jpeg"}],"twitter_card":"summary_large_image","schema":{"@context":"https:\/\/schema.org","@graph":[{"@type":"WebPage","@id":"https:\/\/www.erresse-shop.it\/de\/shop\/einrichtung-haus\/lampen\/seletti-led-lampe-grenier-window\/","url":"https:\/\/www.erresse-shop.it\/de\/shop\/einrichtung-haus\/lampen\/seletti-led-lampe-grenier-window\/","name":"SELETTI Led Lampe Grenier Window - Erresse Shop","isPartOf":{"@id":"https:\/\/www.erresse-shop.it\/de\/#website"},"datePublished":"2023-12-29T10:18:47+00:00","dateModified":"2023-12-29T10:25:28+00:00","description":"Wenn ich an ein Haus denke, stelle ich mir sofort T\u00fcren und Fenster vor. Fenster sind die Augen der H\u00e4user, sie lassen Licht herein, erhellen die R\u00e4ume,","breadcrumb":{"@id":"https:\/\/www.erresse-shop.it\/de\/shop\/einrichtung-haus\/lampen\/seletti-led-lampe-grenier-window\/#breadcrumb"},"inLanguage":"de-DE","potentialAction":[{"@type":"ReadAction","target":["https:\/\/www.erresse-shop.it\/de\/shop\/einrichtung-haus\/lampen\/seletti-led-lampe-grenier-window\/"]}]},{"@type":"BreadcrumbList","@id":"https:\/\/www.erresse-shop.it\/de\/shop\/einrichtung-haus\/lampen\/seletti-led-lampe-grenier-window\/#breadcrumb","itemListElement":[{"@type":"ListItem","position":1,"name":"Home","item":"https:\/\/www.erresse-shop.it\/de\/"},{"@type":"ListItem","position":2,"name":"Shop","item":"https:\/\/www.erresse-shop.it\/de\/shop\/"},{"@type":"ListItem","position":3,"name":"SELETTI Led Lampe Grenier Window"}]},{"@type":"WebSite","@id":"https:\/\/www.erresse-shop.it\/de\/#website","url":"https:\/\/www.erresse-shop.it\/de\/","name":"Erresse Shop","description":"Articoli di qualit\u00e0 per la casa","potentialAction":[{"@type":"SearchAction","target":{"@type":"EntryPoint","urlTemplate":"https:\/\/www.erresse-shop.it\/de\/?s={search_term_string}"},"query-input":"required name=search_term_string"}],"inLanguage":"de-DE"}]}},"df_price":219,"df_sale_price":219,"df_regular_price":390,"df_image_link":"https:\/\/www.erresse-shop.it\/wp-content\/uploads\/2023\/12\/SELETTI-Lampada-Led-Grenier-Window-300x300.jpg","_links":{"self":[{"href":"https:\/\/www.erresse-shop.it\/de\/wp-json\/wp\/v2\/product\/373451"}],"collection":[{"href":"https:\/\/www.erresse-shop.it\/de\/wp-json\/wp\/v2\/product"}],"about":[{"href":"https:\/\/www.erresse-shop.it\/de\/wp-json\/wp\/v2\/types\/product"}],"wp:featuredmedia":[{"embeddable":true,"href":"https:\/\/www.erresse-shop.it\/de\/wp-json\/wp\/v2\/media\/373474"}],"wp:attachment":[{"href":"https:\/\/www.erresse-shop.it\/de\/wp-json\/wp\/v2\/media?parent=373451"}],"wp:term":[{"taxonomy":"product_cat","embeddable":true,"href":"https:\/\/www.erresse-shop.it\/de\/wp-json\/wp\/v2\/product_cat?post=373451"},{"taxonomy":"product_tag","embeddable":true,"href":"https:\/\/www.erresse-shop.it\/de\/wp-json\/wp\/v2\/product_tag?post=373451"}],"curies":[{"name":"wp","href":"https:\/\/api.w.org\/{rel}","templated":true}]}}