{"id":371232,"date":"2023-12-20T10:37:59","date_gmt":"2023-12-20T10:38:00","guid":{"rendered":"https:\/\/www.erresse-shop.it\/?post_type=product&#038;p=371232"},"modified":"2025-01-22T07:14:58","modified_gmt":"2025-01-22T07:14:58","slug":"zafferano-poldina-pro-tischleuchte-rot-goldfarben-craquele","status":"publish","type":"product","link":"https:\/\/www.erresse-shop.it\/de\/shop\/einrichtung-haus\/lampen\/zafferano-poldina-pro-tischleuchte-rot-goldfarben-craquele\/","title":{"rendered":"ZAFFERANO Poldina PRO Tischleuchte Rot Goldfarben Craquel\u00e9"},"content":{"rendered":"<p>Wiederaufladbare Tischleuchte, einschlie\u00dflich Kontakt-Ladestation, mit lackiertem Aluminiumk\u00f6rper, Diffusor aus Polycarbonat und LED-Lichtquelle.<\/p>\n<p>Sie l\u00e4sst sich \u00fcber eine Touch-Taste am Lautsprecher ein-, ausschalten und dimmen und verf\u00fcgt \u00fcber eine Farbtemperaturwahlfunktion (2200K-2700K-3000K).<\/p>\n<p>Schutzart IP65.<\/p>\n<p><strong>Die Batterielebensdauer betr\u00e4gt mindestens 12 Stunden.<\/strong><\/p>\n<p>Lampen mit Blattfinish in Gold, Silber und Kupfer sind nicht f\u00fcr den Au\u00dfenbereich geeignet.<\/p>\n<p>Aufgrund der Technik, die bei der Verarbeitung mit Metallfolie angewendet wird, kann das endg\u00fcltige Aussehen der Lampe unterschiedlich sein. Eventuelle Abweichungen bezeugen den Wert und die Einzigartigkeit jeder Lampe und sollten nicht als M\u00e4ngel betrachtet werden.<\/p>\n<p><strong>GR\u00d6SSEN<\/strong><br \/>\nH\u00f6he: 380 mm<br \/>\nDurchmesser: 110 mm<\/p>\n","protected":false},"excerpt":{"rendered":"<p>Wiederaufladbare Tischleuchte, einschlie\u00dflich Kontakt-Ladestation, mit lackiertem Aluminiumk\u00f6rper, Diffusor aus Polycarbonat und LED-Lichtquelle. Sie l\u00e4sst sich \u00fcber eine Touch-Taste am Lautsprecher<\/p>\n","protected":false},"featured_media":371240,"template":"","meta":{"_acf_changed":false,"inline_featured_image":false},"product_cat":[6817,6862],"product_tag":[25027,11593,24604,11949,12218,25022],"acf":[],"yoast_head":"<!-- This site is optimized with the Yoast SEO Premium plugin v18.6 (Yoast SEO v19.13) - https:\/\/yoast.com\/wordpress\/plugins\/seo\/ -->\n<title>ZAFFERANO Poldina PRO Tischleuchte Rot Goldfarben Craquel\u00e9<\/title>\n<meta name=\"description\" content=\"Entdecken Sie ZAFFERANO Poldina PRO Tischleuchte Rot Goldfarben Craquel\u00e9 bei ErresseShop. Qualit\u00e4t, Stil und Funktionalit\u00e4t \u2013 jetzt online bestellen!\" \/>\n<meta name=\"robots\" content=\"index, follow, max-snippet:-1, max-image-preview:large, max-video-preview:-1\" \/>\n<link rel=\"canonical\" href=\"https:\/\/www.erresse-shop.it\/de\/shop\/einrichtung-haus\/lampen\/zafferano-poldina-pro-tischleuchte-rot-goldfarben-craquele\/\" \/>\n<meta property=\"og:locale\" content=\"de_DE\" \/>\n<meta property=\"og:type\" content=\"article\" \/>\n<meta property=\"og:title\" content=\"ZAFFERANO Poldina PRO Tischleuchte Rot Goldfarben Craquel\u00e9\" \/>\n<meta property=\"og:description\" content=\"Entdecken Sie ZAFFERANO Poldina PRO Tischleuchte Rot Goldfarben Craquel\u00e9 bei ErresseShop. Qualit\u00e4t, Stil und Funktionalit\u00e4t \u2013 jetzt online bestellen!\" \/>\n<meta property=\"og:url\" content=\"https:\/\/www.erresse-shop.it\/de\/shop\/einrichtung-haus\/lampen\/zafferano-poldina-pro-tischleuchte-rot-goldfarben-craquele\/\" \/>\n<meta property=\"og:site_name\" content=\"Erresse Shop\" \/>\n<meta property=\"article:modified_time\" content=\"2025-01-22T07:14:58+00:00\" \/>\n<meta property=\"og:image\" content=\"https:\/\/www.erresse-shop.it\/wp-content\/uploads\/2023\/12\/zafferano-rosso-oro.jpg\" \/>\n\t<meta property=\"og:image:width\" content=\"800\" \/>\n\t<meta property=\"og:image:height\" content=\"800\" \/>\n\t<meta property=\"og:image:type\" content=\"image\/jpeg\" \/>\n<meta name=\"twitter:card\" content=\"summary_large_image\" \/>\n<script type=\"application\/ld+json\" class=\"yoast-schema-graph\">{\"@context\":\"https:\/\/schema.org\",\"@graph\":[{\"@type\":\"WebPage\",\"@id\":\"https:\/\/www.erresse-shop.it\/de\/shop\/einrichtung-haus\/lampen\/zafferano-poldina-pro-tischleuchte-rot-goldfarben-craquele\/\",\"url\":\"https:\/\/www.erresse-shop.it\/de\/shop\/einrichtung-haus\/lampen\/zafferano-poldina-pro-tischleuchte-rot-goldfarben-craquele\/\",\"name\":\"ZAFFERANO Poldina PRO Tischleuchte Rot Goldfarben Craquel\u00e9\",\"isPartOf\":{\"@id\":\"https:\/\/www.erresse-shop.it\/de\/#website\"},\"datePublished\":\"2023-12-20T10:38:00+00:00\",\"dateModified\":\"2025-01-22T07:14:58+00:00\",\"description\":\"Entdecken Sie ZAFFERANO Poldina PRO Tischleuchte Rot Goldfarben Craquel\u00e9 bei ErresseShop. Qualit\u00e4t, Stil und Funktionalit\u00e4t \u2013 jetzt online bestellen!\",\"breadcrumb\":{\"@id\":\"https:\/\/www.erresse-shop.it\/de\/shop\/einrichtung-haus\/lampen\/zafferano-poldina-pro-tischleuchte-rot-goldfarben-craquele\/#breadcrumb\"},\"inLanguage\":\"de-DE\",\"potentialAction\":[{\"@type\":\"ReadAction\",\"target\":[\"https:\/\/www.erresse-shop.it\/de\/shop\/einrichtung-haus\/lampen\/zafferano-poldina-pro-tischleuchte-rot-goldfarben-craquele\/\"]}]},{\"@type\":\"BreadcrumbList\",\"@id\":\"https:\/\/www.erresse-shop.it\/de\/shop\/einrichtung-haus\/lampen\/zafferano-poldina-pro-tischleuchte-rot-goldfarben-craquele\/#breadcrumb\",\"itemListElement\":[{\"@type\":\"ListItem\",\"position\":1,\"name\":\"Home\",\"item\":\"https:\/\/www.erresse-shop.it\/de\/\"},{\"@type\":\"ListItem\",\"position\":2,\"name\":\"Shop\",\"item\":\"https:\/\/www.erresse-shop.it\/de\/shop\/\"},{\"@type\":\"ListItem\",\"position\":3,\"name\":\"ZAFFERANO Poldina PRO Tischleuchte Rot Goldfarben Craquel\u00e9\"}]},{\"@type\":\"WebSite\",\"@id\":\"https:\/\/www.erresse-shop.it\/de\/#website\",\"url\":\"https:\/\/www.erresse-shop.it\/de\/\",\"name\":\"Erresse Shop\",\"description\":\"Articoli di qualit\u00e0 per la casa\",\"potentialAction\":[{\"@type\":\"SearchAction\",\"target\":{\"@type\":\"EntryPoint\",\"urlTemplate\":\"https:\/\/www.erresse-shop.it\/de\/?s={search_term_string}\"},\"query-input\":\"required name=search_term_string\"}],\"inLanguage\":\"de-DE\"}]}<\/script>\n<!-- \/ Yoast SEO Premium plugin. -->","yoast_head_json":{"title":"ZAFFERANO Poldina PRO Tischleuchte Rot Goldfarben Craquel\u00e9","description":"Entdecken Sie ZAFFERANO Poldina PRO Tischleuchte Rot Goldfarben Craquel\u00e9 bei ErresseShop. Qualit\u00e4t, Stil und Funktionalit\u00e4t \u2013 jetzt online bestellen!","robots":{"index":"index","follow":"follow","max-snippet":"max-snippet:-1","max-image-preview":"max-image-preview:large","max-video-preview":"max-video-preview:-1"},"canonical":"https:\/\/www.erresse-shop.it\/de\/shop\/einrichtung-haus\/lampen\/zafferano-poldina-pro-tischleuchte-rot-goldfarben-craquele\/","og_locale":"de_DE","og_type":"article","og_title":"ZAFFERANO Poldina PRO Tischleuchte Rot Goldfarben Craquel\u00e9","og_description":"Entdecken Sie ZAFFERANO Poldina PRO Tischleuchte Rot Goldfarben Craquel\u00e9 bei ErresseShop. Qualit\u00e4t, Stil und Funktionalit\u00e4t \u2013 jetzt online bestellen!","og_url":"https:\/\/www.erresse-shop.it\/de\/shop\/einrichtung-haus\/lampen\/zafferano-poldina-pro-tischleuchte-rot-goldfarben-craquele\/","og_site_name":"Erresse Shop","article_modified_time":"2025-01-22T07:14:58+00:00","og_image":[{"width":800,"height":800,"url":"https:\/\/www.erresse-shop.it\/wp-content\/uploads\/2023\/12\/zafferano-rosso-oro.jpg","type":"image\/jpeg"}],"twitter_card":"summary_large_image","schema":{"@context":"https:\/\/schema.org","@graph":[{"@type":"WebPage","@id":"https:\/\/www.erresse-shop.it\/de\/shop\/einrichtung-haus\/lampen\/zafferano-poldina-pro-tischleuchte-rot-goldfarben-craquele\/","url":"https:\/\/www.erresse-shop.it\/de\/shop\/einrichtung-haus\/lampen\/zafferano-poldina-pro-tischleuchte-rot-goldfarben-craquele\/","name":"ZAFFERANO Poldina PRO Tischleuchte Rot Goldfarben Craquel\u00e9","isPartOf":{"@id":"https:\/\/www.erresse-shop.it\/de\/#website"},"datePublished":"2023-12-20T10:38:00+00:00","dateModified":"2025-01-22T07:14:58+00:00","description":"Entdecken Sie ZAFFERANO Poldina PRO Tischleuchte Rot Goldfarben Craquel\u00e9 bei ErresseShop. Qualit\u00e4t, Stil und Funktionalit\u00e4t \u2013 jetzt online bestellen!","breadcrumb":{"@id":"https:\/\/www.erresse-shop.it\/de\/shop\/einrichtung-haus\/lampen\/zafferano-poldina-pro-tischleuchte-rot-goldfarben-craquele\/#breadcrumb"},"inLanguage":"de-DE","potentialAction":[{"@type":"ReadAction","target":["https:\/\/www.erresse-shop.it\/de\/shop\/einrichtung-haus\/lampen\/zafferano-poldina-pro-tischleuchte-rot-goldfarben-craquele\/"]}]},{"@type":"BreadcrumbList","@id":"https:\/\/www.erresse-shop.it\/de\/shop\/einrichtung-haus\/lampen\/zafferano-poldina-pro-tischleuchte-rot-goldfarben-craquele\/#breadcrumb","itemListElement":[{"@type":"ListItem","position":1,"name":"Home","item":"https:\/\/www.erresse-shop.it\/de\/"},{"@type":"ListItem","position":2,"name":"Shop","item":"https:\/\/www.erresse-shop.it\/de\/shop\/"},{"@type":"ListItem","position":3,"name":"ZAFFERANO Poldina PRO Tischleuchte Rot Goldfarben Craquel\u00e9"}]},{"@type":"WebSite","@id":"https:\/\/www.erresse-shop.it\/de\/#website","url":"https:\/\/www.erresse-shop.it\/de\/","name":"Erresse Shop","description":"Articoli di qualit\u00e0 per la casa","potentialAction":[{"@type":"SearchAction","target":{"@type":"EntryPoint","urlTemplate":"https:\/\/www.erresse-shop.it\/de\/?s={search_term_string}"},"query-input":"required name=search_term_string"}],"inLanguage":"de-DE"}]}},"df_price":109,"df_sale_price":109,"df_regular_price":262,"df_image_link":"https:\/\/www.erresse-shop.it\/wp-content\/uploads\/2023\/12\/zafferano-rosso-oro-300x300.jpg","_links":{"self":[{"href":"https:\/\/www.erresse-shop.it\/de\/wp-json\/wp\/v2\/product\/371232"}],"collection":[{"href":"https:\/\/www.erresse-shop.it\/de\/wp-json\/wp\/v2\/product"}],"about":[{"href":"https:\/\/www.erresse-shop.it\/de\/wp-json\/wp\/v2\/types\/product"}],"wp:featuredmedia":[{"embeddable":true,"href":"https:\/\/www.erresse-shop.it\/de\/wp-json\/wp\/v2\/media\/371240"}],"wp:attachment":[{"href":"https:\/\/www.erresse-shop.it\/de\/wp-json\/wp\/v2\/media?parent=371232"}],"wp:term":[{"taxonomy":"product_cat","embeddable":true,"href":"https:\/\/www.erresse-shop.it\/de\/wp-json\/wp\/v2\/product_cat?post=371232"},{"taxonomy":"product_tag","embeddable":true,"href":"https:\/\/www.erresse-shop.it\/de\/wp-json\/wp\/v2\/product_tag?post=371232"}],"curies":[{"name":"wp","href":"https:\/\/api.w.org\/{rel}","templated":true}]}}