{"id":366646,"date":"2023-12-12T11:39:22","date_gmt":"2023-12-12T11:39:24","guid":{"rendered":"https:\/\/www.erresse-shop.it\/?post_type=product&#038;p=366646"},"modified":"2023-12-12T11:46:55","modified_gmt":"2023-12-12T11:46:55","slug":"sage-the-pour-over-adapter-kit","status":"publish","type":"product","link":"https:\/\/www.erresse-shop.it\/de\/shop\/kaffe\/zubehoer\/sage-the-pour-over-adapter-kit\/","title":{"rendered":"SAGE The Pour Over Adapter Kit"},"content":{"rendered":"<p>Bereiten Sie Ihren hausgemachten Kaffee mit dem Pour Over Adapter Kit zu. Es ist f\u00fcr Dripper wie Hario V60 und Kalita Wave geeignet und verf\u00fcgt \u00fcber eine spezielle Lochscheibe f\u00fcr eine gleichm\u00e4\u00dfige Wasserverteilung auf dem Kaffee. Bereiten Sie 1 bis 4 Tassen Kaffee zu. Mitgeliefertes Zubeh\u00f6r: Tragetasche\/Tassenhalter<\/p>\n<p><strong>Nicht zum Verkauf au\u00dferhalb Europas<\/strong><\/p>\n","protected":false},"excerpt":{"rendered":"<p><br data-mce-bogus=\"1\"><\/p>\n","protected":false},"featured_media":366654,"template":"","meta":{"_acf_changed":false,"inline_featured_image":false},"product_cat":[6733,6703,25351,25356],"product_tag":[23624,23564],"acf":[],"yoast_head":"<!-- This site is optimized with the Yoast SEO Premium plugin v18.6 (Yoast SEO v19.13) - https:\/\/yoast.com\/wordpress\/plugins\/seo\/ -->\n<title>SAGE The Pour Over Adapter Kit - Erresse Shop<\/title>\n<meta name=\"robots\" content=\"index, follow, max-snippet:-1, max-image-preview:large, max-video-preview:-1\" \/>\n<link rel=\"canonical\" href=\"https:\/\/www.erresse-shop.it\/de\/shop\/kaffe\/zubehoer\/sage-the-pour-over-adapter-kit\/\" \/>\n<meta property=\"og:locale\" content=\"de_DE\" \/>\n<meta property=\"og:type\" content=\"article\" \/>\n<meta property=\"og:title\" content=\"SAGE The Pour Over Adapter Kit\" \/>\n<meta property=\"og:url\" content=\"https:\/\/www.erresse-shop.it\/de\/shop\/kaffe\/zubehoer\/sage-the-pour-over-adapter-kit\/\" \/>\n<meta property=\"og:site_name\" content=\"Erresse Shop\" \/>\n<meta property=\"article:modified_time\" content=\"2023-12-12T11:46:55+00:00\" \/>\n<meta property=\"og:image\" content=\"https:\/\/www.erresse-shop.it\/wp-content\/uploads\/2023\/12\/SAGE-THE-POUR-OVER-ADAPTER-KIT.jpg\" \/>\n\t<meta property=\"og:image:width\" content=\"800\" \/>\n\t<meta property=\"og:image:height\" content=\"800\" \/>\n\t<meta property=\"og:image:type\" content=\"image\/jpeg\" \/>\n<meta name=\"twitter:card\" content=\"summary_large_image\" \/>\n<script type=\"application\/ld+json\" class=\"yoast-schema-graph\">{\"@context\":\"https:\/\/schema.org\",\"@graph\":[{\"@type\":\"WebPage\",\"@id\":\"https:\/\/www.erresse-shop.it\/de\/shop\/kaffe\/zubehoer\/sage-the-pour-over-adapter-kit\/\",\"url\":\"https:\/\/www.erresse-shop.it\/de\/shop\/kaffe\/zubehoer\/sage-the-pour-over-adapter-kit\/\",\"name\":\"SAGE The Pour Over Adapter Kit - Erresse Shop\",\"isPartOf\":{\"@id\":\"https:\/\/www.erresse-shop.it\/de\/#website\"},\"datePublished\":\"2023-12-12T11:39:24+00:00\",\"dateModified\":\"2023-12-12T11:46:55+00:00\",\"breadcrumb\":{\"@id\":\"https:\/\/www.erresse-shop.it\/de\/shop\/kaffe\/zubehoer\/sage-the-pour-over-adapter-kit\/#breadcrumb\"},\"inLanguage\":\"de-DE\",\"potentialAction\":[{\"@type\":\"ReadAction\",\"target\":[\"https:\/\/www.erresse-shop.it\/de\/shop\/kaffe\/zubehoer\/sage-the-pour-over-adapter-kit\/\"]}]},{\"@type\":\"BreadcrumbList\",\"@id\":\"https:\/\/www.erresse-shop.it\/de\/shop\/kaffe\/zubehoer\/sage-the-pour-over-adapter-kit\/#breadcrumb\",\"itemListElement\":[{\"@type\":\"ListItem\",\"position\":1,\"name\":\"Home\",\"item\":\"https:\/\/www.erresse-shop.it\/de\/\"},{\"@type\":\"ListItem\",\"position\":2,\"name\":\"Shop\",\"item\":\"https:\/\/www.erresse-shop.it\/de\/shop\/\"},{\"@type\":\"ListItem\",\"position\":3,\"name\":\"SAGE The Pour Over Adapter Kit\"}]},{\"@type\":\"WebSite\",\"@id\":\"https:\/\/www.erresse-shop.it\/de\/#website\",\"url\":\"https:\/\/www.erresse-shop.it\/de\/\",\"name\":\"Erresse Shop\",\"description\":\"Articoli di qualit\u00e0 per la casa\",\"potentialAction\":[{\"@type\":\"SearchAction\",\"target\":{\"@type\":\"EntryPoint\",\"urlTemplate\":\"https:\/\/www.erresse-shop.it\/de\/?s={search_term_string}\"},\"query-input\":\"required name=search_term_string\"}],\"inLanguage\":\"de-DE\"}]}<\/script>\n<!-- \/ Yoast SEO Premium plugin. -->","yoast_head_json":{"title":"SAGE The Pour Over Adapter Kit - Erresse Shop","robots":{"index":"index","follow":"follow","max-snippet":"max-snippet:-1","max-image-preview":"max-image-preview:large","max-video-preview":"max-video-preview:-1"},"canonical":"https:\/\/www.erresse-shop.it\/de\/shop\/kaffe\/zubehoer\/sage-the-pour-over-adapter-kit\/","og_locale":"de_DE","og_type":"article","og_title":"SAGE The Pour Over Adapter Kit","og_url":"https:\/\/www.erresse-shop.it\/de\/shop\/kaffe\/zubehoer\/sage-the-pour-over-adapter-kit\/","og_site_name":"Erresse Shop","article_modified_time":"2023-12-12T11:46:55+00:00","og_image":[{"width":800,"height":800,"url":"https:\/\/www.erresse-shop.it\/wp-content\/uploads\/2023\/12\/SAGE-THE-POUR-OVER-ADAPTER-KIT.jpg","type":"image\/jpeg"}],"twitter_card":"summary_large_image","schema":{"@context":"https:\/\/schema.org","@graph":[{"@type":"WebPage","@id":"https:\/\/www.erresse-shop.it\/de\/shop\/kaffe\/zubehoer\/sage-the-pour-over-adapter-kit\/","url":"https:\/\/www.erresse-shop.it\/de\/shop\/kaffe\/zubehoer\/sage-the-pour-over-adapter-kit\/","name":"SAGE The Pour Over Adapter Kit - Erresse Shop","isPartOf":{"@id":"https:\/\/www.erresse-shop.it\/de\/#website"},"datePublished":"2023-12-12T11:39:24+00:00","dateModified":"2023-12-12T11:46:55+00:00","breadcrumb":{"@id":"https:\/\/www.erresse-shop.it\/de\/shop\/kaffe\/zubehoer\/sage-the-pour-over-adapter-kit\/#breadcrumb"},"inLanguage":"de-DE","potentialAction":[{"@type":"ReadAction","target":["https:\/\/www.erresse-shop.it\/de\/shop\/kaffe\/zubehoer\/sage-the-pour-over-adapter-kit\/"]}]},{"@type":"BreadcrumbList","@id":"https:\/\/www.erresse-shop.it\/de\/shop\/kaffe\/zubehoer\/sage-the-pour-over-adapter-kit\/#breadcrumb","itemListElement":[{"@type":"ListItem","position":1,"name":"Home","item":"https:\/\/www.erresse-shop.it\/de\/"},{"@type":"ListItem","position":2,"name":"Shop","item":"https:\/\/www.erresse-shop.it\/de\/shop\/"},{"@type":"ListItem","position":3,"name":"SAGE The Pour Over Adapter Kit"}]},{"@type":"WebSite","@id":"https:\/\/www.erresse-shop.it\/de\/#website","url":"https:\/\/www.erresse-shop.it\/de\/","name":"Erresse Shop","description":"Articoli di qualit\u00e0 per la casa","potentialAction":[{"@type":"SearchAction","target":{"@type":"EntryPoint","urlTemplate":"https:\/\/www.erresse-shop.it\/de\/?s={search_term_string}"},"query-input":"required name=search_term_string"}],"inLanguage":"de-DE"}]}},"df_price":34.9,"df_sale_price":34.9,"df_regular_price":34.9,"df_image_link":"https:\/\/www.erresse-shop.it\/wp-content\/uploads\/2023\/12\/SAGE-THE-POUR-OVER-ADAPTER-KIT-300x300.jpg","_links":{"self":[{"href":"https:\/\/www.erresse-shop.it\/de\/wp-json\/wp\/v2\/product\/366646"}],"collection":[{"href":"https:\/\/www.erresse-shop.it\/de\/wp-json\/wp\/v2\/product"}],"about":[{"href":"https:\/\/www.erresse-shop.it\/de\/wp-json\/wp\/v2\/types\/product"}],"wp:featuredmedia":[{"embeddable":true,"href":"https:\/\/www.erresse-shop.it\/de\/wp-json\/wp\/v2\/media\/366654"}],"wp:attachment":[{"href":"https:\/\/www.erresse-shop.it\/de\/wp-json\/wp\/v2\/media?parent=366646"}],"wp:term":[{"taxonomy":"product_cat","embeddable":true,"href":"https:\/\/www.erresse-shop.it\/de\/wp-json\/wp\/v2\/product_cat?post=366646"},{"taxonomy":"product_tag","embeddable":true,"href":"https:\/\/www.erresse-shop.it\/de\/wp-json\/wp\/v2\/product_tag?post=366646"}],"curies":[{"name":"wp","href":"https:\/\/api.w.org\/{rel}","templated":true}]}}