{"id":366407,"date":"2023-12-12T07:45:55","date_gmt":"2023-12-12T07:45:57","guid":{"rendered":"https:\/\/www.erresse-shop.it\/?post_type=product&#038;p=366407"},"modified":"2025-09-13T10:00:09","modified_gmt":"2025-09-13T10:00:09","slug":"ooni-karu-12g-ofen-fur-pizza-multi-brennen","status":"publish","type":"product","link":"https:\/\/www.erresse-shop.it\/de\/shop\/kleine-elektrogeraete\/oefen\/ooni-karu-12g-ofen-fur-pizza-multi-brennen\/","title":{"rendered":"OONI Karu 12G Ofen F\u00fcr Pizza Multi Brennen"},"content":{"rendered":"<p>Was macht den Ooni Karu 12G so toll?<br \/>\nUnser gesamtes Wissen, das wir in mehr als einem Jahrzehnt Erfahrung in der Herstellung von Pizza\u00f6fen gesammelt haben, ist in das Design des neuen Ooni Karu 12G eingeflossen. Vom hitzebest\u00e4ndigen Griff des Abzugsblechs \u00fcber die pulverbeschichtete Schale bis hin zu den rutschfesten Gummif\u00fc\u00dfen wurde jedes Detail dieses Ofens sorgf\u00e4ltig entworfen, um ein erstklassiges Kocherlebnis zu bieten.<\/p>\n<p>Der Ofen Ooni Karu 12G verbindet optimale Leistung mit hochwertigem Design. Die kleine Gr\u00f6\u00dfe, das pulverbeschichtete Geh\u00e4use und die elegante Silhouette machen Karu 12G zu einem Ofen, der auf jedem Balkon, Garten oder in jeder Au\u00dfenk\u00fcche &#8220;ausgestellt&#8221; werden kann.<\/p>\n<p>Tragbar und leistungsstark k\u00f6nnen Sie Ooni Karu 12G \u00fcberall einsetzen, ohne Kompromisse bei der Leistung einzugehen.<\/p>\n<p>Der Ofen Ooni Karu 12G ist auch mit allen vorhandenen Zubeh\u00f6rteilen f\u00fcr den Karu 12 kompatibel, wie dem Gasbrenner f\u00fcr Ooni Karu 12 und dem Transportkoffer f\u00fcr Ooni Karu 12.<\/p>\n<p>Warum einen Ofen mit mehreren Brennstoffen w\u00e4hlen?<\/p>\n<p>Authentisch<br \/>\nKochen mit festen Brennstoffen wie Holz und Holzkohle ist eine alte und traditionelle Methode, die auf der ganzen Welt verwendet wird: Das Aroma des Holzkochens ist unverwechselbar.<\/p>\n<p>Kontrollieren<br \/>\nDer Gasbrenner f\u00fcr Ooni Karu 12G bietet mehr Komfort und Kontrolle.<\/p>\n<p>Flexibel<br \/>\nW\u00e4hlen Sie immer den Brennstoff, den Sie bevorzugen: Entscheiden Sie sich f\u00fcr Holz oder Holzkohle, wenn Ihr Rezept ein rauchiges Aroma oder niedrigere Kochtemperaturen erfordert, oder verwenden Sie Gas, wenn Sie eine Prise mit vielen G\u00e4sten organisieren. Karu 12G ist extrem vielseitig und passt sich Ihren Bed\u00fcrfnissen an.<\/p>\n<ul>\n<li>Der fortschrittlichste tragbare Pizzaofen der Welt.<\/li>\n<li>Isolierte Borosilikatglasplatte zur Kontrolle des Pizzaofens ohne W\u00e4rmeverlust.<\/li>\n<li>Die ClearView\u2122-Technologie verhindert die Ansammlung von Ru\u00df und Asche an der Glast\u00fcr.<\/li>\n<li>Sie k\u00f6nnen Holz oder Holzkohle f\u00fcr ein traditionelles Kocherlebnis verwenden oder einen Gasbrenner (separat erh\u00e4ltlich) anschlie\u00dfen und eine LPG-Flasche verwenden, die 36% weniger Gas verbraucht als die Vorg\u00e4ngermodelle.<\/li>\n<li>Max. Temperatur von 500\u00b0C, Pizza in nur 60 Sekunden backen.<\/li>\n<li>Erreicht die ideale Gartemperatur von 450\u00b0C, bis zu 29% schneller, in nur 15 Minuten.<\/li>\n<li>Integriertes Thermometer zur einfachen Temperaturkontrolle.<\/li>\n<li>Der Cool-Touch-Griff bleibt immer frisch im Griff.<\/li>\n<li>Sie k\u00f6nnen Pizzen mit einem Durchmesser von 30 cm und mehr auf dem 15 mm dicken Kordierit-Schamottstein backen.<\/li>\n<\/ul>\n<p><strong>Nicht au\u00dferhalb Europas verk\u00e4uflich<\/strong><\/p>\n","protected":false},"excerpt":{"rendered":"<p>Was macht den Ooni Karu 12G so toll? Unser gesamtes Wissen, das wir in mehr als einem Jahrzehnt Erfahrung in<\/p>\n","protected":false},"featured_media":366422,"template":"","meta":{"_acf_changed":false,"inline_featured_image":false},"product_cat":[6703,15659],"product_tag":[11555,24604,12236],"acf":[],"yoast_head":"<!-- This site is optimized with the Yoast SEO Premium plugin v18.6 (Yoast SEO v19.13) - https:\/\/yoast.com\/wordpress\/plugins\/seo\/ -->\n<title>OONI Karu 12G Ofen F\u00fcr Pizza Multi Brennen - Erresse Shop<\/title>\n<meta name=\"description\" content=\"Was macht den Ooni Karu 12G so toll? Unser gesamtes Wissen, das wir in mehr als einem Jahrzehnt Erfahrung in der Herstellung von Pizza\u00f6fen gesammelt\" \/>\n<meta name=\"robots\" content=\"index, follow, max-snippet:-1, max-image-preview:large, max-video-preview:-1\" \/>\n<link rel=\"canonical\" href=\"https:\/\/www.erresse-shop.it\/de\/shop\/kleine-elektrogeraete\/oefen\/ooni-karu-12g-ofen-fur-pizza-multi-brennen\/\" \/>\n<meta property=\"og:locale\" content=\"de_DE\" \/>\n<meta property=\"og:type\" content=\"article\" \/>\n<meta property=\"og:title\" content=\"OONI Karu 12G Ofen F\u00fcr Pizza Multi Brennen\" \/>\n<meta property=\"og:description\" content=\"Was macht den Ooni Karu 12G so toll? Unser gesamtes Wissen, das wir in mehr als einem Jahrzehnt Erfahrung in der Herstellung von Pizza\u00f6fen gesammelt\" \/>\n<meta property=\"og:url\" content=\"https:\/\/www.erresse-shop.it\/de\/shop\/kleine-elektrogeraete\/oefen\/ooni-karu-12g-ofen-fur-pizza-multi-brennen\/\" \/>\n<meta property=\"og:site_name\" content=\"Erresse Shop\" \/>\n<meta property=\"article:modified_time\" content=\"2025-09-13T10:00:09+00:00\" \/>\n<meta property=\"og:image\" content=\"https:\/\/www.erresse-shop.it\/wp-content\/uploads\/2023\/12\/karu-12g.jpg\" \/>\n\t<meta property=\"og:image:width\" content=\"800\" \/>\n\t<meta property=\"og:image:height\" content=\"800\" \/>\n\t<meta property=\"og:image:type\" content=\"image\/jpeg\" \/>\n<meta name=\"twitter:card\" content=\"summary_large_image\" \/>\n<script type=\"application\/ld+json\" class=\"yoast-schema-graph\">{\"@context\":\"https:\/\/schema.org\",\"@graph\":[{\"@type\":\"WebPage\",\"@id\":\"https:\/\/www.erresse-shop.it\/de\/shop\/kleine-elektrogeraete\/oefen\/ooni-karu-12g-ofen-fur-pizza-multi-brennen\/\",\"url\":\"https:\/\/www.erresse-shop.it\/de\/shop\/kleine-elektrogeraete\/oefen\/ooni-karu-12g-ofen-fur-pizza-multi-brennen\/\",\"name\":\"OONI Karu 12G Ofen F\u00fcr Pizza Multi Brennen - Erresse Shop\",\"isPartOf\":{\"@id\":\"https:\/\/www.erresse-shop.it\/de\/#website\"},\"datePublished\":\"2023-12-12T07:45:57+00:00\",\"dateModified\":\"2025-09-13T10:00:09+00:00\",\"description\":\"Was macht den Ooni Karu 12G so toll? Unser gesamtes Wissen, das wir in mehr als einem Jahrzehnt Erfahrung in der Herstellung von Pizza\u00f6fen gesammelt\",\"breadcrumb\":{\"@id\":\"https:\/\/www.erresse-shop.it\/de\/shop\/kleine-elektrogeraete\/oefen\/ooni-karu-12g-ofen-fur-pizza-multi-brennen\/#breadcrumb\"},\"inLanguage\":\"de-DE\",\"potentialAction\":[{\"@type\":\"ReadAction\",\"target\":[\"https:\/\/www.erresse-shop.it\/de\/shop\/kleine-elektrogeraete\/oefen\/ooni-karu-12g-ofen-fur-pizza-multi-brennen\/\"]}]},{\"@type\":\"BreadcrumbList\",\"@id\":\"https:\/\/www.erresse-shop.it\/de\/shop\/kleine-elektrogeraete\/oefen\/ooni-karu-12g-ofen-fur-pizza-multi-brennen\/#breadcrumb\",\"itemListElement\":[{\"@type\":\"ListItem\",\"position\":1,\"name\":\"Home\",\"item\":\"https:\/\/www.erresse-shop.it\/de\/\"},{\"@type\":\"ListItem\",\"position\":2,\"name\":\"Shop\",\"item\":\"https:\/\/www.erresse-shop.it\/de\/shop\/\"},{\"@type\":\"ListItem\",\"position\":3,\"name\":\"OONI Karu 12G Ofen F\u00fcr Pizza Multi Brennen\"}]},{\"@type\":\"WebSite\",\"@id\":\"https:\/\/www.erresse-shop.it\/de\/#website\",\"url\":\"https:\/\/www.erresse-shop.it\/de\/\",\"name\":\"Erresse Shop\",\"description\":\"Articoli di qualit\u00e0 per la casa\",\"potentialAction\":[{\"@type\":\"SearchAction\",\"target\":{\"@type\":\"EntryPoint\",\"urlTemplate\":\"https:\/\/www.erresse-shop.it\/de\/?s={search_term_string}\"},\"query-input\":\"required name=search_term_string\"}],\"inLanguage\":\"de-DE\"}]}<\/script>\n<!-- \/ Yoast SEO Premium plugin. -->","yoast_head_json":{"title":"OONI Karu 12G Ofen F\u00fcr Pizza Multi Brennen - Erresse Shop","description":"Was macht den Ooni Karu 12G so toll? Unser gesamtes Wissen, das wir in mehr als einem Jahrzehnt Erfahrung in der Herstellung von Pizza\u00f6fen gesammelt","robots":{"index":"index","follow":"follow","max-snippet":"max-snippet:-1","max-image-preview":"max-image-preview:large","max-video-preview":"max-video-preview:-1"},"canonical":"https:\/\/www.erresse-shop.it\/de\/shop\/kleine-elektrogeraete\/oefen\/ooni-karu-12g-ofen-fur-pizza-multi-brennen\/","og_locale":"de_DE","og_type":"article","og_title":"OONI Karu 12G Ofen F\u00fcr Pizza Multi Brennen","og_description":"Was macht den Ooni Karu 12G so toll? Unser gesamtes Wissen, das wir in mehr als einem Jahrzehnt Erfahrung in der Herstellung von Pizza\u00f6fen gesammelt","og_url":"https:\/\/www.erresse-shop.it\/de\/shop\/kleine-elektrogeraete\/oefen\/ooni-karu-12g-ofen-fur-pizza-multi-brennen\/","og_site_name":"Erresse Shop","article_modified_time":"2025-09-13T10:00:09+00:00","og_image":[{"width":800,"height":800,"url":"https:\/\/www.erresse-shop.it\/wp-content\/uploads\/2023\/12\/karu-12g.jpg","type":"image\/jpeg"}],"twitter_card":"summary_large_image","schema":{"@context":"https:\/\/schema.org","@graph":[{"@type":"WebPage","@id":"https:\/\/www.erresse-shop.it\/de\/shop\/kleine-elektrogeraete\/oefen\/ooni-karu-12g-ofen-fur-pizza-multi-brennen\/","url":"https:\/\/www.erresse-shop.it\/de\/shop\/kleine-elektrogeraete\/oefen\/ooni-karu-12g-ofen-fur-pizza-multi-brennen\/","name":"OONI Karu 12G Ofen F\u00fcr Pizza Multi Brennen - Erresse Shop","isPartOf":{"@id":"https:\/\/www.erresse-shop.it\/de\/#website"},"datePublished":"2023-12-12T07:45:57+00:00","dateModified":"2025-09-13T10:00:09+00:00","description":"Was macht den Ooni Karu 12G so toll? Unser gesamtes Wissen, das wir in mehr als einem Jahrzehnt Erfahrung in der Herstellung von Pizza\u00f6fen gesammelt","breadcrumb":{"@id":"https:\/\/www.erresse-shop.it\/de\/shop\/kleine-elektrogeraete\/oefen\/ooni-karu-12g-ofen-fur-pizza-multi-brennen\/#breadcrumb"},"inLanguage":"de-DE","potentialAction":[{"@type":"ReadAction","target":["https:\/\/www.erresse-shop.it\/de\/shop\/kleine-elektrogeraete\/oefen\/ooni-karu-12g-ofen-fur-pizza-multi-brennen\/"]}]},{"@type":"BreadcrumbList","@id":"https:\/\/www.erresse-shop.it\/de\/shop\/kleine-elektrogeraete\/oefen\/ooni-karu-12g-ofen-fur-pizza-multi-brennen\/#breadcrumb","itemListElement":[{"@type":"ListItem","position":1,"name":"Home","item":"https:\/\/www.erresse-shop.it\/de\/"},{"@type":"ListItem","position":2,"name":"Shop","item":"https:\/\/www.erresse-shop.it\/de\/shop\/"},{"@type":"ListItem","position":3,"name":"OONI Karu 12G Ofen F\u00fcr Pizza Multi Brennen"}]},{"@type":"WebSite","@id":"https:\/\/www.erresse-shop.it\/de\/#website","url":"https:\/\/www.erresse-shop.it\/de\/","name":"Erresse Shop","description":"Articoli di qualit\u00e0 per la casa","potentialAction":[{"@type":"SearchAction","target":{"@type":"EntryPoint","urlTemplate":"https:\/\/www.erresse-shop.it\/de\/?s={search_term_string}"},"query-input":"required name=search_term_string"}],"inLanguage":"de-DE"}]}},"df_price":349.95,"df_sale_price":349.95,"df_regular_price":429,"df_image_link":"https:\/\/www.erresse-shop.it\/wp-content\/uploads\/2023\/12\/karu-12g-300x300.jpg","_links":{"self":[{"href":"https:\/\/www.erresse-shop.it\/de\/wp-json\/wp\/v2\/product\/366407"}],"collection":[{"href":"https:\/\/www.erresse-shop.it\/de\/wp-json\/wp\/v2\/product"}],"about":[{"href":"https:\/\/www.erresse-shop.it\/de\/wp-json\/wp\/v2\/types\/product"}],"wp:featuredmedia":[{"embeddable":true,"href":"https:\/\/www.erresse-shop.it\/de\/wp-json\/wp\/v2\/media\/366422"}],"wp:attachment":[{"href":"https:\/\/www.erresse-shop.it\/de\/wp-json\/wp\/v2\/media?parent=366407"}],"wp:term":[{"taxonomy":"product_cat","embeddable":true,"href":"https:\/\/www.erresse-shop.it\/de\/wp-json\/wp\/v2\/product_cat?post=366407"},{"taxonomy":"product_tag","embeddable":true,"href":"https:\/\/www.erresse-shop.it\/de\/wp-json\/wp\/v2\/product_tag?post=366407"}],"curies":[{"name":"wp","href":"https:\/\/api.w.org\/{rel}","templated":true}]}}