{"id":362940,"date":"2023-12-06T10:07:53","date_gmt":"2023-12-06T10:07:55","guid":{"rendered":"https:\/\/www.erresse-shop.it\/?post_type=product&#038;p=362940"},"modified":"2025-06-19T13:08:11","modified_gmt":"2025-06-19T13:08:11","slug":"jura-kaffeemaschine-d6-piano-platin-einschlieslich-2-kg-kaffee","status":"publish","type":"product","link":"https:\/\/www.erresse-shop.it\/de\/shop\/kleine-elektrogeraete\/kaffeemaschinen-espresso\/automatisch\/jura-kaffeemaschine-d6-piano-platin-einschlieslich-2-kg-kaffee\/","title":{"rendered":"JURA Kaffeemaschine D6 Piano Platin &#8211; einschlie\u00dflich 1 Kg Kaffee"},"content":{"rendered":"<p><strong>Funktionalit\u00e4t trifft auf Genuss<\/strong><br \/>\nMit der selbsterkl\u00e4renden und schnellen D6 ist die Zubereitung des perfekten Kaffees ein Kinderspiel. Daf\u00fcr sorgen ein intuitives Display mit Klartext und das Easy Cappuccino-System mit Drehknopf. Die D6 zeigt ein klassisches Design, das neu interpretiert und mit hochwertigen Details angereichert wurde. Das nach neuesten technischen und ergonomischen Erkenntnissen optimierte Easy Cappuccino-System kr\u00f6nt Milchspezialit\u00e4ten wie Cappuccino mit einem k\u00f6stlichen Milchschaum von weicher und zarter Konsistenz.<\/p>\n<p><strong>Ausgezeichnete Kaffeequalit\u00e4t<\/strong><br \/>\nInnovationen auf h\u00f6chstem Niveau erm\u00f6glichen die Zubereitung von sechs Kaffeespezialit\u00e4ten in bester Barista-Qualit\u00e4t. Die AromaG2 Kaffeem\u00fchle besticht durch ihre perfektionierte Schnittwinkelarchitektur, die es erm\u00f6glicht, die Kaffeebohnen frisch, in der idealen Feinheit, schnell und gleichzeitig besonders schonend zu mahlen. Der Pulse Extraction Process (P.E.P.\u00ae) optimiert die Extraktionszeit und entfaltet das volle Bouquet der Kaffeearomen.<\/p>\n<p><strong>Einfache Bedienphilosophie mit Tasten auf der Frontblende<\/strong><br \/>\nDie Bedienung \u00fcber das Klartext-Display und den ergonomisch optimierten Drehknopf ist einfach und intuitiv und kann dank des optionalen Smart Connect sogar \u00fcber Smartphone oder Tablet bedient werden.<\/p>\n<p><strong>Intelligentes Wassersystem (I.W.S.\u00ae) f\u00fcr automatische Filtererkennung<\/strong><br \/>\nCLARIS Wasserfilter sorgen f\u00fcr optimale Wasserqualit\u00e4t und damit f\u00fcr einen Rundum-Genuss. Gleichzeitig sch\u00fctzen sie den Automaten vor Kalk und entziehen dem Wasser geschmacks- und geruchsver\u00e4ndernde Stoffe wie Schwermetalle und Chlor. Um die Vorteile und die Leistungsf\u00e4higkeit des Filters optimal zu nutzen, hat JURA das Intelligent Water System (I.W.S.\u00ae) erfunden. Die Filterkartusche und der Automat sind \u00fcber RFID-Technologie miteinander verbunden, so dass der Filter automatisch erkannt wird. Noch nie war die Anwendung des Filters so einfach und sicher.<\/p>\n<p><strong>Spezifikationen<\/strong><br \/>\nH\u00f6hen-\/Breitenverstellbarer Kaffeeauslauf: 64 &#8211; 110 mm \/ &#8211;<br \/>\nFassungsverm\u00f6gen Wassertank: 1,9 l<br \/>\nFassungsverm\u00f6gen Kaffeebohnenbeh\u00e4lter: 200 g<br \/>\nKaffeesatzbeh\u00e4lter (Portionen): 16<br \/>\nKabell\u00e4nge: 1,1 m<br \/>\nSpannung \/ Leistungsaufnahme: 230 V ~ \/ 1450 W<br \/>\nStand-by-Verbrauch: 0 W<br \/>\nGewicht: 8,7 kg<br \/>\nAbmessungen (B \u00d7 H \u00d7 T): 28 \u00d7 34,5 \u00d7 41,5 cm<br \/>\nArtikelnummer, Produktcode: 15181, Platin<br \/>\nHerstellerland: Hergestellt in Portugal<br \/>\nModelljahr: 2017<\/p>\n","protected":false},"excerpt":{"rendered":"<p>Funktionalit\u00e4t trifft auf Genuss Mit der selbsterkl\u00e4renden und schnellen D6 ist die Zubereitung des perfekten Kaffees ein Kinderspiel. Daf\u00fcr sorgen<\/p>\n","protected":false},"featured_media":362953,"template":"","meta":{"_acf_changed":false,"inline_featured_image":false},"product_cat":[6733,6703,25361],"product_tag":[23569,23564,23661,24416,20766,13966],"acf":[],"yoast_head":"<!-- This site is optimized with the Yoast SEO Premium plugin v18.6 (Yoast SEO v19.13) - https:\/\/yoast.com\/wordpress\/plugins\/seo\/ -->\n<title>JURA Kaffeemaschine D6 Piano Platin - einschlie\u00dflich 2 Kg Kaffee<\/title>\n<meta name=\"description\" content=\"Entdecken Sie JURA Kaffeemaschine D6 Piano Platin - einschlie\u00dflich 2 Kg Kaffee bei ErresseShop. Qualit\u00e4t, Stil und Funktionalit\u00e4t \u2013 jetzt online bestellen!\" \/>\n<meta name=\"robots\" content=\"index, follow, max-snippet:-1, max-image-preview:large, max-video-preview:-1\" \/>\n<link rel=\"canonical\" href=\"https:\/\/www.erresse-shop.it\/de\/shop\/kleine-elektrogeraete\/kaffeemaschinen-espresso\/automatisch\/jura-kaffeemaschine-d6-piano-platin-einschlieslich-2-kg-kaffee\/\" \/>\n<meta property=\"og:locale\" content=\"de_DE\" \/>\n<meta property=\"og:type\" content=\"article\" \/>\n<meta property=\"og:title\" content=\"JURA Kaffeemaschine D6 Piano Platin - einschlie\u00dflich 1 Kg Kaffee\" \/>\n<meta property=\"og:description\" content=\"Entdecken Sie JURA Kaffeemaschine D6 Piano Platin - einschlie\u00dflich 2 Kg Kaffee bei ErresseShop. Qualit\u00e4t, Stil und Funktionalit\u00e4t \u2013 jetzt online bestellen!\" \/>\n<meta property=\"og:url\" content=\"https:\/\/www.erresse-shop.it\/de\/shop\/kleine-elektrogeraete\/kaffeemaschinen-espresso\/automatisch\/jura-kaffeemaschine-d6-piano-platin-einschlieslich-2-kg-kaffee\/\" \/>\n<meta property=\"og:site_name\" content=\"Erresse Shop\" \/>\n<meta property=\"article:modified_time\" content=\"2025-06-19T13:08:11+00:00\" \/>\n<meta property=\"og:image\" content=\"https:\/\/www.erresse-shop.it\/wp-content\/uploads\/2023\/12\/d6-platino-1.jpg\" \/>\n\t<meta property=\"og:image:width\" content=\"800\" \/>\n\t<meta property=\"og:image:height\" content=\"800\" \/>\n\t<meta property=\"og:image:type\" content=\"image\/jpeg\" \/>\n<meta name=\"twitter:card\" content=\"summary_large_image\" \/>\n<script type=\"application\/ld+json\" class=\"yoast-schema-graph\">{\"@context\":\"https:\/\/schema.org\",\"@graph\":[{\"@type\":\"WebPage\",\"@id\":\"https:\/\/www.erresse-shop.it\/de\/shop\/kleine-elektrogeraete\/kaffeemaschinen-espresso\/automatisch\/jura-kaffeemaschine-d6-piano-platin-einschlieslich-2-kg-kaffee\/\",\"url\":\"https:\/\/www.erresse-shop.it\/de\/shop\/kleine-elektrogeraete\/kaffeemaschinen-espresso\/automatisch\/jura-kaffeemaschine-d6-piano-platin-einschlieslich-2-kg-kaffee\/\",\"name\":\"JURA Kaffeemaschine D6 Piano Platin - einschlie\u00dflich 2 Kg Kaffee\",\"isPartOf\":{\"@id\":\"https:\/\/www.erresse-shop.it\/de\/#website\"},\"datePublished\":\"2023-12-06T10:07:55+00:00\",\"dateModified\":\"2025-06-19T13:08:11+00:00\",\"description\":\"Entdecken Sie JURA Kaffeemaschine D6 Piano Platin - einschlie\u00dflich 2 Kg Kaffee bei ErresseShop. Qualit\u00e4t, Stil und Funktionalit\u00e4t \u2013 jetzt online bestellen!\",\"breadcrumb\":{\"@id\":\"https:\/\/www.erresse-shop.it\/de\/shop\/kleine-elektrogeraete\/kaffeemaschinen-espresso\/automatisch\/jura-kaffeemaschine-d6-piano-platin-einschlieslich-2-kg-kaffee\/#breadcrumb\"},\"inLanguage\":\"de-DE\",\"potentialAction\":[{\"@type\":\"ReadAction\",\"target\":[\"https:\/\/www.erresse-shop.it\/de\/shop\/kleine-elektrogeraete\/kaffeemaschinen-espresso\/automatisch\/jura-kaffeemaschine-d6-piano-platin-einschlieslich-2-kg-kaffee\/\"]}]},{\"@type\":\"BreadcrumbList\",\"@id\":\"https:\/\/www.erresse-shop.it\/de\/shop\/kleine-elektrogeraete\/kaffeemaschinen-espresso\/automatisch\/jura-kaffeemaschine-d6-piano-platin-einschlieslich-2-kg-kaffee\/#breadcrumb\",\"itemListElement\":[{\"@type\":\"ListItem\",\"position\":1,\"name\":\"Home\",\"item\":\"https:\/\/www.erresse-shop.it\/de\/\"},{\"@type\":\"ListItem\",\"position\":2,\"name\":\"Shop\",\"item\":\"https:\/\/www.erresse-shop.it\/de\/shop\/\"},{\"@type\":\"ListItem\",\"position\":3,\"name\":\"JURA Kaffeemaschine D6 Piano Platin &#8211; einschlie\u00dflich 1 Kg Kaffee\"}]},{\"@type\":\"WebSite\",\"@id\":\"https:\/\/www.erresse-shop.it\/de\/#website\",\"url\":\"https:\/\/www.erresse-shop.it\/de\/\",\"name\":\"Erresse Shop\",\"description\":\"Articoli di qualit\u00e0 per la casa\",\"potentialAction\":[{\"@type\":\"SearchAction\",\"target\":{\"@type\":\"EntryPoint\",\"urlTemplate\":\"https:\/\/www.erresse-shop.it\/de\/?s={search_term_string}\"},\"query-input\":\"required name=search_term_string\"}],\"inLanguage\":\"de-DE\"}]}<\/script>\n<!-- \/ Yoast SEO Premium plugin. -->","yoast_head_json":{"title":"JURA Kaffeemaschine D6 Piano Platin - einschlie\u00dflich 2 Kg Kaffee","description":"Entdecken Sie JURA Kaffeemaschine D6 Piano Platin - einschlie\u00dflich 2 Kg Kaffee bei ErresseShop. Qualit\u00e4t, Stil und Funktionalit\u00e4t \u2013 jetzt online bestellen!","robots":{"index":"index","follow":"follow","max-snippet":"max-snippet:-1","max-image-preview":"max-image-preview:large","max-video-preview":"max-video-preview:-1"},"canonical":"https:\/\/www.erresse-shop.it\/de\/shop\/kleine-elektrogeraete\/kaffeemaschinen-espresso\/automatisch\/jura-kaffeemaschine-d6-piano-platin-einschlieslich-2-kg-kaffee\/","og_locale":"de_DE","og_type":"article","og_title":"JURA Kaffeemaschine D6 Piano Platin - einschlie\u00dflich 1 Kg Kaffee","og_description":"Entdecken Sie JURA Kaffeemaschine D6 Piano Platin - einschlie\u00dflich 2 Kg Kaffee bei ErresseShop. Qualit\u00e4t, Stil und Funktionalit\u00e4t \u2013 jetzt online bestellen!","og_url":"https:\/\/www.erresse-shop.it\/de\/shop\/kleine-elektrogeraete\/kaffeemaschinen-espresso\/automatisch\/jura-kaffeemaschine-d6-piano-platin-einschlieslich-2-kg-kaffee\/","og_site_name":"Erresse Shop","article_modified_time":"2025-06-19T13:08:11+00:00","og_image":[{"width":800,"height":800,"url":"https:\/\/www.erresse-shop.it\/wp-content\/uploads\/2023\/12\/d6-platino-1.jpg","type":"image\/jpeg"}],"twitter_card":"summary_large_image","schema":{"@context":"https:\/\/schema.org","@graph":[{"@type":"WebPage","@id":"https:\/\/www.erresse-shop.it\/de\/shop\/kleine-elektrogeraete\/kaffeemaschinen-espresso\/automatisch\/jura-kaffeemaschine-d6-piano-platin-einschlieslich-2-kg-kaffee\/","url":"https:\/\/www.erresse-shop.it\/de\/shop\/kleine-elektrogeraete\/kaffeemaschinen-espresso\/automatisch\/jura-kaffeemaschine-d6-piano-platin-einschlieslich-2-kg-kaffee\/","name":"JURA Kaffeemaschine D6 Piano Platin - einschlie\u00dflich 2 Kg Kaffee","isPartOf":{"@id":"https:\/\/www.erresse-shop.it\/de\/#website"},"datePublished":"2023-12-06T10:07:55+00:00","dateModified":"2025-06-19T13:08:11+00:00","description":"Entdecken Sie JURA Kaffeemaschine D6 Piano Platin - einschlie\u00dflich 2 Kg Kaffee bei ErresseShop. Qualit\u00e4t, Stil und Funktionalit\u00e4t \u2013 jetzt online bestellen!","breadcrumb":{"@id":"https:\/\/www.erresse-shop.it\/de\/shop\/kleine-elektrogeraete\/kaffeemaschinen-espresso\/automatisch\/jura-kaffeemaschine-d6-piano-platin-einschlieslich-2-kg-kaffee\/#breadcrumb"},"inLanguage":"de-DE","potentialAction":[{"@type":"ReadAction","target":["https:\/\/www.erresse-shop.it\/de\/shop\/kleine-elektrogeraete\/kaffeemaschinen-espresso\/automatisch\/jura-kaffeemaschine-d6-piano-platin-einschlieslich-2-kg-kaffee\/"]}]},{"@type":"BreadcrumbList","@id":"https:\/\/www.erresse-shop.it\/de\/shop\/kleine-elektrogeraete\/kaffeemaschinen-espresso\/automatisch\/jura-kaffeemaschine-d6-piano-platin-einschlieslich-2-kg-kaffee\/#breadcrumb","itemListElement":[{"@type":"ListItem","position":1,"name":"Home","item":"https:\/\/www.erresse-shop.it\/de\/"},{"@type":"ListItem","position":2,"name":"Shop","item":"https:\/\/www.erresse-shop.it\/de\/shop\/"},{"@type":"ListItem","position":3,"name":"JURA Kaffeemaschine D6 Piano Platin &#8211; einschlie\u00dflich 1 Kg Kaffee"}]},{"@type":"WebSite","@id":"https:\/\/www.erresse-shop.it\/de\/#website","url":"https:\/\/www.erresse-shop.it\/de\/","name":"Erresse Shop","description":"Articoli di qualit\u00e0 per la casa","potentialAction":[{"@type":"SearchAction","target":{"@type":"EntryPoint","urlTemplate":"https:\/\/www.erresse-shop.it\/de\/?s={search_term_string}"},"query-input":"required name=search_term_string"}],"inLanguage":"de-DE"}]}},"df_price":584.1,"df_sale_price":584.1,"df_regular_price":649,"df_image_link":"https:\/\/www.erresse-shop.it\/wp-content\/uploads\/2023\/12\/d6-platino-1-300x300.jpg","_links":{"self":[{"href":"https:\/\/www.erresse-shop.it\/de\/wp-json\/wp\/v2\/product\/362940"}],"collection":[{"href":"https:\/\/www.erresse-shop.it\/de\/wp-json\/wp\/v2\/product"}],"about":[{"href":"https:\/\/www.erresse-shop.it\/de\/wp-json\/wp\/v2\/types\/product"}],"wp:featuredmedia":[{"embeddable":true,"href":"https:\/\/www.erresse-shop.it\/de\/wp-json\/wp\/v2\/media\/362953"}],"wp:attachment":[{"href":"https:\/\/www.erresse-shop.it\/de\/wp-json\/wp\/v2\/media?parent=362940"}],"wp:term":[{"taxonomy":"product_cat","embeddable":true,"href":"https:\/\/www.erresse-shop.it\/de\/wp-json\/wp\/v2\/product_cat?post=362940"},{"taxonomy":"product_tag","embeddable":true,"href":"https:\/\/www.erresse-shop.it\/de\/wp-json\/wp\/v2\/product_tag?post=362940"}],"curies":[{"name":"wp","href":"https:\/\/api.w.org\/{rel}","templated":true}]}}