{"id":360162,"date":"2023-12-01T08:34:01","date_gmt":"2023-12-01T08:34:06","guid":{"rendered":"https:\/\/www.erresse-shop.it\/?post_type=product&#038;p=360162"},"modified":"2025-06-09T18:36:42","modified_gmt":"2025-06-09T18:36:42","slug":"cookut-grahamen-das-beste-glas-der-welt","status":"publish","type":"product","link":"https:\/\/www.erresse-shop.it\/de\/shop\/tisch\/trinkglaeser\/cookut-grahamen-das-beste-glas-der-welt\/","title":{"rendered":"COOKUT Grahamen Das beste Glas der Welt"},"content":{"rendered":"<p>GRAHAM, das beste Weinglas der Welt!<\/p>\n<p>Enth\u00fcllen Sie die Finesse, den Reichtum und die Komplexit\u00e4t Ihrer charaktervollen Destillate<\/p>\n<p>Mundgeblasen und von f\u00fchrenden Spirituosenexperten empfohlen, wurde das GRAHAM Glas entworfen, um dank seiner einzigartigen Form und der gek\u00fchlten Marmorkugel das beste Verkostungserlebnis zu bieten.<\/p>\n<p>Ein Glas f\u00fcr die Freude an der Verkostung, das in die Hand passt und es der Marmorkugel erm\u00f6glicht, sich im Kreis um eine zentrale Kuppel zu bewegen.<\/p>\n<p>Aromakonzentration und Bel\u00fcftung von Ethanol<\/p>\n<p>Die gleichm\u00e4\u00dfige Drehung der Marmorkugel um die zentrale Kuppel des Glases bringt den Brand in Bewegung und gibt die maximale Menge an Aromen frei. Diese subtilen Aromen konzentrieren sich im Herzen des Tulpenglases, w\u00e4hrend das fl\u00fcchtigste Ethanol schnell austritt. Duftnoten werden entdeckt, die in einem anderen Glas verborgen bleiben w\u00fcrden.<\/p>\n<p>Erfrischend ohne Verd\u00fcnnung<\/p>\n<p>Die Marmorkugel, die zuvor an einem kalten Ort platziert wurde, h\u00e4lt den Brand bei einer idealen und homogenen Temperatur, ohne Wasser hinzuzuf\u00fcgen. So k\u00f6nnen Sie Ihr Destillat in seiner reinsten Form genie\u00dfen.<\/p>\n<p>Multisensorische Erfahrung<\/p>\n<p>Die Hand gibt der Marmorkugel eine konstante Bewegung, gepaart mit einem beruhigenden Klang und dem Schauspiel der Brandungswelle, die um die zentrale Kuppel rollt. Zusammen mit dem Geruch und Geschmack des Branntweins nehmen alle Sinne an einem neuen Verkostungserlebnis teil.<\/p>\n<p>Geeignet f\u00fcr alle alkoholischen Getr\u00e4nke<\/p>\n<p>Das GRAHAM Glas offenbart den Reichtum und die Komplexit\u00e4t aller Destillate: Whisky, Cognac, Armagnac, Rum, Vodka.<\/p>\n","protected":false},"excerpt":{"rendered":"<p>GRAHAM, das beste Weinglas der Welt! Enth\u00fcllen Sie die Finesse, den Reichtum und die Komplexit\u00e4t Ihrer charaktervollen Destillate Mundgeblasen und<\/p>\n","protected":false},"featured_media":520891,"template":"","meta":{"_acf_changed":false,"inline_featured_image":false},"product_cat":[6787,6811],"product_tag":[25038,23705,25022],"acf":[],"yoast_head":"<!-- This site is optimized with the Yoast SEO Premium plugin v18.6 (Yoast SEO v19.13) - https:\/\/yoast.com\/wordpress\/plugins\/seo\/ -->\n<title>COOKUT Grahamen Das beste Glas der Welt<\/title>\n<meta name=\"description\" content=\"Entdecken Sie COOKUT Grahamen Das beste Glas der Welt bei ErresseShop. Qualit\u00e4t, Stil und Funktionalit\u00e4t \u2013 jetzt online bestellen!\" \/>\n<meta name=\"robots\" content=\"index, follow, max-snippet:-1, max-image-preview:large, max-video-preview:-1\" \/>\n<link rel=\"canonical\" href=\"https:\/\/www.erresse-shop.it\/de\/shop\/tisch\/trinkglaeser\/cookut-grahamen-das-beste-glas-der-welt\/\" \/>\n<meta property=\"og:locale\" content=\"de_DE\" \/>\n<meta property=\"og:type\" content=\"article\" \/>\n<meta property=\"og:title\" content=\"COOKUT Grahamen Das beste Glas der Welt\" \/>\n<meta property=\"og:description\" content=\"Entdecken Sie COOKUT Grahamen Das beste Glas der Welt bei ErresseShop. Qualit\u00e4t, Stil und Funktionalit\u00e4t \u2013 jetzt online bestellen!\" \/>\n<meta property=\"og:url\" content=\"https:\/\/www.erresse-shop.it\/de\/shop\/tisch\/trinkglaeser\/cookut-grahamen-das-beste-glas-der-welt\/\" \/>\n<meta property=\"og:site_name\" content=\"Erresse Shop\" \/>\n<meta property=\"article:modified_time\" content=\"2025-06-09T18:36:42+00:00\" \/>\n<meta property=\"og:image\" content=\"https:\/\/www.erresse-shop.it\/wp-content\/uploads\/2023\/12\/cookut-grahamen.jpg\" \/>\n\t<meta property=\"og:image:width\" content=\"800\" \/>\n\t<meta property=\"og:image:height\" content=\"800\" \/>\n\t<meta property=\"og:image:type\" content=\"image\/jpeg\" \/>\n<meta name=\"twitter:card\" content=\"summary_large_image\" \/>\n<script type=\"application\/ld+json\" class=\"yoast-schema-graph\">{\"@context\":\"https:\/\/schema.org\",\"@graph\":[{\"@type\":\"WebPage\",\"@id\":\"https:\/\/www.erresse-shop.it\/de\/shop\/tisch\/trinkglaeser\/cookut-grahamen-das-beste-glas-der-welt\/\",\"url\":\"https:\/\/www.erresse-shop.it\/de\/shop\/tisch\/trinkglaeser\/cookut-grahamen-das-beste-glas-der-welt\/\",\"name\":\"COOKUT Grahamen Das beste Glas der Welt\",\"isPartOf\":{\"@id\":\"https:\/\/www.erresse-shop.it\/de\/#website\"},\"datePublished\":\"2023-12-01T08:34:06+00:00\",\"dateModified\":\"2025-06-09T18:36:42+00:00\",\"description\":\"Entdecken Sie COOKUT Grahamen Das beste Glas der Welt bei ErresseShop. Qualit\u00e4t, Stil und Funktionalit\u00e4t \u2013 jetzt online bestellen!\",\"breadcrumb\":{\"@id\":\"https:\/\/www.erresse-shop.it\/de\/shop\/tisch\/trinkglaeser\/cookut-grahamen-das-beste-glas-der-welt\/#breadcrumb\"},\"inLanguage\":\"de-DE\",\"potentialAction\":[{\"@type\":\"ReadAction\",\"target\":[\"https:\/\/www.erresse-shop.it\/de\/shop\/tisch\/trinkglaeser\/cookut-grahamen-das-beste-glas-der-welt\/\"]}]},{\"@type\":\"BreadcrumbList\",\"@id\":\"https:\/\/www.erresse-shop.it\/de\/shop\/tisch\/trinkglaeser\/cookut-grahamen-das-beste-glas-der-welt\/#breadcrumb\",\"itemListElement\":[{\"@type\":\"ListItem\",\"position\":1,\"name\":\"Home\",\"item\":\"https:\/\/www.erresse-shop.it\/de\/\"},{\"@type\":\"ListItem\",\"position\":2,\"name\":\"Shop\",\"item\":\"https:\/\/www.erresse-shop.it\/de\/shop\/\"},{\"@type\":\"ListItem\",\"position\":3,\"name\":\"COOKUT Grahamen Das beste Glas der Welt\"}]},{\"@type\":\"WebSite\",\"@id\":\"https:\/\/www.erresse-shop.it\/de\/#website\",\"url\":\"https:\/\/www.erresse-shop.it\/de\/\",\"name\":\"Erresse Shop\",\"description\":\"Articoli di qualit\u00e0 per la casa\",\"potentialAction\":[{\"@type\":\"SearchAction\",\"target\":{\"@type\":\"EntryPoint\",\"urlTemplate\":\"https:\/\/www.erresse-shop.it\/de\/?s={search_term_string}\"},\"query-input\":\"required name=search_term_string\"}],\"inLanguage\":\"de-DE\"}]}<\/script>\n<!-- \/ Yoast SEO Premium plugin. -->","yoast_head_json":{"title":"COOKUT Grahamen Das beste Glas der Welt","description":"Entdecken Sie COOKUT Grahamen Das beste Glas der Welt bei ErresseShop. Qualit\u00e4t, Stil und Funktionalit\u00e4t \u2013 jetzt online bestellen!","robots":{"index":"index","follow":"follow","max-snippet":"max-snippet:-1","max-image-preview":"max-image-preview:large","max-video-preview":"max-video-preview:-1"},"canonical":"https:\/\/www.erresse-shop.it\/de\/shop\/tisch\/trinkglaeser\/cookut-grahamen-das-beste-glas-der-welt\/","og_locale":"de_DE","og_type":"article","og_title":"COOKUT Grahamen Das beste Glas der Welt","og_description":"Entdecken Sie COOKUT Grahamen Das beste Glas der Welt bei ErresseShop. Qualit\u00e4t, Stil und Funktionalit\u00e4t \u2013 jetzt online bestellen!","og_url":"https:\/\/www.erresse-shop.it\/de\/shop\/tisch\/trinkglaeser\/cookut-grahamen-das-beste-glas-der-welt\/","og_site_name":"Erresse Shop","article_modified_time":"2025-06-09T18:36:42+00:00","og_image":[{"width":800,"height":800,"url":"https:\/\/www.erresse-shop.it\/wp-content\/uploads\/2023\/12\/cookut-grahamen.jpg","type":"image\/jpeg"}],"twitter_card":"summary_large_image","schema":{"@context":"https:\/\/schema.org","@graph":[{"@type":"WebPage","@id":"https:\/\/www.erresse-shop.it\/de\/shop\/tisch\/trinkglaeser\/cookut-grahamen-das-beste-glas-der-welt\/","url":"https:\/\/www.erresse-shop.it\/de\/shop\/tisch\/trinkglaeser\/cookut-grahamen-das-beste-glas-der-welt\/","name":"COOKUT Grahamen Das beste Glas der Welt","isPartOf":{"@id":"https:\/\/www.erresse-shop.it\/de\/#website"},"datePublished":"2023-12-01T08:34:06+00:00","dateModified":"2025-06-09T18:36:42+00:00","description":"Entdecken Sie COOKUT Grahamen Das beste Glas der Welt bei ErresseShop. Qualit\u00e4t, Stil und Funktionalit\u00e4t \u2013 jetzt online bestellen!","breadcrumb":{"@id":"https:\/\/www.erresse-shop.it\/de\/shop\/tisch\/trinkglaeser\/cookut-grahamen-das-beste-glas-der-welt\/#breadcrumb"},"inLanguage":"de-DE","potentialAction":[{"@type":"ReadAction","target":["https:\/\/www.erresse-shop.it\/de\/shop\/tisch\/trinkglaeser\/cookut-grahamen-das-beste-glas-der-welt\/"]}]},{"@type":"BreadcrumbList","@id":"https:\/\/www.erresse-shop.it\/de\/shop\/tisch\/trinkglaeser\/cookut-grahamen-das-beste-glas-der-welt\/#breadcrumb","itemListElement":[{"@type":"ListItem","position":1,"name":"Home","item":"https:\/\/www.erresse-shop.it\/de\/"},{"@type":"ListItem","position":2,"name":"Shop","item":"https:\/\/www.erresse-shop.it\/de\/shop\/"},{"@type":"ListItem","position":3,"name":"COOKUT Grahamen Das beste Glas der Welt"}]},{"@type":"WebSite","@id":"https:\/\/www.erresse-shop.it\/de\/#website","url":"https:\/\/www.erresse-shop.it\/de\/","name":"Erresse Shop","description":"Articoli di qualit\u00e0 per la casa","potentialAction":[{"@type":"SearchAction","target":{"@type":"EntryPoint","urlTemplate":"https:\/\/www.erresse-shop.it\/de\/?s={search_term_string}"},"query-input":"required name=search_term_string"}],"inLanguage":"de-DE"}]}},"df_price":21.450000000000003,"df_sale_price":21.450000000000003,"df_regular_price":39,"df_image_link":"https:\/\/www.erresse-shop.it\/wp-content\/uploads\/2023\/12\/COOKUT-Grahamen-Il-miglior-Bicchiere-Del-Mondo-300x300.jpg","_links":{"self":[{"href":"https:\/\/www.erresse-shop.it\/de\/wp-json\/wp\/v2\/product\/360162"}],"collection":[{"href":"https:\/\/www.erresse-shop.it\/de\/wp-json\/wp\/v2\/product"}],"about":[{"href":"https:\/\/www.erresse-shop.it\/de\/wp-json\/wp\/v2\/types\/product"}],"wp:featuredmedia":[{"embeddable":true,"href":"https:\/\/www.erresse-shop.it\/de\/wp-json\/wp\/v2\/media\/520891"}],"wp:attachment":[{"href":"https:\/\/www.erresse-shop.it\/de\/wp-json\/wp\/v2\/media?parent=360162"}],"wp:term":[{"taxonomy":"product_cat","embeddable":true,"href":"https:\/\/www.erresse-shop.it\/de\/wp-json\/wp\/v2\/product_cat?post=360162"},{"taxonomy":"product_tag","embeddable":true,"href":"https:\/\/www.erresse-shop.it\/de\/wp-json\/wp\/v2\/product_tag?post=360162"}],"curies":[{"name":"wp","href":"https:\/\/api.w.org\/{rel}","templated":true}]}}