{"id":360119,"date":"2023-12-01T08:25:33","date_gmt":"2023-12-01T08:25:37","guid":{"rendered":"https:\/\/www.erresse-shop.it\/?post_type=product&#038;p=360119"},"modified":"2025-01-16T13:12:48","modified_gmt":"2025-01-16T13:12:48","slug":"cookut-karaffe-spritz-8-rezepte","status":"publish","type":"product","link":"https:\/\/www.erresse-shop.it\/de\/shop\/tisch\/karaffen-flaschen-kruege\/cookut-karaffe-spritz-8-rezepte\/","title":{"rendered":"COOKUT Karaffe Spritz 8 Rezepte"},"content":{"rendered":"<p>Die SPRITZ Karaffe mit 8 perfekten Rezepten!<\/p>\n<p>Bereiten Sie einen perfekt ausgewogenen SPRITZ f\u00fcr 4-10 Personen zu und variieren Sie den Geschmack, indem Sie alle neuen trendigen SPRITZ mit Noten von Holunderbl\u00fcten, Bergamotte und sogar Spritztonika auf Basis von Gin und Grapefruit sowie dem klassischen italienischen SPRITZ genie\u00dfen&#8230;<\/p>\n<p>Wie funktioniert das denn?<\/p>\n<p>Laden Sie zuerst eine Gruppe von Freunden ein! Dann f\u00fcgen Sie die 3 Zutaten des gew\u00e4hlten Rezepts (Sekt, Alkohol, Mineralwasser) nach und nach hinzu, indem Sie den Graduierungen auf dem Mixer folgen. Mischen, Eisw\u00fcrfel und Fruchtscheiben hinzuf\u00fcgen. Jetzt haben Sie den perfekten SPRITZ!<\/p>\n","protected":false},"excerpt":{"rendered":"<p>Die SPRITZ Karaffe mit 8 perfekten Rezepten! Bereiten Sie einen perfekt ausgewogenen SPRITZ f\u00fcr 4-10 Personen zu und variieren Sie<\/p>\n","protected":false},"featured_media":360124,"template":"","meta":{"_acf_changed":false,"inline_featured_image":false},"product_cat":[6859,6787,21705],"product_tag":[25038,21699,11543,25022,21822],"acf":[],"yoast_head":"<!-- This site is optimized with the Yoast SEO Premium plugin v18.6 (Yoast SEO v19.13) - https:\/\/yoast.com\/wordpress\/plugins\/seo\/ -->\n<title>COOKUT Karaffe Spritz 8 Rezepte<\/title>\n<meta name=\"description\" content=\"Entdecken Sie COOKUT Karaffe Spritz 8 Rezepte bei ErresseShop. Qualit\u00e4t, Stil und Funktionalit\u00e4t \u2013 jetzt online bestellen!\" \/>\n<meta name=\"robots\" content=\"index, follow, max-snippet:-1, max-image-preview:large, max-video-preview:-1\" \/>\n<link rel=\"canonical\" href=\"https:\/\/www.erresse-shop.it\/de\/shop\/tisch\/karaffen-flaschen-kruege\/cookut-karaffe-spritz-8-rezepte\/\" \/>\n<meta property=\"og:locale\" content=\"de_DE\" \/>\n<meta property=\"og:type\" content=\"article\" \/>\n<meta property=\"og:title\" content=\"COOKUT Karaffe Spritz 8 Rezepte\" \/>\n<meta property=\"og:description\" content=\"Entdecken Sie COOKUT Karaffe Spritz 8 Rezepte bei ErresseShop. Qualit\u00e4t, Stil und Funktionalit\u00e4t \u2013 jetzt online bestellen!\" \/>\n<meta property=\"og:url\" content=\"https:\/\/www.erresse-shop.it\/de\/shop\/tisch\/karaffen-flaschen-kruege\/cookut-karaffe-spritz-8-rezepte\/\" \/>\n<meta property=\"og:site_name\" content=\"Erresse Shop\" \/>\n<meta property=\"article:modified_time\" content=\"2025-01-16T13:12:48+00:00\" \/>\n<meta property=\"og:image\" content=\"https:\/\/www.erresse-shop.it\/wp-content\/uploads\/2023\/12\/cookut-spritz.jpg\" \/>\n\t<meta property=\"og:image:width\" content=\"800\" \/>\n\t<meta property=\"og:image:height\" content=\"800\" \/>\n\t<meta property=\"og:image:type\" content=\"image\/jpeg\" \/>\n<meta name=\"twitter:card\" content=\"summary_large_image\" \/>\n<script type=\"application\/ld+json\" class=\"yoast-schema-graph\">{\"@context\":\"https:\/\/schema.org\",\"@graph\":[{\"@type\":\"WebPage\",\"@id\":\"https:\/\/www.erresse-shop.it\/de\/shop\/tisch\/karaffen-flaschen-kruege\/cookut-karaffe-spritz-8-rezepte\/\",\"url\":\"https:\/\/www.erresse-shop.it\/de\/shop\/tisch\/karaffen-flaschen-kruege\/cookut-karaffe-spritz-8-rezepte\/\",\"name\":\"COOKUT Karaffe Spritz 8 Rezepte\",\"isPartOf\":{\"@id\":\"https:\/\/www.erresse-shop.it\/de\/#website\"},\"datePublished\":\"2023-12-01T08:25:37+00:00\",\"dateModified\":\"2025-01-16T13:12:48+00:00\",\"description\":\"Entdecken Sie COOKUT Karaffe Spritz 8 Rezepte bei ErresseShop. Qualit\u00e4t, Stil und Funktionalit\u00e4t \u2013 jetzt online bestellen!\",\"breadcrumb\":{\"@id\":\"https:\/\/www.erresse-shop.it\/de\/shop\/tisch\/karaffen-flaschen-kruege\/cookut-karaffe-spritz-8-rezepte\/#breadcrumb\"},\"inLanguage\":\"de-DE\",\"potentialAction\":[{\"@type\":\"ReadAction\",\"target\":[\"https:\/\/www.erresse-shop.it\/de\/shop\/tisch\/karaffen-flaschen-kruege\/cookut-karaffe-spritz-8-rezepte\/\"]}]},{\"@type\":\"BreadcrumbList\",\"@id\":\"https:\/\/www.erresse-shop.it\/de\/shop\/tisch\/karaffen-flaschen-kruege\/cookut-karaffe-spritz-8-rezepte\/#breadcrumb\",\"itemListElement\":[{\"@type\":\"ListItem\",\"position\":1,\"name\":\"Home\",\"item\":\"https:\/\/www.erresse-shop.it\/de\/\"},{\"@type\":\"ListItem\",\"position\":2,\"name\":\"Shop\",\"item\":\"https:\/\/www.erresse-shop.it\/de\/shop\/\"},{\"@type\":\"ListItem\",\"position\":3,\"name\":\"COOKUT Karaffe Spritz 8 Rezepte\"}]},{\"@type\":\"WebSite\",\"@id\":\"https:\/\/www.erresse-shop.it\/de\/#website\",\"url\":\"https:\/\/www.erresse-shop.it\/de\/\",\"name\":\"Erresse Shop\",\"description\":\"Articoli di qualit\u00e0 per la casa\",\"potentialAction\":[{\"@type\":\"SearchAction\",\"target\":{\"@type\":\"EntryPoint\",\"urlTemplate\":\"https:\/\/www.erresse-shop.it\/de\/?s={search_term_string}\"},\"query-input\":\"required name=search_term_string\"}],\"inLanguage\":\"de-DE\"}]}<\/script>\n<!-- \/ Yoast SEO Premium plugin. -->","yoast_head_json":{"title":"COOKUT Karaffe Spritz 8 Rezepte","description":"Entdecken Sie COOKUT Karaffe Spritz 8 Rezepte bei ErresseShop. Qualit\u00e4t, Stil und Funktionalit\u00e4t \u2013 jetzt online bestellen!","robots":{"index":"index","follow":"follow","max-snippet":"max-snippet:-1","max-image-preview":"max-image-preview:large","max-video-preview":"max-video-preview:-1"},"canonical":"https:\/\/www.erresse-shop.it\/de\/shop\/tisch\/karaffen-flaschen-kruege\/cookut-karaffe-spritz-8-rezepte\/","og_locale":"de_DE","og_type":"article","og_title":"COOKUT Karaffe Spritz 8 Rezepte","og_description":"Entdecken Sie COOKUT Karaffe Spritz 8 Rezepte bei ErresseShop. Qualit\u00e4t, Stil und Funktionalit\u00e4t \u2013 jetzt online bestellen!","og_url":"https:\/\/www.erresse-shop.it\/de\/shop\/tisch\/karaffen-flaschen-kruege\/cookut-karaffe-spritz-8-rezepte\/","og_site_name":"Erresse Shop","article_modified_time":"2025-01-16T13:12:48+00:00","og_image":[{"width":800,"height":800,"url":"https:\/\/www.erresse-shop.it\/wp-content\/uploads\/2023\/12\/cookut-spritz.jpg","type":"image\/jpeg"}],"twitter_card":"summary_large_image","schema":{"@context":"https:\/\/schema.org","@graph":[{"@type":"WebPage","@id":"https:\/\/www.erresse-shop.it\/de\/shop\/tisch\/karaffen-flaschen-kruege\/cookut-karaffe-spritz-8-rezepte\/","url":"https:\/\/www.erresse-shop.it\/de\/shop\/tisch\/karaffen-flaschen-kruege\/cookut-karaffe-spritz-8-rezepte\/","name":"COOKUT Karaffe Spritz 8 Rezepte","isPartOf":{"@id":"https:\/\/www.erresse-shop.it\/de\/#website"},"datePublished":"2023-12-01T08:25:37+00:00","dateModified":"2025-01-16T13:12:48+00:00","description":"Entdecken Sie COOKUT Karaffe Spritz 8 Rezepte bei ErresseShop. Qualit\u00e4t, Stil und Funktionalit\u00e4t \u2013 jetzt online bestellen!","breadcrumb":{"@id":"https:\/\/www.erresse-shop.it\/de\/shop\/tisch\/karaffen-flaschen-kruege\/cookut-karaffe-spritz-8-rezepte\/#breadcrumb"},"inLanguage":"de-DE","potentialAction":[{"@type":"ReadAction","target":["https:\/\/www.erresse-shop.it\/de\/shop\/tisch\/karaffen-flaschen-kruege\/cookut-karaffe-spritz-8-rezepte\/"]}]},{"@type":"BreadcrumbList","@id":"https:\/\/www.erresse-shop.it\/de\/shop\/tisch\/karaffen-flaschen-kruege\/cookut-karaffe-spritz-8-rezepte\/#breadcrumb","itemListElement":[{"@type":"ListItem","position":1,"name":"Home","item":"https:\/\/www.erresse-shop.it\/de\/"},{"@type":"ListItem","position":2,"name":"Shop","item":"https:\/\/www.erresse-shop.it\/de\/shop\/"},{"@type":"ListItem","position":3,"name":"COOKUT Karaffe Spritz 8 Rezepte"}]},{"@type":"WebSite","@id":"https:\/\/www.erresse-shop.it\/de\/#website","url":"https:\/\/www.erresse-shop.it\/de\/","name":"Erresse Shop","description":"Articoli di qualit\u00e0 per la casa","potentialAction":[{"@type":"SearchAction","target":{"@type":"EntryPoint","urlTemplate":"https:\/\/www.erresse-shop.it\/de\/?s={search_term_string}"},"query-input":"required name=search_term_string"}],"inLanguage":"de-DE"}]}},"df_price":21.945,"df_sale_price":21.945,"df_regular_price":39.9,"df_image_link":"https:\/\/www.erresse-shop.it\/wp-content\/uploads\/2023\/12\/cookut-spritz-300x300.jpg","_links":{"self":[{"href":"https:\/\/www.erresse-shop.it\/de\/wp-json\/wp\/v2\/product\/360119"}],"collection":[{"href":"https:\/\/www.erresse-shop.it\/de\/wp-json\/wp\/v2\/product"}],"about":[{"href":"https:\/\/www.erresse-shop.it\/de\/wp-json\/wp\/v2\/types\/product"}],"wp:featuredmedia":[{"embeddable":true,"href":"https:\/\/www.erresse-shop.it\/de\/wp-json\/wp\/v2\/media\/360124"}],"wp:attachment":[{"href":"https:\/\/www.erresse-shop.it\/de\/wp-json\/wp\/v2\/media?parent=360119"}],"wp:term":[{"taxonomy":"product_cat","embeddable":true,"href":"https:\/\/www.erresse-shop.it\/de\/wp-json\/wp\/v2\/product_cat?post=360119"},{"taxonomy":"product_tag","embeddable":true,"href":"https:\/\/www.erresse-shop.it\/de\/wp-json\/wp\/v2\/product_tag?post=360119"}],"curies":[{"name":"wp","href":"https:\/\/api.w.org\/{rel}","templated":true}]}}